{"id":4466,"date":"2022-12-26T16:58:08","date_gmt":"2022-12-26T15:58:08","guid":{"rendered":"https:\/\/wro.swiss\/?page_id=4466"},"modified":"2025-11-30T18:56:48","modified_gmt":"2025-11-30T17:56:48","slug":"materiel","status":"publish","type":"page","link":"https:\/\/wro.swiss\/fr\/saison-2025\/materiel\/","title":{"rendered":"Mat\u00e9riel"},"content":{"rendered":"<div class=\"fusion-fullwidth fullwidth-box fusion-builder-row-1 fusion-flex-container nonhundred-percent-fullwidth non-hundred-percent-height-scrolling\" style=\"--awb-border-radius-top-left:0px;--awb-border-radius-top-right:0px;--awb-border-radius-bottom-right:0px;--awb-border-radius-bottom-left:0px;--awb-flex-wrap:wrap;\" ><div class=\"fusion-builder-row fusion-row fusion-flex-align-items-flex-start fusion-flex-content-wrap\" style=\"max-width:1248px;margin-left: calc(-4% \/ 2 );margin-right: calc(-4% \/ 2 );\"><div class=\"fusion-layout-column fusion_builder_column fusion-builder-column-0 fusion_builder_column_1_1 1_1 fusion-flex-column\" style=\"--awb-bg-blend:overlay;--awb-bg-size:cover;--awb-width-large:100%;--awb-margin-top-large:0px;--awb-spacing-right-large:1.92%;--awb-margin-bottom-large:0px;--awb-spacing-left-large:1.92%;--awb-width-medium:100%;--awb-spacing-right-medium:1.92%;--awb-spacing-left-medium:1.92%;--awb-width-small:100%;--awb-spacing-right-small:1.92%;--awb-spacing-left-small:1.92%;\"><div class=\"fusion-column-wrapper fusion-flex-justify-content-flex-start fusion-content-layout-column\"><div class=\"fusion-text fusion-text-1\"><p>Pour participer \u00e0 un concours de la cat\u00e9gorie RoboMission, il faut disposer d&rsquo;un certain mat\u00e9riel :<\/p>\n<\/div><div class=\"fusion-title title fusion-title-1 fusion-sep-none fusion-title-text fusion-title-size-two\" style=\"--awb-margin-top:30px;--awb-margin-top-small:10px;--awb-margin-right-small:0px;--awb-margin-bottom-small:10px;--awb-margin-left-small:0px;\"><h2 class=\"fusion-title-heading title-heading-left\" style=\"margin:0;\"><h2>Kits de robotique<\/h2><\/h2><\/div><div class=\"fusion-text fusion-text-2\"><p>Nouveaut\u00e9 depuis la saison 2025, le choix de la technologie est valid\u00e9. Jusqu&rsquo;en 2024, seuls les sets de la marque LEGO pouvaient \u00eatre utilis\u00e9s, mais d\u00e9sormais les sets d&rsquo;autres fabricants sont \u00e9galement autoris\u00e9s. Tu trouveras les sp\u00e9cifications exactes de l&rsquo;association WRO (f\u00e9d\u00e9ration internationale) pour la saison 2026 dans les FAQ d\u00e8s que nous les aurons. (Comme r\u00e9f\u00e9rence, <a href=\"https:\/\/wro.swiss\/fr\/faq-items\/nouvelles-directives-sur-les-materiaux-autorises-dans-robomission-2025\/\">voici <\/a>les d\u00e9tails de 2025, nous ne pr\u00e9voyons pas de grands changements).  Les robots Lego (SPIKE Prime, Mindstorms EV3 ou Inventor, et NXT) sont toujours autoris\u00e9s.<\/p>\n<p>Les ensembles LEGO SPIKE Prime peuvent \u00eatre lou\u00e9s via notre <a href=\"https:\/\/wro.swiss\/shop\/\">boutique en ligne <\/a>.<\/p>\n<p style=\"color: var(--awb-color5);\"><span style=\"color: var(--awb-text-color); font-family: var(--awb-text-font-family); font-size: var(--awb-font-size); font-style: var(--awb-text-font-style); letter-spacing: var(--awb-letter-spacing); text-align: var(--awb-content-alignment); text-transform: var(--awb-text-transform); background-color: var(--awb-bg-color-hover);\"><b>Important<\/b><\/span><span style=\"color: var(--awb-text-color); font-family: var(--awb-text-font-family); font-size: var(--awb-font-size); font-style: var(--awb-text-font-style); font-weight: var(--awb-text-font-weight); letter-spacing: var(--awb-letter-spacing); text-align: var(--awb-content-alignment); text-transform: var(--awb-text-transform); background-color: var(--awb-bg-color-hover);\">Selon le r\u00e8glement g\u00e9n\u00e9ral, une \u00e9quipe ne peut apporter qu&rsquo;un seul ch\u00e2ssis de robot aux comp\u00e9titions. Un ch\u00e2ssis est d\u00e9fini comme un cadre roulant compos\u00e9 d&rsquo;un contr\u00f4leur \/ hub \/ \u00ab\u00a0brique\u00a0\u00bb, de moteurs et de capteurs. Le ch\u00e2ssis peut \u00eatre modifi\u00e9 pendant la comp\u00e9tition et il est possible d&rsquo;avoir des pi\u00e8ces de rechange, mais un contr\u00f4leur de rechange doit rester avec le coach et ne peut \u00eatre remplac\u00e9 qu&rsquo;en pr\u00e9sence d&rsquo;un(e) arbitre.<\/span><\/p>\n<\/div><div class=\"awb-gallery-wrapper awb-gallery-wrapper-1 button-span-no\" style=\"--more-btn-alignment:center;\"><div style=\"margin:-5px;--awb-bordersize:0px;--awb-columns-medium:100%;--awb-columns-small:100%;\" class=\"fusion-gallery fusion-gallery-container fusion-grid-3 fusion-columns-total-3 fusion-gallery-layout-grid fusion-gallery-1\"><div style=\"padding:5px;\" class=\"fusion-grid-column fusion-gallery-column fusion-gallery-column-3 hover-type-none awb-imageframe-style awb-imageframe-style-below awb-imageframe-style-1\"><div class=\"fusion-gallery-image\"><a href=\"https:\/\/wro.swiss\/wp-content\/uploads\/2022\/11\/Lego-Spike-Prime-1.jpg\" rel=\"noreferrer\" data-rel=\"iLightbox[gallery_image_1]\" class=\"fusion-lightbox\" target=\"_self\"><img decoding=\"async\" src=\"https:\/\/wro.swiss\/wp-content\/uploads\/2022\/11\/Lego-Spike-Prime-1.jpg\" width=\"1280\" height=\"854\" alt=\"Lego SPIKE Prime\" title=\"Lego Spike Prime\" aria-label=\"Lego Spike Prime\" class=\"img-responsive wp-image-7055\" srcset=\"https:\/\/wro.swiss\/wp-content\/uploads\/2022\/11\/Lego-Spike-Prime-1-300x200.jpg 300w, https:\/\/wro.swiss\/wp-content\/uploads\/2022\/11\/Lego-Spike-Prime-1-650x434.jpg 650w, https:\/\/wro.swiss\/wp-content\/uploads\/2022\/11\/Lego-Spike-Prime-1-768x512.jpg 768w, https:\/\/wro.swiss\/wp-content\/uploads\/2022\/11\/Lego-Spike-Prime-1-1024x683.jpg 1024w, https:\/\/wro.swiss\/wp-content\/uploads\/2022\/11\/Lego-Spike-Prime-1.jpg 1280w\" sizes=\"(max-width: 1280px) 100vw, 1280px\" \/><\/a><\/div><div class=\"awb-imageframe-caption-container\"><div class=\"awb-imageframe-caption\"><h2 class=\"awb-imageframe-caption-title\">Lego Spike Prime<\/h2><p class=\"awb-imageframe-caption-text\">Lego SPIKE Prime<\/p><\/div><\/div><\/div><div style=\"padding:5px;\" class=\"fusion-grid-column fusion-gallery-column fusion-gallery-column-3 hover-type-none awb-imageframe-style awb-imageframe-style-below awb-imageframe-style-1\"><div class=\"fusion-gallery-image\"><a href=\"https:\/\/wro.swiss\/wp-content\/uploads\/2024\/11\/Fischertechnik.png\" rel=\"noreferrer\" data-rel=\"iLightbox[gallery_image_1]\" class=\"fusion-lightbox\" target=\"_self\"><img decoding=\"async\" src=\"https:\/\/wro.swiss\/wp-content\/uploads\/2024\/11\/Fischertechnik.png\" width=\"504\" height=\"310\" alt=\"Fischertechnik\" title=\"Technique Fischer\" aria-label=\"Technique Fischer\" class=\"img-responsive wp-image-14403\" srcset=\"https:\/\/wro.swiss\/wp-content\/uploads\/2024\/11\/Fischertechnik-200x123.png 200w, https:\/\/wro.swiss\/wp-content\/uploads\/2024\/11\/Fischertechnik-400x246.png 400w, https:\/\/wro.swiss\/wp-content\/uploads\/2024\/11\/Fischertechnik.png 504w\" sizes=\"(min-width: 2200px) 100vw, (min-width: 784px) 397px, (min-width: 712px) 595px, (min-width: 640px) 712px, \" \/><\/a><\/div><div class=\"awb-imageframe-caption-container\"><div class=\"awb-imageframe-caption\"><h2 class=\"awb-imageframe-caption-title\">Technique Fischer<\/h2><\/div><\/div><\/div><div style=\"padding:5px;\" class=\"fusion-grid-column fusion-gallery-column fusion-gallery-column-3 hover-type-none awb-imageframe-style awb-imageframe-style-below awb-imageframe-style-1\"><div class=\"fusion-gallery-image\"><a href=\"https:\/\/wro.swiss\/wp-content\/uploads\/2024\/11\/Arduino.png\" rel=\"noreferrer\" data-rel=\"iLightbox[gallery_image_1]\" class=\"fusion-lightbox\" target=\"_self\"><img decoding=\"async\" src=\"https:\/\/wro.swiss\/wp-content\/uploads\/2024\/11\/Arduino.png\" width=\"605\" height=\"467\" alt=\"Arduino\" title=\"Arduino\" aria-label=\"Arduino\" class=\"img-responsive wp-image-14407\" srcset=\"https:\/\/wro.swiss\/wp-content\/uploads\/2024\/11\/Arduino-200x154.png 200w, https:\/\/wro.swiss\/wp-content\/uploads\/2024\/11\/Arduino-400x309.png 400w, https:\/\/wro.swiss\/wp-content\/uploads\/2024\/11\/Arduino-600x463.png 600w, https:\/\/wro.swiss\/wp-content\/uploads\/2024\/11\/Arduino.png 605w\" sizes=\"(min-width: 2200px) 100vw, (min-width: 784px) 397px, (min-width: 712px) 595px, (min-width: 640px) 712px, \" \/><\/a><\/div><div class=\"awb-imageframe-caption-container\"><div class=\"awb-imageframe-caption\"><h2 class=\"awb-imageframe-caption-title\">Arduino<\/h2><\/div><\/div><\/div><div class=\"clearfix\"><\/div><\/div><\/div><div class=\"fusion-title title fusion-title-2 fusion-sep-none fusion-title-text fusion-title-size-two\" style=\"--awb-margin-top:30px;--awb-margin-top-small:10px;--awb-margin-right-small:0px;--awb-margin-bottom-small:10px;--awb-margin-left-small:0px;\"><h2 class=\"fusion-title-heading title-heading-left\" style=\"margin:0;\"><h2>Ordinateur ou tablette<\/h2><\/h2><\/div><div class=\"fusion-text fusion-text-3\"><ul>\n<li><span style=\"color: var(--awb-text-color); font-family: var(--awb-text-font-family); font-size: var(--awb-font-size); font-style: var(--awb-text-font-style); font-weight: var(--awb-text-font-weight); letter-spacing: var(--awb-letter-spacing); text-align: var(--awb-content-alignment); text-transform: var(--awb-text-transform); background-color: var(--awb-bg-color-hover);\">Un <\/span><b style=\"color: var(--awb-text-color); font-family: var(--awb-text-font-family); font-size: var(--awb-font-size); font-style: var(--awb-text-font-style); letter-spacing: var(--awb-letter-spacing); text-align: var(--awb-content-alignment); text-transform: var(--awb-text-transform); background-color: var(--awb-bg-color-hover);\">ordinateur<\/b><span style=\"color: var(--awb-text-color); font-family: var(--awb-text-font-family); font-size: var(--awb-font-size); font-style: var(--awb-text-font-style); font-weight: var(--awb-text-font-weight); letter-spacing: var(--awb-letter-spacing); text-align: var(--awb-content-alignment); text-transform: var(--awb-text-transform); background-color: var(--awb-bg-color-hover);\"> ou un <\/span><b style=\"color: var(--awb-text-color); font-family: var(--awb-text-font-family); font-size: var(--awb-font-size); font-style: var(--awb-text-font-style); letter-spacing: var(--awb-letter-spacing); text-align: var(--awb-content-alignment); text-transform: var(--awb-text-transform); background-color: var(--awb-bg-color-hover);\">Tablette <\/b> <span style=\"color: var(--awb-text-color); font-family: var(--awb-text-font-family); font-size: var(--awb-font-size); font-style: var(--awb-text-font-style); font-weight: var(--awb-text-font-weight); letter-spacing: var(--awb-letter-spacing); text-align: var(--awb-content-alignment); text-transform: var(--awb-text-transform); background-color: var(--awb-bg-color-hover);\">avec le logiciel n\u00e9cessaire \u00e0 la programmation. Si un appareil de l&rsquo;\u00e9cole est utilis\u00e9 \u00e0 cet effet, il peut \u00eatre n\u00e9cessaire de demander la permission avant d&rsquo;installer l&rsquo;application en question, et parfois, l&rsquo;installation ou l&rsquo;approbation du responsable informatique de l&rsquo;\u00e9cole est n\u00e9cessaire.<\/span><\/li>\n<\/ul>\n<\/div><div class=\"fusion-title title fusion-title-3 fusion-sep-none fusion-title-text fusion-title-size-two\" style=\"--awb-margin-top-small:10px;--awb-margin-right-small:0px;--awb-margin-bottom-small:10px;--awb-margin-left-small:0px;\"><h2 class=\"fusion-title-heading title-heading-left\" style=\"margin:0;\"><h2>Tapis de terrain de jeu<\/h2><\/h2><\/div><div class=\"fusion-text fusion-text-4\"><p>Lors de l&rsquo;inscription \u00e0 la comp\u00e9tition, chaque \u00e9quipe re\u00e7oit un tapis ; des tapis suppl\u00e9mentaires peuvent \u00eatre command\u00e9s dans notre boutique moyennant des frais.<\/p>\n<p><!-- \/wp:post-content --><\/p>\n<p><!-- wp:paragraph --><\/p>\n<p>A la fin de la saison, les tapis usag\u00e9s peuvent \u00eatre achet\u00e9s comme mat\u00e9riel d&rsquo;occasion ; nous les mettons alors en lien dans notre <a href=\"https:\/\/wro.swiss\/shop\/\">boutique<\/a>.<\/p>\n<\/div><div class=\"fusion-title title fusion-title-4 fusion-sep-none fusion-title-text fusion-title-size-two\" style=\"--awb-margin-top-small:10px;--awb-margin-right-small:0px;--awb-margin-bottom-small:10px;--awb-margin-left-small:0px;\"><h2 class=\"fusion-title-heading title-heading-left\" style=\"margin:0;\"><h2>Briques Lego pour objets de terrain de jeu<\/h2><\/h2><\/div><div class=\"fusion-text fusion-text-5\"><p>Pour les comp\u00e9titions, il faut construire des objets avec des briques Lego (ou compatibles), puis les faire transporter par le robot ou les trier par couleur. Il existe des sets Lego sp\u00e9ciaux pour cela.  <\/p>\n<p>A partir de la saison 2026, il y aura un nouveau kit de la soci\u00e9t\u00e9 KKITC. Les \u00e9quipes qui s&rsquo;inscrivent <b>pour la premi\u00e8re fois <\/b>\u00e0 la comp\u00e9tition recevront ce kit gratuitement.   <\/p>\n<\/div><div class=\"awb-gallery-wrapper awb-gallery-wrapper-2 button-span-no\" style=\"--more-btn-alignment:center;margin-bottom:20px;\"><div style=\"margin:-5px;--awb-bordersize:0px;--awb-columns-medium:100%;--awb-columns-small:100%;\" class=\"fusion-gallery fusion-gallery-container fusion-grid-2 fusion-columns-total-1 fusion-gallery-layout-grid fusion-gallery-2\"><div style=\"padding:5px;\" class=\"fusion-grid-column fusion-gallery-column fusion-gallery-column-2 hover-type-none awb-imageframe-style awb-imageframe-style-below awb-imageframe-style-2\"><div class=\"fusion-gallery-image\"><a href=\"https:\/\/wro.swiss\/wp-content\/uploads\/2025\/11\/Neues-Aufbauteile-Set.jpeg\" rel=\"noreferrer\" data-rel=\"iLightbox[gallery_image_2]\" class=\"fusion-lightbox\" target=\"_self\"><img decoding=\"async\" src=\"https:\/\/wro.swiss\/wp-content\/uploads\/2025\/11\/Neues-Aufbauteile-Set.jpeg\" width=\"711\" height=\"584\" alt=\"Modules de la Barme KKITC pour les objets de terrain de jeu \u00e0 partir de la saison 2026\" title=\"Modules de la Barme KKITC pour les objets de terrain de jeu \u00e0 partir de la saison 2026\" aria-label=\"Modules de la Barme KKITC pour les objets de terrain de jeu \u00e0 partir de la saison 2026\" class=\"img-responsive wp-image-22817\" srcset=\"https:\/\/wro.swiss\/wp-content\/uploads\/2025\/11\/Neues-Aufbauteile-Set-200x164.jpeg 200w, https:\/\/wro.swiss\/wp-content\/uploads\/2025\/11\/Neues-Aufbauteile-Set-400x329.jpeg 400w, https:\/\/wro.swiss\/wp-content\/uploads\/2025\/11\/Neues-Aufbauteile-Set-600x493.jpeg 600w, https:\/\/wro.swiss\/wp-content\/uploads\/2025\/11\/Neues-Aufbauteile-Set.jpeg 711w\" sizes=\"(min-width: 2200px) 100vw, (min-width: 712px) 598px, (min-width: 640px) 712px, \" \/><\/a><\/div><div class=\"awb-imageframe-caption-container\"><div class=\"awb-imageframe-caption\"><div class=\"awb-imageframe-caption-title\">Modules de la Barme KKITC pour les objets de terrain de jeu \u00e0 partir de la saison 2026<\/div><\/div><\/div><\/div><div class=\"clearfix\"><\/div><\/div><\/div><div class=\"fusion-text fusion-text-6\"><p>Les deux anciens sets sont \u00e9galement autoris\u00e9s pour la saison 2026 ; seules les briques pr\u00e9sentes dans les anciens sets seront utilis\u00e9es. C&rsquo;est pourquoi les \u00e9quipes qui ont d\u00e9j\u00e0 particip\u00e9 en 2025 ou avant ne recevront pas le nouveau set cette fois-ci.   <\/p>\n<\/div><div class=\"awb-gallery-wrapper awb-gallery-wrapper-3 button-span-no\" style=\"--more-btn-alignment:center;\"><div style=\"margin:-5px;--awb-bordersize:0px;--awb-columns-medium:100%;--awb-columns-small:100%;\" class=\"fusion-gallery fusion-gallery-container fusion-grid-3 fusion-columns-total-2 fusion-gallery-layout-masonry fusion-gallery-3\"><div class=\"fusion-grid-column fusion-gallery-column fusion-gallery-column-3 hover-type-none fusion-grid-sizer\"><\/div><div style=\"padding:5px;\" class=\"fusion-grid-column fusion-gallery-column fusion-gallery-column-3 hover-type-none fusion-element-grid\"><div class=\"fusion-gallery-image\"><div style=\"background-image:url(https:\/\/wro.swiss\/wp-content\/uploads\/2023\/11\/WRO-45819_1.jpeg);padding-top:calc((100% + 10px) * 0.8 - 5px);background-position:;\" class=\"fusion-masonry-element-container\"><img decoding=\"async\" src=\"https:\/\/wro.swiss\/wp-content\/uploads\/2023\/11\/WRO-45819_1.jpeg\" width=\"800\" height=\"760\" alt=\"Kit d&#039;extension L\u00e9o (45819)\" title=\"WRO 45819_1\" aria-label=\"WRO 45819_1\" class=\"img-responsive wp-image-10554\" srcset=\"https:\/\/wro.swiss\/wp-content\/uploads\/2023\/11\/WRO-45819_1-650x618.jpeg 650w, https:\/\/wro.swiss\/wp-content\/uploads\/2023\/11\/WRO-45819_1.jpeg 800w\" sizes=\"(max-width: 800px) 100vw, 800px\" \/><\/div><\/div><\/div><div style=\"padding:5px;\" class=\"fusion-grid-column fusion-gallery-column fusion-gallery-column-3 hover-type-none fusion-element-grid\"><div class=\"fusion-gallery-image\"><div style=\"background-image:url(https:\/\/wro.swiss\/wp-content\/uploads\/2023\/11\/WRO-45811-1.jpeg);padding-top:calc((100% + 10px) * 0.8 - 5px);background-position:;\" class=\"fusion-masonry-element-container\"><img decoding=\"async\" src=\"https:\/\/wro.swiss\/wp-content\/uploads\/2023\/11\/WRO-45811-1.jpeg\" width=\"419\" height=\"480\" alt=\"Kit de base Lego (45811)\" title=\"WRO 45811-1\" aria-label=\"WRO 45811-1\" class=\"img-responsive wp-image-10546\"  \/><\/div><\/div><\/div><\/div><\/div><div class=\"fusion-text fusion-text-7\"><p>Les deux anciens sets Lego pour les objets de terrain de jeu seront encore autoris\u00e9s en 2026 et ne seront donc pas remplac\u00e9s cette saison.<\/p>\n<\/div><div class=\"fusion-title title fusion-title-5 fusion-sep-none fusion-title-text fusion-title-size-two\" style=\"--awb-margin-top-small:10px;--awb-margin-right-small:0px;--awb-margin-bottom-small:10px;--awb-margin-left-small:0px;\"><h2 class=\"fusion-title-heading title-heading-left\" style=\"margin:0;\"><h2>Table de concours<\/h2><\/h2><\/div><div class=\"fusion-text fusion-text-8\"><p>Lors des comp\u00e9titions WRO, le tapis est pos\u00e9 sur une table en bois avec une bande de 5 cm de haut. Il est judicieux d\u2019utiliser une telle table m\u00eame lors de la pr\u00e9paration. Voici les <a href=\"https:\/\/wro.swiss\/fr\/saison-2025\/table-de-jeu\/\">instructions de construction<\/a>.<\/p>\n<p>Il existe deux variantes de la table : l&rsquo;une avec un plateau d&rsquo;un seul tenant, et l&rsquo;autre pliable. S&rsquo;il n&rsquo;y a pas de place pour stocker une table en dehors des heures d&rsquo;entra\u00eenement, il est encore possible de fabriquer une bande \u00e0 partir de 4 lattes de bois viss\u00e9es en vrac, qui peuvent \u00eatre viss\u00e9es et d\u00e9viss\u00e9es en quelques gestes. Les dimensions correspondent \u00e0 celles de la table continue. <\/p>\n<\/div><\/div><\/div><\/div><\/div>","protected":false},"excerpt":{"rendered":"","protected":false},"author":7,"featured_media":0,"parent":14751,"menu_order":0,"comment_status":"closed","ping_status":"closed","template":"100-width.php","meta":{"inline_featured_image":false,"footnotes":""},"wf_page_folders":[],"class_list":["post-4466","page","type-page","status-publish","hentry"],"_links":{"self":[{"href":"https:\/\/wro.swiss\/fr\/wp-json\/wp\/v2\/pages\/4466","targetHints":{"allow":["GET"]}}],"collection":[{"href":"https:\/\/wro.swiss\/fr\/wp-json\/wp\/v2\/pages"}],"about":[{"href":"https:\/\/wro.swiss\/fr\/wp-json\/wp\/v2\/types\/page"}],"author":[{"embeddable":true,"href":"https:\/\/wro.swiss\/fr\/wp-json\/wp\/v2\/users\/7"}],"replies":[{"embeddable":true,"href":"https:\/\/wro.swiss\/fr\/wp-json\/wp\/v2\/comments?post=4466"}],"version-history":[{"count":29,"href":"https:\/\/wro.swiss\/fr\/wp-json\/wp\/v2\/pages\/4466\/revisions"}],"predecessor-version":[{"id":22847,"href":"https:\/\/wro.swiss\/fr\/wp-json\/wp\/v2\/pages\/4466\/revisions\/22847"}],"up":[{"embeddable":true,"href":"https:\/\/wro.swiss\/fr\/wp-json\/wp\/v2\/pages\/14751"}],"wp:attachment":[{"href":"https:\/\/wro.swiss\/fr\/wp-json\/wp\/v2\/media?parent=4466"}],"wp:term":[{"taxonomy":"wf_page_folders","embeddable":true,"href":"https:\/\/wro.swiss\/fr\/wp-json\/wp\/v2\/wf_page_folders?post=4466"}],"curies":[{"name":"wp","href":"https:\/\/api.w.org\/{rel}","templated":true}]}}