{"id":4459,"date":"2018-09-07T18:53:14","date_gmt":"2018-09-07T16:53:14","guid":{"rendered":"https:\/\/wro.swiss\/?page_id=4459"},"modified":"2023-01-09T07:49:00","modified_gmt":"2023-01-09T06:49:00","slug":"mentions-legales-protection-des-donnees-et-conditions-de-participation","status":"publish","type":"page","link":"https:\/\/wro.swiss\/fr\/mentions-legales-protection-des-donnees-et-conditions-de-participation\/","title":{"rendered":"Mentions l\u00e9gales, protection des donn\u00e9es et conditions de participation"},"content":{"rendered":"<h2 class=\"wp-block-heading\">Conditions de participation et politique de confidentialit\u00e9<\/h2><ul class=\"wp-block-list\"><li><a href=\"https:\/\/wro.swiss\/wp-content\/uploads\/2023\/01\/WRO_2023_Teilnahmebedingungen_Datenschutz_FR.pdf\" data-type=\"URL\" data-id=\"https:\/\/wro.swiss\/wp-content\/uploads\/2023\/01\/WRO_2023_Teilnahmebedingungen_Datenschutz_FR.pdf\" target=\"_blank\" rel=\"noreferrer noopener\">Tu peux t\u00e9l\u00e9charger ici nos conditions de participation et notre politique de confidentialit\u00e9.<\/a><\/li>\n\n<li><a href=\"https:\/\/wro.swiss\/wp-content\/uploads\/2023\/01\/WRO-2023_Einverstaendniserklaerung_FR-1.pdf\" data-type=\"URL\" data-id=\"https:\/\/wro.swiss\/wp-content\/uploads\/2023\/01\/WRO-2023_Einverstaendniserklaerung_FR-1.pdf\" target=\"_blank\" rel=\"noreferrer noopener\">Ici, tu peux t\u00e9l\u00e9charger la d\u00e9claration de consentement 2023.<\/a><\/li>\n\n<li><a href=\"https:\/\/wro.swiss\/wp-content\/uploads\/2023\/01\/WRO_2023_Leitprinzipien_FR_.pdf\" data-type=\"URL\" data-id=\"https:\/\/wro.swiss\/wp-content\/uploads\/2023\/01\/WRO_2023_Leitprinzipien_FR_.pdf\" target=\"_blank\" rel=\"noreferrer noopener\">Ici, tu peux t\u00e9l\u00e9charger les principes directeurs 2023.<\/a><\/li><\/ul><h2 class=\"wp-block-heading\">Responsabilit\u00e9 du contenu :<\/h2><p>Association WRO C<br>5000 Aarau<br>Courrier \u00e9lectronique : info@wro.swiss<\/p><h2 class=\"wp-block-heading\">Protection et s\u00e9curit\u00e9 des donn\u00e9es<\/h2><p>La pr\u00e9sente politique de confidentialit\u00e9 r\u00e9git la collecte, l&rsquo;utilisation et l&rsquo;enregistrement des donn\u00e9es sur le site Internet. Nous nous effor\u00e7ons, en collaboration avec nos fournisseurs d&rsquo;h\u00e9bergement, de prot\u00e9ger autant que possible notre site web et nos bases de donn\u00e9es contre les acc\u00e8s de tiers et les abus. L&rsquo;association WRO CH d\u00e9cline toute responsabilit\u00e9 quant \u00e0 l&rsquo;utilisation du site web et aux \u00e9ventuels dommages qui pourraient en r\u00e9sulter (notamment, mais pas exclusivement, en raison de virus).<\/p><h2 class=\"wp-block-heading\">Utilisation de cookies<\/h2><p>Ce site Internet utilise de petits fichiers texte (cookies). Ces fichiers sont enregistr\u00e9s localement dans la m\u00e9moire tampon de votre navigateur tant que vous vous trouvez sur notre page d&rsquo;accueil et servent \u00e0 une utilisation conviviale de notre page d&rsquo;accueil. Les cookies ainsi que les param\u00e8tres correspondants peuvent \u00eatre bloqu\u00e9s ou modifi\u00e9s dans les param\u00e8tres de votre navigateur web.<\/p><h2 class=\"wp-block-heading\">Droit d&rsquo;auteur<\/h2><p>Tous les textes, enregistrements sonores, documents, images et autres contenus figurant sur le site Internet <a href=\"https:\/\/wro.swiss\" data-type=\"URL\" data-id=\"https:\/\/wro.swiss\">wro.swiss<\/a> (ci-apr\u00e8s : \u00ab\u00a0le site Internet\u00a0\u00bb) sont la propri\u00e9t\u00e9 de l&rsquo;association WRO CH ou de ses membres et sont prot\u00e9g\u00e9s par le droit d&rsquo;auteur. Les exceptions sont mentionn\u00e9es avec une r\u00e9f\u00e9rence \u00e0 la source.<\/p><p>Toute utilisation des contenus de ce site web, qui sont la propri\u00e9t\u00e9 de l&rsquo;association WRO CH, n\u00e9cessite imp\u00e9rativement une autorisation \u00e9crite. Si des contenus de communiqu\u00e9s de presse sont utilis\u00e9s, ils doivent \u00eatre cit\u00e9s avec la r\u00e9f\u00e9rence correspondante. Si des contenus de tiers (en particulier des contenus de la presse) sont utilis\u00e9s sous forme de citation, celle-ci doit \u00eatre accompagn\u00e9e de la r\u00e9f\u00e9rence de source correspondante.<\/p><h2 class=\"wp-block-heading\">Exclusion de responsabilit\u00e9 pour les contenus du site web<\/h2><p>L&rsquo;association WRO CH se r\u00e9serve le droit de modifier ou de supprimer le contenu du pr\u00e9sent site Internet \u00e0 tout moment et sans pr\u00e9avis. Elle n&rsquo;assume aucune responsabilit\u00e9 pour les contenus ainsi que pour leur mise \u00e0 jour, leur rectification\/correction et leur compl\u00e9ment.<\/p><p>Les contenus du blog portant le nom de l&rsquo;auteur correspondent \u00e0 l&rsquo;opinion de l&rsquo;auteur. Celle-ci ne correspond pas n\u00e9cessairement \u00e0 l&rsquo;opinion de l&rsquo;association WRO CH.<\/p><h2 class=\"wp-block-heading\">Exclusion de responsabilit\u00e9 pour les liens externes<\/h2><p>Pour les liens externes, en particulier ceux provenant des m\u00e9dias, l&rsquo;exploitant du site concern\u00e9 est enti\u00e8rement responsable de leur contenu. L&rsquo;association WRO CH n&rsquo;a aucune influence sur le contenu des sites auxquels elle renvoie.<\/p><p>* * * Traduit avec www.DeepL.com\/Translator (version gratuite) * * *<\/p><p class=\"has-background-color has-pale-cyan-blue-background-color has-text-color has-background\"><strong>Remarque : La <a href=\"https:\/\/wro.swiss\/impressum\/\" data-type=\"page\" data-id=\"797\">version allemande de cette page<\/a> fait foi en cas de contradiction ou de manque de clart\u00e9.<\/strong><\/p>","protected":false},"excerpt":{"rendered":"<p>Conditions de participation et politique de confidentialit\u00e9 Responsabilit\u00e9 du contenu  [&#8230;]<\/p>\n","protected":false},"author":7,"featured_media":0,"parent":0,"menu_order":0,"comment_status":"closed","ping_status":"closed","template":"wp-custom-template-page-wro-fr","meta":{"inline_featured_image":false,"footnotes":""},"wf_page_folders":[],"class_list":["post-4459","page","type-page","status-publish","hentry"],"_links":{"self":[{"href":"https:\/\/wro.swiss\/fr\/wp-json\/wp\/v2\/pages\/4459","targetHints":{"allow":["GET"]}}],"collection":[{"href":"https:\/\/wro.swiss\/fr\/wp-json\/wp\/v2\/pages"}],"about":[{"href":"https:\/\/wro.swiss\/fr\/wp-json\/wp\/v2\/types\/page"}],"author":[{"embeddable":true,"href":"https:\/\/wro.swiss\/fr\/wp-json\/wp\/v2\/users\/7"}],"replies":[{"embeddable":true,"href":"https:\/\/wro.swiss\/fr\/wp-json\/wp\/v2\/comments?post=4459"}],"version-history":[{"count":6,"href":"https:\/\/wro.swiss\/fr\/wp-json\/wp\/v2\/pages\/4459\/revisions"}],"predecessor-version":[{"id":7470,"href":"https:\/\/wro.swiss\/fr\/wp-json\/wp\/v2\/pages\/4459\/revisions\/7470"}],"wp:attachment":[{"href":"https:\/\/wro.swiss\/fr\/wp-json\/wp\/v2\/media?parent=4459"}],"wp:term":[{"taxonomy":"wf_page_folders","embeddable":true,"href":"https:\/\/wro.swiss\/fr\/wp-json\/wp\/v2\/wf_page_folders?post=4459"}],"curies":[{"name":"wp","href":"https:\/\/api.w.org\/{rel}","templated":true}]}}