{"id":4248,"date":"2022-01-09T15:56:57","date_gmt":"2022-01-09T14:56:57","guid":{"rendered":"https:\/\/wro.swiss\/?page_id=4248"},"modified":"2024-06-23T23:35:53","modified_gmt":"2024-06-23T21:35:53","slug":"deroulement-dune-saison","status":"publish","type":"page","link":"https:\/\/wro.swiss\/fr\/informations\/deroulement-dune-saison\/","title":{"rendered":"D\u00e9roulement d\u2019une saison"},"content":{"rendered":"<div class=\"fusion-fullwidth fullwidth-box fusion-builder-row-1 fusion-flex-container has-pattern-background has-mask-background nonhundred-percent-fullwidth non-hundred-percent-height-scrolling\" style=\"--awb-border-radius-top-left:0px;--awb-border-radius-top-right:0px;--awb-border-radius-bottom-right:0px;--awb-border-radius-bottom-left:0px;--awb-flex-wrap:wrap;\" ><div class=\"fusion-builder-row fusion-row fusion-flex-align-items-flex-start fusion-flex-content-wrap\" style=\"max-width:1248px;margin-left: calc(-4% \/ 2 );margin-right: calc(-4% \/ 2 );\"><div class=\"fusion-layout-column fusion_builder_column fusion-builder-column-0 fusion_builder_column_1_1 1_1 fusion-flex-column\" style=\"--awb-bg-size:cover;--awb-width-large:100%;--awb-margin-top-large:0px;--awb-spacing-right-large:1.92%;--awb-margin-bottom-large:20px;--awb-spacing-left-large:1.92%;--awb-width-medium:100%;--awb-order-medium:0;--awb-spacing-right-medium:1.92%;--awb-spacing-left-medium:1.92%;--awb-width-small:100%;--awb-order-small:0;--awb-spacing-right-small:1.92%;--awb-spacing-left-small:1.92%;\"><div class=\"fusion-column-wrapper fusion-column-has-shadow fusion-flex-justify-content-flex-start fusion-content-layout-column\">\n<div class=\"table-2\">\n<table width=\"100%\">\n<tbody>\n<tr>\n<td>D\u00e9cembre \u00e0 Mars<\/td>\n<td><a href=\"https:\/\/wro.swiss\/anmeldung-2\/\" data-type=\"page\" data-id=\"4107\"><img decoding=\"async\" width=\"96\" height=\"96\" class=\"wp-image-4231\" src=\"https:\/\/wro.swiss\/wp-content\/uploads\/2022\/12\/01-Anmeldung-rw.png\" alt=\"Inscription\"><\/a><\/td>\n<td><strong>Insciption pour la WRO<\/strong><br \/>Registration sur notre systeme en ligne<br \/>Debut de D\u00e9cembre \u00e0 la fin de Mars&nbsp;<\/td>\n<\/tr>\n<tr>\n<td>15. Januar<\/td>\n<td><img decoding=\"async\" width=\"96\" height=\"96\" class=\"wp-image-4232\" src=\"https:\/\/wro.swiss\/wp-content\/uploads\/2022\/12\/02-Aufgaben-rw.png\" alt=\"T\u00e2ches\"><\/td>\n<td><strong>T\u00e2ches <br \/>Les t\u00e2ches seront publi\u00e9es ici \u00e0 la mi-janvier. <br \/> A partir de cette date, il y aura \u00e9galement un lien vers les t\u00e2ches ici<\/strong><\/td>\n<\/tr>\n<tr>\n<td>Januar bis April<\/td>\n<td><img decoding=\"async\" width=\"96\" height=\"96\" class=\"wp-image-4233\" src=\"https:\/\/wro.swiss\/wp-content\/uploads\/2022\/12\/03-Vorbereitung-rw.png\" alt=\"Phase de pr\u00e9paration\"><\/td>\n<td align=\"left\"><strong>Phase de pr\u00e9paration<\/strong><br \/>Construction et programmation du robotst<br \/>Test et am\u00e9lioration<\/td>\n<\/tr>\n<tr>\n<td>April \u00e0 Mai<\/td>\n<td><a href=\"https:\/\/wro.swiss\/regios-2023\/\" data-type=\"page\" data-id=\"3474\"><img decoding=\"async\" width=\"96\" height=\"96\" class=\"wp-image-4234\" src=\"https:\/\/wro.swiss\/wp-content\/uploads\/2022\/12\/04-Regios-rw.png\" alt=\"R\u00e9gios\"><\/a><\/td>\n<td><strong>Concours r\u00e9gionaux<\/strong><br \/>Les \u00e9quipes montrent ce qu&rsquo;elles savent faire et se battent pour acc\u00e9der \u00e0 la finale suisse<\/td>\n<\/tr>\n<tr>\n<td>Juni<\/td>\n<td><a href=\"https:\/\/wro.swiss\/schweizer-finale-2023\/\" data-type=\"page\" data-id=\"3716\"><img decoding=\"async\" width=\"96\" height=\"96\" class=\"wp-image-4235\" src=\"https:\/\/wro.swiss\/wp-content\/uploads\/2022\/12\/05-CH-Finale.png\" alt=\"Finale suisse\"><\/a><\/td>\n<td><strong>Finale Suisse<\/strong><br \/>Les meilleures \u00e9quipes de Suisse s&rsquo;affrontent<\/td>\n<\/tr>\n<tr>\n<td align=\"left\">Septembre \/ Novembre<\/td>\n<td align=\"left\"><img decoding=\"async\" class=\"alignnone size-full wp-image-4237\" src=\"https:\/\/wro.swiss\/wp-content\/uploads\/2022\/12\/06a-Weltfinale-Amerikas-rw-1.png\" alt=\"International\" width=\"96\" height=\"96\"><\/td>\n<td align=\"left\"><strong>Comp\u00e9titions internationales<\/strong> <br \/>Lors du tournoi amical et de la finale mondiale, les meilleures \u00e9quipes suisses rencontrent des \u00e9quipes de 80 pays.<\/td>\n<\/tr>\n<\/tbody>\n<\/table>\n<\/div>\n<\/div><\/div><\/div><\/div>\n","protected":false},"excerpt":{"rendered":"","protected":false},"author":7,"featured_media":0,"parent":3228,"menu_order":0,"comment_status":"closed","ping_status":"closed","template":"100-width.php","meta":{"inline_featured_image":false,"footnotes":""},"wf_page_folders":[],"class_list":["post-4248","page","type-page","status-publish","hentry"],"_links":{"self":[{"href":"https:\/\/wro.swiss\/fr\/wp-json\/wp\/v2\/pages\/4248","targetHints":{"allow":["GET"]}}],"collection":[{"href":"https:\/\/wro.swiss\/fr\/wp-json\/wp\/v2\/pages"}],"about":[{"href":"https:\/\/wro.swiss\/fr\/wp-json\/wp\/v2\/types\/page"}],"author":[{"embeddable":true,"href":"https:\/\/wro.swiss\/fr\/wp-json\/wp\/v2\/users\/7"}],"replies":[{"embeddable":true,"href":"https:\/\/wro.swiss\/fr\/wp-json\/wp\/v2\/comments?post=4248"}],"version-history":[{"count":12,"href":"https:\/\/wro.swiss\/fr\/wp-json\/wp\/v2\/pages\/4248\/revisions"}],"predecessor-version":[{"id":14140,"href":"https:\/\/wro.swiss\/fr\/wp-json\/wp\/v2\/pages\/4248\/revisions\/14140"}],"up":[{"embeddable":true,"href":"https:\/\/wro.swiss\/fr\/wp-json\/wp\/v2\/pages\/3228"}],"wp:attachment":[{"href":"https:\/\/wro.swiss\/fr\/wp-json\/wp\/v2\/media?parent=4248"}],"wp:term":[{"taxonomy":"wf_page_folders","embeddable":true,"href":"https:\/\/wro.swiss\/fr\/wp-json\/wp\/v2\/wf_page_folders?post=4248"}],"curies":[{"name":"wp","href":"https:\/\/api.w.org\/{rel}","templated":true}]}}