{"id":4151,"date":"2022-01-09T16:09:03","date_gmt":"2022-01-09T15:09:03","guid":{"rendered":"https:\/\/wro.swiss\/?page_id=4151"},"modified":"2023-11-23T18:29:04","modified_gmt":"2023-11-23T17:29:04","slug":"classes-dage","status":"publish","type":"page","link":"https:\/\/wro.swiss\/fr\/informations\/classes-dage\/","title":{"rendered":"Classes d&rsquo;\u00e2ge"},"content":{"rendered":"<div class=\"fusion-fullwidth fullwidth-box fusion-builder-row-1 fusion-flex-container has-pattern-background has-mask-background nonhundred-percent-fullwidth non-hundred-percent-height-scrolling\" style=\"--awb-border-radius-top-left:0px;--awb-border-radius-top-right:0px;--awb-border-radius-bottom-right:0px;--awb-border-radius-bottom-left:0px;--awb-flex-wrap:wrap;\" ><div class=\"fusion-builder-row fusion-row fusion-flex-align-items-flex-start fusion-flex-content-wrap\" style=\"max-width:1248px;margin-left: calc(-4% \/ 2 );margin-right: calc(-4% \/ 2 );\"><div class=\"fusion-layout-column fusion_builder_column fusion-builder-column-0 fusion_builder_column_1_1 1_1 fusion-flex-column\" style=\"--awb-bg-size:cover;--awb-width-large:100%;--awb-margin-top-large:0px;--awb-spacing-right-large:1.92%;--awb-margin-bottom-large:20px;--awb-spacing-left-large:1.92%;--awb-width-medium:100%;--awb-order-medium:0;--awb-spacing-right-medium:1.92%;--awb-spacing-left-medium:1.92%;--awb-width-small:100%;--awb-order-small:0;--awb-spacing-right-small:1.92%;--awb-spacing-left-small:1.92%;\"><div class=\"fusion-column-wrapper fusion-column-has-shadow fusion-flex-justify-content-flex-start fusion-content-layout-column\"><div class=\"fusion-text fusion-text-1\"><p>Il existe dans la WRO les cat\u00e9gories d&rsquo;\u00e2ge suivantes (valables en 2024) :<\/p>\n<\/div>\n<div class=\"table-2\">\n<p>&nbsp;<\/p>\n<table width=\"100%\">\n<thead>\n<tr>\n<th align=\"left\">Classe d&rsquo;\u00e2ge<\/th>\n<th align=\"left\">Age<\/th>\n<th align=\"left\">Ann\u00e9es de naissance<\/th>\n<\/tr>\n<\/thead>\n<tbody>\n<tr>\n<td align=\"left\">Elementary<\/td>\n<td align=\"left\">8 \u00e0 12 ans<\/td>\n<td align=\"left\">2012 \u00e0 2016<\/td>\n<\/tr>\n<tr>\n<td align=\"left\">Junior<\/td>\n<td align=\"left\">de 11 \u00e0 15 ans<\/td>\n<td align=\"left\">2009 \u00e0 2013<\/td>\n<\/tr>\n<tr>\n<td align=\"left\">Senior<\/td>\n<td align=\"left\">de 14 \u00e0 19 ans<\/td>\n<td align=\"left\">de 2005 \u00e0 2010<\/td>\n<\/tr>\n<tr>\n<td align=\"left\">Starter (cat\u00e9gorie Starter uniquement)<\/td>\n<td align=\"left\">de 6 \u00e0 10 ans<\/td>\n<td align=\"left\">De 2014 \u00e0 2018<\/td>\n<\/tr>\n<\/tbody>\n<\/table>\n<\/div>\n<div class=\"fusion-text fusion-text-2\" style=\"--awb-margin-top:30px;\"><p><b>C&rsquo;est l&rsquo;ann\u00e9e de naissance qui est d\u00e9terminante et non l&rsquo;\u00e2ge au jour du concours.<\/b><\/p>\n<\/div><\/div><\/div><\/div><\/div>\n","protected":false},"excerpt":{"rendered":"","protected":false},"author":7,"featured_media":0,"parent":3228,"menu_order":0,"comment_status":"closed","ping_status":"closed","template":"100-width.php","meta":{"inline_featured_image":false,"footnotes":""},"wf_page_folders":[101],"class_list":["post-4151","page","type-page","status-publish","hentry"],"_links":{"self":[{"href":"https:\/\/wro.swiss\/fr\/wp-json\/wp\/v2\/pages\/4151","targetHints":{"allow":["GET"]}}],"collection":[{"href":"https:\/\/wro.swiss\/fr\/wp-json\/wp\/v2\/pages"}],"about":[{"href":"https:\/\/wro.swiss\/fr\/wp-json\/wp\/v2\/types\/page"}],"author":[{"embeddable":true,"href":"https:\/\/wro.swiss\/fr\/wp-json\/wp\/v2\/users\/7"}],"replies":[{"embeddable":true,"href":"https:\/\/wro.swiss\/fr\/wp-json\/wp\/v2\/comments?post=4151"}],"version-history":[{"count":13,"href":"https:\/\/wro.swiss\/fr\/wp-json\/wp\/v2\/pages\/4151\/revisions"}],"predecessor-version":[{"id":10087,"href":"https:\/\/wro.swiss\/fr\/wp-json\/wp\/v2\/pages\/4151\/revisions\/10087"}],"up":[{"embeddable":true,"href":"https:\/\/wro.swiss\/fr\/wp-json\/wp\/v2\/pages\/3228"}],"wp:attachment":[{"href":"https:\/\/wro.swiss\/fr\/wp-json\/wp\/v2\/media?parent=4151"}],"wp:term":[{"taxonomy":"wf_page_folders","embeddable":true,"href":"https:\/\/wro.swiss\/fr\/wp-json\/wp\/v2\/wf_page_folders?post=4151"}],"curies":[{"name":"wp","href":"https:\/\/api.w.org\/{rel}","templated":true}]}}