{"id":4137,"date":"2019-01-11T16:47:53","date_gmt":"2019-01-11T15:47:53","guid":{"rendered":"https:\/\/wro.swiss\/?page_id=4137"},"modified":"2026-02-24T10:10:38","modified_gmt":"2026-02-24T09:10:38","slug":"inscription","status":"publish","type":"page","link":"https:\/\/wro.swiss\/fr\/saison-2026\/inscription\/","title":{"rendered":"Inscription"},"content":{"rendered":"<div class=\"fusion-fullwidth fullwidth-box fusion-builder-row-1 fusion-flex-container has-pattern-background has-mask-background nonhundred-percent-fullwidth non-hundred-percent-height-scrolling\" style=\"--awb-border-radius-top-left:0px;--awb-border-radius-top-right:0px;--awb-border-radius-bottom-right:0px;--awb-border-radius-bottom-left:0px;--awb-flex-wrap:wrap;\" ><div class=\"fusion-builder-row fusion-row fusion-flex-align-items-flex-start fusion-flex-content-wrap\" style=\"max-width:1248px;margin-left: calc(-4% \/ 2 );margin-right: calc(-4% \/ 2 );\"><div class=\"fusion-layout-column fusion_builder_column fusion-builder-column-0 fusion_builder_column_1_1 1_1 fusion-flex-column\" style=\"--awb-bg-size:cover;--awb-width-large:100%;--awb-margin-top-large:0px;--awb-spacing-right-large:1.92%;--awb-margin-bottom-large:20px;--awb-spacing-left-large:1.92%;--awb-width-medium:100%;--awb-order-medium:0;--awb-spacing-right-medium:1.92%;--awb-spacing-left-medium:1.92%;--awb-width-small:100%;--awb-order-small:0;--awb-spacing-right-small:1.92%;--awb-spacing-left-small:1.92%;\"><div class=\"fusion-column-wrapper fusion-column-has-shadow fusion-flex-justify-content-flex-start fusion-content-layout-column\"><div class=\"fusion-text fusion-text-1\"><p>Bienvenue sur World Robot Olympiad! Nous sommes tr\u00e8s heureux de te compter parmi nous. Merci de lire attentivement les instructions suivantes avant de t&rsquo;inscrire. Merci !<\/p>\n<p><b style=\"color: var(--awb-color4);\">D\u00e9lai d&rsquo;inscription : du 1er d\u00e9cembre 2025 au 15 mars 2026<\/b><\/p>\n<\/div><div class=\"fusion-title title fusion-title-1 fusion-sep-none fusion-title-text fusion-title-size-two\" style=\"--awb-margin-top-small:10px;--awb-margin-right-small:0px;--awb-margin-bottom-small:10px;--awb-margin-left-small:0px;\"><h2 class=\"fusion-title-heading title-heading-left\" style=\"margin:0;\"><h3 class=\"wp-block-heading fusion-responsive-typography-calculated\" data-fontsize=\"24\" data-lineheight=\"28.8px\">Conditions de participation et protection des donn\u00e9es<\/h3><\/h2><\/div><div class=\"fusion-text fusion-text-2\"><p><b style=\"color: var(--awb-color4);\">Nous demandons donc \u00e0 toutes les \u00e9quipes, m\u00eame celles qui ont d\u00e9j\u00e0 particip\u00e9 une ou plusieurs fois \u00e0 la WRO, de lire attentivement ces textes !<\/b><\/p>\n<ul>\n<li><a href=\"https:\/\/wro.swiss\/fr\/conditions-de-participation\/\">Conditions de participation<\/a><\/li>\n<li><a href=\"https:\/\/wro.swiss\/fr\/politique-de-confidentialite\/\">Protection des donn\u00e9es<\/a><\/li>\n<li><a href=\"https:\/\/wro.swiss\/fr\/principes-directeurs\/\">Principes directures de la WRO<\/a><\/li>\n<\/ul>\n<p><b style=\"color: var(--awb-color4);\">L&rsquo;inscription \u00e0 un concours implique l&rsquo;acceptation des conditions de participation, de la politique de confidentialit\u00e9 et des principes directeurs pour toute l&rsquo;\u00e9quipe (coach et membres de l&rsquo;\u00e9quipe).<\/b><\/p>\n<\/div><div class=\"fusion-title title fusion-title-2 fusion-sep-none fusion-title-text fusion-title-size-two\" style=\"--awb-margin-top-small:10px;--awb-margin-right-small:0px;--awb-margin-bottom-small:10px;--awb-margin-left-small:0px;\"><h2 class=\"fusion-title-heading title-heading-left\" style=\"margin:0;\"><h3 class=\"wp-block-heading fusion-responsive-typography-calculated\" data-fontsize=\"24\" data-lineheight=\"28.8px\">Infos g\u00e9n\u00e9rales<\/h3><\/h2><\/div><div class=\"fusion-text fusion-text-3\"><p>L&rsquo;inscription se fait par le coach (18 ans et plus) ou par un enseignant. Si tu souhaites participer toi-m\u00eame en tant que membre de l&rsquo;\u00e9quipe, demande \u00e0 ton coach ou \u00e0 ton enseignant de t&rsquo;inscrire.<\/p>\n<\/div><div class=\"fusion-title title fusion-title-3 fusion-sep-none fusion-title-text fusion-title-size-three\" style=\"--awb-margin-top-small:10px;--awb-margin-right-small:0px;--awb-margin-bottom-small:10px;--awb-margin-left-small:0px;\"><h3 class=\"fusion-title-heading title-heading-left\" style=\"margin:0;\">Programme<\/h3><\/div><div class=\"fusion-text fusion-text-4\"><ol>\n<li>Tu t&rsquo;inscris sur notre page d&rsquo;inscription (un login existant d&rsquo;une saison pr\u00e9c\u00e9dente peut \u00eatre r\u00e9utilis\u00e9).<\/li>\n<li>Tu peux maintenant inscrire ton ou tes \u00e9quipes. Tu peux \u00e9galement indiquer une autre personne de contact pour chaque \u00e9quipe. Pour commencer, tu n&rsquo;as besoin que du nom de l&rsquo;\u00e9quipe, de la cat\u00e9gorie de comp\u00e9tition et <a href=\"https:\/\/wro.swiss\/fr\/informations\/categories-et-classes-d-age\/\" target=\"_blank\" rel=\"noreferrer noopener\" data-type=\"page\" data-id=\"2704\">de la classe d&rsquo;\u00e2ge<\/a>, ainsi que du lieu de la comp\u00e9tition. Toutes les autres donn\u00e9es (par exemple la date de naissance des membres de l&rsquo;\u00e9quipe) peuvent \u00eatre ajout\u00e9es ult\u00e9rieurement. <b>Fais attention \u00e0 bien choisir le bon concours ; dans diff\u00e9rents endroits, RoboMission et Future Innovators sont tous deux propos\u00e9s.<\/b><br \/>Autre point important : les classes d&rsquo;\u00e2ge se r\u00e9f\u00e8rent toujours \u00e0 l&rsquo;<b>ann\u00e9e de naissance<\/b>: quel \u00e2ge aura le membre de l&rsquo;\u00e9quipe au cours de l&rsquo;ann\u00e9e civile 2026 ?<\/li>\n<li>Remplis le <a href=\"https:\/\/wro.swiss\/wp-content\/uploads\/2025\/11\/WRO_2026_Einverstaendniserklaerung_DE.pdf\" target=\"_blank\" rel=\"noopener noreferrer\">formulaire de consentement <\/a>par personne, fais-le signer, scanne-le ou photographie-le et t\u00e9l\u00e9charge-le sur la page d&rsquo;inscription !<\/li>\n<\/ol>\n<\/div><div class=\"fusion-title title fusion-title-4 fusion-sep-none fusion-title-text fusion-title-size-three\" style=\"--awb-margin-top-small:10px;--awb-margin-right-small:0px;--awb-margin-bottom-small:10px;--awb-margin-left-small:0px;\"><h3 class=\"fusion-title-heading title-heading-left\" style=\"margin:0;\">Co\u00fbts<\/h3><\/div><div class=\"fusion-text fusion-text-5\"><p><b style=\"color: var(--awb-color4);\">Les frais d&rsquo;inscription s&rsquo;\u00e9l\u00e8vent \u00e0 150 CHF par \u00e9quipe. Ce montant sera rembours\u00e9 apr\u00e8s la participation \u00e0 un Concours r\u00e9gional.<\/b><\/p>\n<p>Les frais d&rsquo;inscription comprennent le mat\u00e9riel suivant pour le concours, qui sera envoy\u00e9 d\u00e8s qu&rsquo;il sera disponible (probablement fin janvier 2026) :<\/p>\n<ul>\n<li>RoboMission : un tapis de terrain pour toutes les \u00e9quipes ; un kit de construction pour les \u00e9quipes<a href=\"https:\/\/wro.swiss\/fr\/saison-2025\/materiel\/\" target=\"_blank\" rel=\"noopener noreferrer\">(infos sur le kit de construction<\/a>) qui participent au concours <b>pour la premi\u00e8re fois <\/b>(les kits existants des saisons pr\u00e9c\u00e9dentes peuvent et doivent continuer \u00e0 \u00eatre utilis\u00e9s en 2026).<\/li>\n<li>WRO Starter : un tapis de jeu pour toutes les \u00e9quipes ; un kit de construction pour les \u00e9quipes qui participent au concours pour la premi\u00e8re fois.<\/li>\n<li>Future Engineers: un tapis de terrain pour toutes les \u00e9quipes<\/li>\n<\/ul>\n<p>Des tapis de jeu suppl\u00e9mentaires ou des sets de briques peuvent \u00eatre command\u00e9s dans notre boutique. Attention : les sets de briques ne sont disponibles qu&rsquo;en quantit\u00e9 limit\u00e9e.  Nous nous r\u00e9servons le droit de limiter les commandes de sets suppl\u00e9mentaires afin qu&rsquo;aucune \u00e9quipe ne reste sans rien, si possible.<\/p>\n<\/div><div class=\"fusion-title title fusion-title-5 fusion-sep-none fusion-title-text fusion-title-size-two\" style=\"--awb-text-color:var(--awb-custom_color_2);--awb-margin-top-small:10px;--awb-margin-right-small:0px;--awb-margin-bottom-small:10px;--awb-margin-left-small:0px;\"><h2 class=\"fusion-title-heading title-heading-left\" style=\"margin:0;\">Note importante<\/h2><\/div><div class=\"fusion-text fusion-text-6\"><p>Tu as besoin d&rsquo;un soutien sp\u00e9cifique pour participer aux concours WRO en raison d&rsquo;une d\u00e9ficience physique, d&rsquo;un handicap ou d&rsquo;une maladie chronique ? Contacte directement <a href=\"mailto:markus.born@wro.swiss\">Markus Born<\/a>. Nous traitons bien entendu tes donn\u00e9es de mani\u00e8re confidentielle et faisons de notre mieux pour que chacun et chacune puisse participer \u00e9quitablement.<\/p>\n<p>Nous ne souhaitons pas non plus qu&rsquo;une \u00e9quipe doive renoncer \u00e0 participer pour des raisons financi\u00e8res. Nous disposons d&rsquo;un fonds d&rsquo;urgence qui nous permet d&rsquo;octroyer des fonds de soutien pour la participation \u00e0 nos concours si n\u00e9cessaire. Dans ce cas \u00e9galement, veuillez prendre contact directement avec Markus.<\/p>\n<\/div><\/div><\/div><div class=\"fusion-layout-column fusion_builder_column fusion-builder-column-1 fusion_builder_column_1_2 1_2 fusion-flex-column\" style=\"--awb-bg-size:cover;--awb-width-large:50%;--awb-margin-top-large:0px;--awb-spacing-right-large:3.84%;--awb-margin-bottom-large:20px;--awb-spacing-left-large:3.84%;--awb-width-medium:50%;--awb-order-medium:0;--awb-spacing-right-medium:3.84%;--awb-spacing-left-medium:3.84%;--awb-width-small:100%;--awb-order-small:0;--awb-spacing-right-small:1.92%;--awb-spacing-left-small:1.92%;\"><div class=\"fusion-column-wrapper fusion-column-has-shadow fusion-flex-justify-content-flex-start fusion-content-layout-column\"><div ><a class=\"fusion-button button-flat fusion-button-default-size button-default fusion-button-default button-1 fusion-button-default-span fusion-button-default-type\" target=\"_blank\" rel=\"noopener noreferrer\" href=\"https:\/\/events.worldrobotolympiad.ch\/\"><span class=\"fusion-button-text awb-button__text awb-button__text--default\">Inscription<\/span><\/a><\/div><\/div><\/div><div class=\"fusion-layout-column fusion_builder_column fusion-builder-column-2 fusion_builder_column_1_2 1_2 fusion-flex-column\" style=\"--awb-bg-size:cover;--awb-width-large:50%;--awb-margin-top-large:0px;--awb-spacing-right-large:3.84%;--awb-margin-bottom-large:20px;--awb-spacing-left-large:3.84%;--awb-width-medium:50%;--awb-order-medium:0;--awb-spacing-right-medium:3.84%;--awb-spacing-left-medium:3.84%;--awb-width-small:100%;--awb-order-small:0;--awb-spacing-right-small:1.92%;--awb-spacing-left-small:1.92%;\"><div class=\"fusion-column-wrapper fusion-column-has-shadow fusion-flex-justify-content-flex-start fusion-content-layout-column\"><div ><a class=\"fusion-button button-flat fusion-button-default-size button-default fusion-button-default button-2 fusion-button-default-span fusion-button-default-type\" target=\"_blank\" rel=\"noopener noreferrer\" href=\"https:\/\/forms.office.com\/e\/htC0jKtgZ7\"><span class=\"fusion-button-text awb-button__text awb-button__text--default\">Inscription aux ateliers Starter<\/span><\/a><\/div><div class=\"fusion-text fusion-text-7\"><p>Ce lien est pour les ateliers en Suisse allemande.<\/p>\n<p>Les ateliers au Tessin sont propos\u00e9s par notre partenaire Robo-S\u00ec. Merci de t&rsquo;inscrire directement via leur <a href=\"https:\/\/www.robo-si.ch\/corsi\/starter\" target=\"_blank\" rel=\"noopener noreferrer\">site web<\/a>.   <\/p>\n<\/div><\/div><\/div><\/div><\/div>\n","protected":false},"excerpt":{"rendered":"","protected":false},"author":7,"featured_media":0,"parent":22682,"menu_order":0,"comment_status":"closed","ping_status":"closed","template":"","meta":{"inline_featured_image":false,"footnotes":""},"wf_page_folders":[],"class_list":["post-4137","page","type-page","status-publish","hentry"],"_links":{"self":[{"href":"https:\/\/wro.swiss\/fr\/wp-json\/wp\/v2\/pages\/4137","targetHints":{"allow":["GET"]}}],"collection":[{"href":"https:\/\/wro.swiss\/fr\/wp-json\/wp\/v2\/pages"}],"about":[{"href":"https:\/\/wro.swiss\/fr\/wp-json\/wp\/v2\/types\/page"}],"author":[{"embeddable":true,"href":"https:\/\/wro.swiss\/fr\/wp-json\/wp\/v2\/users\/7"}],"replies":[{"embeddable":true,"href":"https:\/\/wro.swiss\/fr\/wp-json\/wp\/v2\/comments?post=4137"}],"version-history":[{"count":100,"href":"https:\/\/wro.swiss\/fr\/wp-json\/wp\/v2\/pages\/4137\/revisions"}],"predecessor-version":[{"id":23537,"href":"https:\/\/wro.swiss\/fr\/wp-json\/wp\/v2\/pages\/4137\/revisions\/23537"}],"up":[{"embeddable":true,"href":"https:\/\/wro.swiss\/fr\/wp-json\/wp\/v2\/pages\/22682"}],"wp:attachment":[{"href":"https:\/\/wro.swiss\/fr\/wp-json\/wp\/v2\/media?parent=4137"}],"wp:term":[{"taxonomy":"wf_page_folders","embeddable":true,"href":"https:\/\/wro.swiss\/fr\/wp-json\/wp\/v2\/wf_page_folders?post=4137"}],"curies":[{"name":"wp","href":"https:\/\/api.w.org\/{rel}","templated":true}]}}