{"id":4134,"date":"2022-12-03T17:01:59","date_gmt":"2022-12-03T16:01:59","guid":{"rendered":"https:\/\/wro.swiss\/?page_id=4134"},"modified":"2023-01-08T20:48:35","modified_gmt":"2023-01-08T19:48:35","slug":"sujet-de-la-saison","status":"publish","type":"page","link":"https:\/\/wro.swiss\/fr\/sujet-de-la-saison\/","title":{"rendered":"Sujet de la saison"},"content":{"rendered":"<p class=\"wp-embed-aspect-16-9 wp-has-aspect-ratio\">En accord avec l&rsquo;importance g\u00e9ographique du Panama, o\u00f9 se d\u00e9roulera la finale mondiale en 2023, le th\u00e8me de l&rsquo;ann\u00e9e est \u00abConnecting the World\u00bb. Les voies navigables et autres voies de communication sont au c\u0153ur des t\u00e2ches.<\/p><figure class=\"wp-block-embed is-type-video is-provider-youtube wp-block-embed-youtube wp-embed-aspect-16-9 wp-has-aspect-ratio\"><div class=\"wp-block-embed__wrapper\">\n<div class=\"video-shortcode\"><iframe title=\"WRO 2023 Theme | Connecting the World\" width=\"1200\" height=\"675\" src=\"https:\/\/www.youtube.com\/embed\/BnZ7pmDCBDs?feature=oembed\" frameborder=\"0\" allow=\"accelerometer; autoplay; clipboard-write; encrypted-media; gyroscope; picture-in-picture; web-share\" allowfullscreen><\/iframe><\/div>\n<\/div><\/figure><p class=\"wp-embed-aspect-16-9 wp-has-aspect-ratio\"><\/p>","protected":false},"excerpt":{"rendered":"<p>En accord avec l&rsquo;importance g\u00e9ographique du Panama, o\u00f9 se d\u00e9roulera  [&#8230;]<\/p>\n","protected":false},"author":7,"featured_media":0,"parent":0,"menu_order":0,"comment_status":"closed","ping_status":"closed","template":"wp-custom-template-page-wro-fr","meta":{"inline_featured_image":false,"footnotes":""},"wf_page_folders":[],"class_list":["post-4134","page","type-page","status-publish","hentry"],"_links":{"self":[{"href":"https:\/\/wro.swiss\/fr\/wp-json\/wp\/v2\/pages\/4134","targetHints":{"allow":["GET"]}}],"collection":[{"href":"https:\/\/wro.swiss\/fr\/wp-json\/wp\/v2\/pages"}],"about":[{"href":"https:\/\/wro.swiss\/fr\/wp-json\/wp\/v2\/types\/page"}],"author":[{"embeddable":true,"href":"https:\/\/wro.swiss\/fr\/wp-json\/wp\/v2\/users\/7"}],"replies":[{"embeddable":true,"href":"https:\/\/wro.swiss\/fr\/wp-json\/wp\/v2\/comments?post=4134"}],"version-history":[{"count":2,"href":"https:\/\/wro.swiss\/fr\/wp-json\/wp\/v2\/pages\/4134\/revisions"}],"predecessor-version":[{"id":7359,"href":"https:\/\/wro.swiss\/fr\/wp-json\/wp\/v2\/pages\/4134\/revisions\/7359"}],"wp:attachment":[{"href":"https:\/\/wro.swiss\/fr\/wp-json\/wp\/v2\/media?parent=4134"}],"wp:term":[{"taxonomy":"wf_page_folders","embeddable":true,"href":"https:\/\/wro.swiss\/fr\/wp-json\/wp\/v2\/wf_page_folders?post=4134"}],"curies":[{"name":"wp","href":"https:\/\/api.w.org\/{rel}","templated":true}]}}