{"id":4129,"date":"2022-01-09T15:39:06","date_gmt":"2022-01-09T14:39:06","guid":{"rendered":"https:\/\/wro.swiss\/?page_id=4129"},"modified":"2026-05-08T20:01:48","modified_gmt":"2026-05-08T18:01:48","slug":"dates","status":"publish","type":"page","link":"https:\/\/wro.swiss\/fr\/dates\/","title":{"rendered":"Dates"},"content":{"rendered":"<div class=\"fusion-fullwidth fullwidth-box fusion-builder-row-1 fusion-flex-container has-pattern-background has-mask-background nonhundred-percent-fullwidth non-hundred-percent-height-scrolling\" style=\"--awb-border-radius-top-left:0px;--awb-border-radius-top-right:0px;--awb-border-radius-bottom-right:0px;--awb-border-radius-bottom-left:0px;--awb-flex-wrap:wrap;\" ><div class=\"fusion-builder-row fusion-row fusion-flex-align-items-flex-start fusion-flex-content-wrap\" style=\"max-width:1248px;margin-left: calc(-4% \/ 2 );margin-right: calc(-4% \/ 2 );\"><div class=\"fusion-layout-column fusion_builder_column fusion-builder-column-0 fusion_builder_column_3_4 3_4 fusion-flex-column\" style=\"--awb-bg-size:cover;--awb-width-large:75%;--awb-margin-top-large:0px;--awb-spacing-right-large:2.56%;--awb-margin-bottom-large:20px;--awb-spacing-left-large:2.56%;--awb-width-medium:75%;--awb-order-medium:0;--awb-spacing-right-medium:2.56%;--awb-spacing-left-medium:2.56%;--awb-width-small:100%;--awb-order-small:0;--awb-spacing-right-small:1.92%;--awb-spacing-left-small:1.92%;\"><div class=\"fusion-column-wrapper fusion-column-has-shadow fusion-flex-justify-content-flex-start fusion-content-layout-column\"><div class=\"fusion-text fusion-text-1\"><p>\n<!-- wp:paragraph  --><\/p>\n<p>Les d\u00e9tails concernant les diff\u00e9rents sites du Concours r\u00e9gional (adresse, acc\u00e8s, horaires, etc.) seront mis en lien ici au plus tard une semaine avant le jour du concours.<\/p>\n<p>Remarque : la cat\u00e9gorie RoboMission est propos\u00e9e dans tous les sites Regio sauf \u00e0 Winterthur ZHAW. Toutes les autres cat\u00e9gories sont indiqu\u00e9es \u00e0 c\u00f4t\u00e9 du lieu. FI = Future Innovators, Starter = WRO Starter, FE = Future Engineers  <\/p>\n<\/p>\n<p><!-- \/wp:paragraph --><\/p>\n<p>\n<!-- wp:paragraph  --><\/p>\n<p><!-- \/wp:paragraph --><\/p>\n<p>\n<!-- wp:paragraph  --><\/p>\n<p><!-- \/wp:paragraph --><\/p>\n<\/div>\n<div class=\"table-2\">\n<table width=\"100%\">\n<thead>\n<tr>\n<th align=\"left\">Date<\/th>\n<th align=\"left\">\u00c9v\u00e9nement<\/th>\n<th align=\"left\">Lieu<\/th>\n<\/tr>\n<\/thead>\n<tbody>\n<tr>\n<td align=\"left\">1er d\u00e9cembre 2025 &#8211; 15 mars 2026<\/td>\n<td align=\"left\">Inscription aux concours<\/td>\n<td align=\"left\">En ligne<\/td>\n<\/tr>\n<tr>\n<td align=\"left\">15 janvier 2026<\/td>\n<td align=\"left\">Publication des t\u00e2ches<\/td>\n<td align=\"left\">En ligne<\/td>\n<\/tr>\n<tr>\n<td align=\"left\">25 avril 2026<\/td>\n<td align=\"left\">Concours r\u00e9gional<\/td>\n<td align=\"left\"><a href=\"https:\/\/wro.swiss\/fr\/dates\/concours-regional-allschwil\/\">Allschwil<\/a>, <a href=\"https:\/\/wro.swiss\/fr\/dates\/concours-regional-altdorf\/\">Altdorf<\/a>, <a href=\"https:\/\/wro.swiss\/fr\/dates\/concours-regional-bellinzona\/\">Bellinzona<\/a> (avec FI et Starter), <a href=\"https:\/\/wro.swiss\/fr\/dates\/concours-regional-aeugst-am-albis\/\">Zurich<\/a><\/td>\n<\/tr>\n<tr>\n<td align=\"left\">2 mai 2026<\/td>\n<td align=\"left\">Concours r\u00e9gional<\/td>\n<td align=\"left\"><a href=\"https:\/\/wro.swiss\/fr\/dates\/concours-regional-bienne\/\">Bienne<\/a>, <a href=\"https:\/\/wro.swiss\/fr\/dates\/concours-regional-messen\/\">Foires<\/a>, <a href=\"https:\/\/wro.swiss\/fr\/dates\/concours-regional-yverdon-les-bains\/\">Yverdon<\/a><\/td>\n<\/tr>\n<tr>\n<td align=\"left\">9 mai 2026<\/td>\n<td align=\"left\">Concours r\u00e9gional<\/td>\n<td align=\"left\"><a href=\"https:\/\/wro.swiss\/fr\/dates\/concours-regional-brugg-windisch\/\">Brugg-Windisch<\/a> (avec starter), <a href=\"https:\/\/wro.swiss\/fr\/dates\/concours-regional-degersheim\/\">Degersheim<\/a>, <a href=\"https:\/\/wro.swiss\/fr\/dates\/concours-regional-rotkreuz\/\">Rotkreuz<\/a> (avec FI et starter), <a href=\"https:\/\/wro.swiss\/fr\/dates\/concours-regional-winterthur\/\">Winterthur<\/a>, <a href=\"https:\/\/wro.swiss\/fr\/dates\/concours-regional-xy-modele-cloned-2\/\">Wolfenschiessen<\/a><\/td>\n<\/tr>\n<tr>\n<td align=\"left\">10 mai 2026<\/td>\n<td align=\"left\">Concours r\u00e9gional<\/td>\n<td align=\"left\"><a href=\"https:\/\/wro.swiss\/fr\/dates\/concours-regional-thun\/\">Thun<\/a><\/td>\n<\/tr>\n<tr>\n<td align=\"left\">21 mai 2026<\/td>\n<td align=\"left\">Concours r\u00e9gional<\/td>\n<td align=\"left\"><a href=\"https:\/\/wro.swiss\/fr\/dates\/concours-regional-xy-modele-cloned\/\">Ballwil<\/a><\/td>\n<\/tr>\n<tr>\n<td align=\"left\">23 mai 2026<\/td>\n<td align=\"left\">Concours r\u00e9gional<\/td>\n<td align=\"left\"><a href=\"https:\/\/wro.swiss\/fr\/dates\/concours-regional-ennetbuergen\/\">Ennetb\u00fcrgen<\/a> (avec Starter)<\/td>\n<\/tr>\n<tr>\n<td align=\"left\">20 juin 2026<\/td>\n<td align=\"left\">Finale suisse<\/td>\n<td align=\"left\">Hausen AG<\/td>\n<\/tr>\n<tr>\n<td align=\"left\">Du 13 au 16 octobre 2026<\/td>\n<td align=\"left\">Open Championship Europe (tournoi amical)<\/td>\n<td align=\"left\">Zagreb, Croatie<\/td>\n<\/tr>\n<tr>\n<td align=\"left\">Du 8 au 10 d\u00e9cembre 2026<\/td>\n<td align=\"left\">Finale mondiale<\/td>\n<td align=\"left\">San Juan, Porto Rico<\/td>\n<\/tr>\n<\/tbody>\n<\/table>\n<\/div>\n<\/div><\/div><\/div><\/div>\n\n","protected":false},"excerpt":{"rendered":"","protected":false},"author":7,"featured_media":0,"parent":0,"menu_order":0,"comment_status":"closed","ping_status":"closed","template":"","meta":{"inline_featured_image":false,"footnotes":""},"wf_page_folders":[297],"class_list":["post-4129","page","type-page","status-publish","hentry"],"_links":{"self":[{"href":"https:\/\/wro.swiss\/fr\/wp-json\/wp\/v2\/pages\/4129","targetHints":{"allow":["GET"]}}],"collection":[{"href":"https:\/\/wro.swiss\/fr\/wp-json\/wp\/v2\/pages"}],"about":[{"href":"https:\/\/wro.swiss\/fr\/wp-json\/wp\/v2\/types\/page"}],"author":[{"embeddable":true,"href":"https:\/\/wro.swiss\/fr\/wp-json\/wp\/v2\/users\/7"}],"replies":[{"embeddable":true,"href":"https:\/\/wro.swiss\/fr\/wp-json\/wp\/v2\/comments?post=4129"}],"version-history":[{"count":65,"href":"https:\/\/wro.swiss\/fr\/wp-json\/wp\/v2\/pages\/4129\/revisions"}],"predecessor-version":[{"id":26052,"href":"https:\/\/wro.swiss\/fr\/wp-json\/wp\/v2\/pages\/4129\/revisions\/26052"}],"wp:attachment":[{"href":"https:\/\/wro.swiss\/fr\/wp-json\/wp\/v2\/media?parent=4129"}],"wp:term":[{"taxonomy":"wf_page_folders","embeddable":true,"href":"https:\/\/wro.swiss\/fr\/wp-json\/wp\/v2\/wf_page_folders?post=4129"}],"curies":[{"name":"wp","href":"https:\/\/api.w.org\/{rel}","templated":true}]}}