{"id":4127,"date":"2022-12-03T16:55:11","date_gmt":"2022-12-03T15:55:11","guid":{"rendered":"https:\/\/wro.swiss\/?page_id=4127"},"modified":"2023-01-08T20:25:09","modified_gmt":"2023-01-08T19:25:09","slug":"la-saison-2023","status":"publish","type":"page","link":"https:\/\/wro.swiss\/fr\/la-saison-2023\/","title":{"rendered":"La saison 2023"},"content":{"rendered":"<p>C&rsquo;est sous le slogan \u00ab Connecting the World \u00bb que se d\u00e9roulera la comp\u00e9tition de la saison 2023.<\/p><div class=\"wp-block-image\"><figure class=\"aligncenter size-large is-resized\"><img decoding=\"async\" src=\"https:\/\/wro.swiss\/wp-content\/uploads\/2022\/12\/Logo-Saison-2023-1024x1024.png\" alt=\"\" class=\"wp-image-4103\" width=\"512\" height=\"512\"\/><\/figure><\/div><p>Les t\u00e2ches seront disponibles \u00e0 partir du <strong>15 janvier 2023<\/strong>.<\/p><h2 class=\"wp-block-heading\">Cat\u00e9gories<\/h2><p><a href=\"https:\/\/wro.swiss\/fr\/la-categorie-robomission\/\"><strong>RoboMission<\/strong>:&nbsp;<\/a>Il s\u2019agit de la comp\u00e9tition WRO classique, dans laquelle le robot Lego doit r\u00e9soudre des t\u00e2ches sur un terrain de jeu. Pour ce faire, des kits de robots Lego SPIKE Prime, Lego Mindstorms Robot Inventor ou Lego Mindstorms EV3 sont utilis\u00e9s. Le robot doit \u00eatre construit et programm\u00e9 par les joueurs eux-m\u00eames.&nbsp;<strong><a href=\"https:\/\/wro.swiss\/fr\/la-categorie-robomission\/\">continuer \u00e0 lire<\/a>\u2026<\/strong><\/p><p><a href=\"https:\/\/wro.swiss\/fr\/la-categorie-future-innovators\/\"><strong>Future Innovators<\/strong><\/a> : Cette nouvelle forme de concours est centr\u00e9e sur une t\u00e2che de recherche. Les \u00e9quipes construisent un prototype de robot et le pr\u00e9sentent \u00e0 un jury. Le choix du mat\u00e9riel est enti\u00e8rement libre, d\u2019autres plates-formes que Lego peuvent \u00eatre utilis\u00e9es.&nbsp;<a href=\"https:\/\/worldrobotolympiad.ch\/future-innovators\/\"><\/a><strong><a href=\"https:\/\/wro.swiss\/fr\/la-categorie-future-innovators\/\">Continuer \u00e0 lire<\/a>\u2026<\/strong><\/p><p><strong><a href=\"https:\/\/wro.swiss\/fr\/la-categorie-starter\/\">Cat\u00e9gorie Starter<\/a>&nbsp;: <\/strong>Cette cat\u00e9gorie s\u2019adresse aux plus jeunes roboticiens et roboticiennes. Comme pour la RoboMission, des t\u00e2ches sont r\u00e9solues sur le terrain de jeu. Pour cela, on utilise les kits de robots Lego SPIKE Essential ou Lego WeDo 2.0.&nbsp;<a href=\"https:\/\/worldrobotolympiad.ch\/wedo\/\"><strong>Continuer \u00e0 lire\u2026<\/strong><\/a><\/p><h2 class=\"wp-block-heading\">Classes d&rsquo;\u00e2ge<\/h2><ul class=\"wp-block-list\"><li>Elementary: 8 \u00e0 12 ans (RoboMission et Future Innovators)<\/li><li>Junior: 11 \u00e0 15 ans (RoboMission et Future Innovators)<\/li><li>Senior: 14 \u00e0 19 ans (RoboMission et Future Innovators)<\/li><li>Starter: 6 \u00e0 10 ans (Seulement Cat\u00e9gorie Starter)<\/li><\/ul><h2 class=\"wp-block-heading\">Dates<\/h2><ul class=\"wp-block-list\"><li>Inscription : 1er d\u00e9cembre 2022 \u00e0 31 mars 2023<\/li><li>Publication des t\u00e2ches : 15 janvier 2023<\/li><li><a href=\"https:\/\/wro.swiss\/fr\/regios-2023-2\/\" data-type=\"page\" data-id=\"4340\">Concours r\u00e9gionaux de la cat\u00e9gorie RoboMission<\/a>: 6 et 13. mai \u00e0 Allschwil, Bellinzona, Brugg-Windisch, Burgdorf, Flawil, Lausanne, Rotkreuz und Winterthur.<\/li><li>Finale suisse : 24 juin 2023 \u00e0 Hausen AG.<\/li><li>Concours de la cat\u00e9gorie Future Innovators : 24 juin 2023 \u00e0 Hausen AG.<\/li><\/ul><h2 class=\"wp-block-heading\">Formez une \u00e9quipe<\/h2><p>Aux World Robot Olympiad (WRO), tu peux participer dans une \u00e9quipe de 2 ou 3 personnes avec un adulte comme coach. R\u00e9fl\u00e9chissez \u00e0 un nom d&rsquo;\u00e9quipe cool et demandez \u00e0 votre coach de vous inscrire \u00e0 la comp\u00e9tition. Peu importe que vous soyez une \u00e9quipe de robots d&rsquo;une \u00e9cole, un groupe d&rsquo;un centre de loisirs ou que vous vous organisiez simplement en \u00e9quipe priv\u00e9e..<\/p><p><a href=\"https:\/\/wro.swiss\/fr\/inscription\/\" data-type=\"page\" data-id=\"4137\">\u00c0 partir du 01.12.2022, l&rsquo;inscription se fait ici !<\/a><\/p><h2 class=\"wp-block-heading\">Liens rapides<\/h2><ul class=\"wp-block-list\"><li><a href=\"https:\/\/wro.swiss\/fr\/la-saison-en-bref\/\" data-type=\"page\" data-id=\"4129\">La saison en bref<\/a><\/li><li><a href=\"https:\/\/wro.swiss\/fr\/sujet-de-la-saison\/\" data-type=\"page\" data-id=\"4134\">Sujet de la saison<\/a><\/li><li>T\u00e2ches et r\u00e8gles \u2014 Seront publi\u00e9s le 15 janvier 2023<ul><li><strong>RoboMission&nbsp;Elementary<\/strong><\/li><li><strong>RoboMission&nbsp;Junior<\/strong><\/li><li><strong>RoboMission&nbsp;Senior<\/strong><\/li><li><strong>Future Innovators<\/strong>&nbsp;(Toutes les classes d&rsquo;\u00e2ge)<\/li><li>Cat\u00e9gorie <strong>Starter<\/strong><\/li><\/ul><\/li><li><a href=\"https:\/\/wro.swiss\/fr\/faq-en-francais\/\" data-type=\"page\" data-id=\"3614\">FAQs<\/a><\/li><li><a href=\"https:\/\/wro.swiss\/fr\/materiel\/\" data-type=\"page\" data-id=\"4466\">Mat\u00e9riel<\/a><ul><li>Mat\u00e9riaux et commande<\/li><li><a href=\"https:\/\/wro.swiss\/fr\/table-de-concours\/\" data-type=\"page\" data-id=\"4517\">Table de concours<\/a><\/li><\/ul><\/li><\/ul><p><\/p>","protected":false},"excerpt":{"rendered":"<p>C&rsquo;est sous le slogan \u00ab Connecting the World \u00bb que  [&#8230;]<\/p>\n","protected":false},"author":7,"featured_media":0,"parent":0,"menu_order":0,"comment_status":"closed","ping_status":"closed","template":"wp-custom-template-page-wro-fr","meta":{"inline_featured_image":false,"footnotes":""},"wf_page_folders":[],"class_list":["post-4127","page","type-page","status-publish","hentry"],"_links":{"self":[{"href":"https:\/\/wro.swiss\/fr\/wp-json\/wp\/v2\/pages\/4127","targetHints":{"allow":["GET"]}}],"collection":[{"href":"https:\/\/wro.swiss\/fr\/wp-json\/wp\/v2\/pages"}],"about":[{"href":"https:\/\/wro.swiss\/fr\/wp-json\/wp\/v2\/types\/page"}],"author":[{"embeddable":true,"href":"https:\/\/wro.swiss\/fr\/wp-json\/wp\/v2\/users\/7"}],"replies":[{"embeddable":true,"href":"https:\/\/wro.swiss\/fr\/wp-json\/wp\/v2\/comments?post=4127"}],"version-history":[{"count":8,"href":"https:\/\/wro.swiss\/fr\/wp-json\/wp\/v2\/pages\/4127\/revisions"}],"predecessor-version":[{"id":4589,"href":"https:\/\/wro.swiss\/fr\/wp-json\/wp\/v2\/pages\/4127\/revisions\/4589"}],"wp:attachment":[{"href":"https:\/\/wro.swiss\/fr\/wp-json\/wp\/v2\/media?parent=4127"}],"wp:term":[{"taxonomy":"wf_page_folders","embeddable":true,"href":"https:\/\/wro.swiss\/fr\/wp-json\/wp\/v2\/wf_page_folders?post=4127"}],"curies":[{"name":"wp","href":"https:\/\/api.w.org\/{rel}","templated":true}]}}