{"id":3865,"date":"2020-01-12T21:13:56","date_gmt":"2020-01-12T20:13:56","guid":{"rendered":"https:\/\/wro.swiss\/?page_id=3865"},"modified":"2023-12-01T17:11:08","modified_gmt":"2023-12-01T16:11:08","slug":"plus-de-filles-dans-la-robotique","status":"publish","type":"page","link":"https:\/\/wro.swiss\/fr\/plus-de-filles-dans-la-robotique\/","title":{"rendered":"Plus de filles dans la robotique !"},"content":{"rendered":"<p><div class=\"fusion-fullwidth fullwidth-box fusion-builder-row-1 fusion-flex-container has-pattern-background has-mask-background nonhundred-percent-fullwidth non-hundred-percent-height-scrolling\" style=\"--awb-border-radius-top-left:0px;--awb-border-radius-top-right:0px;--awb-border-radius-bottom-right:0px;--awb-border-radius-bottom-left:0px;--awb-flex-wrap:wrap;\" ><div class=\"fusion-builder-row fusion-row fusion-flex-align-items-flex-start fusion-flex-justify-content-center fusion-flex-content-wrap\" style=\"max-width:1248px;margin-left: calc(-4% \/ 2 );margin-right: calc(-4% \/ 2 );\"><div class=\"fusion-layout-column fusion_builder_column fusion-builder-column-0 fusion_builder_column_2_3 2_3 fusion-flex-column\" style=\"--awb-bg-size:cover;--awb-width-large:66.666666666667%;--awb-margin-top-large:0px;--awb-spacing-right-large:2.88%;--awb-margin-bottom-large:20px;--awb-spacing-left-large:2.88%;--awb-width-medium:66.666666666667%;--awb-order-medium:0;--awb-spacing-right-medium:2.88%;--awb-spacing-left-medium:2.88%;--awb-width-small:100%;--awb-order-small:0;--awb-spacing-right-small:1.92%;--awb-spacing-left-small:1.92%;\"><div class=\"fusion-column-wrapper fusion-column-has-shadow fusion-flex-justify-content-flex-start fusion-content-layout-column\"><div class=\"fusion-image-element \" style=\"text-align:center;--awb-mask-url: url(https:\/\/wro.swiss\/wp-content\/plugins\/fusion-builder\/\/assets\/images\/masks\/mask-3.svg);--awb-caption-margin-top:15px;--awb-caption-title-font-family:var(--h4_typography-font-family);--awb-caption-title-font-weight:var(--h4_typography-font-weight);--awb-caption-title-font-style:var(--h4_typography-font-style);--awb-caption-title-size:16px;--awb-caption-title-transform:var(--h4_typography-text-transform);--awb-caption-title-line-height:var(--h4_typography-line-height);--awb-caption-title-letter-spacing:var(--h4_typography-letter-spacing);\"><span class=\" fusion-imageframe imageframe-none imageframe-1 awb-imageframe-style awb-imageframe-style-navin has-mask\"><img decoding=\"async\" width=\"1024\" height=\"683\" alt=\"Fille avec robot\" title=\"Rotkreuz_Claudia Christen_Girls (4)\" src=\"https:\/\/wro.swiss\/wp-content\/uploads\/2023\/11\/Rotkreuz_Claudia-Christen_Girls-4-1024x683.jpg\" class=\"img-responsive wp-image-9949\" srcset=\"https:\/\/wro.swiss\/wp-content\/uploads\/2023\/11\/Rotkreuz_Claudia-Christen_Girls-4-200x133.jpg 200w, https:\/\/wro.swiss\/wp-content\/uploads\/2023\/11\/Rotkreuz_Claudia-Christen_Girls-4-400x267.jpg 400w, https:\/\/wro.swiss\/wp-content\/uploads\/2023\/11\/Rotkreuz_Claudia-Christen_Girls-4-600x400.jpg 600w, https:\/\/wro.swiss\/wp-content\/uploads\/2023\/11\/Rotkreuz_Claudia-Christen_Girls-4-800x534.jpg 800w, https:\/\/wro.swiss\/wp-content\/uploads\/2023\/11\/Rotkreuz_Claudia-Christen_Girls-4-1200x801.jpg 1200w\" sizes=\"(max-width: 640px) 100vw, 800px\" \/><div class=\"awb-imageframe-caption-container\"><div class=\"awb-imageframe-caption\"><h4 class=\"awb-imageframe-caption-title\">Rotkreuz_Claudia Christen_Girls (4)<\/h4><p class=\"awb-imageframe-caption-text\">Ob der Roboter wohl tut was er sagt?<\/p><\/div><\/div><\/span><\/div><\/div><\/div><\/div><\/div><div class=\"fusion-fullwidth fullwidth-box fusion-builder-row-2 fusion-flex-container has-pattern-background has-mask-background nonhundred-percent-fullwidth non-hundred-percent-height-scrolling\" style=\"--awb-border-radius-top-left:0px;--awb-border-radius-top-right:0px;--awb-border-radius-bottom-right:0px;--awb-border-radius-bottom-left:0px;--awb-flex-wrap:wrap;\" ><div class=\"fusion-builder-row fusion-row fusion-flex-align-items-flex-start fusion-flex-content-wrap\" style=\"max-width:1248px;margin-left: calc(-4% \/ 2 );margin-right: calc(-4% \/ 2 );\"><div class=\"fusion-layout-column fusion_builder_column fusion-builder-column-1 fusion_builder_column_1_1 1_1 fusion-flex-column\" style=\"--awb-bg-size:cover;--awb-width-large:100%;--awb-margin-top-large:0px;--awb-spacing-right-large:1.92%;--awb-margin-bottom-large:20px;--awb-spacing-left-large:1.92%;--awb-width-medium:100%;--awb-order-medium:0;--awb-spacing-right-medium:1.92%;--awb-spacing-left-medium:1.92%;--awb-width-small:100%;--awb-order-small:0;--awb-spacing-right-small:1.92%;--awb-spacing-left-small:1.92%;\"><div class=\"fusion-column-wrapper fusion-column-has-shadow fusion-flex-justify-content-flex-start fusion-content-layout-column\"><div class=\"fusion-text fusion-text-1\"><p>La Suisse manque d&rsquo;ing\u00e9nieures et d&rsquo;informaticiennes. Le manque de mod\u00e8les f\u00e9minins dans le domaine MINT et les st\u00e9r\u00e9otypes de genre r\u00e9pandus sont notamment responsables de cette situation.<\/p>\n<p>Lire aussi \u00e0 ce sujet : https:\/\/www.netzwoche.ch\/storys\/2019-01-09\/so-begeistert-die-schweiz-mehr-frauen-fuer-die-it.<\/p>\n<p>Nous sommes convaincus que les filles sont attir\u00e9es par les possibilit\u00e9s cr\u00e9atives des disciplines MINT et qu&rsquo;il faut aller les chercher autrement ! ==&gt; Les deux sont possibles avec le World Robot Olympiad !<\/p>\n<\/div><\/div><\/div><\/div><\/div><div class=\"fusion-fullwidth fullwidth-box fusion-builder-row-3 fusion-flex-container has-pattern-background has-mask-background nonhundred-percent-fullwidth non-hundred-percent-height-scrolling\" style=\"--awb-border-radius-top-left:0px;--awb-border-radius-top-right:0px;--awb-border-radius-bottom-right:0px;--awb-border-radius-bottom-left:0px;--awb-flex-wrap:wrap;\" ><div class=\"fusion-builder-row fusion-row fusion-flex-align-items-flex-start fusion-flex-content-wrap\" style=\"max-width:1248px;margin-left: calc(-4% \/ 2 );margin-right: calc(-4% \/ 2 );\"><div class=\"fusion-layout-column fusion_builder_column fusion-builder-column-2 fusion_builder_column_1_4 1_4 fusion-flex-column fusion-flex-align-self-stretch\" style=\"--awb-padding-top:20px;--awb-padding-right:20px;--awb-padding-bottom:20px;--awb-padding-left:20px;--awb-bg-color:#fc8f00;--awb-bg-color-hover:#fc8f00;--awb-bg-size:cover;--awb-width-large:25%;--awb-margin-top-large:0px;--awb-spacing-right-large:7.68%;--awb-margin-bottom-large:20px;--awb-spacing-left-large:7.68%;--awb-width-medium:25%;--awb-order-medium:0;--awb-spacing-right-medium:7.68%;--awb-spacing-left-medium:7.68%;--awb-width-small:100%;--awb-order-small:0;--awb-spacing-right-small:1.92%;--awb-spacing-left-small:1.92%;\"><div class=\"fusion-column-wrapper fusion-column-has-shadow fusion-flex-justify-content-flex-start fusion-content-layout-column\"><div class=\"fusion-image-element \" style=\"--awb-aspect-ratio:3 \/ 2;--awb-caption-title-font-family:var(--h2_typography-font-family);--awb-caption-title-font-weight:var(--h2_typography-font-weight);--awb-caption-title-font-style:var(--h2_typography-font-style);--awb-caption-title-size:var(--h2_typography-font-size);--awb-caption-title-transform:var(--h2_typography-text-transform);--awb-caption-title-line-height:var(--h2_typography-line-height);--awb-caption-title-letter-spacing:var(--h2_typography-letter-spacing);\"><span class=\" fusion-imageframe imageframe-none imageframe-2 hover-type-none has-aspect-ratio\"><img decoding=\"async\" width=\"1280\" height=\"899\" title=\"Set SpikePrime\" src=\"https:\/\/wro.swiss\/wp-content\/uploads\/2021\/02\/SpikePrime-Set.jpg\" class=\"img-responsive wp-image-6174 img-with-aspect-ratio\" data-parent-fit=\"cover\" data-parent-container=\".fusion-image-element\" alt srcset=\"https:\/\/wro.swiss\/wp-content\/uploads\/2021\/02\/SpikePrime-Set-600x421.jpg 600w, https:\/\/wro.swiss\/wp-content\/uploads\/2021\/02\/SpikePrime-Set.jpg 1280w\" sizes=\"(max-width: 640px) 100vw, 1280px\" \/><\/span><\/div><div class=\"fusion-title title fusion-title-1 fusion-sep-none fusion-title-text fusion-title-size-two\" style=\"--awb-margin-top-small:10px;--awb-margin-right-small:0px;--awb-margin-bottom-small:10px;--awb-margin-left-small:0px;\"><h2 class=\"fusion-title-heading title-heading-left\" style=\"margin:0;\"><h2>Kits de robot gratuits pour les \u00e9quipes de filles<\/h2><\/h2><\/div><div class=\"fusion-text fusion-text-2\"><p>Les \u00e9quipes de filles peuvent emprunter gratuitement un kit de robotique pour la dur\u00e9e d&rsquo;une saison.<br \/>\nSi les filles participent \u00e0 la WRO l&rsquo;ann\u00e9e suivante, elles peuvent garder le robot aussi longtemps.<br \/>\nEn contrepartie, les \u00e9quipes de filles cr\u00e9ent des articles pour le blog des filles.<\/p>\n<\/div><div ><a class=\"fusion-button button-flat fusion-button-default-size button-default fusion-button-default button-1 fusion-button-default-span fusion-button-default-type\" target=\"_self\" href=\"https:\/\/wro.swiss\/fr\/robots-gratuitd-pour-equipes-de-filles\/\"><span class=\"fusion-button-text awb-button__text awb-button__text--default\">En savoir plus<\/span><\/a><\/div><\/div><\/div><div class=\"fusion-layout-column fusion_builder_column fusion-builder-column-3 fusion_builder_column_1_4 1_4 fusion-flex-column fusion-flex-align-self-stretch\" style=\"--awb-padding-top:20px;--awb-padding-right:20px;--awb-padding-bottom:20px;--awb-padding-left:20px;--awb-bg-color:#0061f4;--awb-bg-color-hover:#0061f4;--awb-bg-size:cover;--awb-width-large:25%;--awb-margin-top-large:0px;--awb-spacing-right-large:7.68%;--awb-margin-bottom-large:20px;--awb-spacing-left-large:7.68%;--awb-width-medium:25%;--awb-order-medium:0;--awb-spacing-right-medium:7.68%;--awb-spacing-left-medium:7.68%;--awb-width-small:100%;--awb-order-small:0;--awb-spacing-right-small:1.92%;--awb-spacing-left-small:1.92%;\"><div class=\"fusion-column-wrapper fusion-column-has-shadow fusion-flex-justify-content-flex-start fusion-content-layout-column\"><div class=\"fusion-image-element \" style=\"--awb-aspect-ratio:3 \/ 2;--awb-object-position:31% 47%;--awb-caption-title-font-family:var(--h2_typography-font-family);--awb-caption-title-font-weight:var(--h2_typography-font-weight);--awb-caption-title-font-style:var(--h2_typography-font-style);--awb-caption-title-size:var(--h2_typography-font-size);--awb-caption-title-transform:var(--h2_typography-text-transform);--awb-caption-title-line-height:var(--h2_typography-line-height);--awb-caption-title-letter-spacing:var(--h2_typography-letter-spacing);\"><span class=\" fusion-imageframe imageframe-none imageframe-3 hover-type-none has-aspect-ratio\"><img decoding=\"async\" width=\"1920\" height=\"2560\" title=\"IMG_7101\" src=\"https:\/\/wro.swiss\/wp-content\/uploads\/2023\/11\/IMG_7101-scaled.jpg\" class=\"img-responsive wp-image-9753 img-with-aspect-ratio\" data-parent-fit=\"cover\" data-parent-container=\".fusion-image-element\" alt srcset=\"https:\/\/wro.swiss\/wp-content\/uploads\/2023\/11\/IMG_7101-225x300.jpg 225w, https:\/\/wro.swiss\/wp-content\/uploads\/2023\/11\/IMG_7101-251x334.jpg 251w, https:\/\/wro.swiss\/wp-content\/uploads\/2023\/11\/IMG_7101-scaled-650x867.jpg 650w, https:\/\/wro.swiss\/wp-content\/uploads\/2023\/11\/IMG_7101-768x1024.jpg 768w, https:\/\/wro.swiss\/wp-content\/uploads\/2023\/11\/IMG_7101-1152x1536.jpg 1152w, https:\/\/wro.swiss\/wp-content\/uploads\/2023\/11\/IMG_7101-1536x2048.jpg 1536w, https:\/\/wro.swiss\/wp-content\/uploads\/2023\/11\/IMG_7101-scaled.jpg 1920w\" sizes=\"(max-width: 1920px) 100vw, 1920px\" \/><\/span><\/div><div class=\"fusion-title title fusion-title-2 fusion-sep-none fusion-title-text fusion-title-size-two\" style=\"--awb-margin-top-small:10px;--awb-margin-right-small:0px;--awb-margin-bottom-small:10px;--awb-margin-left-small:0px;\"><h2 class=\"fusion-title-heading title-heading-left\" style=\"margin:0;\"><h2>Ateliers de robotique pour les filles<\/h2><\/h2><\/div><div class=\"fusion-text fusion-text-3\"><p>Nous proposons des ateliers de robotique sp\u00e9cialement con\u00e7us pour les filles.<br \/>\nElles peuvent avoir lieu en ligne ou sur place.<br \/>\nIl y a des ateliers pour les d\u00e9butantes et pour les avanc\u00e9es.<br \/>\nEn automne 2024, nous pr\u00e9voyons un nouveau camp de robotique pour les filles.<\/p>\n<\/div><div ><a class=\"fusion-button button-flat fusion-button-default-size button-default fusion-button-default button-2 fusion-button-default-span fusion-button-default-type\" target=\"_self\" href=\"https:\/\/wro.swiss\/fr\/ateliers-de-robotique-pour-filles\/\"><span class=\"fusion-button-text awb-button__text awb-button__text--default\">En savoir plus<\/span><\/a><\/div><\/div><\/div><div class=\"fusion-layout-column fusion_builder_column fusion-builder-column-4 fusion_builder_column_1_2 1_2 fusion-flex-column fusion-flex-align-self-stretch\" style=\"--awb-padding-top:20px;--awb-padding-right:20px;--awb-padding-bottom:20px;--awb-padding-left:20px;--awb-bg-color:#fc009f;--awb-bg-color-hover:#fc009f;--awb-bg-size:cover;--awb-width-large:50%;--awb-margin-top-large:0px;--awb-spacing-right-large:3.84%;--awb-margin-bottom-large:20px;--awb-spacing-left-large:3.84%;--awb-width-medium:50%;--awb-order-medium:0;--awb-spacing-right-medium:3.84%;--awb-spacing-left-medium:3.84%;--awb-width-small:100%;--awb-order-small:0;--awb-spacing-right-small:1.92%;--awb-spacing-left-small:1.92%;\"><div class=\"fusion-column-wrapper fusion-column-has-shadow fusion-flex-justify-content-flex-start fusion-content-layout-column\"><div class=\"fusion-title title fusion-title-3 fusion-sep-none fusion-title-text fusion-title-size-two\" style=\"--awb-margin-top-small:10px;--awb-margin-right-small:0px;--awb-margin-bottom-small:10px;--awb-margin-left-small:0px;\"><h2 class=\"fusion-title-heading title-heading-left\" style=\"margin:0;\"><h2>Blog des filles<\/h2><\/h2><\/div><div class=\"fusion-text fusion-text-4\"><p>Les filles \u00e9crivent des articles pour le blog des filles afin de partager leurs exp\u00e9riences en mati\u00e8re de robotique et de motiver ainsi d&rsquo;autres filles.<\/p>\n<\/div><div class=\"fusion-recent-posts fusion-recent-posts-1 avada-container layout-thumbnails-on-side layout-columns-1\"><section class=\"fusion-columns columns fusion-columns-1 columns-1\"><article class=\"post fusion-column column col col-lg-12 col-md-12 col-sm-12\"><div class=\"fusion-flexslider fusion-flexslider-loading flexslider floated-slideshow flexslider-hover-type-none\"><ul class=\"slides\"><li><a href=\"https:\/\/wro.swiss\/fr\/equipe-goodgirlsgangbrugg-20-05-2023\/\" aria-label=\"\u00c9quipe GoodGirlsGangBrugg (20.05.2023)\" class=\"hover-type-none\"><img decoding=\"async\" width=\"107\" height=\"142\" src=\"https:\/\/wro.swiss\/wp-content\/uploads\/2023\/05\/Good-Girls-Gang-4-scaled.jpg\" class=\"attachment-portfolio-five size-portfolio-five\" alt=\"\" srcset=\"https:\/\/wro.swiss\/wp-content\/uploads\/2023\/05\/Good-Girls-Gang-4-225x300.jpg 225w, https:\/\/wro.swiss\/wp-content\/uploads\/2023\/05\/Good-Girls-Gang-4-scaled-650x867.jpg 650w, https:\/\/wro.swiss\/wp-content\/uploads\/2023\/05\/Good-Girls-Gang-4-768x1024.jpg 768w, https:\/\/wro.swiss\/wp-content\/uploads\/2023\/05\/Good-Girls-Gang-4-1152x1536.jpg 1152w, https:\/\/wro.swiss\/wp-content\/uploads\/2023\/05\/Good-Girls-Gang-4-1536x2048.jpg 1536w, https:\/\/wro.swiss\/wp-content\/uploads\/2023\/05\/Good-Girls-Gang-4-scaled.jpg 1920w\" sizes=\"(max-width: 107px) 100vw, 107px\" \/><\/a><\/li><\/ul><\/div><div class=\"recent-posts-content\"><span class=\"vcard\" style=\"display: none;\"><span class=\"fn\"><a href=\"https:\/\/wro.swiss\/fr\/author\/vh\/\" title=\"Articles par Vera Hausherr\" rel=\"author\">Vera Hausherr<\/a><\/span><\/span><span class=\"updated\" style=\"display:none;\">2023-11-24T10:39:17+01:00<\/span><h6 class=\"entry-title\"><a href=\"https:\/\/wro.swiss\/fr\/equipe-goodgirlsgangbrugg-20-05-2023\/\">\u00c9quipe GoodGirlsGangBrugg (20.05.2023)<\/a><\/h6><p>Aujourd'hui, c'\u00e9tait la comp\u00e9tition, et au d\u00e9but, il n'y avait pas grand chose qui fonctionnait. Dans le deuxi\u00e8me tour, nous avons fait notre meilleure course. Et au troisi\u00e8me tour, c'\u00e9tait tellement moyen, parce que nous [...]<\/p><\/div><\/article><\/section><\/div><div ><a class=\"fusion-button button-flat fusion-button-default-size button-default fusion-button-default button-3 fusion-button-default-span fusion-button-default-type\" target=\"_self\" href=\"https:\/\/wro.swiss\/fr\/plus-de-filles-dans-la-robotique\/girls-blog\/\"><span class=\"fusion-button-text awb-button__text awb-button__text--default\">Vers le blog des filles<\/span><\/a><\/div><\/div><\/div><\/div><\/div><div class=\"fusion-fullwidth fullwidth-box fusion-builder-row-4 fusion-flex-container has-pattern-background has-mask-background nonhundred-percent-fullwidth non-hundred-percent-height-scrolling\" style=\"--awb-border-radius-top-left:0px;--awb-border-radius-top-right:0px;--awb-border-radius-bottom-right:0px;--awb-border-radius-bottom-left:0px;--awb-flex-wrap:wrap;\" ><div class=\"fusion-builder-row fusion-row fusion-flex-align-items-flex-start fusion-flex-content-wrap\" style=\"max-width:1248px;margin-left: calc(-4% \/ 2 );margin-right: calc(-4% \/ 2 );\"><div class=\"fusion-layout-column fusion_builder_column fusion-builder-column-5 fusion_builder_column_1_1 1_1 fusion-flex-column\" style=\"--awb-bg-size:cover;--awb-width-large:100%;--awb-margin-top-large:0px;--awb-spacing-right-large:1.92%;--awb-margin-bottom-large:20px;--awb-spacing-left-large:1.92%;--awb-width-medium:100%;--awb-order-medium:0;--awb-spacing-right-medium:1.92%;--awb-spacing-left-medium:1.92%;--awb-width-small:100%;--awb-order-small:0;--awb-spacing-right-small:1.92%;--awb-spacing-left-small:1.92%;\"><div class=\"fusion-column-wrapper fusion-column-has-shadow fusion-flex-justify-content-flex-start fusion-content-layout-column\"><\/div><\/div><div class=\"fusion-layout-column fusion_builder_column fusion-builder-column-6 fusion_builder_column_1_1 1_1 fusion-flex-column\" style=\"--awb-bg-size:cover;--awb-width-large:100%;--awb-margin-top-large:0px;--awb-spacing-right-large:1.92%;--awb-margin-bottom-large:20px;--awb-spacing-left-large:1.92%;--awb-width-medium:100%;--awb-order-medium:0;--awb-spacing-right-medium:1.92%;--awb-spacing-left-medium:1.92%;--awb-width-small:100%;--awb-order-small:0;--awb-spacing-right-small:1.92%;--awb-spacing-left-small:1.92%;\"><div class=\"fusion-column-wrapper fusion-column-has-shadow fusion-flex-justify-content-flex-start fusion-content-layout-column\"><div class=\"fusion-title title fusion-title-4 fusion-sep-none fusion-title-text fusion-title-size-one\" style=\"--awb-margin-top-small:10px;--awb-margin-right-small:0px;--awb-margin-bottom-small:10px;--awb-margin-left-small:0px;\"><h1 class=\"fusion-title-heading title-heading-left\" style=\"margin:0;\">T\u00e9moignages<\/h1><\/div><div class=\"fusion-text fusion-text-5\"><p>Les enseignants et les coachs qui, depuis le d\u00e9but du programme de soutien, ont particip\u00e9 \u00e0 la WRO avec des \u00e9quipes d&rsquo;\u00e9l\u00e8ves f\u00e9minines et ont pu profiter d&rsquo;un set de robots, disent \u00e0 ce sujet : (Les d\u00e9clarations des filles sont disponibles dans notre <a href=\"girls-blog\">Blog des filles<\/a> se trouvent !)<\/p>\n<p>\u00ab\u00a0En dehors des robots Mindstorms, une \u00e9l\u00e8ve en particulier s&rsquo;est int\u00e9ress\u00e9e \u00e0 la th\u00e9matique d&rsquo;une autre mani\u00e8re. Actuellement, elle fait un projet de b\u00e9n\u00e9volat sur les mains robotis\u00e9es et les proth\u00e8ses, pour lequel elle assemble \u00e9galement un kit. Pour elle, la robotique a donc fait mouche\u00a0\u00bb.<\/p>\n<p>\u00ab\u00a0Le kit de robotique gratuit que nous avons re\u00e7u pour la participation avec une \u00e9quipe de filles nous a fait \u00e9norm\u00e9ment plaisir. De plus, cela m&rsquo;a incit\u00e9 \u00e0 recruter une deuxi\u00e8me fille pour participer \u00e0 la derni\u00e8re WRO, car l&rsquo;autre fille \u00e9tait seule auparavant. Sans ce kit gratuit, nous n&rsquo;aurions pas pu constituer une \u00e9quipe exclusivement f\u00e9minine\u00a0\u00bb.<\/p>\n<p>\u00ab\u00a0En ce moment, j&rsquo;ai deux filles dans le groupe, dont une qui a d\u00e9j\u00e0 particip\u00e9 au WRO cette ann\u00e9e. Comme cette fillette avait parl\u00e9 aux autres enfants de son exp\u00e9rience positive de la WRO pendant la s\u00e9ance d&rsquo;information, nous avons pu motiver une autre fillette \u00e0 participer \u00e0 ce programme de soutien\u00a0\u00bb.<\/p>\n<p>\u00ab\u00a0L&rsquo;une des filles, qui \u00e9tait d\u00e9j\u00e0 dans notre groupe au d\u00e9but (f\u00e9vrier 2019), semble plus motiv\u00e9e dans le travail d&rsquo;\u00e9quipe avec une autre fille qu&rsquo;auparavant dans le groupe h\u00e9t\u00e9rog\u00e8ne\u00a0\u00bb.<\/p>\n<p>\u00ab\u00a0Mes \u00e9l\u00e8ves sont toujours tr\u00e8s enthousiastes et parlent souvent de la WRO. Cette p\u00e9riode est \u00e9galement r\u00e9guli\u00e8rement mentionn\u00e9e de mani\u00e8re \u00e9logieuse lors des entretiens avec les parents. Les filles se sont qualifi\u00e9es avant les gar\u00e7ons (les deux \u00e9quipes sont arriv\u00e9es en finale), ce qui les rend particuli\u00e8rement fi\u00e8res\u00a0\u00bb.<\/p>\n<p>\u00ab\u00a0Il se trouve que j&rsquo;\u00e9tais pr\u00e9sente au lyc\u00e9e lorsque deux jeunes filles ont pr\u00e9sent\u00e9 au proviseur un devis pour leur projet de robotique ; elles souhaitent participer \u00e0 nouveau \u00e0 la WRO avec une troisi\u00e8me. \ud83d\ude42 \u00e0 l&rsquo;initiative personnelle !\u00a0\u00bb<\/p>\n<\/div><\/div><\/div><\/div><\/div><div class=\"fusion-fullwidth fullwidth-box fusion-builder-row-5 fusion-flex-container has-pattern-background has-mask-background nonhundred-percent-fullwidth non-hundred-percent-height-scrolling\" style=\"--awb-border-radius-top-left:0px;--awb-border-radius-top-right:0px;--awb-border-radius-bottom-right:0px;--awb-border-radius-bottom-left:0px;--awb-flex-wrap:wrap;\" ><div class=\"fusion-builder-row fusion-row fusion-flex-align-items-flex-start fusion-flex-content-wrap\" style=\"max-width:1248px;margin-left: calc(-4% \/ 2 );margin-right: calc(-4% \/ 2 );\"><div class=\"fusion-layout-column fusion_builder_column fusion-builder-column-7 fusion_builder_column_1_1 1_1 fusion-flex-column\" style=\"--awb-bg-size:cover;--awb-width-large:100%;--awb-margin-top-large:0px;--awb-spacing-right-large:1.92%;--awb-margin-bottom-large:20px;--awb-spacing-left-large:1.92%;--awb-width-medium:100%;--awb-order-medium:0;--awb-spacing-right-medium:1.92%;--awb-spacing-left-medium:1.92%;--awb-width-small:100%;--awb-order-small:0;--awb-spacing-right-small:1.92%;--awb-spacing-left-small:1.92%;\"><div class=\"fusion-column-wrapper fusion-column-has-shadow fusion-flex-justify-content-flex-start fusion-content-layout-column\"><div class=\"fusion-text fusion-text-6\"><h2>Merci !<\/h2>\n<p>WRO Suisse remercie son partenaire, les Acad\u00e9mies suisses des sciences, pour son soutien. Le programme de soutien \u00ab\u00a0Mehr Girls in Robotik !\u00a0\u00bb a \u00e9t\u00e9 int\u00e9gr\u00e9 dans le programme de soutien MINT.III. Sans ce soutien, notre travail pour et avec les filles ne serait pas possible.<\/p>\n<\/div><\/div><\/div><div class=\"fusion-layout-column fusion_builder_column fusion-builder-column-8 fusion_builder_column_1_1 1_1 fusion-flex-column\" style=\"--awb-bg-size:cover;--awb-width-large:100%;--awb-margin-top-large:0px;--awb-spacing-right-large:1.92%;--awb-margin-bottom-large:20px;--awb-spacing-left-large:1.92%;--awb-width-medium:100%;--awb-order-medium:0;--awb-spacing-right-medium:1.92%;--awb-spacing-left-medium:1.92%;--awb-width-small:100%;--awb-order-small:0;--awb-spacing-right-small:1.92%;--awb-spacing-left-small:1.92%;\"><div class=\"fusion-column-wrapper fusion-column-has-shadow fusion-flex-justify-content-flex-start fusion-content-layout-column\"><div class=\"fusion-image-element \" style=\"--awb-caption-title-font-family:var(--h2_typography-font-family);--awb-caption-title-font-weight:var(--h2_typography-font-weight);--awb-caption-title-font-style:var(--h2_typography-font-style);--awb-caption-title-size:var(--h2_typography-font-size);--awb-caption-title-transform:var(--h2_typography-text-transform);--awb-caption-title-line-height:var(--h2_typography-line-height);--awb-caption-title-letter-spacing:var(--h2_typography-letter-spacing);\"><span class=\" fusion-imageframe imageframe-none imageframe-4 hover-type-none\"><a class=\"fusion-no-lightbox\" href=\"https:\/\/akademien-schweiz.ch\" target=\"_blank\" aria-label=\"Logo Akademien 5 sprachig\" rel=\"noopener noreferrer\"><img decoding=\"async\" width=\"1523\" height=\"410\" alt=\"Akademien der Wissenschaften Schweiz\" src=\"https:\/\/wro.swiss\/wp-content\/uploads\/2023\/11\/Logo-Akademien-5-sprachig.png\" class=\"img-responsive wp-image-9971\" srcset=\"https:\/\/wro.swiss\/wp-content\/uploads\/2023\/11\/Logo-Akademien-5-sprachig-200x54.png 200w, https:\/\/wro.swiss\/wp-content\/uploads\/2023\/11\/Logo-Akademien-5-sprachig-400x108.png 400w, https:\/\/wro.swiss\/wp-content\/uploads\/2023\/11\/Logo-Akademien-5-sprachig-600x162.png 600w, https:\/\/wro.swiss\/wp-content\/uploads\/2023\/11\/Logo-Akademien-5-sprachig-800x215.png 800w, https:\/\/wro.swiss\/wp-content\/uploads\/2023\/11\/Logo-Akademien-5-sprachig-1200x323.png 1200w, https:\/\/wro.swiss\/wp-content\/uploads\/2023\/11\/Logo-Akademien-5-sprachig.png 1523w\" sizes=\"(max-width: 640px) 100vw, 1200px\" \/><\/a><\/span><\/div><\/div><\/div><\/div><\/div><\/p>\n","protected":false},"excerpt":{"rendered":"","protected":false},"author":7,"featured_media":0,"parent":0,"menu_order":0,"comment_status":"closed","ping_status":"closed","template":"100-width.php","meta":{"inline_featured_image":false,"footnotes":""},"wf_page_folders":[],"class_list":["post-3865","page","type-page","status-publish","hentry"],"_links":{"self":[{"href":"https:\/\/wro.swiss\/fr\/wp-json\/wp\/v2\/pages\/3865","targetHints":{"allow":["GET"]}}],"collection":[{"href":"https:\/\/wro.swiss\/fr\/wp-json\/wp\/v2\/pages"}],"about":[{"href":"https:\/\/wro.swiss\/fr\/wp-json\/wp\/v2\/types\/page"}],"author":[{"embeddable":true,"href":"https:\/\/wro.swiss\/fr\/wp-json\/wp\/v2\/users\/7"}],"replies":[{"embeddable":true,"href":"https:\/\/wro.swiss\/fr\/wp-json\/wp\/v2\/comments?post=3865"}],"version-history":[{"count":28,"href":"https:\/\/wro.swiss\/fr\/wp-json\/wp\/v2\/pages\/3865\/revisions"}],"predecessor-version":[{"id":10804,"href":"https:\/\/wro.swiss\/fr\/wp-json\/wp\/v2\/pages\/3865\/revisions\/10804"}],"wp:attachment":[{"href":"https:\/\/wro.swiss\/fr\/wp-json\/wp\/v2\/media?parent=3865"}],"wp:term":[{"taxonomy":"wf_page_folders","embeddable":true,"href":"https:\/\/wro.swiss\/fr\/wp-json\/wp\/v2\/wf_page_folders?post=3865"}],"curies":[{"name":"wp","href":"https:\/\/api.w.org\/{rel}","templated":true}]}}