{"id":3261,"date":"2021-01-07T22:02:26","date_gmt":"2021-01-07T21:02:26","guid":{"rendered":"https:\/\/worldrobotolympiad.ch\/?page_id=3261"},"modified":"2024-01-07T15:57:58","modified_gmt":"2024-01-07T14:57:58","slug":"robots-gratuitd-pour-equipes-de-filles","status":"publish","type":"page","link":"https:\/\/wro.swiss\/fr\/plus-de-filles-dans-la-robotique\/robots-gratuitd-pour-equipes-de-filles\/","title":{"rendered":"\u00ab Plus de filles dans la robotique ! \u00bb robot gratuit"},"content":{"rendered":"<div class=\"fusion-fullwidth fullwidth-box fusion-builder-row-1 fusion-flex-container nonhundred-percent-fullwidth non-hundred-percent-height-scrolling\" style=\"--awb-border-radius-top-left:0px;--awb-border-radius-top-right:0px;--awb-border-radius-bottom-right:0px;--awb-border-radius-bottom-left:0px;--awb-flex-wrap:wrap;\" ><div class=\"fusion-builder-row fusion-row fusion-flex-align-items-flex-start fusion-flex-content-wrap\" style=\"max-width:1248px;margin-left: calc(-4% \/ 2 );margin-right: calc(-4% \/ 2 );\"><div class=\"fusion-layout-column fusion_builder_column fusion-builder-column-0 fusion_builder_column_1_1 1_1 fusion-flex-column\" style=\"--awb-bg-size:cover;--awb-width-large:100%;--awb-margin-top-large:0px;--awb-spacing-right-large:1.92%;--awb-margin-bottom-large:20px;--awb-spacing-left-large:1.92%;--awb-width-medium:100%;--awb-order-medium:0;--awb-spacing-right-medium:1.92%;--awb-spacing-left-medium:1.92%;--awb-width-small:100%;--awb-order-small:0;--awb-spacing-right-small:1.92%;--awb-spacing-left-small:1.92%;\"><div class=\"fusion-column-wrapper fusion-column-has-shadow fusion-flex-justify-content-flex-start fusion-content-layout-column\"><div class=\"fusion-text fusion-text-1\" style=\"--awb-text-color:var(--awb-color4);\"><p><strong>WRO Suisse met gratuitement \u00e0 la disposition des \u00e9quipes de filles et des \u00e9quipes compos\u00e9es de deux filles et d&rsquo;un gar\u00e7on un robot pour toute la saison<\/strong>. Cela est possible gr\u00e2ce au soutien de nos partenaires, l&rsquo;ETH Zurich et les Acad\u00e9mies suisses des sciences. Les demandes pour la saison 2024 sont possibles d\u00e8s maintenant.<\/p>\n<\/div><div class=\"fusion-text fusion-text-2\"><p><a href=\"https:\/\/wro.swiss\/wp-content\/uploads\/2022\/11\/Merkblatt-Gratis-Roboter-v2_DE-1.pdf\">Aide-m\u00e9moire-Robot gratuit-v2_FR-1<\/a><\/p>\n<\/div><div class=\"fusion-title title fusion-title-1 fusion-sep-none fusion-title-text fusion-title-size-two\" style=\"--awb-margin-top-small:10px;--awb-margin-right-small:0px;--awb-margin-bottom-small:10px;--awb-margin-left-small:0px;\"><h2 class=\"fusion-title-heading title-heading-left\" style=\"margin:0;\">Demande d&rsquo;un robot pour filles<\/h2><\/div><div class=\"fusion-text fusion-text-3\"><ol class=\"has-background\" type=\"1\">\n<li>Remplis le <strong>formulaire de demande<\/strong> en bas de la page. Le lien se trouve en bas de cette page. <\/li>\n<li>Tu recevras automatiquement un e-mail de confirmation avec un lien vers la d\u00e9claration de consentement. Remplis-le, fais-le signer par les parents des membres de l&rsquo;\u00e9quipe et envoie-le \u00e0 la direction du projet (adresse dans le mail). <\/li>\n<li>La direction du projet examine ta demande et te <strong>donne une r\u00e9ponse<\/strong> \u00e9crite au plus tard apr\u00e8s deux semaines.<\/li>\n<li>Ensuite, tu <strong>recevras<\/strong> un robot.<\/li>\n<li>En s&rsquo;inscrivant, l&rsquo;\u00e9quipe des filles accepte de fournir <strong>deux articles de blog<\/strong> avec des photos ou de courtes vid\u00e9os jusqu&rsquo;\u00e0 fin juin 2024, qui seront ensuite publi\u00e9s sur notre <a href=\"https:\/\/wro.swiss\/fr\/plus-de-filles-dans-la-robotique\/girls-blog\/\" target=\"_blank\" rel=\"noreferrer noopener\" data-type=\"page\" data-id=\"1544\">blog des filles<\/a>. Si l&rsquo;\u00e9quipe se qualifie pour d&rsquo;autres comp\u00e9titions (finale suisse ou comp\u00e9titions internationales), l&rsquo;\u00e9quipe \u00e9crit \u00e9galement un article pour ces \u00e9v\u00e9nements.<\/li>\n<li>Si ce n&rsquo;est pas d\u00e9j\u00e0 fait : Inscris ton \u00e9quipe le plus rapidement possible \u00e0 un <strong>concours r\u00e9gional<\/strong> <a href=\"https:\/\/wro.swiss\/fr\/saison-2024\/inscription\/\" target=\"_blank\" rel=\"noreferrer noopener\" data-type=\"page\" data-id=\"919\">ici<\/a>. Tu as jusqu&rsquo;au 15 mars 2024 pour t&rsquo;inscrire. Toutefois, le nombre de places \u00e9tant limit\u00e9 sur les sites Regio, nous vous recommandons de ne pas trop tarder.<\/li>\n<li>A la fin de la saison, le robot doit \u00eatre <strong>rendu <\/strong>, sauf si l&rsquo;\u00e9quipe a l&rsquo;intention de participer \u00e0 la saison suivante. La saison se termine lorsque l&rsquo;\u00e9quipe est \u00e9limin\u00e9e de la comp\u00e9tition, c&rsquo;est-\u00e0-dire soit apr\u00e8s la comp\u00e9tition r\u00e9gionale, soit apr\u00e8s la finale suisse, soit apr\u00e8s une comp\u00e9tition internationale. La direction du projet prendra contact avec toi \u00e0 ce sujet.<\/li>\n<\/ol>\n<\/div><div class=\"fusion-text fusion-text-4\" style=\"--awb-text-color:var(--awb-color4);\"><p><strong>Important<\/strong> :&nbsp;Le robot reste la propri\u00e9t\u00e9 de WRO CH !<\/p>\n<\/div><div class=\"fusion-text fusion-text-5\"><p>L&rsquo;inscription implique l&rsquo;acceptation de nos&nbsp;<strong><a href=\"https:\/\/wro.swiss\/fr\/mentions-legales-conditions-de-participation-et-protection-des-donnees\/\" data-type=\"page\" data-id=\"797\">conditions de participation et la politique de confidentialit\u00e9<\/a><\/strong>&nbsp;sont accept\u00e9es.<\/p>\n<\/div><div ><a class=\"fusion-button button-flat fusion-button-default-size button-default fusion-button-default button-1 fusion-button-default-span fusion-button-default-type\" target=\"_blank\" rel=\"noopener noreferrer\" href=\"https:\/\/forms.office.com\/e\/s6eiBdxQgx\"><span class=\"fusion-button-text awb-button__text awb-button__text--default\">Vers la demande<\/span><\/a><\/div><\/div><\/div><\/div><\/div>\n","protected":false},"excerpt":{"rendered":"","protected":false},"author":7,"featured_media":0,"parent":3865,"menu_order":0,"comment_status":"closed","ping_status":"closed","template":"","meta":{"inline_featured_image":false,"footnotes":""},"wf_page_folders":[],"class_list":["post-3261","page","type-page","status-publish","hentry"],"_links":{"self":[{"href":"https:\/\/wro.swiss\/fr\/wp-json\/wp\/v2\/pages\/3261","targetHints":{"allow":["GET"]}}],"collection":[{"href":"https:\/\/wro.swiss\/fr\/wp-json\/wp\/v2\/pages"}],"about":[{"href":"https:\/\/wro.swiss\/fr\/wp-json\/wp\/v2\/types\/page"}],"author":[{"embeddable":true,"href":"https:\/\/wro.swiss\/fr\/wp-json\/wp\/v2\/users\/7"}],"replies":[{"embeddable":true,"href":"https:\/\/wro.swiss\/fr\/wp-json\/wp\/v2\/comments?post=3261"}],"version-history":[{"count":13,"href":"https:\/\/wro.swiss\/fr\/wp-json\/wp\/v2\/pages\/3261\/revisions"}],"predecessor-version":[{"id":12010,"href":"https:\/\/wro.swiss\/fr\/wp-json\/wp\/v2\/pages\/3261\/revisions\/12010"}],"up":[{"embeddable":true,"href":"https:\/\/wro.swiss\/fr\/wp-json\/wp\/v2\/pages\/3865"}],"wp:attachment":[{"href":"https:\/\/wro.swiss\/fr\/wp-json\/wp\/v2\/media?parent=3261"}],"wp:term":[{"taxonomy":"wf_page_folders","embeddable":true,"href":"https:\/\/wro.swiss\/fr\/wp-json\/wp\/v2\/wf_page_folders?post=3261"}],"curies":[{"name":"wp","href":"https:\/\/api.w.org\/{rel}","templated":true}]}}