{"id":3236,"date":"2021-01-14T13:22:25","date_gmt":"2021-01-14T12:22:25","guid":{"rendered":"https:\/\/worldrobotolympiad.ch\/?page_id=3236"},"modified":"2023-01-08T20:24:34","modified_gmt":"2023-01-08T19:24:34","slug":"la-categorie-starter","status":"publish","type":"page","link":"https:\/\/wro.swiss\/fr\/informations\/categories-et-classes-d-age\/la-categorie-starter\/","title":{"rendered":"La Cat\u00e9gorie Starter"},"content":{"rendered":"<p class=\"has-vivid-red-color has-text-color\">De nouvelles dates seront annonc\u00e9es fin janvier 2023.<\/p><p><strong>Depuis la saison 2021, nous proposons une cat\u00e9gorie Starter pour les \u00e9l\u00e8ves de 6 \u00e0 10 ans. Les participants y d\u00e9veloppent leurs comp\u00e9tences en robotique et en programmation de mani\u00e8re ludique et intuitive.<\/strong><\/p><div class=\"wp-block-media-text alignwide has-media-on-the-right is-stacked-on-mobile\"><figure class=\"wp-block-media-text__media\"><img decoding=\"async\" width=\"1024\" height=\"862\" src=\"https:\/\/wro.swiss\/wp-content\/uploads\/2021\/01\/Zeichnung1-1024x862.png\" alt=\"\" class=\"wp-image-2030 size-full\" srcset=\"https:\/\/wro.swiss\/wp-content\/uploads\/2021\/01\/Zeichnung1-300x253.png 300w, https:\/\/wro.swiss\/wp-content\/uploads\/2021\/01\/Zeichnung1-600x505.png 600w, https:\/\/wro.swiss\/wp-content\/uploads\/2021\/01\/Zeichnung1-650x547.png 650w, https:\/\/wro.swiss\/wp-content\/uploads\/2021\/01\/Zeichnung1-768x647.png 768w, https:\/\/wro.swiss\/wp-content\/uploads\/2021\/01\/Zeichnung1-1024x862.png 1024w, https:\/\/wro.swiss\/wp-content\/uploads\/2021\/01\/Zeichnung1.png 1158w\" sizes=\"(max-width: 1024px) 100vw, 1024px\" \/><\/figure><div class=\"wp-block-media-text__content\"><p>L&rsquo;environnement de programmation bas\u00e9 sur des blocs permet de r\u00e9aliser des t\u00e2ches de diff\u00e9rents niveaux de difficult\u00e9. Les \u00e9l\u00e8ves exercent ainsi non seulement leur compr\u00e9hension de base de la logique de la programmation, mais aussi leurs comp\u00e9tences en mati\u00e8re de r\u00e9solution de probl\u00e8mes et de pens\u00e9e critique.<\/p>\n\n<p>Dans une \u00e9quipe de 2-3 enfants et 1 coach, les participants se pr\u00e9parent \u00e0 une t\u00e2che de concours annonc\u00e9e au pr\u00e9alable. Outre une introduction pour les enseignants et les coaches, nous proposons aux \u00e9l\u00e8ves int\u00e9ress\u00e9s trois ateliers d&rsquo;introduction \u00e0 WeDo 2.0 et Spike Essential. Ceux-ci permettent d&rsquo;acqu\u00e9rir les bases de la programmation et de la construction des robots.<\/p><\/div><\/div><p><\/p><p><\/p>","protected":false},"excerpt":{"rendered":"<p>De nouvelles dates seront annonc\u00e9es fin janvier 2023. Depuis la  [&#8230;]<\/p>\n","protected":false},"author":7,"featured_media":0,"parent":10127,"menu_order":0,"comment_status":"closed","ping_status":"closed","template":"","meta":{"inline_featured_image":false,"footnotes":""},"wf_page_folders":[],"class_list":["post-3236","page","type-page","status-publish","hentry"],"_links":{"self":[{"href":"https:\/\/wro.swiss\/fr\/wp-json\/wp\/v2\/pages\/3236","targetHints":{"allow":["GET"]}}],"collection":[{"href":"https:\/\/wro.swiss\/fr\/wp-json\/wp\/v2\/pages"}],"about":[{"href":"https:\/\/wro.swiss\/fr\/wp-json\/wp\/v2\/types\/page"}],"author":[{"embeddable":true,"href":"https:\/\/wro.swiss\/fr\/wp-json\/wp\/v2\/users\/7"}],"replies":[{"embeddable":true,"href":"https:\/\/wro.swiss\/fr\/wp-json\/wp\/v2\/comments?post=3236"}],"version-history":[{"count":7,"href":"https:\/\/wro.swiss\/fr\/wp-json\/wp\/v2\/pages\/3236\/revisions"}],"predecessor-version":[{"id":4762,"href":"https:\/\/wro.swiss\/fr\/wp-json\/wp\/v2\/pages\/3236\/revisions\/4762"}],"up":[{"embeddable":true,"href":"https:\/\/wro.swiss\/fr\/wp-json\/wp\/v2\/pages\/10127"}],"wp:attachment":[{"href":"https:\/\/wro.swiss\/fr\/wp-json\/wp\/v2\/media?parent=3236"}],"wp:term":[{"taxonomy":"wf_page_folders","embeddable":true,"href":"https:\/\/wro.swiss\/fr\/wp-json\/wp\/v2\/wf_page_folders?post=3236"}],"curies":[{"name":"wp","href":"https:\/\/api.w.org\/{rel}","templated":true}]}}