{"id":3233,"date":"2022-01-09T16:10:19","date_gmt":"2022-01-09T15:10:19","guid":{"rendered":"https:\/\/worldrobotolympiad.ch\/?page_id=3233"},"modified":"2025-05-09T20:46:02","modified_gmt":"2025-05-09T18:46:02","slug":"la-categorie-robomission","status":"publish","type":"page","link":"https:\/\/wro.swiss\/fr\/informations\/categories-et-classes-d-age\/la-categorie-robomission\/","title":{"rendered":"RoboMission"},"content":{"rendered":"<p><div class=\"fusion-fullwidth fullwidth-box fusion-builder-row-1 fusion-flex-container nonhundred-percent-fullwidth non-hundred-percent-height-scrolling\" style=\"--awb-border-radius-top-left:0px;--awb-border-radius-top-right:0px;--awb-border-radius-bottom-right:0px;--awb-border-radius-bottom-left:0px;--awb-flex-wrap:wrap;\" ><div class=\"fusion-builder-row fusion-row fusion-flex-align-items-flex-start fusion-flex-content-wrap\" style=\"max-width:1248px;margin-left: calc(-4% \/ 2 );margin-right: calc(-4% \/ 2 );\"><div class=\"fusion-layout-column fusion_builder_column fusion-builder-column-0 fusion_builder_column_1_1 1_1 fusion-flex-column\" style=\"--awb-bg-blend:overlay;--awb-bg-size:cover;--awb-width-large:100%;--awb-margin-top-large:0px;--awb-spacing-right-large:1.92%;--awb-margin-bottom-large:0px;--awb-spacing-left-large:1.92%;--awb-width-medium:100%;--awb-spacing-right-medium:1.92%;--awb-spacing-left-medium:1.92%;--awb-width-small:100%;--awb-spacing-right-small:1.92%;--awb-spacing-left-small:1.92%;\"><div class=\"fusion-column-wrapper fusion-flex-justify-content-flex-start fusion-content-layout-column\"><div class=\"fusion-text fusion-text-1\"><p>&#13;<\/p>\n<p>Les enfants et les jeunes construisent et programment un petit robot en \u00e9quipes de 2 ou 3 personnes <a href=\"https:\/\/wro.swiss\/fr\/saison-2025\/materiel\/\">(tu trouveras ici des informations sur le mat\u00e9riel autoris\u00e9)<\/a>. Celui-ci doit r\u00e9soudre des t\u00e2ches de mani\u00e8re autonome sur un terrain de jeu d&rsquo;environ 3 m\u00e8tres carr\u00e9s. Il s\u2019agit de transporter des objets et de les trier par couleur, tout en \u00e9vitant de d\u00e9placer des obstacles. Les \u00e9preuves sont connues d\u00e8s le d\u00e9but de la saison, le 15 janvier, mais le placement des objets sur le terrain se fait de mani\u00e8re al\u00e9atoire le jour de la comp\u00e9tition, avant chaque manche. Ainsi, le robot doit \u00eatre capable de d\u00e9cider de mani\u00e8re autonome o\u00f9 il doit placer un objet donn\u00e9 et quels objets il doit laisser. <\/p>\n<p>&#13;<\/p>\n<p>Lors du concours r\u00e9gional, une t\u00e2che surprise s&rsquo;ajoute \u00e0 la liste ; un objet suppl\u00e9mentaire peut par exemple entrer en jeu.<\/p>\n<p>&#13;<\/p>\n<p><span style=\"color: var(--awb-text-color); font-family: var(--awb-text-font-family); font-size: var(--awb-font-size); font-style: var(--awb-text-font-style); font-weight: var(--awb-text-font-weight); letter-spacing: var(--awb-letter-spacing); text-align: var(--awb-content-alignment); text-transform: var(--awb-text-transform); background-color: var(--awb-bg-color-hover);\">Lors de la finale suisse s\u2019ajoute l\u2019Afternoon Challenge, qui consiste \u00e0 r\u00e9soudre une t\u00e2che enti\u00e8rement nouvelle avec les objets connus.<\/span><\/p>\n<p>&#13;<\/p>\n<\/div><\/div><\/div><\/div><\/div><div class=\"fusion-fullwidth fullwidth-box fusion-builder-row-2 fusion-flex-container has-pattern-background has-mask-background nonhundred-percent-fullwidth non-hundred-percent-height-scrolling\" style=\"--awb-border-radius-top-left:0px;--awb-border-radius-top-right:0px;--awb-border-radius-bottom-right:0px;--awb-border-radius-bottom-left:0px;--awb-flex-wrap:wrap;\" ><div class=\"fusion-builder-row fusion-row fusion-flex-align-items-flex-start fusion-flex-content-wrap\" style=\"max-width:1248px;margin-left: calc(-4% \/ 2 );margin-right: calc(-4% \/ 2 );\"><div class=\"fusion-layout-column fusion_builder_column fusion-builder-column-1 fusion_builder_column_1_1 1_1 fusion-flex-column\" style=\"--awb-bg-size:cover;--awb-width-large:100%;--awb-margin-top-large:0px;--awb-spacing-right-large:1.92%;--awb-margin-bottom-large:20px;--awb-spacing-left-large:1.92%;--awb-width-medium:100%;--awb-order-medium:0;--awb-spacing-right-medium:1.92%;--awb-spacing-left-medium:1.92%;--awb-width-small:100%;--awb-order-small:0;--awb-spacing-right-small:1.92%;--awb-spacing-left-small:1.92%;\"><div class=\"fusion-column-wrapper fusion-column-has-shadow fusion-flex-justify-content-flex-start fusion-content-layout-column\"><div class=\"awb-gallery-wrapper awb-gallery-wrapper-1 button-span-no\" style=\"--more-btn-alignment:center;\"><div style=\"margin:-20px;--awb-bordersize:0px;--awb-columns-medium:100%;--awb-columns-small:100%;\" class=\"fusion-gallery fusion-gallery-container fusion-grid-2 fusion-columns-total-2 fusion-gallery-layout-grid fusion-gallery-1\"><div style=\"padding:20px;\" class=\"fusion-grid-column fusion-gallery-column fusion-gallery-column-2 hover-type-none\"><div class=\"fusion-gallery-image\"><a href=\"https:\/\/wro.swiss\/wp-content\/uploads\/2023\/12\/Jungs-RM_edited-1-scaled.jpg\" rel=\"noreferrer\" data-rel=\"iLightbox[gallery_image_1]\" class=\"fusion-lightbox\" target=\"_self\"><img decoding=\"async\" src=\"https:\/\/wro.swiss\/wp-content\/uploads\/2023\/12\/Jungs-RM_edited-1-scaled.jpg\" width=\"2560\" height=\"1707\" alt=\"\" title=\"SONY DSC\" aria-label=\"SONY DSC\" class=\"img-responsive wp-image-10701\" srcset=\"https:\/\/wro.swiss\/wp-content\/uploads\/2023\/12\/Jungs-RM_edited-1-300x200.jpg 300w, https:\/\/wro.swiss\/wp-content\/uploads\/2023\/12\/Jungs-RM_edited-1-scaled-650x433.jpg 650w, https:\/\/wro.swiss\/wp-content\/uploads\/2023\/12\/Jungs-RM_edited-1-768x512.jpg 768w, https:\/\/wro.swiss\/wp-content\/uploads\/2023\/12\/Jungs-RM_edited-1-1024x683.jpg 1024w, https:\/\/wro.swiss\/wp-content\/uploads\/2023\/12\/Jungs-RM_edited-1-scaled.jpg 2560w\" sizes=\"(max-width: 2560px) 100vw, 2560px\" \/><\/a><\/div><\/div><div style=\"padding:20px;\" class=\"fusion-grid-column fusion-gallery-column fusion-gallery-column-2 hover-type-none\"><div class=\"fusion-gallery-image\"><a href=\"https:\/\/wro.swiss\/wp-content\/uploads\/2023\/11\/Rotkreuz_Claudia-Christen_Girls-4-scaled.jpg\" rel=\"noreferrer\" data-rel=\"iLightbox[gallery_image_1]\" class=\"fusion-lightbox\" target=\"_self\"><img decoding=\"async\" src=\"https:\/\/wro.swiss\/wp-content\/uploads\/2023\/11\/Rotkreuz_Claudia-Christen_Girls-4-scaled.jpg\" width=\"2560\" height=\"1709\" alt=\"M\u00e4dchen \" title=\"Rotkreuz_Claudia Christen_Girls (4)\" aria-label=\"Rotkreuz_Claudia Christen_Girls (4)\" class=\"img-responsive wp-image-9949\" srcset=\"https:\/\/wro.swiss\/wp-content\/uploads\/2023\/11\/Rotkreuz_Claudia-Christen_Girls-4-200x133.jpg 200w, https:\/\/wro.swiss\/wp-content\/uploads\/2023\/11\/Rotkreuz_Claudia-Christen_Girls-4-400x267.jpg 400w, https:\/\/wro.swiss\/wp-content\/uploads\/2023\/11\/Rotkreuz_Claudia-Christen_Girls-4-600x400.jpg 600w, https:\/\/wro.swiss\/wp-content\/uploads\/2023\/11\/Rotkreuz_Claudia-Christen_Girls-4-800x534.jpg 800w, https:\/\/wro.swiss\/wp-content\/uploads\/2023\/11\/Rotkreuz_Claudia-Christen_Girls-4-1200x801.jpg 1200w, https:\/\/wro.swiss\/wp-content\/uploads\/2023\/11\/Rotkreuz_Claudia-Christen_Girls-4-scaled.jpg 2560w\" sizes=\"(min-width: 2200px) 100vw, (min-width: 712px) 590px, (min-width: 640px) 712px, \" \/><\/a><\/div><\/div><div class=\"clearfix\"><\/div><\/div><\/div><\/div><\/div><\/div><\/div><\/p>","protected":false},"excerpt":{"rendered":"","protected":false},"author":7,"featured_media":0,"parent":10127,"menu_order":0,"comment_status":"closed","ping_status":"closed","template":"100-width.php","meta":{"inline_featured_image":false,"footnotes":""},"wf_page_folders":[],"class_list":["post-3233","page","type-page","status-publish","hentry"],"_links":{"self":[{"href":"https:\/\/wro.swiss\/fr\/wp-json\/wp\/v2\/pages\/3233","targetHints":{"allow":["GET"]}}],"collection":[{"href":"https:\/\/wro.swiss\/fr\/wp-json\/wp\/v2\/pages"}],"about":[{"href":"https:\/\/wro.swiss\/fr\/wp-json\/wp\/v2\/types\/page"}],"author":[{"embeddable":true,"href":"https:\/\/wro.swiss\/fr\/wp-json\/wp\/v2\/users\/7"}],"replies":[{"embeddable":true,"href":"https:\/\/wro.swiss\/fr\/wp-json\/wp\/v2\/comments?post=3233"}],"version-history":[{"count":13,"href":"https:\/\/wro.swiss\/fr\/wp-json\/wp\/v2\/pages\/3233\/revisions"}],"predecessor-version":[{"id":20137,"href":"https:\/\/wro.swiss\/fr\/wp-json\/wp\/v2\/pages\/3233\/revisions\/20137"}],"up":[{"embeddable":true,"href":"https:\/\/wro.swiss\/fr\/wp-json\/wp\/v2\/pages\/10127"}],"wp:attachment":[{"href":"https:\/\/wro.swiss\/fr\/wp-json\/wp\/v2\/media?parent=3233"}],"wp:term":[{"taxonomy":"wf_page_folders","embeddable":true,"href":"https:\/\/wro.swiss\/fr\/wp-json\/wp\/v2\/wf_page_folders?post=3233"}],"curies":[{"name":"wp","href":"https:\/\/api.w.org\/{rel}","templated":true}]}}