{"id":2999,"date":"2022-01-15T12:00:00","date_gmt":"2022-01-15T11:00:00","guid":{"rendered":"https:\/\/worldrobotolympiad.ch\/?page_id=2999"},"modified":"2023-01-13T10:39:52","modified_gmt":"2023-01-13T09:39:52","slug":"taches-et-regles","status":"publish","type":"page","link":"https:\/\/wro.swiss\/fr\/taches-et-regles\/","title":{"rendered":"T\u00e2ches et r\u00e8gles 2023"},"content":{"rendered":"<p class=\"has-pale-cyan-blue-color has-text-color\">Les t\u00e2ches pour 2023 seront reli\u00e9es ici \u00e0 partir du 15 janvier \u00e0 11h00.<br>Veuillez noter le changement d&rsquo;horaire par rapport aux informations re\u00e7ues par e-mail !<\/p><h2 class=\"has-luminous-vivid-amber-color has-text-color wp-block-heading\">Cat\u00e9gorie <span class=\"has-inline-color has-luminous-vivid-amber-color\">Robo<\/span>Mission<\/h2><h3 class=\"wp-block-heading\">Pour toutes classes d&rsquo;age<\/h3><ul class=\"wp-block-list\"><li>R\u00e8glement g\u00e9n\u00e9ral pour les \u00e9quipes<\/li>\n\n<li>D\u00e9claration de consentement<\/li>\n\n<li>Principes directeurs<\/li>\n\n<li>Conditions de participation et politique de confidentialit\u00e9<\/li><\/ul><h3 class=\"wp-block-heading\">Classe d&rsquo;age Elementary (8 \u00e0 12 ans \/ ann\u00e9es de naissance 2010 \u00e0 2015)<\/h3><ul class=\"wp-block-list\"><li>\u00c9nonc\u00e9 de mission<\/li>\n\n<li>Instructions de montage<\/li>\n\n<li>Fiche d&rsquo;\u00e9valuation<\/li><\/ul><h3 class=\"wp-block-heading\">Classe d&rsquo;age Junior (11 \u00e0 15 ans \/ ann\u00e9es de naissance 2008 \u00e0 2012)<\/h3><ul class=\"wp-block-list\"><li>\u00c9nonc\u00e9 de mission<\/li>\n\n<li>Instructions de montage<\/li>\n\n<li>Fiche d&rsquo;\u00e9valuation<\/li><\/ul><h3 class=\"wp-block-heading\">Classe d&rsquo;age Senior (14 \u00e0 19 ans \/ ann\u00e9es de naissance 2004 \u00e0 2009)<\/h3><ul class=\"wp-block-list\"><li>\u00c9nonc\u00e9 de mission<\/li>\n\n<li>Instructions de montage<\/li>\n\n<li>Fiche d&rsquo;\u00e9valuation<\/li><\/ul><h2 class=\"has-vivid-red-color has-text-color wp-block-heading\">Cat\u00e9gorie Future <span class=\"has-inline-color has-vivid-red-color\">Innovators<\/span><\/h2><ul class=\"wp-block-list\"><li>R\u00e8glement g\u00e9n\u00e9ral de la cat\u00e9gorie Future Innovators<\/li>\n\n<li>\u00c9nonc\u00e9 de mission (\u00ab Season challenge \u00bb)<\/li>\n\n<li>Crit\u00e8res d&rsquo;\u00e9valuation<\/li>\n\n<li>Informations pour les teams et les coachs<\/li><\/ul><h2 class=\"has-vivid-purple-color has-text-color wp-block-heading\">Cat\u00e9gorie <mark style=\"background-color:rgba(0, 0, 0, 0)\" class=\"has-inline-color has-vivid-purple-color\">Starter<\/mark><\/h2><ul class=\"wp-block-list\"><li>\u00c9nonc\u00e9 de mission <\/li>\n\n<li>R\u00e8glement g\u00e9n\u00e9ral pour les \u00e9quipes<\/li>\n\n<li>D\u00e9claration de consentement<\/li><\/ul><p><\/p>","protected":false},"excerpt":{"rendered":"<p>Les t\u00e2ches pour 2023 seront reli\u00e9es ici \u00e0 partir du  [&#8230;]<\/p>\n","protected":false},"author":7,"featured_media":0,"parent":0,"menu_order":0,"comment_status":"closed","ping_status":"closed","template":"","meta":{"inline_featured_image":false,"footnotes":""},"wf_page_folders":[],"class_list":["post-2999","page","type-page","status-publish","hentry"],"_links":{"self":[{"href":"https:\/\/wro.swiss\/fr\/wp-json\/wp\/v2\/pages\/2999","targetHints":{"allow":["GET"]}}],"collection":[{"href":"https:\/\/wro.swiss\/fr\/wp-json\/wp\/v2\/pages"}],"about":[{"href":"https:\/\/wro.swiss\/fr\/wp-json\/wp\/v2\/types\/page"}],"author":[{"embeddable":true,"href":"https:\/\/wro.swiss\/fr\/wp-json\/wp\/v2\/users\/7"}],"replies":[{"embeddable":true,"href":"https:\/\/wro.swiss\/fr\/wp-json\/wp\/v2\/comments?post=2999"}],"version-history":[{"count":9,"href":"https:\/\/wro.swiss\/fr\/wp-json\/wp\/v2\/pages\/2999\/revisions"}],"predecessor-version":[{"id":7866,"href":"https:\/\/wro.swiss\/fr\/wp-json\/wp\/v2\/pages\/2999\/revisions\/7866"}],"wp:attachment":[{"href":"https:\/\/wro.swiss\/fr\/wp-json\/wp\/v2\/media?parent=2999"}],"wp:term":[{"taxonomy":"wf_page_folders","embeddable":true,"href":"https:\/\/wro.swiss\/fr\/wp-json\/wp\/v2\/wf_page_folders?post=2999"}],"curies":[{"name":"wp","href":"https:\/\/api.w.org\/{rel}","templated":true}]}}