{"id":23600,"date":"2024-04-21T20:13:37","date_gmt":"2024-04-21T18:13:37","guid":{"rendered":"https:\/\/wro.swiss\/mode-de-competition-finale-suisse\/"},"modified":"2026-02-24T10:11:20","modified_gmt":"2026-02-24T09:11:20","slug":"mode-de-competition-finale-suisse","status":"publish","type":"page","link":"https:\/\/wro.swiss\/fr\/mode-de-competition-finale-suisse\/","title":{"rendered":"Mode de comp\u00e9tition Finale suisse"},"content":{"rendered":"<div class=\"fusion-fullwidth fullwidth-box fusion-builder-row-1 fusion-flex-container has-pattern-background has-mask-background nonhundred-percent-fullwidth non-hundred-percent-height-scrolling\" style=\"--awb-border-radius-top-left:0px;--awb-border-radius-top-right:0px;--awb-border-radius-bottom-right:0px;--awb-border-radius-bottom-left:0px;--awb-flex-wrap:wrap;\" ><div class=\"fusion-builder-row fusion-row fusion-flex-align-items-flex-start fusion-flex-content-wrap\" style=\"max-width:1248px;margin-left: calc(-4% \/ 2 );margin-right: calc(-4% \/ 2 );\"><div class=\"fusion-layout-column fusion_builder_column fusion-builder-column-0 fusion_builder_column_1_1 1_1 fusion-flex-column\" style=\"--awb-bg-size:cover;--awb-width-large:100%;--awb-margin-top-large:0px;--awb-spacing-right-large:1.92%;--awb-margin-bottom-large:20px;--awb-spacing-left-large:1.92%;--awb-width-medium:100%;--awb-order-medium:0;--awb-spacing-right-medium:1.92%;--awb-spacing-left-medium:1.92%;--awb-width-small:100%;--awb-order-small:0;--awb-spacing-right-small:1.92%;--awb-spacing-left-small:1.92%;\"><div class=\"fusion-column-wrapper fusion-column-has-shadow fusion-flex-justify-content-flex-start fusion-content-layout-column\"><div class=\"fusion-text fusion-text-1\"><p>Dans la cat\u00e9gorie RoboMission, la finale suisse pr\u00e9sente quelques changements par rapport aux Concours r\u00e9gionaux :<\/p>\n<ol>\n<li>Le robot n&rsquo;a pas besoin d&rsquo;\u00eatre r\u00e9assembl\u00e9, il peut \u00eatre apport\u00e9 pr\u00eat \u00e0 l&#8217;emploi.<\/li>\n<li>Le concours lui-m\u00eame est divis\u00e9 en deux parties ; le matin, on travaille avec les t\u00e2ches connues de la saison, l&rsquo;apr\u00e8s-midi, il y a une t\u00e2che compl\u00e8tement nouvelle sur le m\u00eame terrain de jeu.<\/li>\n<\/ol>\n<\/div><div class=\"fusion-title title fusion-title-1 fusion-sep-none fusion-title-text fusion-title-size-two\" style=\"--awb-margin-top-small:10px;--awb-margin-right-small:0px;--awb-margin-bottom-small:10px;--awb-margin-left-small:0px;\"><h2 class=\"fusion-title-heading title-heading-left\" style=\"margin:0;\">Matin : t\u00e2che de saison connue<\/h2><\/div><div class=\"fusion-text fusion-text-2\"><p>Il y a trois phases de construction et de test le matin : la premi\u00e8re dure 60 minutes, la deuxi\u00e8me et la troisi\u00e8me une demi-heure chacune. Apr\u00e8s chaque phase de test, il y a comme d&rsquo;habitude le contr\u00f4le du robot et une course d&rsquo;\u00e9valuation.   <b>La meilleure de ces trois courses compte pour le r\u00e9sultat final.<\/b><\/p>\n<\/div><div class=\"fusion-title title fusion-title-2 fusion-sep-none fusion-title-text fusion-title-size-two\" style=\"--awb-margin-top-small:10px;--awb-margin-right-small:0px;--awb-margin-bottom-small:10px;--awb-margin-left-small:0px;\"><h2 class=\"fusion-title-heading title-heading-left\" style=\"margin:0;\">Challenge de l&rsquo;apr\u00e8s-midi<\/h2><\/div><div class=\"fusion-text fusion-text-3\"><p>L&rsquo;apr\u00e8s-midi, il y a une toute nouvelle t\u00e2che sur le terrain de jeu connu avec les objets de jeu connus. Ce d\u00e9fi de l&rsquo;apr\u00e8s-midi se compose de deux \u00ab\u00a0mi-temps\u00a0\u00bb de 75 minutes chacune, pendant lesquelles les \u00e9quipes peuvent essayer de r\u00e9soudre autant de sous-t\u00e2ches que possible. Les r\u00e8gles de base sont les m\u00eames que pour le d\u00e9fi de la saison : les \u00e9quipes disposent de 120 secondes et le robot doit r\u00e9soudre les t\u00e2ches de mani\u00e8re autonome. Ils ont deux essais \u00e9valu\u00e9s \u00e0 chaque mi-temps, \u00e0 un moment qu&rsquo;ils choisissent eux-m\u00eames.     <b>Sur les deux essais \u00e9valu\u00e9s par mi-temps, le meilleur compte pour le r\u00e9sultat final.  <\/b><\/p>\n<p>C&rsquo;est donc une question de strat\u00e9gie que chaque \u00e9quipe doit trouver pour elle-m\u00eame : Mieux vaut faire un essai rapide et obtenir des points pour une t\u00e2che partielle facile ? Ou plut\u00f4t bricoler un peu plus longtemps et sp\u00e9culer sur plus de points, mais qui ne sont peut-\u00eatre pas encore si s\u00fbrs ?   <\/p>\n<\/div><\/div><\/div><\/div><\/div>\n","protected":false},"excerpt":{"rendered":"","protected":false},"author":7,"featured_media":0,"parent":0,"menu_order":0,"comment_status":"closed","ping_status":"closed","template":"100-width.php","meta":{"inline_featured_image":false,"footnotes":""},"wf_page_folders":[],"class_list":["post-23600","page","type-page","status-publish","hentry"],"_links":{"self":[{"href":"https:\/\/wro.swiss\/fr\/wp-json\/wp\/v2\/pages\/23600","targetHints":{"allow":["GET"]}}],"collection":[{"href":"https:\/\/wro.swiss\/fr\/wp-json\/wp\/v2\/pages"}],"about":[{"href":"https:\/\/wro.swiss\/fr\/wp-json\/wp\/v2\/types\/page"}],"author":[{"embeddable":true,"href":"https:\/\/wro.swiss\/fr\/wp-json\/wp\/v2\/users\/7"}],"replies":[{"embeddable":true,"href":"https:\/\/wro.swiss\/fr\/wp-json\/wp\/v2\/comments?post=23600"}],"version-history":[{"count":2,"href":"https:\/\/wro.swiss\/fr\/wp-json\/wp\/v2\/pages\/23600\/revisions"}],"predecessor-version":[{"id":23604,"href":"https:\/\/wro.swiss\/fr\/wp-json\/wp\/v2\/pages\/23600\/revisions\/23604"}],"wp:attachment":[{"href":"https:\/\/wro.swiss\/fr\/wp-json\/wp\/v2\/media?parent=23600"}],"wp:term":[{"taxonomy":"wf_page_folders","embeddable":true,"href":"https:\/\/wro.swiss\/fr\/wp-json\/wp\/v2\/wf_page_folders?post=23600"}],"curies":[{"name":"wp","href":"https:\/\/api.w.org\/{rel}","templated":true}]}}