{"id":23300,"date":"2026-02-19T11:00:55","date_gmt":"2026-02-19T10:00:55","guid":{"rendered":"https:\/\/wro.swiss\/?page_id=23300"},"modified":"2026-02-21T06:30:24","modified_gmt":"2026-02-21T05:30:24","slug":"taches-wro-starter-2026","status":"publish","type":"page","link":"https:\/\/wro.swiss\/fr\/taches-wro-starter-2026\/","title":{"rendered":"T\u00e2ches WRO Starter 2026"},"content":{"rendered":"<div class=\"fusion-fullwidth fullwidth-box fusion-builder-row-1 fusion-flex-container has-pattern-background has-mask-background nonhundred-percent-fullwidth non-hundred-percent-height-scrolling\" style=\"--awb-border-radius-top-left:0px;--awb-border-radius-top-right:0px;--awb-border-radius-bottom-right:0px;--awb-border-radius-bottom-left:0px;--awb-flex-wrap:wrap;\" ><div class=\"fusion-builder-row fusion-row fusion-flex-align-items-flex-start fusion-flex-content-wrap\" style=\"max-width:1248px;margin-left: calc(-4% \/ 2 );margin-right: calc(-4% \/ 2 );\"><div class=\"fusion-layout-column fusion_builder_column fusion-builder-column-0 fusion_builder_column_2_3 2_3 fusion-flex-column\" style=\"--awb-bg-size:cover;--awb-width-large:66.666666666667%;--awb-margin-top-large:0px;--awb-spacing-right-large:2.88%;--awb-margin-bottom-large:20px;--awb-spacing-left-large:2.88%;--awb-width-medium:66.666666666667%;--awb-order-medium:0;--awb-spacing-right-medium:2.88%;--awb-spacing-left-medium:2.88%;--awb-width-small:100%;--awb-order-small:0;--awb-spacing-right-small:1.92%;--awb-spacing-left-small:1.92%;\"><div class=\"fusion-column-wrapper fusion-column-has-shadow fusion-flex-justify-content-flex-start fusion-content-layout-column\"><div class=\"fusion-image-element \" style=\"--awb-aspect-ratio:5 \/ 4;--awb-object-position:51% 80%;--awb-caption-title-font-family:var(--h2_typography-font-family);--awb-caption-title-font-weight:var(--h2_typography-font-weight);--awb-caption-title-font-style:var(--h2_typography-font-style);--awb-caption-title-size:var(--h2_typography-font-size);--awb-caption-title-transform:var(--h2_typography-text-transform);--awb-caption-title-line-height:var(--h2_typography-line-height);--awb-caption-title-letter-spacing:var(--h2_typography-letter-spacing);\"><span class=\" fusion-imageframe imageframe-none imageframe-1 hover-type-none has-aspect-ratio\"><img decoding=\"async\" width=\"2560\" height=\"1250\" title=\"WRO-2026-Starter-Gamefield-Suisse\" src=\"https:\/\/wro.swiss\/wp-content\/uploads\/2026\/02\/WRO-2026-Starter-Gamefield-Switzerland-scaled.png\" class=\"img-responsive wp-image-23468 img-with-aspect-ratio\" data-parent-fit=\"cover\" data-parent-container=\".fusion-image-element\" alt srcset=\"https:\/\/wro.swiss\/wp-content\/uploads\/2026\/02\/WRO-2026-Starter-Gamefield-Switzerland-200x98.png 200w, https:\/\/wro.swiss\/wp-content\/uploads\/2026\/02\/WRO-2026-Starter-Gamefield-Switzerland-400x195.png 400w, https:\/\/wro.swiss\/wp-content\/uploads\/2026\/02\/WRO-2026-Starter-Gamefield-Switzerland-600x293.png 600w, https:\/\/wro.swiss\/wp-content\/uploads\/2026\/02\/WRO-2026-Starter-Gamefield-Switzerland-800x391.png 800w, https:\/\/wro.swiss\/wp-content\/uploads\/2026\/02\/WRO-2026-Starter-Gamefield-Switzerland-1200x586.png 1200w, https:\/\/wro.swiss\/wp-content\/uploads\/2026\/02\/WRO-2026-Starter-Gamefield-Switzerland-scaled.png 2560w\" sizes=\"(max-width: 640px) 100vw, 800px\" \/><\/span><\/div><div class=\"fusion-text fusion-text-1\"><ul>\n<li><a href=\"https:\/\/wro.swiss\/wp-content\/uploads\/2026\/01\/WRO-2026-RoboMission-Allgemeines-Regelwerk-DE.pdf\" target=\"_blank\" rel=\"noopener noreferrer\">R\u00e8gles g\u00e9n\u00e9rales<\/a> Ces r\u00e8gles pour la cat\u00e9gorie RoboMission s&rsquo;appliquent \u00e9galement \u00e0 la cat\u00e9gorie WRO Starter. Les exceptions sont list\u00e9es directement dans le document des t\u00e2ches. Nous demandons donc aux coachs Starter d&rsquo;\u00e9tudier attentivement le r\u00e8glement g\u00e9n\u00e9ral avec leurs \u00e9quipes.  <\/li>\n<li><a href=\"https:\/\/wro.swiss\/wp-content\/uploads\/2026\/02\/WRO-2026-Starter-Aufgabenstellung_DE.pdf\" target=\"_blank\" rel=\"noopener noreferrer\">Description de la t\u00e2che<\/a><\/li>\n<li><a href=\"https:\/\/wro.swiss\/wp-content\/uploads\/2026\/02\/WRO-2026-Starter-Bauanleitungen_DE_IT.pdf\" target=\"_blank\" rel=\"noopener noreferrer\">Guide de construction<\/a><\/li>\n<\/ul>\n<\/div><\/div><\/div><div class=\"fusion-layout-column fusion_builder_column fusion-builder-column-1 fusion_builder_column_1_3 1_3 fusion-flex-column\" style=\"--awb-bg-size:cover;--awb-width-large:33.333333333333%;--awb-margin-top-large:0px;--awb-spacing-right-large:5.76%;--awb-margin-bottom-large:20px;--awb-spacing-left-large:5.76%;--awb-width-medium:33.333333333333%;--awb-order-medium:0;--awb-spacing-right-medium:5.76%;--awb-spacing-left-medium:5.76%;--awb-width-small:100%;--awb-order-small:0;--awb-spacing-right-small:1.92%;--awb-spacing-left-small:1.92%;\"><div class=\"fusion-column-wrapper fusion-column-has-shadow fusion-flex-justify-content-flex-start fusion-content-layout-column\"><div class=\"fusion-text fusion-text-2\"><p>Il y a longtemps, des groupes de personnes ont construit de grandes villes et ont cr\u00e9\u00e9 leur propre culture. Certains de ces groupes ont disparu, mais d&rsquo;autres ont conserv\u00e9 leurs traditions et les ont transmises \u00e0 leurs enfants. Aujourd&rsquo;hui, nous pouvons toujours admirer des b\u00e2timents anciens et des objets particuliers qui nous rappellent comment les gens vivaient dans le pass\u00e9. Les mus\u00e9es aident \u00e0 prot\u00e9ger ces tr\u00e9sors afin que tout le monde puisse apprendre d&rsquo;eux. Ils nous montrent \u00e0 quel point les gens \u00e9taient cr\u00e9atifs, ce en quoi ils croyaient et ce qui \u00e9tait important pour eux.    <\/p>\n<p>Maintenant, c&rsquo;est \u00e0 toi de garder cette histoire en vie. Tu peux collecter des tr\u00e9sors et les amener en toute s\u00e9curit\u00e9 au mus\u00e9e. Tu peux aussi perp\u00e9tuer les traditions et essayer des choses que les gens font encore aujourd&rsquo;hui, par exemple jouer \u00e0 un ancien jeu de balle ou aider les familles \u00e0 d\u00e9placer leurs p\u00e9niches.<\/p>\n<\/div><\/div><\/div><\/div><\/div>\n","protected":false},"excerpt":{"rendered":"","protected":false},"author":7,"featured_media":0,"parent":0,"menu_order":0,"comment_status":"closed","ping_status":"closed","template":"100-width.php","meta":{"inline_featured_image":false,"footnotes":""},"wf_page_folders":[468],"class_list":["post-23300","page","type-page","status-publish","hentry"],"_links":{"self":[{"href":"https:\/\/wro.swiss\/fr\/wp-json\/wp\/v2\/pages\/23300","targetHints":{"allow":["GET"]}}],"collection":[{"href":"https:\/\/wro.swiss\/fr\/wp-json\/wp\/v2\/pages"}],"about":[{"href":"https:\/\/wro.swiss\/fr\/wp-json\/wp\/v2\/types\/page"}],"author":[{"embeddable":true,"href":"https:\/\/wro.swiss\/fr\/wp-json\/wp\/v2\/users\/7"}],"replies":[{"embeddable":true,"href":"https:\/\/wro.swiss\/fr\/wp-json\/wp\/v2\/comments?post=23300"}],"version-history":[{"count":14,"href":"https:\/\/wro.swiss\/fr\/wp-json\/wp\/v2\/pages\/23300\/revisions"}],"predecessor-version":[{"id":23505,"href":"https:\/\/wro.swiss\/fr\/wp-json\/wp\/v2\/pages\/23300\/revisions\/23505"}],"wp:attachment":[{"href":"https:\/\/wro.swiss\/fr\/wp-json\/wp\/v2\/media?parent=23300"}],"wp:term":[{"taxonomy":"wf_page_folders","embeddable":true,"href":"https:\/\/wro.swiss\/fr\/wp-json\/wp\/v2\/wf_page_folders?post=23300"}],"curies":[{"name":"wp","href":"https:\/\/api.w.org\/{rel}","templated":true}]}}