{"id":23179,"date":"2026-01-15T11:00:06","date_gmt":"2026-01-15T10:00:06","guid":{"rendered":"https:\/\/wro.swiss\/?page_id=23179"},"modified":"2026-01-15T11:14:12","modified_gmt":"2026-01-15T10:14:12","slug":"taches-future-innovators-2026","status":"publish","type":"page","link":"https:\/\/wro.swiss\/fr\/taches-future-innovators-2026\/","title":{"rendered":"T\u00e2ches Future Innovators 2026"},"content":{"rendered":"<div class=\"fusion-fullwidth fullwidth-box fusion-builder-row-1 fusion-flex-container has-pattern-background has-mask-background nonhundred-percent-fullwidth non-hundred-percent-height-scrolling\" style=\"--awb-border-radius-top-left:0px;--awb-border-radius-top-right:0px;--awb-border-radius-bottom-right:0px;--awb-border-radius-bottom-left:0px;--awb-flex-wrap:wrap;\" ><div class=\"fusion-builder-row fusion-row fusion-flex-align-items-flex-start fusion-flex-content-wrap\" style=\"max-width:1248px;margin-left: calc(-4% \/ 2 );margin-right: calc(-4% \/ 2 );\"><div class=\"fusion-layout-column fusion_builder_column fusion-builder-column-0 fusion_builder_column_1_1 1_1 fusion-flex-column\" style=\"--awb-bg-size:cover;--awb-width-large:100%;--awb-margin-top-large:0px;--awb-spacing-right-large:1.92%;--awb-margin-bottom-large:20px;--awb-spacing-left-large:1.92%;--awb-width-medium:100%;--awb-order-medium:0;--awb-spacing-right-medium:1.92%;--awb-spacing-left-medium:1.92%;--awb-width-small:100%;--awb-order-small:0;--awb-spacing-right-small:1.92%;--awb-spacing-left-small:1.92%;\"><div class=\"fusion-column-wrapper fusion-column-has-shadow fusion-flex-justify-content-flex-start fusion-content-layout-column\"><div class=\"fusion-image-element \" style=\"text-align:center;--awb-max-width:800px;--awb-caption-title-font-family:var(--h2_typography-font-family);--awb-caption-title-font-weight:var(--h2_typography-font-weight);--awb-caption-title-font-style:var(--h2_typography-font-style);--awb-caption-title-size:var(--h2_typography-font-size);--awb-caption-title-transform:var(--h2_typography-text-transform);--awb-caption-title-line-height:var(--h2_typography-line-height);--awb-caption-title-letter-spacing:var(--h2_typography-letter-spacing);\"><span class=\" fusion-imageframe imageframe-none imageframe-1 hover-type-none\"><img decoding=\"async\" width=\"1562\" height=\"1214\" alt=\"Robots Meet Culture - Saisonlogo 2026\" title=\"Robots Meet Culture\" src=\"https:\/\/wro.swiss\/wp-content\/uploads\/2025\/12\/Logo26-klein.png\" class=\"img-responsive wp-image-22910\" srcset=\"https:\/\/wro.swiss\/wp-content\/uploads\/2025\/12\/Logo26-klein-200x155.png 200w, https:\/\/wro.swiss\/wp-content\/uploads\/2025\/12\/Logo26-klein-400x311.png 400w, https:\/\/wro.swiss\/wp-content\/uploads\/2025\/12\/Logo26-klein-600x466.png 600w, https:\/\/wro.swiss\/wp-content\/uploads\/2025\/12\/Logo26-klein-800x622.png 800w, https:\/\/wro.swiss\/wp-content\/uploads\/2025\/12\/Logo26-klein-1200x933.png 1200w, https:\/\/wro.swiss\/wp-content\/uploads\/2025\/12\/Logo26-klein.png 1562w\" sizes=\"(max-width: 640px) 100vw, 1200px\" \/><\/span><\/div><div class=\"fusion-text fusion-text-1\" style=\"--awb-margin-top:20px;\"><p>En 2026, votre \u00e9quipe Future Innovators a pour t\u00e2che de concevoir un robot qui fait progresser le monde de l\u2019art et de la culture. Tu devras notamment r\u00e9pondre \u00e0 des questions telles que : Comment la technologie peut-elle renforcer la cr\u00e9ativit\u00e9 et soutenir les artistes ? Comment les robots peuvent-ils aider \u00e0 pr\u00e9server et \u00e0 transmettre l\u2019histoire et la culture ? Quelles nouvelles exp\u00e9riences ou \u0153uvres d\u2019art est-il possible de d\u00e9couvrir gr\u00e2ce \u00e0 la robotique ?   <\/p>\n<p>Choisis un vrai probl\u00e8me existant dans le monde r\u00e9el ou invente-toi ton propre grand projet. Il doit correspondre \u00e0 un des trois th\u00e8mes, tu peux m\u00eame les combiner entre eux. Parle avec des artistes, des conservateurs, des historiens ou des gens de ta communaut\u00e9 afin de recueillir des avis et de t\u2019en inspirer. Pense \u00e9galement aux questions d\u2019accessibilit\u00e9, d\u2019inclusion, et \u00e0 la mani\u00e8re dont ta technologie sert \u00e0 couvrir des besoins r\u00e9els.    <\/p>\n<p>Une fois que tu as identifi\u00e9 le probl\u00e8me que tu souhaites le r\u00e9soudre, tu peux commencer \u00e0 concevoir un robot capable de t\u2019y aider. Cela signifie r\u00e9fl\u00e9chir \u00e0 l\u2019aspect de ta solution robotique, \u00e0 ce qu\u2019elle peut faire et \u00e0 la mani\u00e8re dont elle doit fonctionner. Ensuite, tu construis ton prototype.   <\/p>\n<p>Une fois que tu as fini, tu partages ton id\u00e9e et ton robot avec le monde. Ta pr\u00e9sentation ne doit pas se limiter \u00e0 mettre en avant tes comp\u00e9tences, mais doit aussi montrer le processus cr\u00e9atif, l\u2019utilit\u00e9 que ton projet peut avoir pour la soci\u00e9t\u00e9, et le respect de l\u2019authenticit\u00e9 culturelle.  <\/p>\n<p>Bon courage pour ton projet !<\/p>\n<ul>\n<li><a href=\"https:\/\/wro.swiss\/wp-content\/uploads\/2026\/01\/WRO-2026-Future-Innovators-Allgemeines-Regelwerk-FR.pdf\" target=\"_blank\" rel=\"noopener noreferrer\">R\u00e8glement g\u00e9n\u00e9ral<\/a><\/li>\n<li><a href=\"https:\/\/wro.swiss\/wp-content\/uploads\/2026\/01\/WRO-2026-Future-Innovators-Aufgabenstellung-FR.pdf\" target=\"_blank\" rel=\"noopener noreferrer\">T\u00e2ches<\/a><\/li>\n<li><a href=\"https:\/\/wro.swiss\/wp-content\/uploads\/2026\/01\/WRO-2026-Future-Innovators-Informationen-Teams-und-Coaches-FR.pdf\" target=\"_blank\" rel=\"noopener noreferrer\">Informations pour les \u00e9quipes et les coachs<\/a><\/li>\n<\/ul>\n<\/div><\/div><\/div><\/div><\/div>\n","protected":false},"excerpt":{"rendered":"","protected":false},"author":7,"featured_media":0,"parent":0,"menu_order":0,"comment_status":"closed","ping_status":"closed","template":"100-width.php","meta":{"inline_featured_image":false,"footnotes":""},"wf_page_folders":[],"class_list":["post-23179","page","type-page","status-publish","hentry"],"_links":{"self":[{"href":"https:\/\/wro.swiss\/fr\/wp-json\/wp\/v2\/pages\/23179","targetHints":{"allow":["GET"]}}],"collection":[{"href":"https:\/\/wro.swiss\/fr\/wp-json\/wp\/v2\/pages"}],"about":[{"href":"https:\/\/wro.swiss\/fr\/wp-json\/wp\/v2\/types\/page"}],"author":[{"embeddable":true,"href":"https:\/\/wro.swiss\/fr\/wp-json\/wp\/v2\/users\/7"}],"replies":[{"embeddable":true,"href":"https:\/\/wro.swiss\/fr\/wp-json\/wp\/v2\/comments?post=23179"}],"version-history":[{"count":12,"href":"https:\/\/wro.swiss\/fr\/wp-json\/wp\/v2\/pages\/23179\/revisions"}],"predecessor-version":[{"id":23353,"href":"https:\/\/wro.swiss\/fr\/wp-json\/wp\/v2\/pages\/23179\/revisions\/23353"}],"wp:attachment":[{"href":"https:\/\/wro.swiss\/fr\/wp-json\/wp\/v2\/media?parent=23179"}],"wp:term":[{"taxonomy":"wf_page_folders","embeddable":true,"href":"https:\/\/wro.swiss\/fr\/wp-json\/wp\/v2\/wf_page_folders?post=23179"}],"curies":[{"name":"wp","href":"https:\/\/api.w.org\/{rel}","templated":true}]}}