{"id":23166,"date":"2026-01-15T11:00:55","date_gmt":"2026-01-15T10:00:55","guid":{"rendered":"https:\/\/wro.swiss\/?page_id=23166"},"modified":"2026-01-15T11:14:14","modified_gmt":"2026-01-15T10:14:14","slug":"taches-robomission-senior-2026","status":"publish","type":"page","link":"https:\/\/wro.swiss\/fr\/taches-robomission-senior-2026\/","title":{"rendered":"T\u00e2ches RoboMission Senior 2026"},"content":{"rendered":"<div class=\"fusion-fullwidth fullwidth-box fusion-builder-row-1 fusion-flex-container has-pattern-background has-mask-background nonhundred-percent-fullwidth non-hundred-percent-height-scrolling\" style=\"--awb-border-radius-top-left:0px;--awb-border-radius-top-right:0px;--awb-border-radius-bottom-right:0px;--awb-border-radius-bottom-left:0px;--awb-flex-wrap:wrap;\" ><div class=\"fusion-builder-row fusion-row fusion-flex-align-items-flex-start fusion-flex-content-wrap\" style=\"max-width:1248px;margin-left: calc(-4% \/ 2 );margin-right: calc(-4% \/ 2 );\"><div class=\"fusion-layout-column fusion_builder_column fusion-builder-column-0 fusion_builder_column_1_1 1_1 fusion-flex-column\" style=\"--awb-bg-size:cover;--awb-width-large:100%;--awb-margin-top-large:0px;--awb-spacing-right-large:1.92%;--awb-margin-bottom-large:20px;--awb-spacing-left-large:1.92%;--awb-width-medium:100%;--awb-order-medium:0;--awb-spacing-right-medium:1.92%;--awb-spacing-left-medium:1.92%;--awb-width-small:100%;--awb-order-small:0;--awb-spacing-right-small:1.92%;--awb-spacing-left-small:1.92%;\"><div class=\"fusion-column-wrapper fusion-column-has-shadow fusion-flex-justify-content-flex-start fusion-content-layout-column\"><div class=\"fusion-title title fusion-title-1 fusion-sep-none fusion-title-text fusion-title-size-one\" style=\"--awb-margin-top-small:10px;--awb-margin-right-small:0px;--awb-margin-bottom-small:10px;--awb-margin-left-small:0px;\"><h1 class=\"fusion-title-heading title-heading-left\" style=\"margin:0;\">Robots Meet Culture \u2013 \u00ab Mosaic Masters \u00bb<\/h1><\/div><\/div><\/div><div class=\"fusion-layout-column fusion_builder_column fusion-builder-column-1 fusion_builder_column_2_3 2_3 fusion-flex-column\" style=\"--awb-bg-size:cover;--awb-width-large:66.666666666667%;--awb-margin-top-large:0px;--awb-spacing-right-large:2.88%;--awb-margin-bottom-large:20px;--awb-spacing-left-large:2.88%;--awb-width-medium:66.666666666667%;--awb-order-medium:0;--awb-spacing-right-medium:2.88%;--awb-spacing-left-medium:2.88%;--awb-width-small:100%;--awb-order-small:0;--awb-spacing-right-small:1.92%;--awb-spacing-left-small:1.92%;\"><div class=\"fusion-column-wrapper fusion-column-has-shadow fusion-flex-justify-content-flex-start fusion-content-layout-column\"><div class=\"fusion-image-element \" style=\"--awb-caption-title-font-family:var(--h2_typography-font-family);--awb-caption-title-font-weight:var(--h2_typography-font-weight);--awb-caption-title-font-style:var(--h2_typography-font-style);--awb-caption-title-size:var(--h2_typography-font-size);--awb-caption-title-transform:var(--h2_typography-text-transform);--awb-caption-title-line-height:var(--h2_typography-line-height);--awb-caption-title-letter-spacing:var(--h2_typography-letter-spacing);\"><span class=\" fusion-imageframe imageframe-none imageframe-1 hover-type-none\"><img decoding=\"async\" width=\"605\" height=\"479\" title=\"Terrain de jeu Senior 2026\" src=\"https:\/\/wro.swiss\/wp-content\/uploads\/2026\/01\/Spielfeld-Senior-2026.png\" alt class=\"img-responsive wp-image-23165\" srcset=\"https:\/\/wro.swiss\/wp-content\/uploads\/2026\/01\/Spielfeld-Senior-2026-200x158.png 200w, https:\/\/wro.swiss\/wp-content\/uploads\/2026\/01\/Spielfeld-Senior-2026-400x317.png 400w, https:\/\/wro.swiss\/wp-content\/uploads\/2026\/01\/Spielfeld-Senior-2026-600x475.png 600w, https:\/\/wro.swiss\/wp-content\/uploads\/2026\/01\/Spielfeld-Senior-2026.png 605w\" sizes=\"(max-width: 640px) 100vw, 605px\" \/><\/span><\/div><div class=\"fusion-text fusion-text-1\"><ul>\n<li><a href=\"https:\/\/wro.swiss\/wp-content\/uploads\/2026\/01\/WRO-2026-RoboMission-Allgemeines-Regelwerk-FR.pdf\" target=\"_blank\" rel=\"noopener noreferrer\">R\u00e8glement g\u00e9n\u00e9ral<\/a><\/li>\n<li><a href=\"https:\/\/wro.swiss\/wp-content\/uploads\/2026\/01\/WRO-2026-RoboMission-Senior-FR.pdf\" target=\"_blank\" rel=\"noopener noreferrer\">T\u00e2ches<\/a><\/li>\n<li><a href=\"https:\/\/wro.swiss\/wp-content\/uploads\/2026\/01\/WRO-2026-RoboMisson-Senior-Bauanleitung-dfi.pdf\" target=\"_blank\" rel=\"noopener noreferrer\">Guide de construction<\/a><\/li>\n<\/ul>\n<\/div><\/div><\/div><div class=\"fusion-layout-column fusion_builder_column fusion-builder-column-2 fusion_builder_column_1_3 1_3 fusion-flex-column\" style=\"--awb-bg-size:cover;--awb-width-large:33.333333333333%;--awb-margin-top-large:0px;--awb-spacing-right-large:5.76%;--awb-margin-bottom-large:20px;--awb-spacing-left-large:5.76%;--awb-width-medium:33.333333333333%;--awb-order-medium:0;--awb-spacing-right-medium:5.76%;--awb-spacing-left-medium:5.76%;--awb-width-small:100%;--awb-order-small:0;--awb-spacing-right-small:1.92%;--awb-spacing-left-small:1.92%;\"><div class=\"fusion-column-wrapper fusion-column-has-shadow fusion-flex-justify-content-flex-start fusion-content-layout-column\"><div class=\"fusion-text fusion-text-2\"><p>Robots Meet Culture \u2013 \u00ab Mosaic Masters \u00bb<\/p>\n<p>Partout dans le monde, des peintures murales et des mosa\u00efques non seulement ornent les villes, mais racontent \u00e9galement des histoires. Ces \u0153uvres d\u2019art hautes en couleurs c\u00e9l\u00e8brent la culture et la cr\u00e9ativit\u00e9, mais le temps, les intemp\u00e9ries et les catastrophes naturelles peuvent endommager m\u00eame les peintures murales les plus r\u00e9sistantes. <\/p>\n<p>Dans le cadre de ce d\u00e9fi, vous concevez et programmez un robot dont la fonction est d\u2019aider \u00e0 la restauration d\u2019une mosa\u00efque endommag\u00e9e. Votre robot transporte des outils, livre des mat\u00e9riaux de construction et place minutieusement les carreaux de mosa\u00efque, afin de reconstituer l&rsquo;\u0153uvre d\u2019art. La pr\u00e9cision est d\u00e9cisive : Le robot doit \u00e9viter les obstacles, prot\u00e9ger l\u2019environnement et s\u2019assurer que chaque carreau est plac\u00e9 au bon endroit.  <\/p>\n<p>Exactement comme les vrais ing\u00e9nieurs et \u00e9quipes de conservation qui utilisent des capteurs et l\u2019IA pour la protection des \u0153uvres d\u2019art historiques, tu vas explorer la mani\u00e8re dont la robotique peut contribuer \u00e0 la pr\u00e9servation de la culture et au fa\u00e7onnement de l\u2019avenir.<\/p>\n<p>Es-tu pr\u00eat \u00e0 devenir un \u00ab Mosaic Master \u00bb ?<\/p>\n<\/div><\/div><\/div><\/div><\/div>\n","protected":false},"excerpt":{"rendered":"","protected":false},"author":7,"featured_media":0,"parent":0,"menu_order":0,"comment_status":"closed","ping_status":"closed","template":"100-width.php","meta":{"inline_featured_image":false,"footnotes":""},"wf_page_folders":[],"class_list":["post-23166","page","type-page","status-publish","hentry"],"_links":{"self":[{"href":"https:\/\/wro.swiss\/fr\/wp-json\/wp\/v2\/pages\/23166","targetHints":{"allow":["GET"]}}],"collection":[{"href":"https:\/\/wro.swiss\/fr\/wp-json\/wp\/v2\/pages"}],"about":[{"href":"https:\/\/wro.swiss\/fr\/wp-json\/wp\/v2\/types\/page"}],"author":[{"embeddable":true,"href":"https:\/\/wro.swiss\/fr\/wp-json\/wp\/v2\/users\/7"}],"replies":[{"embeddable":true,"href":"https:\/\/wro.swiss\/fr\/wp-json\/wp\/v2\/comments?post=23166"}],"version-history":[{"count":9,"href":"https:\/\/wro.swiss\/fr\/wp-json\/wp\/v2\/pages\/23166\/revisions"}],"predecessor-version":[{"id":23356,"href":"https:\/\/wro.swiss\/fr\/wp-json\/wp\/v2\/pages\/23166\/revisions\/23356"}],"wp:attachment":[{"href":"https:\/\/wro.swiss\/fr\/wp-json\/wp\/v2\/media?parent=23166"}],"wp:term":[{"taxonomy":"wf_page_folders","embeddable":true,"href":"https:\/\/wro.swiss\/fr\/wp-json\/wp\/v2\/wf_page_folders?post=23166"}],"curies":[{"name":"wp","href":"https:\/\/api.w.org\/{rel}","templated":true}]}}