{"id":23151,"date":"2026-01-15T11:00:11","date_gmt":"2026-01-15T10:00:11","guid":{"rendered":"https:\/\/wro.swiss\/?page_id=23151"},"modified":"2026-01-15T11:14:18","modified_gmt":"2026-01-15T10:14:18","slug":"taches-robomission-junior-2026","status":"publish","type":"page","link":"https:\/\/wro.swiss\/fr\/taches-robomission-junior-2026\/","title":{"rendered":"T\u00e2ches RoboMission Junior 2026"},"content":{"rendered":"<div class=\"fusion-fullwidth fullwidth-box fusion-builder-row-1 fusion-flex-container has-pattern-background has-mask-background nonhundred-percent-fullwidth non-hundred-percent-height-scrolling\" style=\"--awb-border-radius-top-left:0px;--awb-border-radius-top-right:0px;--awb-border-radius-bottom-right:0px;--awb-border-radius-bottom-left:0px;--awb-flex-wrap:wrap;\" ><div class=\"fusion-builder-row fusion-row fusion-flex-align-items-flex-start fusion-flex-content-wrap\" style=\"max-width:1248px;margin-left: calc(-4% \/ 2 );margin-right: calc(-4% \/ 2 );\"><div class=\"fusion-layout-column fusion_builder_column fusion-builder-column-0 fusion_builder_column_1_1 1_1 fusion-flex-column\" style=\"--awb-bg-size:cover;--awb-width-large:100%;--awb-margin-top-large:0px;--awb-spacing-right-large:1.92%;--awb-margin-bottom-large:20px;--awb-spacing-left-large:1.92%;--awb-width-medium:100%;--awb-order-medium:0;--awb-spacing-right-medium:1.92%;--awb-spacing-left-medium:1.92%;--awb-width-small:100%;--awb-order-small:0;--awb-spacing-right-small:1.92%;--awb-spacing-left-small:1.92%;\"><div class=\"fusion-column-wrapper fusion-column-has-shadow fusion-flex-justify-content-flex-start fusion-content-layout-column\"><div class=\"fusion-title title fusion-title-1 fusion-sep-none fusion-title-text fusion-title-size-one\" style=\"--awb-margin-top-small:10px;--awb-margin-right-small:0px;--awb-margin-bottom-small:10px;--awb-margin-left-small:0px;\"><h1 class=\"fusion-title-heading title-heading-left\" style=\"margin:0;\">Robots Meet Culture \u2013 \u00ab Heritage Heroes \u00bb<\/h1><\/div><\/div><\/div><div class=\"fusion-layout-column fusion_builder_column fusion-builder-column-1 fusion_builder_column_2_3 2_3 fusion-flex-column\" style=\"--awb-bg-size:cover;--awb-width-large:66.666666666667%;--awb-margin-top-large:0px;--awb-spacing-right-large:2.88%;--awb-margin-bottom-large:20px;--awb-spacing-left-large:2.88%;--awb-width-medium:66.666666666667%;--awb-order-medium:0;--awb-spacing-right-medium:2.88%;--awb-spacing-left-medium:2.88%;--awb-width-small:100%;--awb-order-small:0;--awb-spacing-right-small:1.92%;--awb-spacing-left-small:1.92%;\"><div class=\"fusion-column-wrapper fusion-column-has-shadow fusion-flex-justify-content-flex-start fusion-content-layout-column\"><div class=\"fusion-image-element \" style=\"--awb-caption-title-font-family:var(--h2_typography-font-family);--awb-caption-title-font-weight:var(--h2_typography-font-weight);--awb-caption-title-font-style:var(--h2_typography-font-style);--awb-caption-title-size:var(--h2_typography-font-size);--awb-caption-title-transform:var(--h2_typography-text-transform);--awb-caption-title-line-height:var(--h2_typography-line-height);--awb-caption-title-letter-spacing:var(--h2_typography-letter-spacing);\"><span class=\" fusion-imageframe imageframe-none imageframe-1 hover-type-none\"><img decoding=\"async\" width=\"605\" height=\"453\" alt=\"Terrain de jeu Junior 2026\" title=\"Terrain de jeu Junior 2026\" src=\"https:\/\/wro.swiss\/wp-content\/uploads\/2026\/01\/Spielfeld-Junior-2026.png\" class=\"img-responsive wp-image-23150\" srcset=\"https:\/\/wro.swiss\/wp-content\/uploads\/2026\/01\/Spielfeld-Junior-2026-200x150.png 200w, https:\/\/wro.swiss\/wp-content\/uploads\/2026\/01\/Spielfeld-Junior-2026-400x300.png 400w, https:\/\/wro.swiss\/wp-content\/uploads\/2026\/01\/Spielfeld-Junior-2026-600x449.png 600w, https:\/\/wro.swiss\/wp-content\/uploads\/2026\/01\/Spielfeld-Junior-2026.png 605w\" sizes=\"(max-width: 640px) 100vw, 605px\" \/><\/span><\/div><div class=\"fusion-text fusion-text-1\"><ul>\n<li><a href=\"https:\/\/wro.swiss\/wp-content\/uploads\/2026\/01\/WRO-2026-RoboMission-Allgemeines-Regelwerk-FR.pdf\" target=\"_blank\" rel=\"noopener noreferrer\">R\u00e8glement g\u00e9n\u00e9ral<\/a><\/li>\n<li><a href=\"https:\/\/wro.swiss\/wp-content\/uploads\/2026\/01\/WRO-2026-RoboMission-Junior-FR.pdf\" target=\"_blank\" rel=\"noopener noreferrer\">T\u00e2ches<\/a><\/li>\n<li><a href=\"https:\/\/wro.swiss\/wp-content\/uploads\/2026\/01\/WRO-2026-RoboMisson-Junior-Bauanleitung-dfi.pdf\" target=\"_blank\" rel=\"noopener noreferrer\">Guide de construction<\/a><\/li>\n<\/ul>\n<\/div><\/div><\/div><div class=\"fusion-layout-column fusion_builder_column fusion-builder-column-2 fusion_builder_column_1_3 1_3 fusion-flex-column\" style=\"--awb-bg-size:cover;--awb-width-large:33.333333333333%;--awb-margin-top-large:0px;--awb-spacing-right-large:5.76%;--awb-margin-bottom-large:20px;--awb-spacing-left-large:5.76%;--awb-width-medium:33.333333333333%;--awb-order-medium:0;--awb-spacing-right-medium:5.76%;--awb-spacing-left-medium:5.76%;--awb-width-small:100%;--awb-order-small:0;--awb-spacing-right-small:1.92%;--awb-spacing-left-small:1.92%;\"><div class=\"fusion-column-wrapper fusion-column-has-shadow fusion-flex-justify-content-flex-start fusion-content-layout-column\"><div class=\"fusion-text fusion-text-2\"><p>Haut perch\u00e9s au-dessus des flots, les murs de pierre d\u2019une ancienne forteresse ont pr\u00e9serv\u00e9 l\u2019histoire des si\u00e8cles durant. Sous leurs tours, leurs chemins et leurs pav\u00e9s reposent les histoires d\u2019hommes et de femmes, de cultures, d\u2019animaux et d\u2019objets qui fa\u00e7onn\u00e8rent la vie d\u2019autrefois. Au cours du temps, certaines parties de ce site historique ont \u00e9t\u00e9 endommag\u00e9es, enfouies ou oubli\u00e9es.  <\/p>\n<p>Des experts en sciences, en histoire et en ing\u00e9nierie collaborent \u00e0 la protection de cet important patrimoine, et utilisent pour ce faire des robots. Le robot de l\u2019\u00e9quipe est envoy\u00e9 dans l\u2019enceinte de la forteresse pour guider les visiteurs, reconstruire les tours d\u00e9truites, d\u00e9gager les chemins importants et transporter prudemment au mus\u00e9e les artefacts pr\u00e9cieux. <\/p>\n<p>Ton robot doit donc travailler avec pr\u00e9cision et minutie. Les objets anciens doivent \u00eatre manipul\u00e9s avec pr\u00e9caution, les tours doivent \u00eatre reconstruites correctement, et les sites, y compris ceux des animaux vivant \u00e0 proximit\u00e9, doivent \u00eatre pr\u00e9serv\u00e9s. Chaque t\u00e2che contribue \u00e0 faire revivre le pass\u00e9 et \u00e0 pr\u00e9server l\u2019histoire pour l\u2019avenir.  <\/p>\n<p>Avec ton robot, rel\u00e8ve le d\u00e9fi et montre que tu m\u00e9rites le titre \u00ab Heritage Hero \u00bb .<\/p>\n<\/div><\/div><\/div><\/div><\/div>\n","protected":false},"excerpt":{"rendered":"","protected":false},"author":7,"featured_media":0,"parent":0,"menu_order":0,"comment_status":"closed","ping_status":"closed","template":"100-width.php","meta":{"inline_featured_image":false,"footnotes":""},"wf_page_folders":[],"class_list":["post-23151","page","type-page","status-publish","hentry"],"_links":{"self":[{"href":"https:\/\/wro.swiss\/fr\/wp-json\/wp\/v2\/pages\/23151","targetHints":{"allow":["GET"]}}],"collection":[{"href":"https:\/\/wro.swiss\/fr\/wp-json\/wp\/v2\/pages"}],"about":[{"href":"https:\/\/wro.swiss\/fr\/wp-json\/wp\/v2\/types\/page"}],"author":[{"embeddable":true,"href":"https:\/\/wro.swiss\/fr\/wp-json\/wp\/v2\/users\/7"}],"replies":[{"embeddable":true,"href":"https:\/\/wro.swiss\/fr\/wp-json\/wp\/v2\/comments?post=23151"}],"version-history":[{"count":9,"href":"https:\/\/wro.swiss\/fr\/wp-json\/wp\/v2\/pages\/23151\/revisions"}],"predecessor-version":[{"id":23359,"href":"https:\/\/wro.swiss\/fr\/wp-json\/wp\/v2\/pages\/23151\/revisions\/23359"}],"wp:attachment":[{"href":"https:\/\/wro.swiss\/fr\/wp-json\/wp\/v2\/media?parent=23151"}],"wp:term":[{"taxonomy":"wf_page_folders","embeddable":true,"href":"https:\/\/wro.swiss\/fr\/wp-json\/wp\/v2\/wf_page_folders?post=23151"}],"curies":[{"name":"wp","href":"https:\/\/api.w.org\/{rel}","templated":true}]}}