{"id":23132,"date":"2026-01-15T11:00:43","date_gmt":"2026-01-15T10:00:43","guid":{"rendered":"https:\/\/wro.swiss\/?page_id=23132"},"modified":"2026-01-15T11:14:36","modified_gmt":"2026-01-15T10:14:36","slug":"taches-robomission-elementary-2026","status":"publish","type":"page","link":"https:\/\/wro.swiss\/fr\/taches-robomission-elementary-2026\/","title":{"rendered":"T\u00e2ches RoboMission Elementary 2026"},"content":{"rendered":"<div class=\"fusion-fullwidth fullwidth-box fusion-builder-row-1 fusion-flex-container has-pattern-background has-mask-background nonhundred-percent-fullwidth non-hundred-percent-height-scrolling\" style=\"--awb-border-radius-top-left:0px;--awb-border-radius-top-right:0px;--awb-border-radius-bottom-right:0px;--awb-border-radius-bottom-left:0px;--awb-flex-wrap:wrap;\" ><div class=\"fusion-builder-row fusion-row fusion-flex-align-items-flex-start fusion-flex-content-wrap\" style=\"max-width:1248px;margin-left: calc(-4% \/ 2 );margin-right: calc(-4% \/ 2 );\"><div class=\"fusion-layout-column fusion_builder_column fusion-builder-column-0 fusion_builder_column_1_1 1_1 fusion-flex-column\" style=\"--awb-bg-size:cover;--awb-width-large:100%;--awb-margin-top-large:0px;--awb-spacing-right-large:1.92%;--awb-margin-bottom-large:20px;--awb-spacing-left-large:1.92%;--awb-width-medium:100%;--awb-order-medium:0;--awb-spacing-right-medium:1.92%;--awb-spacing-left-medium:1.92%;--awb-width-small:100%;--awb-order-small:0;--awb-spacing-right-small:1.92%;--awb-spacing-left-small:1.92%;\"><div class=\"fusion-column-wrapper fusion-column-has-shadow fusion-flex-justify-content-flex-start fusion-content-layout-column\"><div class=\"fusion-title title fusion-title-1 fusion-sep-none fusion-title-text fusion-title-size-one\" style=\"--awb-margin-top-small:10px;--awb-margin-right-small:0px;--awb-margin-bottom-small:10px;--awb-margin-left-small:0px;\"><h1 class=\"fusion-title-heading title-heading-left\" style=\"margin:0;\">Robots Meet Culture \u2013 \u00abRobot Rockstar\u00bb<\/h1><\/div><\/div><\/div><div class=\"fusion-layout-column fusion_builder_column fusion-builder-column-1 fusion_builder_column_2_3 2_3 fusion-flex-column\" style=\"--awb-bg-size:cover;--awb-width-large:66.666666666667%;--awb-margin-top-large:0px;--awb-spacing-right-large:2.88%;--awb-margin-bottom-large:20px;--awb-spacing-left-large:2.88%;--awb-width-medium:66.666666666667%;--awb-order-medium:0;--awb-spacing-right-medium:2.88%;--awb-spacing-left-medium:2.88%;--awb-width-small:100%;--awb-order-small:0;--awb-spacing-right-small:1.92%;--awb-spacing-left-small:1.92%;\"><div class=\"fusion-column-wrapper fusion-column-has-shadow fusion-flex-justify-content-flex-start fusion-content-layout-column\"><div class=\"fusion-image-element \" style=\"--awb-caption-title-font-family:var(--h2_typography-font-family);--awb-caption-title-font-weight:var(--h2_typography-font-weight);--awb-caption-title-font-style:var(--h2_typography-font-style);--awb-caption-title-size:var(--h2_typography-font-size);--awb-caption-title-transform:var(--h2_typography-text-transform);--awb-caption-title-line-height:var(--h2_typography-line-height);--awb-caption-title-letter-spacing:var(--h2_typography-letter-spacing);\"><span class=\" fusion-imageframe imageframe-none imageframe-1 hover-type-none\"><img decoding=\"async\" width=\"605\" height=\"400\" title=\"Terrain de jeu Elementary 2026\" src=\"https:\/\/wro.swiss\/wp-content\/uploads\/2026\/01\/Spielfeld-Elementary-2026-2.png\" alt class=\"img-responsive wp-image-23131\" srcset=\"https:\/\/wro.swiss\/wp-content\/uploads\/2026\/01\/Spielfeld-Elementary-2026-2-200x132.png 200w, https:\/\/wro.swiss\/wp-content\/uploads\/2026\/01\/Spielfeld-Elementary-2026-2-400x264.png 400w, https:\/\/wro.swiss\/wp-content\/uploads\/2026\/01\/Spielfeld-Elementary-2026-2-600x397.png 600w, https:\/\/wro.swiss\/wp-content\/uploads\/2026\/01\/Spielfeld-Elementary-2026-2.png 605w\" sizes=\"(max-width: 640px) 100vw, 605px\" \/><\/span><\/div><div class=\"fusion-text fusion-text-1\"><ul>\n<li><a href=\"https:\/\/wro.swiss\/wp-content\/uploads\/2026\/01\/WRO-2026-RoboMission-Allgemeines-Regelwerk-FR.pdf\" target=\"_blank\" rel=\"noopener noreferrer\">R\u00e8glement g\u00e9n\u00e9ral<\/a><\/li>\n<li><a href=\"https:\/\/wro.swiss\/wp-content\/uploads\/2026\/01\/WRO-2026-RoboMission-Elementary-FR.pdf\" target=\"_blank\" rel=\"noopener noreferrer\">T\u00e2ches<\/a><\/li>\n<li><a href=\"https:\/\/wro.swiss\/wp-content\/uploads\/2026\/01\/WRO-2026-RoboMisson-Elementary-Bauanleitung-dfi.pdf\" target=\"_blank\" rel=\"noopener noreferrer\">Guide de construction<\/a><\/li>\n<\/ul>\n<\/div><\/div><\/div><div class=\"fusion-layout-column fusion_builder_column fusion-builder-column-2 fusion_builder_column_1_3 1_3 fusion-flex-column\" style=\"--awb-bg-size:cover;--awb-width-large:33.333333333333%;--awb-margin-top-large:0px;--awb-spacing-right-large:5.76%;--awb-margin-bottom-large:20px;--awb-spacing-left-large:5.76%;--awb-width-medium:33.333333333333%;--awb-order-medium:0;--awb-spacing-right-medium:5.76%;--awb-spacing-left-medium:5.76%;--awb-width-small:100%;--awb-order-small:0;--awb-spacing-right-small:1.92%;--awb-spacing-left-small:1.92%;\"><div class=\"fusion-column-wrapper fusion-column-has-shadow fusion-flex-justify-content-flex-start fusion-content-layout-column\"><div class=\"fusion-text fusion-text-2\"><p>Bienvenue au plus grand festival de musique de l\u2019ann\u00e9e!<\/p>\n<p>La sc\u00e8ne est presque termin\u00e9e, les projecteurs sont allum\u00e9s. Le public a h\u00e2te que le spectacle commence. Mais avant que la musique commence, les artistes ont besoin d\u2019une assistance tr\u00e8s sp\u00e9ciale : ton robot!  <\/p>\n<p>Tout autour du terrain de jeu attendent des instruments de musique, des notes, des microphones et des c\u00e2bles d\u2019\u00eatre install\u00e9s pour le concert. La t\u00e2che de ton robot consiste \u00e0 tout apporter au bon endroit, afin que les groupes puissent jouer leurs chansons. <\/p>\n<p>Es-tu pr\u00eat \u00e0 faire de ton robot une v\u00e9ritable \u00ab Robot rockstar \u00bb ?<\/p>\n<p>Avec ton aide, le festival sera pr\u00eat pour un spectacle fantastique, plein de rythme, de danse et de plaisir. <\/p>\n<\/div><\/div><\/div><\/div><\/div>\n","protected":false},"excerpt":{"rendered":"","protected":false},"author":7,"featured_media":0,"parent":0,"menu_order":0,"comment_status":"closed","ping_status":"closed","template":"100-width.php","meta":{"inline_featured_image":false,"footnotes":""},"wf_page_folders":[],"class_list":["post-23132","page","type-page","status-publish","hentry"],"_links":{"self":[{"href":"https:\/\/wro.swiss\/fr\/wp-json\/wp\/v2\/pages\/23132","targetHints":{"allow":["GET"]}}],"collection":[{"href":"https:\/\/wro.swiss\/fr\/wp-json\/wp\/v2\/pages"}],"about":[{"href":"https:\/\/wro.swiss\/fr\/wp-json\/wp\/v2\/types\/page"}],"author":[{"embeddable":true,"href":"https:\/\/wro.swiss\/fr\/wp-json\/wp\/v2\/users\/7"}],"replies":[{"embeddable":true,"href":"https:\/\/wro.swiss\/fr\/wp-json\/wp\/v2\/comments?post=23132"}],"version-history":[{"count":11,"href":"https:\/\/wro.swiss\/fr\/wp-json\/wp\/v2\/pages\/23132\/revisions"}],"predecessor-version":[{"id":23367,"href":"https:\/\/wro.swiss\/fr\/wp-json\/wp\/v2\/pages\/23132\/revisions\/23367"}],"wp:attachment":[{"href":"https:\/\/wro.swiss\/fr\/wp-json\/wp\/v2\/media?parent=23132"}],"wp:term":[{"taxonomy":"wf_page_folders","embeddable":true,"href":"https:\/\/wro.swiss\/fr\/wp-json\/wp\/v2\/wf_page_folders?post=23132"}],"curies":[{"name":"wp","href":"https:\/\/api.w.org\/{rel}","templated":true}]}}