{"id":22682,"date":"2025-11-03T09:30:08","date_gmt":"2025-11-03T08:30:08","guid":{"rendered":"https:\/\/wro.swiss\/saison-2026\/"},"modified":"2026-04-14T11:46:52","modified_gmt":"2026-04-14T09:46:52","slug":"saison-2026","status":"publish","type":"page","link":"https:\/\/wro.swiss\/fr\/saison-2026\/","title":{"rendered":"Saison 2026"},"content":{"rendered":"<div class=\"fusion-fullwidth fullwidth-box fusion-builder-row-1 fusion-flex-container has-pattern-background has-mask-background nonhundred-percent-fullwidth non-hundred-percent-height-scrolling\" style=\"--awb-border-radius-top-left:0px;--awb-border-radius-top-right:0px;--awb-border-radius-bottom-right:0px;--awb-border-radius-bottom-left:0px;--awb-flex-wrap:wrap;\" ><div class=\"fusion-builder-row fusion-row fusion-flex-align-items-flex-start fusion-flex-content-wrap\" style=\"max-width:1248px;margin-left: calc(-4% \/ 2 );margin-right: calc(-4% \/ 2 );\"><div class=\"fusion-layout-column fusion_builder_column fusion-builder-column-0 fusion_builder_column_1_1 1_1 fusion-flex-column\" style=\"--awb-bg-size:cover;--awb-width-large:100%;--awb-margin-top-large:0px;--awb-spacing-right-large:1.92%;--awb-margin-bottom-large:20px;--awb-spacing-left-large:1.92%;--awb-width-medium:100%;--awb-order-medium:0;--awb-spacing-right-medium:1.92%;--awb-spacing-left-medium:1.92%;--awb-width-small:100%;--awb-order-small:0;--awb-spacing-right-small:1.92%;--awb-spacing-left-small:1.92%;\"><div class=\"fusion-column-wrapper fusion-column-has-shadow fusion-flex-justify-content-flex-start fusion-content-layout-column\"><div class=\"fusion-title title fusion-title-1 fusion-sep-none fusion-title-text fusion-title-size-two\" style=\"--awb-margin-top-small:10px;--awb-margin-right-small:0px;--awb-margin-bottom-small:10px;--awb-margin-left-small:0px;\"><h2 class=\"fusion-title-heading title-heading-left\" style=\"margin:0;\">Inscription<\/h2><\/div><div class=\"fusion-text fusion-text-1\"><p>L&rsquo;inscription est possible du 1er d\u00e9cembre au 15 mars <a href=\"https:\/\/wro.swiss\/fr\/saison-2026\/inscription\/\">ici <\/a>(\u00e0 partir de 15h00). Nous demandons \u00e0 tous les coachs de lire attentivement les informations contenues dans cette page.<\/p>\n<\/div><div class=\"fusion-title title fusion-title-2 fusion-sep-none fusion-title-text fusion-title-size-two\" style=\"--awb-margin-top-small:10px;--awb-margin-right-small:0px;--awb-margin-bottom-small:10px;--awb-margin-left-small:0px;\"><h2 class=\"fusion-title-heading title-heading-left\" style=\"margin:0;\">T\u00e2ches<\/h2><\/div><div class=\"fusion-text fusion-text-2\"><p>Les \u00e9preuves de la nouvelle saison seront publi\u00e9es le 15 janvier.<\/p>\n<\/div><div class=\"fusion-title title fusion-title-3 fusion-sep-none fusion-title-text fusion-title-size-two\" style=\"--awb-margin-top-small:10px;--awb-margin-right-small:0px;--awb-margin-bottom-small:10px;--awb-margin-left-small:0px;\"><h2 class=\"fusion-title-heading title-heading-left\" style=\"margin:0;\">Cat\u00e9gories de concours<\/h2><\/div><div class=\"fusion-text fusion-text-3\"><ul>\n<li><span style=\"color: var(--awb-color4);\"><b>RoboMission<\/b><\/span> (8-19 ans) : <a href=\"https:\/\/wro.swiss\/fr\/informations\/categories-et-classes-d-age\/la-categorie-robomission\/\">En savoir plus<\/a><\/li>\n<li><span style=\"color: var(--awb-color5);\"><b>Future Innovators<\/b><\/span> (8-19 ans) : <a href=\"https:\/\/wro.swiss\/fr\/informations\/categories-et-classes-d-age\/fi-fr\/\">En savoir plus<\/a><\/li>\n<li><span style=\"color: var(--awb-custom_color_7);\"><b>Future Engineers<\/b><\/span> (14-22 ans) : <a href=\"https:\/\/wro.swiss\/fr\/informations\/categories-et-classes-d-age\/a-partir-de-2025-future-engineers\/\">Plus d&rsquo;informations<\/a><\/li>\n<li><span style=\"color: var(--awb-custom_color_3);\"><b>WRO Starter<\/b><\/span> (6 \u00e0 10 ans) : <a href=\"https:\/\/wro.swiss\/fr\/informations\/categories-et-classes-d-age\/wro-starter\/\">Plus d&rsquo;informations<\/a><\/li>\n<\/ul>\n<p>Infos pr\u00e9cises sur les <a href=\"https:\/\/wro.swiss\/fr\/informations\/categories-et-classes-d-age\/classes-d-age\/\">cat\u00e9gories d&rsquo;\u00e2ge<\/a>. Attention !<\/p>\n<ol>\n<li>C&rsquo;est l&rsquo;<b>ann\u00e9e de naissance<\/b> qui est d\u00e9terminante et non l&rsquo;\u00e2ge le jour du concours.<\/li>\n<li>Il n&rsquo;y a <b>pas d&rsquo;exclusion<\/b> pour les personnes trop \u00e2g\u00e9es ou trop jeunes pour une cat\u00e9gorie d&rsquo;\u00e2ge ! (Voir <a href=\"https:\/\/wro.swiss\/fr\/conditions-de-participation\/\">conditions de participation <\/a>point 4.3)<\/li>\n<\/ol>\n<\/div><div class=\"fusion-title title fusion-title-4 fusion-sep-none fusion-title-text fusion-title-size-two\" style=\"--awb-margin-top-small:10px;--awb-margin-right-small:0px;--awb-margin-bottom-small:10px;--awb-margin-left-small:0px;\"><h2 class=\"fusion-title-heading title-heading-left\" style=\"margin:0;\">Dates<\/h2><\/div><div class=\"fusion-text fusion-text-4\"><p>Les d\u00e9tails concernant les diff\u00e9rents sites du Concours r\u00e9gional (adresse, acc\u00e8s, horaires, etc.) seront mis en lien ici au plus tard une semaine avant le jour du concours.<\/p>\n<p>Remarque : la cat\u00e9gorie RoboMission est propos\u00e9e dans tous les sites Regio sauf \u00e0 Winterthur ZHAW. Toutes les autres cat\u00e9gories sont indiqu\u00e9es \u00e0 c\u00f4t\u00e9 du lieu. FI = Future Innovators, Starter = WRO Starter, FE = Future Engineers  <\/p>\n<\/div>\n<div class=\"table-2\">\n<table width=\"100%\">\n<thead>\n<tr>\n<th align=\"left\">Date<\/th>\n<th align=\"left\">\u00c9v\u00e9nement<\/th>\n<th align=\"left\">Lieu<\/th>\n<\/tr>\n<\/thead>\n<tbody>\n<tr>\n<td align=\"left\">1er d\u00e9cembre 2025 &#8211; 15 mars 2026<\/td>\n<td align=\"left\">Inscription aux concours<\/td>\n<td align=\"left\">En ligne<\/td>\n<\/tr>\n<tr>\n<td align=\"left\">15 janvier 2026<\/td>\n<td align=\"left\">Publication des t\u00e2ches<\/td>\n<td align=\"left\">En ligne<\/td>\n<\/tr>\n<tr>\n<td align=\"left\">25 avril 2026<\/td>\n<td align=\"left\">Concours r\u00e9gional<\/td>\n<td align=\"left\"><a href=\"https:\/\/wro.swiss\/fr\/dates\/concours-regional-allschwil\/\">Allschwil<\/a>, Altdorf, <a href=\"https:\/\/wro.swiss\/fr\/dates\/concours-regional-bellinzona\/\">Bellinzona<\/a> (avec FI et Starter), <a href=\"https:\/\/wro.swiss\/fr\/dates\/concours-regional-aeugst-am-albis\/\">Zurich<\/a><\/td>\n<\/tr>\n<tr>\n<td align=\"left\">2 mai 2026<\/td>\n<td align=\"left\">Concours r\u00e9gional<\/td>\n<td align=\"left\">Bienne, Foires, Yverdon<\/td>\n<\/tr>\n<tr>\n<td align=\"left\">9 mai 2026<\/td>\n<td align=\"left\">Concours r\u00e9gional<\/td>\n<td align=\"left\">Brugg-Windisch (avec starter), Degersheim, Rotkreuz (avec FI et starter), Winterthur, Wolfenschiessen<\/td>\n<\/tr>\n<tr>\n<td align=\"left\">10 mai 2026<\/td>\n<td align=\"left\">Concours r\u00e9gional<\/td>\n<td align=\"left\">Thun<\/td>\n<\/tr>\n<tr>\n<td align=\"left\">21 mai 2026<\/td>\n<td align=\"left\">Concours r\u00e9gional<\/td>\n<td align=\"left\">Ballwil<\/td>\n<\/tr>\n<tr>\n<td align=\"left\">23 mai 2026<\/td>\n<td align=\"left\">Concours r\u00e9gional<\/td>\n<td align=\"left\">Ennetb\u00fcrgen (avec Starter)<\/td>\n<\/tr>\n<tr>\n<td align=\"left\">20 juin 2026<\/td>\n<td align=\"left\">Finale suisse<\/td>\n<td align=\"left\">Hausen AG<\/td>\n<\/tr>\n<tr>\n<td align=\"left\">Du 13 au 16 octobre 2026<\/td>\n<td align=\"left\">Open Championship Europe (tournoi amical)<\/td>\n<td align=\"left\">Zagreb, Croatie<\/td>\n<\/tr>\n<tr>\n<td align=\"left\">Du 8 au 10 d\u00e9cembre 2026<\/td>\n<td align=\"left\">Finale mondiale<\/td>\n<td align=\"left\">San Juan, Porto Rico<\/td>\n<\/tr>\n<\/tbody>\n<\/table>\n<\/div>\n<\/div><\/div><\/div><\/div>\n","protected":false},"excerpt":{"rendered":"","protected":false},"author":7,"featured_media":0,"parent":0,"menu_order":0,"comment_status":"closed","ping_status":"closed","template":"100-width.php","meta":{"inline_featured_image":false,"footnotes":""},"wf_page_folders":[],"class_list":["post-22682","page","type-page","status-publish","hentry"],"_links":{"self":[{"href":"https:\/\/wro.swiss\/fr\/wp-json\/wp\/v2\/pages\/22682","targetHints":{"allow":["GET"]}}],"collection":[{"href":"https:\/\/wro.swiss\/fr\/wp-json\/wp\/v2\/pages"}],"about":[{"href":"https:\/\/wro.swiss\/fr\/wp-json\/wp\/v2\/types\/page"}],"author":[{"embeddable":true,"href":"https:\/\/wro.swiss\/fr\/wp-json\/wp\/v2\/users\/7"}],"replies":[{"embeddable":true,"href":"https:\/\/wro.swiss\/fr\/wp-json\/wp\/v2\/comments?post=22682"}],"version-history":[{"count":42,"href":"https:\/\/wro.swiss\/fr\/wp-json\/wp\/v2\/pages\/22682\/revisions"}],"predecessor-version":[{"id":24991,"href":"https:\/\/wro.swiss\/fr\/wp-json\/wp\/v2\/pages\/22682\/revisions\/24991"}],"wp:attachment":[{"href":"https:\/\/wro.swiss\/fr\/wp-json\/wp\/v2\/media?parent=22682"}],"wp:term":[{"taxonomy":"wf_page_folders","embeddable":true,"href":"https:\/\/wro.swiss\/fr\/wp-json\/wp\/v2\/wf_page_folders?post=22682"}],"curies":[{"name":"wp","href":"https:\/\/api.w.org\/{rel}","templated":true}]}}