{"id":22680,"date":"2025-11-03T09:49:49","date_gmt":"2025-11-03T08:49:49","guid":{"rendered":"https:\/\/wro.swiss\/taches-2026\/"},"modified":"2026-04-08T17:42:37","modified_gmt":"2026-04-08T15:42:37","slug":"taches-2026","status":"publish","type":"page","link":"https:\/\/wro.swiss\/fr\/saison-2026\/taches-2026\/","title":{"rendered":"T\u00e2ches 2026"},"content":{"rendered":"<div class=\"fusion-fullwidth fullwidth-box fusion-builder-row-1 fusion-flex-container has-pattern-background has-mask-background nonhundred-percent-fullwidth non-hundred-percent-height-scrolling\" style=\"--awb-border-radius-top-left:0px;--awb-border-radius-top-right:0px;--awb-border-radius-bottom-right:0px;--awb-border-radius-bottom-left:0px;--awb-flex-wrap:wrap;\" ><div class=\"fusion-builder-row fusion-row fusion-flex-align-items-flex-start fusion-flex-content-wrap\" style=\"max-width:1248px;margin-left: calc(-4% \/ 2 );margin-right: calc(-4% \/ 2 );\"><div class=\"fusion-layout-column fusion_builder_column fusion-builder-column-0 fusion_builder_column_1_2 1_2 fusion-flex-column\" style=\"--awb-bg-size:cover;--awb-width-large:50%;--awb-margin-top-large:0px;--awb-spacing-right-large:3.84%;--awb-margin-bottom-large:20px;--awb-spacing-left-large:3.84%;--awb-width-medium:50%;--awb-order-medium:0;--awb-spacing-right-medium:3.84%;--awb-spacing-left-medium:3.84%;--awb-width-small:100%;--awb-order-small:0;--awb-spacing-right-small:1.92%;--awb-spacing-left-small:1.92%;\"><div class=\"fusion-column-wrapper fusion-column-has-shadow fusion-flex-justify-content-flex-start fusion-content-layout-column\"><div class=\"fusion-image-element \" style=\"--awb-caption-title-font-family:var(--h2_typography-font-family);--awb-caption-title-font-weight:var(--h2_typography-font-weight);--awb-caption-title-font-style:var(--h2_typography-font-style);--awb-caption-title-size:var(--h2_typography-font-size);--awb-caption-title-transform:var(--h2_typography-text-transform);--awb-caption-title-line-height:var(--h2_typography-line-height);--awb-caption-title-letter-spacing:var(--h2_typography-letter-spacing);\"><span class=\" fusion-imageframe imageframe-none imageframe-1 hover-type-none\"><img decoding=\"async\" width=\"1562\" height=\"1214\" alt=\"Robots Meet Culture - Saisonlogo 2026\" title=\"Robots Meet Culture\" src=\"https:\/\/wro.swiss\/wp-content\/uploads\/2025\/12\/Logo26-klein.png\" class=\"img-responsive wp-image-22910\" srcset=\"https:\/\/wro.swiss\/wp-content\/uploads\/2025\/12\/Logo26-klein-200x155.png 200w, https:\/\/wro.swiss\/wp-content\/uploads\/2025\/12\/Logo26-klein-400x311.png 400w, https:\/\/wro.swiss\/wp-content\/uploads\/2025\/12\/Logo26-klein-600x466.png 600w, https:\/\/wro.swiss\/wp-content\/uploads\/2025\/12\/Logo26-klein-800x622.png 800w, https:\/\/wro.swiss\/wp-content\/uploads\/2025\/12\/Logo26-klein-1200x933.png 1200w, https:\/\/wro.swiss\/wp-content\/uploads\/2025\/12\/Logo26-klein.png 1562w\" sizes=\"(max-width: 640px) 100vw, 600px\" \/><\/span><\/div><\/div><\/div><div class=\"fusion-layout-column fusion_builder_column fusion-builder-column-1 fusion_builder_column_1_2 1_2 fusion-flex-column\" style=\"--awb-bg-size:cover;--awb-width-large:50%;--awb-margin-top-large:0px;--awb-spacing-right-large:3.84%;--awb-margin-bottom-large:20px;--awb-spacing-left-large:3.84%;--awb-width-medium:50%;--awb-order-medium:0;--awb-spacing-right-medium:3.84%;--awb-spacing-left-medium:3.84%;--awb-width-small:100%;--awb-order-small:0;--awb-spacing-right-small:1.92%;--awb-spacing-left-small:1.92%;\"><div class=\"fusion-column-wrapper fusion-column-has-shadow fusion-flex-justify-content-flex-start fusion-content-layout-column\"><div class=\"fusion-title title fusion-title-1 fusion-sep-none fusion-title-text fusion-title-size-one\" style=\"--awb-margin-top-small:10px;--awb-margin-right-small:0px;--awb-margin-bottom-small:10px;--awb-margin-left-small:0px;\"><h1 class=\"fusion-title-heading title-heading-left\" style=\"margin:0;\">Robots Meet Culture \u2013 Les robots encontrent la culture<\/h1><\/div><div class=\"fusion-text fusion-text-1\"><\/div><\/div><\/div><div class=\"fusion-layout-column fusion_builder_column fusion-builder-column-2 fusion_builder_column_1_1 1_1 fusion-flex-column\" style=\"--awb-bg-size:cover;--awb-width-large:100%;--awb-margin-top-large:0px;--awb-spacing-right-large:1.92%;--awb-margin-bottom-large:20px;--awb-spacing-left-large:1.92%;--awb-width-medium:100%;--awb-order-medium:0;--awb-spacing-right-medium:1.92%;--awb-spacing-left-medium:1.92%;--awb-width-small:100%;--awb-order-small:0;--awb-spacing-right-small:1.92%;--awb-spacing-left-small:1.92%;\"><div class=\"fusion-column-wrapper fusion-column-has-shadow fusion-flex-justify-content-flex-start fusion-content-layout-column\"><div class=\"fusion-title title fusion-title-2 fusion-sep-none fusion-title-text fusion-title-size-two\" style=\"--awb-margin-top-small:10px;--awb-margin-right-small:0px;--awb-margin-bottom-small:10px;--awb-margin-left-small:0px;\"><h2 class=\"fusion-title-heading title-heading-left\" style=\"margin:0;\">Pour toutes les cat\u00e9gories<\/h2><\/div><div class=\"fusion-text fusion-text-2\"><p>Les conditions de participation et la politique de confidentialit\u00e9 s&rsquo;appliquent \u00e0 tous les participants. Merci de lire attentivement ces informations, m\u00eame si tu as d\u00e9j\u00e0 particip\u00e9 auparavant !   <\/p>\n<\/p>\n<ul>\n<li><a href=\"https:\/\/wro.swiss\/fr\/conditions-de-participation\/\" target=\"_blank\" rel=\"noopener noreferrer\">Conditions de participation<\/a><\/li>\n<li><a href=\"https:\/\/wro.swiss\/fr\/politique-de-confidentialite\/\" target=\"_blank\" rel=\"noopener noreferrer\">Politique de confidentialit\u00e9<\/a><\/li>\n<li><a href=\"https:\/\/wro.swiss\/fr\/principes-directeurs\/\" target=\"_blank\" rel=\"noopener noreferrer\">Principes directeurs<\/a><\/li>\n<li><a href=\"https:\/\/wro.swiss\/wp-content\/uploads\/2026\/01\/WRO-2026_Einverstaendniserklaerung_FR.pdf\" target=\"_blank\" rel=\"noopener noreferrer\">D\u00e9claration de consentement<\/a><\/li>\n<\/ul>\n<\/div><div class=\"fusion-title title fusion-title-3 fusion-sep-none fusion-title-text fusion-title-size-two\" style=\"--awb-margin-top-small:10px;--awb-margin-right-small:0px;--awb-margin-bottom-small:10px;--awb-margin-left-small:0px;\"><h2 class=\"fusion-title-heading title-heading-left\" style=\"margin:0;\">RoboMission<\/h2><\/div><div class=\"fusion-text fusion-text-3\"><ul>\n<li><a href=\"https:\/\/wro.swiss\/fr\/taches-robomission-elementary-2026\/\">T\u00e2ches Elementary<\/a><\/li>\n<li><a href=\"https:\/\/wro.swiss\/fr\/taches-robomission-junior-2026\/\">T\u00e2ches Junior<\/a><\/li>\n<li><a href=\"https:\/\/wro.swiss\/fr\/taches-robomission-senior-2026\/\">T\u00e2ches Senior<\/a><\/li>\n<li><a href=\"https:\/\/wro.swiss\/wp-content\/uploads\/2026\/04\/WRO-2026-RoboMission-Roboter-Steckbrief-FR.docx\">Fiche descriptive du robot<\/a><\/li>\n<\/ul>\n<\/div><div class=\"fusion-title title fusion-title-4 fusion-sep-none fusion-title-text fusion-title-size-two\" style=\"--awb-margin-top-small:10px;--awb-margin-right-small:0px;--awb-margin-bottom-small:10px;--awb-margin-left-small:0px;\"><h2 class=\"fusion-title-heading title-heading-left\" style=\"margin:0;\">Future Innovators<\/h2><\/div><div class=\"fusion-text fusion-text-4\"><ul>\n<li><a href=\"https:\/\/wro.swiss\/fr\/taches-future-innovators-2026\/\">Des documents pour tous les \u00e2ges<\/a><\/li>\n<\/ul>\n<\/div><div class=\"fusion-title title fusion-title-5 fusion-sep-none fusion-title-text fusion-title-size-two\" style=\"--awb-margin-top-small:10px;--awb-margin-right-small:0px;--awb-margin-bottom-small:10px;--awb-margin-left-small:0px;\"><h2 class=\"fusion-title-heading title-heading-left\" style=\"margin:0;\">Future Engineers<\/h2><\/div><div class=\"fusion-text fusion-text-5\"><ul>\n<li><a href=\"https:\/\/wro.swiss\/fr\/taches-future-engineers-2026\/\">T\u00e2ches et r\u00e8gles<\/a><\/li>\n<\/ul>\n<\/div><div class=\"fusion-title title fusion-title-6 fusion-sep-none fusion-title-text fusion-title-size-two\" style=\"--awb-margin-top-small:10px;--awb-margin-right-small:0px;--awb-margin-bottom-small:10px;--awb-margin-left-small:0px;\"><h2 class=\"fusion-title-heading title-heading-left\" style=\"margin:0;\">WRO Starter<\/h2><\/div><div class=\"fusion-text fusion-text-6\"><ul>\n<li><a href=\"https:\/\/wro.swiss\/fr\/taches-wro-starter-2026\/\" target=\"_blank\" rel=\"noopener noreferrer\">T\u00e2ches et r\u00e8gles<\/a><\/li>\n<\/ul>\n<\/div><\/div><\/div><\/div><\/div>\n","protected":false},"excerpt":{"rendered":"","protected":false},"author":7,"featured_media":0,"parent":22682,"menu_order":0,"comment_status":"closed","ping_status":"closed","template":"100-width.php","meta":{"inline_featured_image":false,"footnotes":""},"wf_page_folders":[],"class_list":["post-22680","page","type-page","status-publish","hentry"],"_links":{"self":[{"href":"https:\/\/wro.swiss\/fr\/wp-json\/wp\/v2\/pages\/22680","targetHints":{"allow":["GET"]}}],"collection":[{"href":"https:\/\/wro.swiss\/fr\/wp-json\/wp\/v2\/pages"}],"about":[{"href":"https:\/\/wro.swiss\/fr\/wp-json\/wp\/v2\/types\/page"}],"author":[{"embeddable":true,"href":"https:\/\/wro.swiss\/fr\/wp-json\/wp\/v2\/users\/7"}],"replies":[{"embeddable":true,"href":"https:\/\/wro.swiss\/fr\/wp-json\/wp\/v2\/comments?post=22680"}],"version-history":[{"count":38,"href":"https:\/\/wro.swiss\/fr\/wp-json\/wp\/v2\/pages\/22680\/revisions"}],"predecessor-version":[{"id":24345,"href":"https:\/\/wro.swiss\/fr\/wp-json\/wp\/v2\/pages\/22680\/revisions\/24345"}],"up":[{"embeddable":true,"href":"https:\/\/wro.swiss\/fr\/wp-json\/wp\/v2\/pages\/22682"}],"wp:attachment":[{"href":"https:\/\/wro.swiss\/fr\/wp-json\/wp\/v2\/media?parent=22680"}],"wp:term":[{"taxonomy":"wf_page_folders","embeddable":true,"href":"https:\/\/wro.swiss\/fr\/wp-json\/wp\/v2\/wf_page_folders?post=22680"}],"curies":[{"name":"wp","href":"https:\/\/api.w.org\/{rel}","templated":true}]}}