{"id":22277,"date":"2025-06-21T09:04:32","date_gmt":"2025-06-21T07:04:32","guid":{"rendered":"https:\/\/wro.swiss\/?page_id=22277"},"modified":"2025-06-24T10:06:58","modified_gmt":"2025-06-24T08:06:58","slug":"camp-de-robotique-pour-filles-2025","status":"publish","type":"page","link":"https:\/\/wro.swiss\/fr\/plus-de-filles-dans-la-robotique\/camp-de-robotique-pour-filles-2025\/","title":{"rendered":"Camp de robotique pour filles 2025"},"content":{"rendered":"<div class=\"fusion-fullwidth fullwidth-box fusion-builder-row-1 fusion-flex-container has-pattern-background has-mask-background nonhundred-percent-fullwidth non-hundred-percent-height-scrolling\" style=\"--awb-border-radius-top-left:0px;--awb-border-radius-top-right:0px;--awb-border-radius-bottom-right:0px;--awb-border-radius-bottom-left:0px;--awb-flex-wrap:wrap;\" ><div class=\"fusion-builder-row fusion-row fusion-flex-align-items-flex-start fusion-flex-content-wrap\" style=\"max-width:1248px;margin-left: calc(-4% \/ 2 );margin-right: calc(-4% \/ 2 );\"><div class=\"fusion-layout-column fusion_builder_column fusion-builder-column-0 fusion_builder_column_1_1 1_1 fusion-flex-column\" style=\"--awb-bg-size:cover;--awb-width-large:100%;--awb-margin-top-large:0px;--awb-spacing-right-large:1.92%;--awb-margin-bottom-large:20px;--awb-spacing-left-large:1.92%;--awb-width-medium:100%;--awb-order-medium:0;--awb-spacing-right-medium:1.92%;--awb-spacing-left-medium:1.92%;--awb-width-small:100%;--awb-order-small:0;--awb-spacing-right-small:1.92%;--awb-spacing-left-small:1.92%;\"><div class=\"fusion-column-wrapper fusion-column-has-shadow fusion-flex-justify-content-flex-start fusion-content-layout-column\"><div class=\"fusion-text fusion-text-1\"><p>Tu as envie de passer des journ\u00e9es pleines de robotique, de jeux et d&rsquo;amusement, et tout cela avec d&rsquo;autres filles ? Alors le Girls Robotics Camp est fait pour toi !<\/p>\n<\/div><div class=\"awb-gallery-wrapper awb-gallery-wrapper-1 button-span-no\" style=\"--more-btn-alignment:center;\"><div style=\"margin:-5px;--awb-aspect-ratio:1 \/ 1;--awb-bordersize:0px;--awb-columns-medium:100%;--awb-columns-small:100%;\" class=\"fusion-gallery fusion-gallery-container fusion-grid-3 fusion-columns-total-6 fusion-gallery-layout-grid fusion-gallery-1 has-aspect-ratio\"><div style=\"padding:5px;\" class=\"fusion-grid-column fusion-gallery-column fusion-gallery-column-3 hover-type-none\"><div class=\"fusion-gallery-image\"><a href=\"https:\/\/wro.swiss\/wp-content\/uploads\/2023\/11\/20230916_155816-scaled.jpg\" rel=\"noreferrer\" data-rel=\"iLightbox[gallery_image_1]\" class=\"fusion-lightbox\" target=\"_self\"><img decoding=\"async\" src=\"https:\/\/wro.swiss\/wp-content\/uploads\/2023\/11\/20230916_155816-scaled.jpg\" width=\"2560\" height=\"1154\" alt=\"Bonne ambiance au camp de robotique des filles\" title=\"Camp de filles 2023\" aria-label=\"Camp de filles 2023\" class=\"img-responsive wp-image-9717\" style=\"object-position:36% 47%;\" srcset=\"https:\/\/wro.swiss\/wp-content\/uploads\/2023\/11\/20230916_155816-300x135.jpg 300w, https:\/\/wro.swiss\/wp-content\/uploads\/2023\/11\/20230916_155816-640x288.jpg 640w, https:\/\/wro.swiss\/wp-content\/uploads\/2023\/11\/20230916_155816-scaled-650x293.jpg 650w, https:\/\/wro.swiss\/wp-content\/uploads\/2023\/11\/20230916_155816-768x346.jpg 768w, https:\/\/wro.swiss\/wp-content\/uploads\/2023\/11\/20230916_155816-1024x462.jpg 1024w, https:\/\/wro.swiss\/wp-content\/uploads\/2023\/11\/20230916_155816-1536x692.jpg 1536w, https:\/\/wro.swiss\/wp-content\/uploads\/2023\/11\/20230916_155816-scaled.jpg 2560w\" sizes=\"(max-width: 2560px) 100vw, 2560px\" \/><\/a><\/div><\/div><div style=\"padding:5px;\" class=\"fusion-grid-column fusion-gallery-column fusion-gallery-column-3 hover-type-none\"><div class=\"fusion-gallery-image\"><a href=\"https:\/\/wro.swiss\/wp-content\/uploads\/2023\/11\/20230916_165502-scaled.jpg\" rel=\"noreferrer\" data-rel=\"iLightbox[gallery_image_1]\" class=\"fusion-lightbox\" target=\"_self\"><img decoding=\"async\" src=\"https:\/\/wro.swiss\/wp-content\/uploads\/2023\/11\/20230916_165502-scaled.jpg\" width=\"2560\" height=\"1154\" alt=\"Anf\u00e4ngerinnen arbeiten an ihrem Projekt\" title=\"20230916_165502\" aria-label=\"20230916_165502\" class=\"img-responsive wp-image-9696\" srcset=\"https:\/\/wro.swiss\/wp-content\/uploads\/2023\/11\/20230916_165502-scaled-650x293.jpg 650w, https:\/\/wro.swiss\/wp-content\/uploads\/2023\/11\/20230916_165502-scaled.jpg 2560w\" sizes=\"(max-width: 2560px) 100vw, 2560px\" \/><\/a><\/div><\/div><div style=\"padding:5px;\" class=\"fusion-grid-column fusion-gallery-column fusion-gallery-column-3 hover-type-none\"><div class=\"fusion-gallery-image\"><a href=\"https:\/\/wro.swiss\/wp-content\/uploads\/2023\/11\/IMG_7102-scaled.jpg\" rel=\"noreferrer\" data-rel=\"iLightbox[gallery_image_1]\" class=\"fusion-lightbox\" target=\"_self\"><img decoding=\"async\" src=\"https:\/\/wro.swiss\/wp-content\/uploads\/2023\/11\/IMG_7102-scaled.jpg\" width=\"1920\" height=\"2560\" alt=\"Erste Versuche mit dem Roboter\" title=\"IMG_7102\" aria-label=\"IMG_7102\" class=\"img-responsive wp-image-9745\" srcset=\"https:\/\/wro.swiss\/wp-content\/uploads\/2023\/11\/IMG_7102-225x300.jpg 225w, https:\/\/wro.swiss\/wp-content\/uploads\/2023\/11\/IMG_7102-251x334.jpg 251w, https:\/\/wro.swiss\/wp-content\/uploads\/2023\/11\/IMG_7102-scaled-650x867.jpg 650w, https:\/\/wro.swiss\/wp-content\/uploads\/2023\/11\/IMG_7102-768x1024.jpg 768w, https:\/\/wro.swiss\/wp-content\/uploads\/2023\/11\/IMG_7102-1152x1536.jpg 1152w, https:\/\/wro.swiss\/wp-content\/uploads\/2023\/11\/IMG_7102-1536x2048.jpg 1536w, https:\/\/wro.swiss\/wp-content\/uploads\/2023\/11\/IMG_7102-scaled.jpg 1920w\" sizes=\"(max-width: 1920px) 100vw, 1920px\" \/><\/a><\/div><\/div><div class=\"clearfix\"><\/div><div style=\"padding:5px;\" class=\"fusion-grid-column fusion-gallery-column fusion-gallery-column-3 hover-type-none\"><div class=\"fusion-gallery-image\"><a href=\"https:\/\/wro.swiss\/wp-content\/uploads\/2023\/11\/IMG_7094-scaled.jpeg\" rel=\"noreferrer\" data-rel=\"iLightbox[gallery_image_1]\" class=\"fusion-lightbox\" target=\"_self\"><img decoding=\"async\" src=\"https:\/\/wro.swiss\/wp-content\/uploads\/2023\/11\/IMG_7094-scaled.jpeg\" width=\"1920\" height=\"2560\" alt=\"\" title=\"IMG_7094\" aria-label=\"IMG_7094\" class=\"img-responsive wp-image-9757\" srcset=\"https:\/\/wro.swiss\/wp-content\/uploads\/2023\/11\/IMG_7094-225x300.jpeg 225w, https:\/\/wro.swiss\/wp-content\/uploads\/2023\/11\/IMG_7094-251x334.jpeg 251w, https:\/\/wro.swiss\/wp-content\/uploads\/2023\/11\/IMG_7094-scaled-650x867.jpeg 650w, https:\/\/wro.swiss\/wp-content\/uploads\/2023\/11\/IMG_7094-768x1024.jpeg 768w, https:\/\/wro.swiss\/wp-content\/uploads\/2023\/11\/IMG_7094-1152x1536.jpeg 1152w, https:\/\/wro.swiss\/wp-content\/uploads\/2023\/11\/IMG_7094-1536x2048.jpeg 1536w, https:\/\/wro.swiss\/wp-content\/uploads\/2023\/11\/IMG_7094-scaled.jpeg 1920w\" sizes=\"(max-width: 1920px) 100vw, 1920px\" \/><\/a><\/div><\/div><div style=\"padding:5px;\" class=\"fusion-grid-column fusion-gallery-column fusion-gallery-column-3 hover-type-none\"><div class=\"fusion-gallery-image\"><a href=\"https:\/\/wro.swiss\/wp-content\/uploads\/2023\/11\/IMG_7095-scaled.jpeg\" rel=\"noreferrer\" data-rel=\"iLightbox[gallery_image_1]\" class=\"fusion-lightbox\" target=\"_self\"><img decoding=\"async\" src=\"https:\/\/wro.swiss\/wp-content\/uploads\/2023\/11\/IMG_7095-scaled.jpeg\" width=\"1440\" height=\"2560\" alt=\"Konstruktions-Werkstatt\" title=\"IMG_7095\" aria-label=\"IMG_7095\" class=\"img-responsive wp-image-9733\" srcset=\"https:\/\/wro.swiss\/wp-content\/uploads\/2023\/11\/IMG_7095-169x300.jpeg 169w, https:\/\/wro.swiss\/wp-content\/uploads\/2023\/11\/IMG_7095-188x334.jpeg 188w, https:\/\/wro.swiss\/wp-content\/uploads\/2023\/11\/IMG_7095-576x1024.jpeg 576w, https:\/\/wro.swiss\/wp-content\/uploads\/2023\/11\/IMG_7095-scaled-650x1156.jpeg 650w, https:\/\/wro.swiss\/wp-content\/uploads\/2023\/11\/IMG_7095-768x1365.jpeg 768w, https:\/\/wro.swiss\/wp-content\/uploads\/2023\/11\/IMG_7095-864x1536.jpeg 864w, https:\/\/wro.swiss\/wp-content\/uploads\/2023\/11\/IMG_7095-1152x2048.jpeg 1152w, https:\/\/wro.swiss\/wp-content\/uploads\/2023\/11\/IMG_7095-scaled.jpeg 1440w\" sizes=\"(max-width: 1440px) 100vw, 1440px\" \/><\/a><\/div><\/div><div style=\"padding:5px;\" class=\"fusion-grid-column fusion-gallery-column fusion-gallery-column-3 hover-type-none\"><div class=\"fusion-gallery-image\"><a href=\"https:\/\/wro.swiss\/wp-content\/uploads\/2023\/11\/20230916_155407-scaled.jpg\" rel=\"noreferrer\" data-rel=\"iLightbox[gallery_image_1]\" class=\"fusion-lightbox\" target=\"_self\"><img decoding=\"async\" src=\"https:\/\/wro.swiss\/wp-content\/uploads\/2023\/11\/20230916_155407-scaled.jpg\" width=\"2560\" height=\"1152\" alt=\"Das Girls-Robotik-Camp findet in den sch\u00f6nen Bergen von Glarus statt.\" title=\"20230916_155407\" aria-label=\"20230916_155407\" class=\"img-responsive wp-image-9687\" style=\"object-position:32% 49%;\" srcset=\"https:\/\/wro.swiss\/wp-content\/uploads\/2023\/11\/20230916_155407-300x135.jpg 300w, https:\/\/wro.swiss\/wp-content\/uploads\/2023\/11\/20230916_155407-640x288.jpg 640w, https:\/\/wro.swiss\/wp-content\/uploads\/2023\/11\/20230916_155407-scaled-650x293.jpg 650w, https:\/\/wro.swiss\/wp-content\/uploads\/2023\/11\/20230916_155407-768x346.jpg 768w, https:\/\/wro.swiss\/wp-content\/uploads\/2023\/11\/20230916_155407-1024x461.jpg 1024w, https:\/\/wro.swiss\/wp-content\/uploads\/2023\/11\/20230916_155407-1536x691.jpg 1536w, https:\/\/wro.swiss\/wp-content\/uploads\/2023\/11\/20230916_155407-scaled.jpg 2560w\" sizes=\"(max-width: 2560px) 100vw, 2560px\" \/><\/a><\/div><\/div><div class=\"clearfix\"><\/div><\/div><\/div><div class=\"fusion-text fusion-text-2\"><p style=\"text-align: center;\">Impressions du camp de robotique des filles 2023. Les photos : Zeynep Jaggi.<\/p>\n<\/div><div class=\"fusion-title title fusion-title-1 fusion-sep-none fusion-title-text fusion-title-size-two\" style=\"--awb-margin-top-small:10px;--awb-margin-right-small:0px;--awb-margin-bottom-small:10px;--awb-margin-left-small:0px;\"><h2 class=\"fusion-title-heading title-heading-left\" style=\"margin:0;\">Sujets<\/h2><\/div><div class=\"fusion-title title fusion-title-2 fusion-sep-none fusion-title-text fusion-title-size-three\" style=\"--awb-margin-top-small:10px;--awb-margin-right-small:0px;--awb-margin-bottom-small:10px;--awb-margin-left-small:0px;\"><h3 class=\"fusion-title-heading title-heading-left\" style=\"margin:0;\">Pour les d\u00e9butantes<\/h3><\/div><div class=\"fusion-text fusion-text-3\"><ul>\n<li>Qu&rsquo;est-ce qu&rsquo;un robot au juste ?<\/li>\n<li>D\u00e9couvrir le robot Lego Spike Prime : Hub (c&rsquo;est le \u00ab cerveau \u00bb du robot), moteurs et capteurs<\/li>\n<li>Les bases de la programmation avec Scratch : r\u00e9p\u00e9titions ( \u00ab boucles \u00bb ) et conditions<\/li>\n<li>Construire un robot de conduite simple et programmer ses trajectoires : ligne droite, virages, conditions d&rsquo;arr\u00eat<\/li>\n<li>Suivre une ligne<\/li>\n<\/ul>\n<\/div><div class=\"fusion-title title fusion-title-3 fusion-sep-none fusion-title-text fusion-title-size-three\" style=\"--awb-margin-top-small:10px;--awb-margin-right-small:0px;--awb-margin-bottom-small:10px;--awb-margin-left-small:0px;\"><h3 class=\"fusion-title-heading title-heading-left\" style=\"margin:0;\">Pour les \u00e9tudiantes avanc\u00e9es<\/h3><\/div><div class=\"fusion-text fusion-text-4\"><ul>\n<li><b>Pr\u00e9requis<\/b>: connaissances pour d\u00e9butantes, voir ci-dessus<\/li>\n<li>Selon l&rsquo;int\u00e9r\u00eat et les connaissances pr\u00e9alables : Programmation avec Scratch ou Python (et selon le nombre de participantes).<\/li>\n<li>Consolidation et approfondissement des connaissances pr\u00e9alables existantes<\/li>\n<li>Atteignez mieux votre destination gr\u00e2ce au capteur gyroscopique et au suivi de ligne am\u00e9lior\u00e9<\/li>\n<li>Programmer comme un pro avec les variables et MyBlocks<\/li>\n<li>D\u00e9velopper des strat\u00e9gies de r\u00e9solution de probl\u00e8mes complexes (comme une t\u00e0che de concours WRO)<\/li>\n<\/ul>\n<\/div><div class=\"fusion-text fusion-text-5\" style=\"--awb-text-color:var(--awb-color4);\"><p><strong>Il est toujours possible de passer d&rsquo;un groupe \u00e0 l&rsquo;autre si c&rsquo;est trop compliqu\u00e9 ou trop facile !<\/strong><\/p>\n<\/div><div class=\"fusion-title title fusion-title-4 fusion-sep-none fusion-title-text fusion-title-size-three\" style=\"--awb-margin-top-small:10px;--awb-margin-right-small:0px;--awb-margin-bottom-small:10px;--awb-margin-left-small:0px;\"><h3 class=\"fusion-title-heading title-heading-left\" style=\"margin:0;\">Pour tous<\/h3><\/div><div class=\"fusion-text fusion-text-6\"><ul>\n<li>Atelier de fabrication : Comment construire un bon robot ? Avec concours de design !<\/li>\n<li>Travail en petits groupes sur un projet<\/li>\n<li>Mini-WRO de cl\u00f4ture, avec remise des prix !<\/li>\n<\/ul>\n<\/div><div class=\"fusion-title title fusion-title-5 fusion-sep-none fusion-title-text fusion-title-size-two\" style=\"--awb-margin-top-small:10px;--awb-margin-right-small:0px;--awb-margin-bottom-small:10px;--awb-margin-left-small:0px;\"><h2 class=\"fusion-title-heading title-heading-left\" style=\"margin:0;\">Informations<\/h2><\/div>\n<div class=\"table-2\">\n<table width=\"100%\">\n<tbody>\n<tr>\n<td align=\"left\" valign=\"top\">Date<\/td>\n<td align=\"left\">Du vendredi 7 novembre au dimanche 9 novembre 2025.<br \/>\nLes heures exactes suivront.<br \/>\nLes participantes re\u00e7oivent une attestation pour l&rsquo;\u00e9cole afin d&rsquo;\u00eatre plus facilement dispens\u00e9es de cours pour le vendredi.<\/td>\n<\/tr>\n<tr>\n<td align=\"left\" valign=\"top\">Lieu<\/td>\n<td align=\"left\">Unteriberg<\/td>\n<\/tr>\n<tr>\n<td align=\"left\" valign=\"top\">Groupe cible<\/td>\n<td align=\"left\">Filles de 8 \u00e0 15 ans<br \/>\nD\u00e9butants et avanc\u00e9es. La langue principale du Girls Robotik Camp sera l&rsquo;allemand. En fonction du nombre d&rsquo;inscriptions, nous ouvrirons la participation aux filles qui parlent fran\u00e7ais, italien ou anglais. Pour cela, il est n\u00e9cessaire qu&rsquo;au moins 3 d\u00e9butantes ou 3 avanc\u00e9es parlent cette langue.<\/td>\n<\/tr>\n<tr>\n<td align=\"left\" valign=\"top\">Acc\u00e8s<\/td>\n<td align=\"left\">Les infos suivront<\/td>\n<\/tr>\n<tr>\n<td align=\"left\" valign=\"top\">Co\u00fbts<\/td>\n<td align=\"left\">CHF 50.- par participante.<br \/>\nGr\u00e2ce \u00e0 nos partenaires de soutien, nous pouvons maintenir les co\u00fbts \u00e0 un niveau bas ; le montant couvre les repas.<\/td>\n<\/tr>\n<tr>\n<td align=\"left\" valign=\"top\">Plus d&rsquo;infos<\/td>\n<td align=\"left\" valign=\"top\">Les infos suivront<br \/>\n<a href=\"https:\/\/wro.swiss\/wp-content\/uploads\/2025\/06\/Einverstaendniserklaerung_Girls-Camp_DE.pdf\">D\u00e9claration de consentement<\/a><\/td>\n<\/tr>\n<\/tbody>\n<\/table>\n<\/div>\n<div style=\"text-align:center;\"><a class=\"fusion-button button-flat fusion-button-default-size button-default fusion-button-default button-1 fusion-button-default-span fusion-button-default-type\" style=\"--button_margin-top:20px;--button_margin-bottom:20px;\" target=\"_blank\" rel=\"noopener noreferrer\" href=\"https:\/\/forms.office.com\/e\/SDDasKs4x6\"><span class=\"fusion-button-text awb-button__text awb-button__text--default\">S&rsquo;inscrire<\/span><\/a><\/div><div class=\"fusion-text fusion-text-7\"><p>La date limite d&rsquo;inscription est le 30 ao\u00fbt. Les places sont limit\u00e9es.<\/p>\n<p>Si le nombre d&rsquo;inscriptions est sup\u00e9rieur au nombre de places disponibles, la priorit\u00e9 sera donn\u00e9e aux filles qui souhaitent participer pour la premi\u00e8re fois.<\/p>\n<\/div><\/div><\/div><\/div><\/div>\n","protected":false},"excerpt":{"rendered":"","protected":false},"author":7,"featured_media":0,"parent":3865,"menu_order":0,"comment_status":"closed","ping_status":"closed","template":"100-width.php","meta":{"inline_featured_image":false,"footnotes":""},"wf_page_folders":[],"class_list":["post-22277","page","type-page","status-publish","hentry"],"_links":{"self":[{"href":"https:\/\/wro.swiss\/fr\/wp-json\/wp\/v2\/pages\/22277","targetHints":{"allow":["GET"]}}],"collection":[{"href":"https:\/\/wro.swiss\/fr\/wp-json\/wp\/v2\/pages"}],"about":[{"href":"https:\/\/wro.swiss\/fr\/wp-json\/wp\/v2\/types\/page"}],"author":[{"embeddable":true,"href":"https:\/\/wro.swiss\/fr\/wp-json\/wp\/v2\/users\/7"}],"replies":[{"embeddable":true,"href":"https:\/\/wro.swiss\/fr\/wp-json\/wp\/v2\/comments?post=22277"}],"version-history":[{"count":18,"href":"https:\/\/wro.swiss\/fr\/wp-json\/wp\/v2\/pages\/22277\/revisions"}],"predecessor-version":[{"id":22384,"href":"https:\/\/wro.swiss\/fr\/wp-json\/wp\/v2\/pages\/22277\/revisions\/22384"}],"up":[{"embeddable":true,"href":"https:\/\/wro.swiss\/fr\/wp-json\/wp\/v2\/pages\/3865"}],"wp:attachment":[{"href":"https:\/\/wro.swiss\/fr\/wp-json\/wp\/v2\/media?parent=22277"}],"wp:term":[{"taxonomy":"wf_page_folders","embeddable":true,"href":"https:\/\/wro.swiss\/fr\/wp-json\/wp\/v2\/wf_page_folders?post=22277"}],"curies":[{"name":"wp","href":"https:\/\/api.w.org\/{rel}","templated":true}]}}