{"id":22055,"date":"2025-05-28T14:00:58","date_gmt":"2025-05-28T12:00:58","guid":{"rendered":"https:\/\/wro.swiss\/tache-supplementaire-finale-suisse-2025\/"},"modified":"2025-05-28T14:00:58","modified_gmt":"2025-05-28T12:00:58","slug":"tache-supplementaire-finale-suisse-2025","status":"publish","type":"page","link":"https:\/\/wro.swiss\/fr\/tache-supplementaire-finale-suisse-2025\/","title":{"rendered":"T\u00e2che suppl\u00e9mentaire : Finale suisse 2025"},"content":{"rendered":"<p>Lors de la finale suisse, il y a dans la cat\u00e9gorie une t\u00e2che suppl\u00e9mentaire en plus de la t\u00e2che annuelle connue.<\/p>\n<h2><strong>Elementary<\/strong><\/h2>\n<ul>\n<li><a href=\"https:\/\/wro.swiss\/wp-content\/uploads\/2025\/05\/WRO-2025-RoboMission-Elementary-Extraufgabe-De.pdf\">allemand<\/a><\/li>\n<li><a href=\"https:\/\/wro.swiss\/wp-content\/uploads\/2025\/05\/WRO-2025-RoboMission-Elementary-Extraufgabe-fr.pdf\">fran\u00e7ais<\/a><\/li>\n<li><a href=\"https:\/\/wro.swiss\/wp-content\/uploads\/2025\/05\/WRO-2025-RoboMission-Elementary-Extraufgabe-En.pdf\">anglais<\/a><\/li>\n<\/ul>\n<h2><strong>Junior<\/strong><\/h2>\n<ul>\n<li><a href=\"https:\/\/wro.swiss\/wp-content\/uploads\/2025\/05\/WRO-2025-RoboMission-Juniors-Extraufgabe-De.pdf\">allemand<\/a><\/li>\n<li><a href=\"https:\/\/wro.swiss\/wp-content\/uploads\/2025\/05\/WRO-2025-RoboMission-Juniors-Extraufgabe-fr.pdf\">fran\u00e7ais<\/a><\/li>\n<li><a href=\"https:\/\/wro.swiss\/wp-content\/uploads\/2025\/05\/WRO-2025-RoboMission-Juniors-Extraufgabe-en.pdf\">anglais<\/a><\/li>\n<\/ul>\n<h2><strong>Senior<\/strong><\/h2>\n<ul>\n<li><a href=\"https:\/\/wro.swiss\/wp-content\/uploads\/2025\/05\/WRO-2025-RoboMission-Seniors-Extraufgabe-De.pdf\">allemand<\/a><\/li>\n<li><a href=\"https:\/\/wro.swiss\/wp-content\/uploads\/2025\/05\/WRO-2025-RoboMission-Seniors-Extraufgabe-Fr.pdf\">fran\u00e7ais<\/a><\/li>\n<li><a href=\"https:\/\/wro.swiss\/wp-content\/uploads\/2025\/05\/WRO-2025-RoboMission-Seniors-Extraufgabe-it.pdf\">italien<\/a><\/li>\n<li><a href=\"https:\/\/wro.swiss\/wp-content\/uploads\/2025\/05\/WRO-2025-RoboMission-Seniors-Extraufgabe-en.pdf\">anglais<\/a><\/li>\n<\/ul>\n<p>&nbsp;<\/p>\n","protected":false},"excerpt":{"rendered":"<p>Lors de la finale suisse, il y a dans la  [&#8230;]<\/p>\n","protected":false},"author":7,"featured_media":0,"parent":0,"menu_order":0,"comment_status":"closed","ping_status":"closed","template":"100-width.php","meta":{"inline_featured_image":false,"footnotes":""},"wf_page_folders":[],"class_list":["post-22055","page","type-page","status-publish","hentry"],"_links":{"self":[{"href":"https:\/\/wro.swiss\/fr\/wp-json\/wp\/v2\/pages\/22055","targetHints":{"allow":["GET"]}}],"collection":[{"href":"https:\/\/wro.swiss\/fr\/wp-json\/wp\/v2\/pages"}],"about":[{"href":"https:\/\/wro.swiss\/fr\/wp-json\/wp\/v2\/types\/page"}],"author":[{"embeddable":true,"href":"https:\/\/wro.swiss\/fr\/wp-json\/wp\/v2\/users\/7"}],"replies":[{"embeddable":true,"href":"https:\/\/wro.swiss\/fr\/wp-json\/wp\/v2\/comments?post=22055"}],"version-history":[{"count":0,"href":"https:\/\/wro.swiss\/fr\/wp-json\/wp\/v2\/pages\/22055\/revisions"}],"wp:attachment":[{"href":"https:\/\/wro.swiss\/fr\/wp-json\/wp\/v2\/media?parent=22055"}],"wp:term":[{"taxonomy":"wf_page_folders","embeddable":true,"href":"https:\/\/wro.swiss\/fr\/wp-json\/wp\/v2\/wf_page_folders?post=22055"}],"curies":[{"name":"wp","href":"https:\/\/api.w.org\/{rel}","templated":true}]}}