{"id":20697,"date":"2024-05-23T16:49:54","date_gmt":"2024-05-23T14:49:54","guid":{"rendered":"https:\/\/wro.swiss\/dates\/concours-regional-altdorf\/"},"modified":"2026-04-22T21:41:35","modified_gmt":"2026-04-22T19:41:35","slug":"concours-regional-altdorf","status":"publish","type":"page","link":"https:\/\/wro.swiss\/fr\/dates\/concours-regional-altdorf\/","title":{"rendered":"Concours r\u00e9gional Altdorf"},"content":{"rendered":"<div class=\"fusion-fullwidth fullwidth-box fusion-builder-row-1 fusion-flex-container has-pattern-background has-mask-background nonhundred-percent-fullwidth non-hundred-percent-height-scrolling\" style=\"--awb-border-radius-top-left:0px;--awb-border-radius-top-right:0px;--awb-border-radius-bottom-right:0px;--awb-border-radius-bottom-left:0px;--awb-flex-wrap:wrap;\" ><div class=\"fusion-builder-row fusion-row fusion-flex-align-items-flex-start fusion-flex-content-wrap\" style=\"max-width:1248px;margin-left: calc(-4% \/ 2 );margin-right: calc(-4% \/ 2 );\"><div class=\"fusion-layout-column fusion_builder_column fusion-builder-column-0 fusion_builder_column_1_1 1_1 fusion-flex-column\" style=\"--awb-bg-size:cover;--awb-width-large:100%;--awb-margin-top-large:0px;--awb-spacing-right-large:1.92%;--awb-margin-bottom-large:20px;--awb-spacing-left-large:1.92%;--awb-width-medium:100%;--awb-order-medium:0;--awb-spacing-right-medium:1.92%;--awb-spacing-left-medium:1.92%;--awb-width-small:100%;--awb-order-small:0;--awb-spacing-right-small:1.92%;--awb-spacing-left-small:1.92%;\"><div class=\"fusion-column-wrapper fusion-column-has-shadow fusion-flex-justify-content-flex-start fusion-content-layout-column\">\n<div class=\"table-2\">\n<table width=\"100%\">\n<tbody>\n<tr>\n<td align=\"left\" valign=\"top\">Cat\u00e9gorie de concours<\/td>\n<td align=\"left\">RoboMission<\/td>\n<\/tr>\n<tr>\n<td align=\"left\" valign=\"top\">Organisateur :<\/td>\n<td align=\"left\">\u00c9cole secondaire cantonale d&rsquo;Uri \/ Direction de l&rsquo;\u00e9ducation et de la culture d&rsquo;Uri<\/td>\n<\/tr>\n<tr>\n<td align=\"left\" valign=\"top\">Date<\/td>\n<td align=\"left\">25 avril 2026<\/td>\n<\/tr>\n<tr>\n<td align=\"left\" valign=\"top\">Lieu<\/td>\n<td width=\"1322\">\u00c9cole secondaire cantonale d&rsquo;Uri<br \/>Salle de s\u00e9jour<br \/>Gotthardstrasse 59<br \/>6460 Altdorf<\/td>\n<\/tr>\n<tr>\n<td align=\"left\" valign=\"top\">Google Maps<\/td>\n<td align=\"left\"><iframe style=\"border: 0;\" src=\"https:\/\/www.google.com\/maps\/embed?pb=!1m18!1m12!1m3!1d3388.0128874369143!2d8.651202!3d46.874058999999995!2m3!1f0!2f0!3f0!3m2!1i1024!2i768!4f13.1!3m3!1m2!1s0x47854391798013b5%3A0xd6316f10bb907661!2sKantonale%20Mittelschule%20Uri!5e1!3m2!1sde!2sch!4v1747314768126!5m2!1sde!2sch\" width=\"400\" height=\"300\" allowfullscreen=\"allowfullscreen\"><\/iframe><\/td>\n<\/tr>\n<tr>\n<td align=\"left\" valign=\"top\">Contact<\/td>\n<td align=\"left\">Fabian Hauser<\/td>\n<\/tr>\n<tr>\n<td align=\"left\" valign=\"top\">Horaire<\/td>\n<td align=\"left\">07:30 Arriv\u00e9e, installation des postes de travail<br \/>07:45 Ouverture, pr\u00e9sentation de la t\u00e2che surprise<br \/>09:40 1\u00e8re course de comp\u00e9tition<br \/>11:20 2\u00e8me course de la comp\u00e9tition<br \/>11:45 D\u00e9jeuner<br \/>13:40 3\u00e8me course de comp\u00e9tition<br \/>14:50 4\u00e8me course de la comp\u00e9tition<br \/>15:30 Annonce du classement<\/p>\n<p>Horaire d\u00e9taill\u00e9 \u00e0 suivre<br \/>(sous r\u00e9serve de modifications)<\/p>\n<\/td>\n<\/tr>\n<tr>\n<td align=\"left\" valign=\"top\">Avis aux visiteurs<\/td>\n<td align=\"left\">Tous les concours r\u00e9gionaux de la World Robot Olympiad sont en principe ouverts au public. Nous nous r\u00e9jouissons de ta visite ! <\/td>\n<\/tr>\n<tr>\n<td align=\"left\" valign=\"top\">Partenaires de soutien<\/td>\n<td align=\"left\">Un grand merci \u00e0 l&rsquo;\u00e9cole secondaire cantonale d&rsquo;Uri et \u00e0 la direction de l&rsquo;\u00e9ducation et de la culture d&rsquo;Uri. Gr\u00e2ce \u00e0 leur soutien, le World Robot Olympiad peut avoir lieu \u00e0 Altdorf. <\/td>\n<\/tr>\n<\/tbody>\n<\/table>\n<\/div>\n<\/div><\/div><\/div><\/div>\n","protected":false},"excerpt":{"rendered":"","protected":false},"author":7,"featured_media":0,"parent":4129,"menu_order":0,"comment_status":"closed","ping_status":"closed","template":"100-width.php","meta":{"inline_featured_image":false,"footnotes":""},"wf_page_folders":[],"class_list":["post-20697","page","type-page","status-publish","hentry"],"_links":{"self":[{"href":"https:\/\/wro.swiss\/fr\/wp-json\/wp\/v2\/pages\/20697","targetHints":{"allow":["GET"]}}],"collection":[{"href":"https:\/\/wro.swiss\/fr\/wp-json\/wp\/v2\/pages"}],"about":[{"href":"https:\/\/wro.swiss\/fr\/wp-json\/wp\/v2\/types\/page"}],"author":[{"embeddable":true,"href":"https:\/\/wro.swiss\/fr\/wp-json\/wp\/v2\/users\/7"}],"replies":[{"embeddable":true,"href":"https:\/\/wro.swiss\/fr\/wp-json\/wp\/v2\/comments?post=20697"}],"version-history":[{"count":26,"href":"https:\/\/wro.swiss\/fr\/wp-json\/wp\/v2\/pages\/20697\/revisions"}],"predecessor-version":[{"id":25204,"href":"https:\/\/wro.swiss\/fr\/wp-json\/wp\/v2\/pages\/20697\/revisions\/25204"}],"up":[{"embeddable":true,"href":"https:\/\/wro.swiss\/fr\/wp-json\/wp\/v2\/pages\/4129"}],"wp:attachment":[{"href":"https:\/\/wro.swiss\/fr\/wp-json\/wp\/v2\/media?parent=20697"}],"wp:term":[{"taxonomy":"wf_page_folders","embeddable":true,"href":"https:\/\/wro.swiss\/fr\/wp-json\/wp\/v2\/wf_page_folders?post=20697"}],"curies":[{"name":"wp","href":"https:\/\/api.w.org\/{rel}","templated":true}]}}