{"id":20668,"date":"2024-05-12T14:19:46","date_gmt":"2024-05-12T12:19:46","guid":{"rendered":"https:\/\/wro.swiss\/concours-regional-rotkreuz\/"},"modified":"2026-04-13T12:31:20","modified_gmt":"2026-04-13T10:31:20","slug":"concours-regional-rotkreuz","status":"publish","type":"page","link":"https:\/\/wro.swiss\/fr\/dates\/concours-regional-rotkreuz\/","title":{"rendered":"Concours r\u00e9gional Rotkreuz"},"content":{"rendered":"<div class=\"fusion-fullwidth fullwidth-box fusion-builder-row-1 fusion-flex-container has-pattern-background has-mask-background nonhundred-percent-fullwidth non-hundred-percent-height-scrolling\" style=\"--awb-border-radius-top-left:0px;--awb-border-radius-top-right:0px;--awb-border-radius-bottom-right:0px;--awb-border-radius-bottom-left:0px;--awb-flex-wrap:wrap;\" ><div class=\"fusion-builder-row fusion-row fusion-flex-align-items-flex-start fusion-flex-content-wrap\" style=\"max-width:1248px;margin-left: calc(-4% \/ 2 );margin-right: calc(-4% \/ 2 );\"><div class=\"fusion-layout-column fusion_builder_column fusion-builder-column-0 fusion_builder_column_1_1 1_1 fusion-flex-column\" style=\"--awb-bg-size:cover;--awb-width-large:100%;--awb-margin-top-large:0px;--awb-spacing-right-large:1.92%;--awb-margin-bottom-large:20px;--awb-spacing-left-large:1.92%;--awb-width-medium:100%;--awb-order-medium:0;--awb-spacing-right-medium:1.92%;--awb-spacing-left-medium:1.92%;--awb-width-small:100%;--awb-order-small:0;--awb-spacing-right-small:1.92%;--awb-spacing-left-small:1.92%;\"><div class=\"fusion-column-wrapper fusion-column-has-shadow fusion-flex-justify-content-flex-start fusion-content-layout-column\">\n<div class=\"table-2\">\n<table width=\"100%\">\n<tbody>\n<tr>\n<td align=\"left\">Cat\u00e9gories<\/td>\n<td align=\"left\"><strong><span style=\"color: #ff9933;\">RoboMission<\/span><\/strong> \/ <strong><span style=\"color: #ff3333;\">Future Innovators<\/span><\/strong> \/ <span style=\"color: #8a00db;\"><strong>Starter<\/strong><\/span><\/td>\n<\/tr>\n<tr>\n<td align=\"left\">Organisateur :<\/td>\n<td align=\"left\">Haute \u00e9cole de Lucerne &#8211; Informatique<br \/>Roche Diagnostics<\/td>\n<\/tr>\n<tr>\n<td align=\"left\">Date<\/td>\n<td align=\"left\">9 mai 2025<\/td>\n<\/tr>\n<tr>\n<td align=\"left\" valign=\"top\">Lieu \/ adresse<\/td>\n<td align=\"left\">Haute \u00e9cole de Lucerne &#8211; Informatique<br \/>Campus Zug-Rotkreuz<br \/>Suurstoffi 1<br \/>CH- 6343 Rotkreuz<\/td>\n<\/tr>\n<tr>\n<td align=\"left\" valign=\"top\">Contact<\/td>\n<td align=\"left\">Roland Christen<br \/>Mobile +41 41 757 68 26<br \/><a href=\"mailto:roland.christen@hslu.ch\">roland.christen@hslu.ch<\/a><br \/><a href=\"https:\/\/hslu.ch\/wro\" target=\"_blank\" rel=\"noopener\">https:\/\/hslu.ch\/wro<\/a><\/td>\n<\/tr>\n<tr>\n<td align=\"left\" valign=\"top\">Programme<\/td>\n<td align=\"left\"><span style=\"color: #ffcc00;\"><strong>RoboMission<\/strong><\/span><\/p>\n<p>&nbsp;<\/p>\n<p>07:45 Arriv\u00e9e, installation des postes de travail<br \/>08:30 Ouverture, pr\u00e9sentation de la t\u00e2che surprise<br \/>09:00 D\u00e9but du concours<br \/>10:45 1\u00e8re manche du concours<br \/>11:30 D\u00e9jeuner<br \/>13:45 2\u00e8me manche du concours<br \/>15:10 3\u00e8me manche du concours<br \/>16:30 4\u00e8me manche du concours<br \/>17:30 C\u00e9r\u00e9monie de remise des prix dans l&rsquo;amphith\u00e9\u00e2tre<br \/>18:30 Fin de la manifestation<br \/>Horaire d\u00e9taill\u00e9 (sous r\u00e9serve de modifications)<\/p>\n<p><span style=\"color: #ff0000;\"><strong>Future Innovators<\/strong><\/span><\/p>\n<p>07:45 Arriv\u00e9e<br \/>08:30 Ouverture<br \/>09:00 D\u00e9but de la phase de montage (90 min)<br \/>10:30 D\u00e9but de la phase d&rsquo;\u00e9valuation 1<br \/>12:15 D\u00e9jeuner<br \/>13:15 D\u00e9but de la phase visiteurs<br \/>14:00 D\u00e9but de la phase d&rsquo;\u00e9valuation 2<br \/>16:30 Fin de la phase visiteurs<br \/>16:30 Rangement<br \/>17:30 C\u00e9r\u00e9monie de remise des prix \u00e0 Audi Max<\/p>\n<p><span style=\"color: #cc99ff;\"><strong>Starter<\/strong><\/span><\/p>\n<p>10:00 Arriv\u00e9e et installation des postes de travail<br \/>10:30 Ouverture, pr\u00e9sentation de la t\u00e2che surprise<br \/>11:40 1\u00e8re manche du concours<br \/>12:15 D\u00e9jeuner<br \/>14:10 2\u00e8me manche du concours<br \/>15:20 3\u00e8me manche du concours<br \/>15:40 Les \u00e9quipes rangent les espaces de travail<br \/>16:00 Visite commune de RoboMission<br \/>17:30 C\u00e9r\u00e9monie de remise des prix dans l&rsquo;Audi Max<br \/><strong>Horaire d\u00e9taill\u00e9<\/strong> (sous r\u00e9serve de modifications)<\/p>\n<\/td>\n<\/tr>\n<tr>\n<td align=\"left\" valign=\"top\">Conseils pour les visiteurs<\/td>\n<td align=\"left\">Toutes les comp\u00e9titions r\u00e9gionales des World Robot Olympiad sont ouvertes au public.<br \/>Nous nous r\u00e9jouissons de ta visite. Plus d&rsquo;informations sur <a href=\"https:\/\/hslu.ch\/wro\" target=\"_blank\" rel=\"noopener\">: https:\/\/hslu.ch\/wro<\/a> <\/td>\n<\/tr>\n<tr>\n<td align=\"left\" valign=\"top\">Acc\u00e8s<\/td>\n<td align=\"left\">Tu trouveras des informations sur l&rsquo;acc\u00e8s au concours r\u00e9gional ici :<br \/> https:\/\/www.hslu.ch\/de-ch\/informatik\/ueber-uns\/standort\/<\/td>\n<\/tr>\n<tr>\n<td align=\"left\">Infos du partenaire WRO<\/td>\n<td align=\"left\">Promotion MINT de la HSLU <a href=\"https:\/\/hslu.ch\/informatik-mint\" target=\"_blank\" rel=\"noopener\">: https:\/\/hslu.ch\/informatik-mint<\/a><\/td>\n<\/tr>\n<tr>\n<td align=\"left\" valign=\"top\">Partenaires \/ sponsors<\/td>\n<td align=\"left\" valign=\"top\">Nous remercions tous les sponsors et partenaires qui ont rendu possible le Concours r\u00e9gional de Rotkreuz :<\/p>\n<p>&nbsp;<\/p>\n<ul>\n<li><a href=\"https:\/\/hslu.ch\/informatik\">Haute \u00e9cole de Lucerne &#8211; Informatique<\/a><\/li>\n<li><a href=\"https:\/\/www.roche.ch\/standorte\/rotkreuz\/dia-ueberuns.htm\">Roche Diagnostics International AG<\/a><\/li>\n<li><a href=\"https:\/\/www.zg.ch\/behoerden\/gemeinden\/risch-rotkreuz\">Commune de Risch<\/a><\/li>\n<\/ul>\n<\/td>\n<\/tr>\n<\/tbody>\n<\/table>\n<\/div>\n<div class=\"awb-gallery-wrapper awb-gallery-wrapper-1 button-span-no\" style=\"--more-btn-alignment:center;margin-top:20px;\"><div style=\"margin:-28px;--awb-bordersize:0px;--awb-columns-medium:100%;--awb-columns-small:100%;\" class=\"fusion-gallery fusion-gallery-container fusion-grid-3 fusion-columns-total-3 fusion-gallery-layout-grid fusion-gallery-1\"><div style=\"padding:28px;\" class=\"fusion-grid-column fusion-gallery-column fusion-gallery-column-3 hover-type-none\"><div class=\"fusion-gallery-image\"><a href=\"https:\/\/hslu.ch\/informatik\" rel=\"noreferrer\" data-rel=\"iLightbox[gallery_image_1]\" class=\"fusion-lightbox\" target=\"_blank\"><img decoding=\"async\" src=\"https:\/\/wro.swiss\/wp-content\/uploads\/2024\/05\/hslu_whiteBG-scaled.png\" width=\"2560\" height=\"395\" alt=\"Haute \u00e9cole de Lucerne HSLU\" title=\"hslu_whiteBG\" aria-label=\"hslu_whiteBG\" class=\"img-responsive wp-image-13572\" srcset=\"https:\/\/wro.swiss\/wp-content\/uploads\/2024\/05\/hslu_whiteBG-200x31.png 200w, https:\/\/wro.swiss\/wp-content\/uploads\/2024\/05\/hslu_whiteBG-400x62.png 400w, https:\/\/wro.swiss\/wp-content\/uploads\/2024\/05\/hslu_whiteBG-600x93.png 600w, https:\/\/wro.swiss\/wp-content\/uploads\/2024\/05\/hslu_whiteBG-800x123.png 800w, https:\/\/wro.swiss\/wp-content\/uploads\/2024\/05\/hslu_whiteBG-1200x185.png 1200w, https:\/\/wro.swiss\/wp-content\/uploads\/2024\/05\/hslu_whiteBG-scaled.png 2560w\" sizes=\"(min-width: 2200px) 100vw, (min-width: 784px) 381px, (min-width: 712px) 572px, (min-width: 640px) 712px, \" \/><\/a><\/div><\/div><div style=\"padding:28px;\" class=\"fusion-grid-column fusion-gallery-column fusion-gallery-column-3 hover-type-none\"><div class=\"fusion-gallery-image\"><a href=\"https:\/\/www.roche.ch\/standorte\/rotkreuz\/dia-ueberuns.htm\" rel=\"noreferrer\" data-rel=\"iLightbox[gallery_image_1]\" class=\"fusion-lightbox\" target=\"_blank\"><img decoding=\"async\" src=\"https:\/\/wro.swiss\/wp-content\/uploads\/2022\/04\/roche.png\" width=\"709\" height=\"369\" alt=\"\" title=\"roche\" aria-label=\"roche\" class=\"img-responsive wp-image-6854\" srcset=\"https:\/\/wro.swiss\/wp-content\/uploads\/2022\/04\/roche-600x312.png 600w, https:\/\/wro.swiss\/wp-content\/uploads\/2022\/04\/roche.png 709w\" sizes=\"(min-width: 2200px) 100vw, (min-width: 784px) 381px, (min-width: 712px) 572px, (min-width: 640px) 712px, \" \/><\/a><\/div><\/div><div style=\"padding:28px;\" class=\"fusion-grid-column fusion-gallery-column fusion-gallery-column-3 hover-type-none\"><div class=\"fusion-gallery-image\"><a href=\"https:\/\/www.zg.ch\/behoerden\/gemeinden\/risch-rotkreuz\" rel=\"noreferrer\" data-rel=\"iLightbox[gallery_image_1]\" class=\"fusion-lightbox\" target=\"_blank\"><img decoding=\"async\" src=\"https:\/\/wro.swiss\/wp-content\/uploads\/2024\/05\/risch_whiteBG.png\" width=\"221\" height=\"39\" alt=\"\" title=\"risch_whiteBG\" aria-label=\"risch_whiteBG\" class=\"img-responsive wp-image-13564\" srcset=\"https:\/\/wro.swiss\/wp-content\/uploads\/2024\/05\/risch_whiteBG-200x35.png 200w, https:\/\/wro.swiss\/wp-content\/uploads\/2024\/05\/risch_whiteBG.png 221w\" sizes=\"(min-width: 2200px) 100vw, (min-width: 784px) 381px, (min-width: 712px) 572px, (min-width: 640px) 712px, \" \/><\/a><\/div><\/div><div class=\"clearfix\"><\/div><\/div><\/div><\/div><\/div><\/div><\/div>\n","protected":false},"excerpt":{"rendered":"","protected":false},"author":7,"featured_media":0,"parent":4129,"menu_order":0,"comment_status":"closed","ping_status":"closed","template":"100-width.php","meta":{"inline_featured_image":false,"footnotes":""},"wf_page_folders":[],"class_list":["post-20668","page","type-page","status-publish","hentry"],"_links":{"self":[{"href":"https:\/\/wro.swiss\/fr\/wp-json\/wp\/v2\/pages\/20668","targetHints":{"allow":["GET"]}}],"collection":[{"href":"https:\/\/wro.swiss\/fr\/wp-json\/wp\/v2\/pages"}],"about":[{"href":"https:\/\/wro.swiss\/fr\/wp-json\/wp\/v2\/types\/page"}],"author":[{"embeddable":true,"href":"https:\/\/wro.swiss\/fr\/wp-json\/wp\/v2\/users\/7"}],"replies":[{"embeddable":true,"href":"https:\/\/wro.swiss\/fr\/wp-json\/wp\/v2\/comments?post=20668"}],"version-history":[{"count":51,"href":"https:\/\/wro.swiss\/fr\/wp-json\/wp\/v2\/pages\/20668\/revisions"}],"predecessor-version":[{"id":24675,"href":"https:\/\/wro.swiss\/fr\/wp-json\/wp\/v2\/pages\/20668\/revisions\/24675"}],"up":[{"embeddable":true,"href":"https:\/\/wro.swiss\/fr\/wp-json\/wp\/v2\/pages\/4129"}],"wp:attachment":[{"href":"https:\/\/wro.swiss\/fr\/wp-json\/wp\/v2\/media?parent=20668"}],"wp:term":[{"taxonomy":"wf_page_folders","embeddable":true,"href":"https:\/\/wro.swiss\/fr\/wp-json\/wp\/v2\/wf_page_folders?post=20668"}],"curies":[{"name":"wp","href":"https:\/\/api.w.org\/{rel}","templated":true}]}}