{"id":19854,"date":"2025-05-09T09:30:02","date_gmt":"2025-05-09T07:30:02","guid":{"rendered":"https:\/\/wro.swiss\/?page_id=19854"},"modified":"2026-04-14T11:16:58","modified_gmt":"2026-04-14T09:16:58","slug":"concours-regional-bellinzona","status":"publish","type":"page","link":"https:\/\/wro.swiss\/fr\/dates\/concours-regional-bellinzona\/","title":{"rendered":"Concours r\u00e9gional Bellinzona"},"content":{"rendered":"<p><div class=\"fusion-fullwidth fullwidth-box fusion-builder-row-1 fusion-flex-container has-pattern-background has-mask-background nonhundred-percent-fullwidth non-hundred-percent-height-scrolling\" style=\"--awb-border-radius-top-left:0px;--awb-border-radius-top-right:0px;--awb-border-radius-bottom-right:0px;--awb-border-radius-bottom-left:0px;--awb-flex-wrap:wrap;\" ><div class=\"fusion-builder-row fusion-row fusion-flex-align-items-flex-start fusion-flex-content-wrap\" style=\"max-width:1248px;margin-left: calc(-4% \/ 2 );margin-right: calc(-4% \/ 2 );\"><div class=\"fusion-layout-column fusion_builder_column fusion-builder-column-0 fusion_builder_column_1_1 1_1 fusion-flex-column\" style=\"--awb-bg-size:cover;--awb-width-large:100%;--awb-margin-top-large:0px;--awb-spacing-right-large:1.92%;--awb-margin-bottom-large:20px;--awb-spacing-left-large:1.92%;--awb-width-medium:100%;--awb-order-medium:0;--awb-spacing-right-medium:1.92%;--awb-spacing-left-medium:1.92%;--awb-width-small:100%;--awb-order-small:0;--awb-spacing-right-small:1.92%;--awb-spacing-left-small:1.92%;\"><div class=\"fusion-column-wrapper fusion-column-has-shadow fusion-flex-justify-content-flex-start fusion-content-layout-column\">\n<div class=\"table-2\">\n<table width=\"100%\">\n<tbody>\n<tr>\n<td align=\"left\" valign=\"top\">Cat\u00e9gorie(s) de concours<\/td>\n<td align=\"left\"><strong><span style=\"color: #ff9933;\">RoboMission<\/span> \/ <span style=\"color: #8a00db;\">Starter<\/span> \/ <span style=\"color: #ff3333;\">Future Innovators<\/span><\/strong><\/td>\n<\/tr>\n<tr>\n<td align=\"left\" valign=\"top\">Organisateur<\/td>\n<td align=\"left\" valign=\"top\"><a href=\"https:\/\/robo-si.ch\/wro\">Robo-Si<\/a><\/td>\n<\/tr>\n<tr>\n<td align=\"left\">Date<\/td>\n<td align=\"left\">25 avril 2026<\/td>\n<\/tr>\n<tr>\n<td align=\"left\" valign=\"top\">Adresse<\/td>\n<td align=\"left\">Auditorium SSSE Bellinzona<br \/>Viale Stefano Franscini 32<br \/>6501 Bellinzona<\/td>\n<\/tr>\n<tr>\n<td align=\"left\">Google Maps<\/td>\n<td align=\"left\"><a href=\"https:\/\/s.geo.admin.ch\/s2mtzll8dr1e\" target=\"_blank\" rel=\"noopener\">https:\/\/s.geo.admin.ch\/s2mtzll8dr1e<\/a><\/td>\n<\/tr>\n<tr>\n<td align=\"left\" valign=\"top\">Contact<\/td>\n<td align=\"left\"><a href=\"mailto:info@robo-si.ch\">info@robo-si.ch<\/a> (Roberto Otupacca)<\/td>\n<\/tr>\n<tr>\n<td align=\"left\" valign=\"top\">Horaire<\/td>\n<td align=\"left\">07:40 Arriv\u00e9e des \u00e9quipes Junior et Senior<br \/>09:00 Arriv\u00e9e des \u00e9quipes Future Innovators <br \/>12:00 Arriv\u00e9e des \u00e9quipes <br \/>\u00e0 partir de 09:00 Acc\u00e8s pour les spectateurs<br \/>\u00e0 partir de 10:00 Concours<br \/>16:20 Remise des prix<\/td>\n<\/tr>\n<tr>\n<td align=\"left\" valign=\"top\">Avis aux visiteurs<\/td>\n<td align=\"left\">Tous les concours r\u00e9gionaux de la World Robot Olympiad sont en principe ouverts au public. Nous nous r\u00e9jouissons de ta visite <\/td>\n<\/tr>\n<tr>\n<td align=\"left\" valign=\"top\">Arriv\u00e9e<\/td>\n<td align=\"left\">L&rsquo;auditorium de la SSSE \u00e0 Bellizona se trouve \u00e0 environ 15 minutes \u00e0 pied de la gare<a href=\"https:\/\/www.sbb.ch\/it?stops=~Bellinzona,+Scuola+Cantonale+di+Commercio,+Viale+Stefano+Franscini\" target=\"_blank\" rel=\"noopener\">(lien vers les horaires des transports publics<\/a>).<br \/><a href=\"https:\/\/s.geo.admin.ch\/s2mtzll8dr1e\" target=\"_blank\" rel=\"noopener\">D\u00e9tails<\/a><\/td>\n<\/tr>\n<\/tbody>\n<\/table>\n<\/div>\n<\/div><\/div><\/div><\/div><div class=\"fusion-fullwidth fullwidth-box fusion-builder-row-2 fusion-flex-container has-pattern-background has-mask-background nonhundred-percent-fullwidth non-hundred-percent-height-scrolling\" style=\"--awb-border-radius-top-left:0px;--awb-border-radius-top-right:0px;--awb-border-radius-bottom-right:0px;--awb-border-radius-bottom-left:0px;--awb-background-color:var(--awb-color8);--awb-flex-wrap:wrap;\" ><div class=\"fusion-builder-row fusion-row fusion-flex-align-items-flex-start fusion-flex-content-wrap\" style=\"max-width:1248px;margin-left: calc(-4% \/ 2 );margin-right: calc(-4% \/ 2 );\"><div class=\"fusion-layout-column fusion_builder_column fusion-builder-column-1 fusion_builder_column_1_1 1_1 fusion-flex-column\" style=\"--awb-bg-size:cover;--awb-width-large:100%;--awb-margin-top-large:0px;--awb-spacing-right-large:1.92%;--awb-margin-bottom-large:20px;--awb-spacing-left-large:1.92%;--awb-width-medium:100%;--awb-order-medium:0;--awb-spacing-right-medium:1.92%;--awb-spacing-left-medium:1.92%;--awb-width-small:100%;--awb-order-small:0;--awb-spacing-right-small:1.92%;--awb-spacing-left-small:1.92%;\"><div class=\"fusion-column-wrapper fusion-column-has-shadow fusion-flex-justify-content-flex-start fusion-content-layout-column\"><div class=\"awb-gallery-wrapper awb-gallery-wrapper-1 button-span-no\" style=\"--more-btn-alignment:center;margin-top:20px;\"><div style=\"margin:-10px;--awb-bordersize:0px;--awb-columns-medium:100%;--awb-columns-small:100%;\" class=\"fusion-gallery fusion-gallery-container fusion-grid-3 fusion-columns-total-4 fusion-gallery-layout-grid fusion-gallery-1\"><div style=\"padding:10px;\" class=\"fusion-grid-column fusion-gallery-column fusion-gallery-column-3 hover-type-none\"><div class=\"fusion-gallery-image\"><a href=\"https:\/\/wro.swiss\/wp-content\/uploads\/2025\/05\/swisslos.jpg\" rel=\"noreferrer\" data-rel=\"iLightbox[gallery_image_1]\" class=\"fusion-lightbox\" target=\"_self\"><img decoding=\"async\" src=\"https:\/\/wro.swiss\/wp-content\/uploads\/2025\/05\/swisslos.jpg\" width=\"886\" height=\"422\" alt=\"Swisslos\" title=\"swisslos\" aria-label=\"swisslos\" class=\"img-responsive wp-image-20077\" srcset=\"https:\/\/wro.swiss\/wp-content\/uploads\/2025\/05\/swisslos-200x95.jpg 200w, https:\/\/wro.swiss\/wp-content\/uploads\/2025\/05\/swisslos-400x191.jpg 400w, https:\/\/wro.swiss\/wp-content\/uploads\/2025\/05\/swisslos-600x286.jpg 600w, https:\/\/wro.swiss\/wp-content\/uploads\/2025\/05\/swisslos-800x381.jpg 800w, https:\/\/wro.swiss\/wp-content\/uploads\/2025\/05\/swisslos.jpg 886w\" sizes=\"(min-width: 2200px) 100vw, (min-width: 784px) 393px, (min-width: 712px) 590px, (min-width: 640px) 712px, \" \/><\/a><\/div><\/div><div style=\"padding:10px;\" class=\"fusion-grid-column fusion-gallery-column fusion-gallery-column-3 hover-type-none\"><div class=\"fusion-gallery-image\"><a href=\"https:\/\/wro.swiss\/wp-content\/uploads\/2025\/05\/logo-cptb.png\" rel=\"noreferrer\" data-rel=\"iLightbox[gallery_image_1]\" class=\"fusion-lightbox\" target=\"_self\"><img decoding=\"async\" src=\"https:\/\/wro.swiss\/wp-content\/uploads\/2025\/05\/logo-cptb.png\" width=\"133\" height=\"52\" alt=\"\" title=\"logo-cptb\" aria-label=\"logo-cptb\" class=\"img-responsive wp-image-20073\"  \/><\/a><\/div><\/div><div style=\"padding:10px;\" class=\"fusion-grid-column fusion-gallery-column fusion-gallery-column-3 hover-type-none\"><div class=\"fusion-gallery-image\"><a href=\"https:\/\/wro.swiss\/wp-content\/uploads\/2025\/05\/grisuf.svg\" rel=\"noreferrer\" data-rel=\"iLightbox[gallery_image_1]\" class=\"fusion-lightbox\" target=\"_self\"><img decoding=\"async\" src=\"https:\/\/wro.swiss\/wp-content\/uploads\/2025\/05\/grisuf.svg\" width=\"3916\" height=\"1550\" alt=\"Gris\u00f9\" title=\"grisu\" aria-label=\"grisu\" class=\"img-responsive wp-image-20061\"  \/><\/a><\/div><\/div><div class=\"clearfix\"><\/div><div style=\"padding:10px;\" class=\"fusion-grid-column fusion-gallery-column fusion-gallery-column-3 hover-type-none\"><div class=\"fusion-gallery-image\"><a href=\"https:\/\/wro.swiss\/wp-content\/uploads\/2025\/05\/header-logo-ssse.png\" rel=\"noreferrer\" data-rel=\"iLightbox[gallery_image_1]\" class=\"fusion-lightbox\" target=\"_self\"><img decoding=\"async\" src=\"https:\/\/wro.swiss\/wp-content\/uploads\/2025\/05\/header-logo-ssse.png\" width=\"1116\" height=\"148\" alt=\"Scuola Speciale Superiore di E\" title=\"header-logo-ssse\" aria-label=\"header-logo-ssse\" class=\"img-responsive wp-image-20065\" srcset=\"https:\/\/wro.swiss\/wp-content\/uploads\/2025\/05\/header-logo-ssse-200x27.png 200w, https:\/\/wro.swiss\/wp-content\/uploads\/2025\/05\/header-logo-ssse-400x53.png 400w, https:\/\/wro.swiss\/wp-content\/uploads\/2025\/05\/header-logo-ssse-600x80.png 600w, https:\/\/wro.swiss\/wp-content\/uploads\/2025\/05\/header-logo-ssse-800x106.png 800w, https:\/\/wro.swiss\/wp-content\/uploads\/2025\/05\/header-logo-ssse.png 1116w\" sizes=\"(min-width: 2200px) 100vw, (min-width: 784px) 393px, (min-width: 712px) 590px, (min-width: 640px) 712px, \" \/><\/a><\/div><\/div><\/div><\/div><\/div><\/div><\/div><\/div><\/p>\n","protected":false},"excerpt":{"rendered":"","protected":false},"author":12,"featured_media":0,"parent":4129,"menu_order":0,"comment_status":"closed","ping_status":"closed","template":"100-width.php","meta":{"inline_featured_image":false,"footnotes":""},"wf_page_folders":[],"class_list":["post-19854","page","type-page","status-publish","hentry"],"_links":{"self":[{"href":"https:\/\/wro.swiss\/fr\/wp-json\/wp\/v2\/pages\/19854","targetHints":{"allow":["GET"]}}],"collection":[{"href":"https:\/\/wro.swiss\/fr\/wp-json\/wp\/v2\/pages"}],"about":[{"href":"https:\/\/wro.swiss\/fr\/wp-json\/wp\/v2\/types\/page"}],"author":[{"embeddable":true,"href":"https:\/\/wro.swiss\/fr\/wp-json\/wp\/v2\/users\/12"}],"replies":[{"embeddable":true,"href":"https:\/\/wro.swiss\/fr\/wp-json\/wp\/v2\/comments?post=19854"}],"version-history":[{"count":47,"href":"https:\/\/wro.swiss\/fr\/wp-json\/wp\/v2\/pages\/19854\/revisions"}],"predecessor-version":[{"id":24913,"href":"https:\/\/wro.swiss\/fr\/wp-json\/wp\/v2\/pages\/19854\/revisions\/24913"}],"up":[{"embeddable":true,"href":"https:\/\/wro.swiss\/fr\/wp-json\/wp\/v2\/pages\/4129"}],"wp:attachment":[{"href":"https:\/\/wro.swiss\/fr\/wp-json\/wp\/v2\/media?parent=19854"}],"wp:term":[{"taxonomy":"wf_page_folders","embeddable":true,"href":"https:\/\/wro.swiss\/fr\/wp-json\/wp\/v2\/wf_page_folders?post=19854"}],"curies":[{"name":"wp","href":"https:\/\/api.w.org\/{rel}","templated":true}]}}