{"id":18967,"date":"2024-04-02T21:13:12","date_gmt":"2024-04-02T19:13:12","guid":{"rendered":"https:\/\/wro.swiss\/regio-allschwil\/"},"modified":"2026-04-14T11:46:06","modified_gmt":"2026-04-14T09:46:06","slug":"concours-regional-allschwil","status":"publish","type":"page","link":"https:\/\/wro.swiss\/fr\/dates\/concours-regional-allschwil\/","title":{"rendered":"Concours r\u00e9gional Allschwil"},"content":{"rendered":"<p><div class=\"fusion-fullwidth fullwidth-box fusion-builder-row-1 fusion-flex-container has-pattern-background has-mask-background nonhundred-percent-fullwidth non-hundred-percent-height-scrolling\" style=\"--awb-border-radius-top-left:0px;--awb-border-radius-top-right:0px;--awb-border-radius-bottom-right:0px;--awb-border-radius-bottom-left:0px;--awb-flex-wrap:wrap;\" ><div class=\"fusion-builder-row fusion-row fusion-flex-align-items-flex-start fusion-flex-content-wrap\" style=\"max-width:1248px;margin-left: calc(-4% \/ 2 );margin-right: calc(-4% \/ 2 );\"><div class=\"fusion-layout-column fusion_builder_column fusion-builder-column-0 fusion_builder_column_1_1 1_1 fusion-flex-column\" style=\"--awb-bg-size:cover;--awb-width-large:100%;--awb-margin-top-large:0px;--awb-spacing-right-large:1.92%;--awb-margin-bottom-large:20px;--awb-spacing-left-large:1.92%;--awb-width-medium:100%;--awb-order-medium:0;--awb-spacing-right-medium:1.92%;--awb-spacing-left-medium:1.92%;--awb-width-small:100%;--awb-order-small:0;--awb-spacing-right-small:1.92%;--awb-spacing-left-small:1.92%;\"><div class=\"fusion-column-wrapper fusion-column-has-shadow fusion-flex-justify-content-flex-start fusion-content-layout-column\">\n<div class=\"table-2\">\n<table width=\"100%\">\n<tbody>\n<tr>\n<td align=\"left\">Cat\u00e9gorie(s) de concours<\/td>\n<td align=\"left\"><span style=\"color: #ff9933;\"><strong>RoboMission<\/strong><\/span><\/td>\n<\/tr>\n<tr>\n<td align=\"left\">Partenaires WRO \/ Organisateurs<\/td>\n<td align=\"left\">ICT Campus Chambre de commerce des deux B\u00e2le<\/td>\n<\/tr>\n<tr>\n<td align=\"left\">Date<\/td>\n<td align=\"left\">25 avril 2026<\/td>\n<\/tr>\n<tr>\n<td align=\"left\">Lieu<\/td>\n<td align=\"left\">Suisse Innovation Park Basel Area Site Main Campus<br \/>Hegenheimermattweg 167b<br \/>4123 Allschwil<br \/>Dans la cour int\u00e9rieure du b\u00e2timent au rez-de-chauss\u00e9e pr\u00e8s de l&rsquo;entr\u00e9e B<\/td>\n<\/tr>\n<tr>\n<td align=\"left\">Contact<\/td>\n<td align=\"left\"><a href=\"mailto:pascal.tomasovic@ict-scouts.ch\">Pascal Tomasovic<\/a><\/td>\n<\/tr>\n<tr>\n<td align=\"left\">Programme<\/td>\n<td align=\"left\">08:15 Arriv\u00e9e, installation des postes de travail<br \/>08:45 Ouverture, pr\u00e9sentation de la t\u00e2che surprise<br \/>10:45 1\u00e8re manche du concours<br \/>12:10 D\u00e9jeuner<br \/>13:10 2\u00e8me manche du concours<br \/>14:20 3\u00e8me manche du concours<br \/>15:30 4\u00e8me manche du concours<br \/>16:15 Proclamation des r\u00e9sultats<\/p>\n<p><strong style=\"font-family: inherit; font-size: inherit;\">Horaire d\u00e9taill\u00e9 suivra<br \/><\/strong>(sous r\u00e9serve de modifications).<\/td>\n<\/tr>\n<tr>\n<td align=\"left\">Avis aux visiteurs<\/td>\n<td align=\"left\">Toutes les comp\u00e9titions r\u00e9gionales des World Robot Olympiad sont en principe ouvertes au public.<br \/>Nous nous r\u00e9jouissons de ta visite.<\/td>\n<\/tr>\n<tr>\n<td align=\"left\">Arriv\u00e9e<\/td>\n<td align=\"left\"><iframe style=\"border: 0;\" src=\"https:\/\/www.google.com\/maps\/embed?pb=!1m14!1m8!1m3!1d1346.1842995894883!2d7.5497909!3d47.5606163!3m2!1i1024!2i768!4f13.1!3m3!1m2!1s0x4791b923b1dd201d%3A0xe198133b11bc5480!2sHegenheimermattweg%20167b%2C%204123%20Allschwil!5e0!3m2!1sde!2sch!4v1712083447869!5m2!1sde!2sch\" width=\"600\" height=\"450\" allowfullscreen=\"allowfullscreen\"><\/iframe><\/p>\n<p>&nbsp;<\/p>\n<p>&nbsp;<\/p>\n<p><strong>Acc\u00e8s par les transports publics :<\/strong><br \/>Bus : Allschwil, Kreuzstrasse<a href=\"https:\/\/www.sbb.ch\/de?nach=Allschwil,%20Kreuzstrasse\">(horaire CFF<\/a>)<br \/><img decoding=\"async\" class=\"alignnone size-medium wp-image-19036\" src=\"https:\/\/wro.swiss\/wp-content\/uploads\/2025\/05\/Lageplan_Allschwil-460x295.png\" alt=\"\" width=\"460\" height=\"295\"><\/p>\n<\/td>\n<\/tr>\n<\/tbody>\n<\/table>\n<\/div>\n<\/div><\/div><\/div><\/div><div class=\"fusion-fullwidth fullwidth-box fusion-builder-row-2 fusion-flex-container has-pattern-background has-mask-background nonhundred-percent-fullwidth non-hundred-percent-height-scrolling\" style=\"--awb-border-radius-top-left:0px;--awb-border-radius-top-right:0px;--awb-border-radius-bottom-right:0px;--awb-border-radius-bottom-left:0px;--awb-background-color:var(--awb-color8);--awb-flex-wrap:wrap;\" ><div class=\"fusion-builder-row fusion-row fusion-flex-align-items-flex-start fusion-flex-content-wrap\" style=\"max-width:1248px;margin-left: calc(-4% \/ 2 );margin-right: calc(-4% \/ 2 );\"><div class=\"fusion-layout-column fusion_builder_column fusion-builder-column-1 fusion_builder_column_1_1 1_1 fusion-flex-column\" style=\"--awb-bg-size:cover;--awb-width-large:100%;--awb-margin-top-large:0px;--awb-spacing-right-large:1.92%;--awb-margin-bottom-large:20px;--awb-spacing-left-large:1.92%;--awb-width-medium:100%;--awb-order-medium:0;--awb-spacing-right-medium:1.92%;--awb-spacing-left-medium:1.92%;--awb-width-small:100%;--awb-order-small:0;--awb-spacing-right-small:1.92%;--awb-spacing-left-small:1.92%;\"><div class=\"fusion-column-wrapper fusion-column-has-shadow fusion-flex-justify-content-flex-start fusion-content-layout-column\"><div class=\"awb-gallery-wrapper awb-gallery-wrapper-1 button-span-no\" style=\"--more-btn-alignment:center;margin-top:20px;\"><div style=\"margin:-10px;--awb-bordersize:0px;--awb-columns-medium:100%;--awb-columns-small:100%;\" class=\"fusion-gallery fusion-gallery-container fusion-grid-3 fusion-columns-total-3 fusion-gallery-layout-grid fusion-gallery-1\"><div style=\"padding:10px;\" class=\"fusion-grid-column fusion-gallery-column fusion-gallery-column-3 hover-type-none\"><div class=\"fusion-gallery-image\"><a href=\"https:\/\/wro.swiss\/wp-content\/uploads\/2025\/05\/HKBB_LogowhiteBG.png\" rel=\"noreferrer\" data-rel=\"iLightbox[gallery_image_1]\" class=\"fusion-lightbox\" target=\"_self\"><img decoding=\"async\" src=\"https:\/\/wro.swiss\/wp-content\/uploads\/2025\/05\/HKBB_LogowhiteBG.png\" width=\"1920\" height=\"408\" alt=\"Chambre de commerce des deux B\u00e2le\" title=\"HKBB_LogowhiteBG\" aria-label=\"HKBB_LogowhiteBG\" class=\"img-responsive wp-image-19120\" srcset=\"https:\/\/wro.swiss\/wp-content\/uploads\/2025\/05\/HKBB_LogowhiteBG-200x43.png 200w, https:\/\/wro.swiss\/wp-content\/uploads\/2025\/05\/HKBB_LogowhiteBG-400x85.png 400w, https:\/\/wro.swiss\/wp-content\/uploads\/2025\/05\/HKBB_LogowhiteBG-600x128.png 600w, https:\/\/wro.swiss\/wp-content\/uploads\/2025\/05\/HKBB_LogowhiteBG-800x170.png 800w, https:\/\/wro.swiss\/wp-content\/uploads\/2025\/05\/HKBB_LogowhiteBG-1200x255.png 1200w, https:\/\/wro.swiss\/wp-content\/uploads\/2025\/05\/HKBB_LogowhiteBG.png 1920w\" sizes=\"(min-width: 2200px) 100vw, (min-width: 784px) 393px, (min-width: 712px) 590px, (min-width: 640px) 712px, \" \/><\/a><\/div><\/div><div style=\"padding:10px;\" class=\"fusion-grid-column fusion-gallery-column fusion-gallery-column-3 hover-type-none\"><div class=\"fusion-gallery-image\"><a href=\"https:\/\/wro.swiss\/wp-content\/uploads\/2024\/04\/Basel-Landschaft_Logo.png\" rel=\"noreferrer\" data-rel=\"iLightbox[gallery_image_1]\" class=\"fusion-lightbox\" target=\"_self\"><img decoding=\"async\" src=\"https:\/\/wro.swiss\/wp-content\/uploads\/2024\/04\/Basel-Landschaft_Logo.png\" width=\"489\" height=\"115\" alt=\"Canton de B\u00e2le-Campagne\" title=\"B\u00e2le-Campagne_Logo\" aria-label=\"B\u00e2le-Campagne_Logo\" class=\"img-responsive wp-image-13079\" srcset=\"https:\/\/wro.swiss\/wp-content\/uploads\/2024\/04\/Basel-Landschaft_Logo-200x47.png 200w, https:\/\/wro.swiss\/wp-content\/uploads\/2024\/04\/Basel-Landschaft_Logo-400x94.png 400w, https:\/\/wro.swiss\/wp-content\/uploads\/2024\/04\/Basel-Landschaft_Logo.png 489w\" sizes=\"(min-width: 2200px) 100vw, (min-width: 784px) 393px, (min-width: 712px) 590px, (min-width: 640px) 712px, \" \/><\/a><\/div><\/div><div style=\"padding:10px;\" class=\"fusion-grid-column fusion-gallery-column fusion-gallery-column-3 hover-type-none\"><div class=\"fusion-gallery-image\"><a href=\"https:\/\/wro.swiss\/wp-content\/uploads\/2024\/04\/Logo_NorthC.png\" rel=\"noreferrer\" data-rel=\"iLightbox[gallery_image_1]\" class=\"fusion-lightbox\" target=\"_self\"><img decoding=\"async\" src=\"https:\/\/wro.swiss\/wp-content\/uploads\/2024\/04\/Logo_NorthC.png\" width=\"300\" height=\"66\" alt=\"NorthC\" title=\"Logo_NorthC\" aria-label=\"Logo_NorthC\" class=\"img-responsive wp-image-13071\" srcset=\"https:\/\/wro.swiss\/wp-content\/uploads\/2024\/04\/Logo_NorthC-200x44.png 200w, https:\/\/wro.swiss\/wp-content\/uploads\/2024\/04\/Logo_NorthC.png 300w\" sizes=\"(min-width: 2200px) 100vw, (min-width: 784px) 393px, (min-width: 712px) 590px, (min-width: 640px) 712px, \" \/><\/a><\/div><\/div><div class=\"clearfix\"><\/div><\/div><\/div><\/div><\/div><\/div><\/div><\/p>\n","protected":false},"excerpt":{"rendered":"","protected":false},"author":7,"featured_media":0,"parent":4129,"menu_order":0,"comment_status":"closed","ping_status":"closed","template":"100-width.php","meta":{"inline_featured_image":false,"footnotes":""},"wf_page_folders":[],"class_list":["post-18967","page","type-page","status-publish","hentry"],"_links":{"self":[{"href":"https:\/\/wro.swiss\/fr\/wp-json\/wp\/v2\/pages\/18967","targetHints":{"allow":["GET"]}}],"collection":[{"href":"https:\/\/wro.swiss\/fr\/wp-json\/wp\/v2\/pages"}],"about":[{"href":"https:\/\/wro.swiss\/fr\/wp-json\/wp\/v2\/types\/page"}],"author":[{"embeddable":true,"href":"https:\/\/wro.swiss\/fr\/wp-json\/wp\/v2\/users\/7"}],"replies":[{"embeddable":true,"href":"https:\/\/wro.swiss\/fr\/wp-json\/wp\/v2\/comments?post=18967"}],"version-history":[{"count":91,"href":"https:\/\/wro.swiss\/fr\/wp-json\/wp\/v2\/pages\/18967\/revisions"}],"predecessor-version":[{"id":24979,"href":"https:\/\/wro.swiss\/fr\/wp-json\/wp\/v2\/pages\/18967\/revisions\/24979"}],"up":[{"embeddable":true,"href":"https:\/\/wro.swiss\/fr\/wp-json\/wp\/v2\/pages\/4129"}],"wp:attachment":[{"href":"https:\/\/wro.swiss\/fr\/wp-json\/wp\/v2\/media?parent=18967"}],"wp:term":[{"taxonomy":"wf_page_folders","embeddable":true,"href":"https:\/\/wro.swiss\/fr\/wp-json\/wp\/v2\/wf_page_folders?post=18967"}],"curies":[{"name":"wp","href":"https:\/\/api.w.org\/{rel}","templated":true}]}}