{"id":18901,"date":"2025-05-03T18:12:33","date_gmt":"2025-05-03T16:12:33","guid":{"rendered":"https:\/\/wro.swiss\/?page_id=18901"},"modified":"2026-04-23T08:13:38","modified_gmt":"2026-04-23T06:13:38","slug":"concours-regional-messen","status":"publish","type":"page","link":"https:\/\/wro.swiss\/fr\/dates\/concours-regional-messen\/","title":{"rendered":"Concours r\u00e9gional Messen"},"content":{"rendered":"<div class=\"fusion-fullwidth fullwidth-box fusion-builder-row-1 fusion-flex-container has-pattern-background has-mask-background nonhundred-percent-fullwidth non-hundred-percent-height-scrolling\" style=\"--awb-border-radius-top-left:0px;--awb-border-radius-top-right:0px;--awb-border-radius-bottom-right:0px;--awb-border-radius-bottom-left:0px;--awb-flex-wrap:wrap;\" ><div class=\"fusion-builder-row fusion-row fusion-flex-align-items-flex-start fusion-flex-content-wrap\" style=\"max-width:1248px;margin-left: calc(-4% \/ 2 );margin-right: calc(-4% \/ 2 );\"><div class=\"fusion-layout-column fusion_builder_column fusion-builder-column-0 fusion_builder_column_1_1 1_1 fusion-flex-column\" style=\"--awb-bg-size:cover;--awb-width-large:100%;--awb-margin-top-large:0px;--awb-spacing-right-large:1.92%;--awb-margin-bottom-large:20px;--awb-spacing-left-large:1.92%;--awb-width-medium:100%;--awb-order-medium:0;--awb-spacing-right-medium:1.92%;--awb-spacing-left-medium:1.92%;--awb-width-small:100%;--awb-order-small:0;--awb-spacing-right-small:1.92%;--awb-spacing-left-small:1.92%;\"><div class=\"fusion-column-wrapper fusion-column-has-shadow fusion-flex-justify-content-flex-start fusion-content-layout-column\">\n<div class=\"table-2\">\n<table width=\"100%\">\n<thead>\n<tr>\n<th align=\"left\">Cat\u00e9gorie(s) de concours<\/th>\n<th align=\"left\"><strong>RoboMission<\/strong><\/th>\n<\/tr>\n<\/thead>\n<tbody>\n<tr>\n<td align=\"left\">Organisateur<\/td>\n<td align=\"left\">WRO in Messen<\/td>\n<\/tr>\n<tr>\n<td align=\"left\">Date<\/td>\n<td align=\"left\">2 mai 2026<\/td>\n<\/tr>\n<tr>\n<td align=\"left\">Lieu\/Adresse<\/td>\n<td align=\"left\">Salle polyvalente B\u00fchl<br \/>Schulhausweg 2a<br \/>3254 Messen (SO)<\/td>\n<\/tr>\n<tr>\n<td align=\"left\">Google Maps<\/td>\n<td align=\"left\"><iframe style=\"border: 0;\" src=\"https:\/\/www.google.com\/maps\/embed?pb=!1m18!1m12!1m3!1d2716.480533598879!2d7.446927600000001!3d47.08964960000001!2m3!1f0!2f0!3f0!3m2!1i1024!2i768!4f13.1!3m3!1m2!1s0x478e24562ac0366f%3A0x42b2c0661e2f2e6e!2sSchulhausweg%202%2C%203254%20Messen!5e0!3m2!1sde!2sch!4v1746289356974!5m2!1sde!2sch\" width=\"400\" height=\"300\" allowfullscreen=\"allowfullscreen\"><\/iframe><\/td>\n<\/tr>\n<tr>\n<td align=\"left\">Contact<\/td>\n<td align=\"left\"><a href=\"mailto:beat.cantieni@schulebucheggberg.ch\">Beat Cantieni<\/a><br \/>Mobile : +41 79 514 43 59<\/td>\n<\/tr>\n<tr>\n<td align=\"left\">Horaire<\/td>\n<td align=\"left\">\n<p>08:00 Arriv\u00e9e, installation des postes de travail<br \/>08:30 Ouverture, pr\u00e9sentation de la t\u00e2che surprise<br \/>11:00 1\u00e8re manche du concours<br \/>11:30 D\u00e9jeuner<br \/>13:45 2\u00e8me manche du concours<br \/>15:00 3\u00e8me manche du concours<br \/>16:15 4\u00e8me manche du concours<br \/>17:15 Annonce du classement<br \/>17:45 Fin de la manifestation<\/p>\n<p>&nbsp;<\/p>\n<p><strong><a href=\"https:\/\/wro.swiss\/wp-content\/uploads\/2026\/04\/Zeitplan-Messen-2026.pdf\">Horaire d\u00e9taill\u00e9<\/a><\/strong><\/p>\n<\/td>\n<\/tr>\n<tr>\n<td align=\"left\">Avis aux visiteurs<\/td>\n<td align=\"left\">Tous les concours r\u00e9gionaux de la World Robot Olympiad sont en principe ouverts au public. Nous nous r\u00e9jouissons de ta visite ! <\/td>\n<\/tr>\n<tr>\n<td align=\"left\">Arriv\u00e9e<\/td>\n<td align=\"left\">\n<ul>\n<li><a href=\"https:\/\/www.sbb.ch\/de?nach=3254%20Messen,%20Schulhausweg%202\">Horaire CFF<\/a><\/li>\n<li>Il y a des places de parking devant et \u00e0 c\u00f4t\u00e9 du hall<\/li>\n<\/ul>\n<\/td>\n<\/tr>\n<tr>\n<td align=\"left\">Actualit\u00e9s \/ lien vers les \u00e9v\u00e9nements \/ infos du partenaire WRO<\/td>\n<td align=\"left\">\u00ab\u00a0WRO in Messen\u00a0\u00bb est un groupe de parents qui ont des enfants dans l&rsquo;offre de midi WRO de l&rsquo;\u00e9cole de Messen. Par leur engagement, ils veulent permettre \u00e0 leurs enfants de se mesurer \u00e0 d&rsquo;autres en mati\u00e8re de programmation et de construction de robots Lego. <\/td>\n<\/tr>\n<tr>\n<td align=\"left\">Partenaires de soutien<\/td>\n<td align=\"left\">Gr\u00e2ce au soutien des partenaires suivants, le World Robot Olympiad peut avoir lieu dans des salons :<\/p>\n<p>&nbsp;<\/p>\n<p>&nbsp;<\/p>\n<ul>\n<li>Association scolaire Bucheggberg<\/li>\n<li>Commune d&rsquo;habitants de Messen<\/li>\n<\/ul>\n<p>Merci beaucoup !<\/p>\n<\/td>\n<\/tr>\n<\/tbody>\n<\/table>\n<\/div>\n<\/div><\/div><\/div><\/div>\n","protected":false},"excerpt":{"rendered":"","protected":false},"author":12,"featured_media":0,"parent":4129,"menu_order":0,"comment_status":"closed","ping_status":"closed","template":"100-width.php","meta":{"inline_featured_image":false,"footnotes":""},"wf_page_folders":[],"class_list":["post-18901","page","type-page","status-publish","hentry"],"_links":{"self":[{"href":"https:\/\/wro.swiss\/fr\/wp-json\/wp\/v2\/pages\/18901","targetHints":{"allow":["GET"]}}],"collection":[{"href":"https:\/\/wro.swiss\/fr\/wp-json\/wp\/v2\/pages"}],"about":[{"href":"https:\/\/wro.swiss\/fr\/wp-json\/wp\/v2\/types\/page"}],"author":[{"embeddable":true,"href":"https:\/\/wro.swiss\/fr\/wp-json\/wp\/v2\/users\/12"}],"replies":[{"embeddable":true,"href":"https:\/\/wro.swiss\/fr\/wp-json\/wp\/v2\/comments?post=18901"}],"version-history":[{"count":45,"href":"https:\/\/wro.swiss\/fr\/wp-json\/wp\/v2\/pages\/18901\/revisions"}],"predecessor-version":[{"id":25319,"href":"https:\/\/wro.swiss\/fr\/wp-json\/wp\/v2\/pages\/18901\/revisions\/25319"}],"up":[{"embeddable":true,"href":"https:\/\/wro.swiss\/fr\/wp-json\/wp\/v2\/pages\/4129"}],"wp:attachment":[{"href":"https:\/\/wro.swiss\/fr\/wp-json\/wp\/v2\/media?parent=18901"}],"wp:term":[{"taxonomy":"wf_page_folders","embeddable":true,"href":"https:\/\/wro.swiss\/fr\/wp-json\/wp\/v2\/wf_page_folders?post=18901"}],"curies":[{"name":"wp","href":"https:\/\/api.w.org\/{rel}","templated":true}]}}