{"id":18836,"date":"2025-05-03T16:04:39","date_gmt":"2025-05-03T14:04:39","guid":{"rendered":"https:\/\/wro.swiss\/?page_id=18836"},"modified":"2026-04-13T12:34:11","modified_gmt":"2026-04-13T10:34:11","slug":"concours-regional-thun","status":"publish","type":"page","link":"https:\/\/wro.swiss\/fr\/dates\/concours-regional-thun\/","title":{"rendered":"Concours r\u00e9gional Thun"},"content":{"rendered":"<div class=\"fusion-fullwidth fullwidth-box fusion-builder-row-1 fusion-flex-container has-pattern-background has-mask-background nonhundred-percent-fullwidth non-hundred-percent-height-scrolling\" style=\"--awb-border-radius-top-left:0px;--awb-border-radius-top-right:0px;--awb-border-radius-bottom-right:0px;--awb-border-radius-bottom-left:0px;--awb-flex-wrap:wrap;\" ><div class=\"fusion-builder-row fusion-row fusion-flex-align-items-flex-start fusion-flex-content-wrap\" style=\"max-width:1248px;margin-left: calc(-4% \/ 2 );margin-right: calc(-4% \/ 2 );\"><div class=\"fusion-layout-column fusion_builder_column fusion-builder-column-0 fusion_builder_column_1_1 1_1 fusion-flex-column\" style=\"--awb-bg-size:cover;--awb-width-large:100%;--awb-margin-top-large:0px;--awb-spacing-right-large:1.92%;--awb-margin-bottom-large:20px;--awb-spacing-left-large:1.92%;--awb-width-medium:100%;--awb-order-medium:0;--awb-spacing-right-medium:1.92%;--awb-spacing-left-medium:1.92%;--awb-width-small:100%;--awb-order-small:0;--awb-spacing-right-small:1.92%;--awb-spacing-left-small:1.92%;\"><div class=\"fusion-column-wrapper fusion-column-has-shadow fusion-flex-justify-content-flex-start fusion-content-layout-column\">\n<div class=\"table-2\">\n<table width=\"100%\">\n<thead>\n<tr>\n<th align=\"left\">Cat\u00e9gorie(s) de concours<\/th>\n<th align=\"left\"><strong>RoboMission<\/strong><\/th>\n<\/tr>\n<\/thead>\n<tbody>\n<tr>\n<td align=\"left\">Organisateur<\/td>\n<td align=\"left\"><a href=\"https:\/\/www.ict-scouts.ch\/de\/campus\/thun.php\">Scouts TIC<\/a><\/td>\n<\/tr>\n<tr>\n<td align=\"left\">Date<\/td>\n<td align=\"left\">10 mai 2026<\/td>\n<\/tr>\n<tr>\n<td align=\"left\">Lieu\/Adresse<\/td>\n<td align=\"left\">\u00c9cole de commerce de Thoune<br \/>M\u00f6nchstrasse 30A<br \/>3600 Thoune<\/td>\n<\/tr>\n<tr>\n<td align=\"left\">Google Maps<\/td>\n<td align=\"left\"><iframe style=\"border: 0;\" src=\"https:\/\/www.google.com\/maps\/embed?pb=!1m18!1m12!1m3!1d5467.51301246346!2d7.62946237695571!3d46.749983071124106!2m3!1f0!2f0!3f0!3m2!1i1024!2i768!4f13.1!3m3!1m2!1s0x478fb2ec248921f1%3A0xccb81283a87342e0!2sWirtschaftsschule%20Thun!5e0!3m2!1sde!2sch!4v1746281536287!5m2!1sde!2sch\" width=\"400\" height=\"300\" allowfullscreen=\"allowfullscreen\"><\/iframe><\/td>\n<\/tr>\n<tr>\n<td align=\"left\">Contact<\/td>\n<td align=\"left\"><a href=\"mailto:pascal.tomasovic@ict-scouts.ch\">Pascal Tomasovic <\/a><\/td>\n<\/tr>\n<tr>\n<td align=\"left\">Horaire<\/td>\n<td align=\"left\">07:45 Arriv\u00e9e, installation des postes de travail<br \/>08:30 Ouverture, pr\u00e9sentation de la t\u00e2che surprise<br \/>10:30 1\u00e8re manche du concours<br \/>12:00 D\u00e9jeuner<br \/>13:00 2e manche du concours<br \/>14:05 3e manche du concours<br \/>15:10 4e manche du concours<br \/>16:00 Proclamation des r\u00e9sultats<\/td>\n<\/tr>\n<tr>\n<td align=\"left\">Avis aux visiteurs<\/td>\n<td align=\"left\">Tous les concours r\u00e9gionaux de la World Robot Olympiad sont ouverts au public. Nous nous r\u00e9jouissons de ta visite ! <\/td>\n<\/tr>\n<tr>\n<td align=\"left\">Arriv\u00e9e<\/td>\n<td align=\"left\"><strong>Arriv\u00e9e en transports publics<\/strong><br \/>L&rsquo;\u00e9cole de commerce de Thoune est facilement accessible \u00e0 pied depuis la gare de Thoune. Quitte la gare de Thoune dans le passage souterrain en direction de la \u00ab\u00a0sortie M\u00f6nchstrasse\u00a0\u00bb, suis la M\u00f6nchstrasse pendant 10 minutes jusqu&rsquo;\u00e0 l&rsquo;\u00e9cole de commerce de Thoune. <br \/><strong>Arriv\u00e9e en voiture<\/strong><br \/>Pour les voitures, le parking des \u00e9coles professionnelles est disponible \u00e0 la M\u00f6nchstrasse (site CFF).Pour plus de d\u00e9tails, voir <a href=\"https:\/\/wst.ch\/anreise\/\">le site web<\/a><\/td>\n<\/tr>\n<tr>\n<td align=\"left\">Partenaires de soutien<\/td>\n<td align=\"left\">Gr\u00e2ce au soutien des partenaires suivants, le World Robot Olympiad peut avoir lieu dans des salons :<\/p>\n<p>&nbsp;<\/p>\n<ul>\n<li><a href=\"https:\/\/www.ict-scouts.ch\/de\/campus\/thun.php\">Scouts TIC<\/a><\/li>\n<li><a href=\"https:\/\/wst.ch\/\">Ecole de commerce de Thun<\/a><\/li>\n<\/ul>\n<p>Merci beaucoup !<\/p>\n<\/td>\n<\/tr>\n<\/tbody>\n<\/table>\n<\/div>\n<\/div><\/div><\/div><\/div>\n","protected":false},"excerpt":{"rendered":"","protected":false},"author":12,"featured_media":0,"parent":4129,"menu_order":0,"comment_status":"closed","ping_status":"closed","template":"100-width.php","meta":{"inline_featured_image":false,"footnotes":""},"wf_page_folders":[],"class_list":["post-18836","page","type-page","status-publish","hentry"],"_links":{"self":[{"href":"https:\/\/wro.swiss\/fr\/wp-json\/wp\/v2\/pages\/18836","targetHints":{"allow":["GET"]}}],"collection":[{"href":"https:\/\/wro.swiss\/fr\/wp-json\/wp\/v2\/pages"}],"about":[{"href":"https:\/\/wro.swiss\/fr\/wp-json\/wp\/v2\/types\/page"}],"author":[{"embeddable":true,"href":"https:\/\/wro.swiss\/fr\/wp-json\/wp\/v2\/users\/12"}],"replies":[{"embeddable":true,"href":"https:\/\/wro.swiss\/fr\/wp-json\/wp\/v2\/comments?post=18836"}],"version-history":[{"count":49,"href":"https:\/\/wro.swiss\/fr\/wp-json\/wp\/v2\/pages\/18836\/revisions"}],"predecessor-version":[{"id":24703,"href":"https:\/\/wro.swiss\/fr\/wp-json\/wp\/v2\/pages\/18836\/revisions\/24703"}],"up":[{"embeddable":true,"href":"https:\/\/wro.swiss\/fr\/wp-json\/wp\/v2\/pages\/4129"}],"wp:attachment":[{"href":"https:\/\/wro.swiss\/fr\/wp-json\/wp\/v2\/media?parent=18836"}],"wp:term":[{"taxonomy":"wf_page_folders","embeddable":true,"href":"https:\/\/wro.swiss\/fr\/wp-json\/wp\/v2\/wf_page_folders?post=18836"}],"curies":[{"name":"wp","href":"https:\/\/api.w.org\/{rel}","templated":true}]}}