{"id":18531,"date":"2024-04-20T17:32:32","date_gmt":"2024-04-20T15:32:32","guid":{"rendered":"https:\/\/wro.swiss\/?page_id=18531"},"modified":"2026-04-13T12:34:11","modified_gmt":"2026-04-13T10:34:11","slug":"concours-regional-winterthur","status":"publish","type":"page","link":"https:\/\/wro.swiss\/fr\/dates\/concours-regional-winterthur\/","title":{"rendered":"Concours r\u00e9gional Winterthur"},"content":{"rendered":"<div class=\"fusion-fullwidth fullwidth-box fusion-builder-row-1 fusion-flex-container has-pattern-background has-mask-background nonhundred-percent-fullwidth non-hundred-percent-height-scrolling\" style=\"--awb-border-radius-top-left:0px;--awb-border-radius-top-right:0px;--awb-border-radius-bottom-right:0px;--awb-border-radius-bottom-left:0px;--awb-flex-wrap:wrap;\" ><div class=\"fusion-builder-row fusion-row fusion-flex-align-items-flex-start fusion-flex-content-wrap\" style=\"max-width:1248px;margin-left: calc(-4% \/ 2 );margin-right: calc(-4% \/ 2 );\"><div class=\"fusion-layout-column fusion_builder_column fusion-builder-column-0 fusion_builder_column_1_1 1_1 fusion-flex-column\" style=\"--awb-bg-size:cover;--awb-width-large:100%;--awb-margin-top-large:0px;--awb-spacing-right-large:1.92%;--awb-margin-bottom-large:20px;--awb-spacing-left-large:1.92%;--awb-width-medium:100%;--awb-order-medium:0;--awb-spacing-right-medium:1.92%;--awb-spacing-left-medium:1.92%;--awb-width-small:100%;--awb-order-small:0;--awb-spacing-right-small:1.92%;--awb-spacing-left-small:1.92%;\"><div class=\"fusion-column-wrapper fusion-column-has-shadow fusion-flex-justify-content-flex-start fusion-content-layout-column\">\n<div class=\"table-2\">\n<table width=\"100%\">\n<tbody>\n<tr>\n<td align=\"left\" valign=\"top\">Organisateur<\/td>\n<td align=\"left\">Biblioth\u00e8ques de Winterthur, \u00c9cole de m\u00e9catronique de Winterthur, ZHAW<\/td>\n<\/tr>\n<tr>\n<td align=\"left\" valign=\"top\">Date<\/td>\n<td align=\"left\">9 mai 2026<\/td>\n<\/tr>\n<tr>\n<td align=\"left\" valign=\"top\">Lieu<\/td>\n<td align=\"left\">\u00c9cole de m\u00e9catronique de Winterthur MSW<br \/>Zeughausstrasse 56<br \/>8400 Winterthur<\/td>\n<\/tr>\n<tr>\n<td align=\"left\" valign=\"top\">Google Maps<\/td>\n<td align=\"left\"><iframe style=\"border: 0;\" src=\"https:\/\/www.google.com\/maps\/embed?pb=!1m18!1m12!1m3!1d3348.6003227599676!2d8.733937!3d47.495200999999994!2m3!1f0!2f0!3f0!3m2!1i1024!2i768!4f13.1!3m3!1m2!1s0x479a9999617737f5%3A0x654dd48b31388d9!2sMSW%20-%20Mechatronik%20Schule%20Winterthur!5e1!3m2!1sde!2sch!4v1747304208419!5m2!1sde!2sch\" width=\"400\" height=\"300\" allowfullscreen=\"allowfullscreen\"><\/iframe><\/td>\n<\/tr>\n<tr>\n<td align=\"left\" valign=\"top\">Contact<\/td>\n<td align=\"left\"><a href=\"mailto:markus.hitz@msw.ch\">Markus Hitz<\/a><br \/>Mobile +41 79 559 20 93<\/td>\n<\/tr>\n<tr>\n<td align=\"left\" valign=\"top\">Programme<\/td>\n<td align=\"left\">08:30 Arriv\u00e9e, installation des postes de travail<br \/>09:00 Ouverture, pr\u00e9sentation de la t\u00e2che surprise<br \/>11:15 1\u00e8re manche du concours<br \/>11:40 D\u00e9jeuner<br \/>14:00 2\u00e8me manche du concours<br \/>15:15 3\u00e8me manche du concours<br \/>16:30 4\u00e8me manche du concours<br \/>17:30 Annonce des r\u00e9sultats<br \/>18:00 Fin de la manifestation<\/p>\n<p>&nbsp;<\/p>\n<p><strong><a href=\"https:\/\/wro.swiss\/wp-content\/uploads\/2025\/05\/Zeitplan-Winterthur-2025-RoboMission-neu.pdf\">Horaire d\u00e9taill\u00e9<\/a><\/strong> (sous r\u00e9serve de modifications)<br \/><a href=\"https:\/\/wro.swiss\/wp-content\/uploads\/2025\/05\/Situationsplan-WRO-Winterthur-RoboMission.pdf\">Plan de situation<\/a><\/p>\n<\/td>\n<\/tr>\n<tr>\n<td align=\"left\" valign=\"top\">Arriv\u00e9e<\/td>\n<td align=\"left\">\n<p><strong>Arriv\u00e9e en transports publics : <\/strong><br \/>Arr\u00eat de bus Winterthur, Zeughaus<br \/><a href=\"https:\/\/www.sbb.ch\/de?nach=Winterthur,%20Zeughaus\">Horaire en ligne des CFF<\/a><\/p>\n<p><strong>Arriv\u00e9e en voiture :<\/strong><\/p>\n<ul>\n<li>Depuis le parking Technikum<a href=\"https:\/\/maps.app.goo.gl\/cejnWvXCYs5qbBL88\">(https:\/\/maps.app.goo.gl\/cejnWvXCYs5qbBL88)<\/a>, la MSW est accessible \u00e0 pied en 5 minutes.<\/li>\n<li>D&rsquo;autres possibilit\u00e9s de parking se trouvent ici : <a href=\"https:\/\/stadt.winterthur.ch\/themen\/leben-in-winterthur\/verkehr-mobilitaet\/auto-und-motorraeder\/parkieren\/parkhaeuser-mit-gebuhren\">Parkings &#8211; ville de Winterthur<\/a><\/li>\n<\/ul>\n<\/td>\n<\/tr>\n<tr>\n<td align=\"left\" valign=\"top\">Infos des partenaires WRO<\/td>\n<td align=\"left\"><a href=\"https:\/\/www.winbib.ch\">Biblioth\u00e8ques de Winterthur<\/a><br \/>Les <strong>biblioth\u00e8ques de Winterthur<\/strong> se consid\u00e8rent comme un atelier d&rsquo;apprentissage et d&rsquo;innovation o\u00f9 les utilisateurs peuvent d\u00e9velopper des id\u00e9es, apprendre de nouvelles choses, \u00e9changer des exp\u00e9riences et cr\u00e9er des connaissances. Les livres et les m\u00e9dias \u00e9lectroniques servent de source d&rsquo;inspiration et d&rsquo;information. En particulier, les biblioth\u00e8ques de Winterthur s&rsquo;engagent \u00e0 promouvoir l&rsquo;apprentissage des langues et la compr\u00e9hension du monde num\u00e9rique.  <\/p>\n<p>&nbsp;<\/p>\n<p><a href=\"https:\/\/www.msw.ch\/\">Mechatronik Schule Winterthur<\/a><br \/>La <strong>Mechatronik Schule Winterthur MSW<\/strong> est une entreprise de formation de la ville de Winterthur avec une \u00e9cole professionnelle affili\u00e9e pour les m\u00e9tiers techniques de polym\u00e9canicien CFC, d&rsquo;automaticien CFC et d&rsquo;\u00e9lectronicien CFC. Elle offre un soutien sp\u00e9cialis\u00e9 dans le d\u00e9veloppement du contenu des cours et la r\u00e9alisation de programmes de formation dans le cadre de projets nationaux et internationaux. La formation met l&rsquo;accent sur la m\u00e9catronique, avec pour objectif de permettre aux jeunes de b\u00e9n\u00e9ficier d&rsquo;une formation diversifi\u00e9e et de haute qualit\u00e9. Cette formation est consid\u00e9r\u00e9e comme une base solide et pratique pour une carri\u00e8re ult\u00e9rieure dans l&rsquo;industrie ou dans une haute \u00e9cole sp\u00e9cialis\u00e9e.   <\/p>\n<p><a href=\"https:\/\/www.zhaw.ch\/de\/engineering\/\">ZHAW<\/a><br \/>L&rsquo;<strong>\u00e9cole d&rsquo;ing\u00e9nierie de la ZHAW<\/strong>, l&rsquo;une des principales institutions de formation et de recherche techniques de Suisse, se concentre sur des th\u00e8mes d&rsquo;avenir.<br \/>Avec des activit\u00e9s de promotion de la rel\u00e8ve, l&rsquo;\u00e9cole d&rsquo;ing\u00e9nierie de la ZHAW veut contribuer \u00e0 combler le manque de personnel qualifi\u00e9 dans les disciplines MINT (math\u00e9matiques, informatique, sciences naturelles et technique). L&rsquo;accent est mis sur les offres destin\u00e9es aux \u00e9l\u00e8ves de l&rsquo;enseignement secondaire inf\u00e9rieur et sup\u00e9rieur. <\/p>\n<\/td>\n<\/tr>\n<tr>\n<td align=\"left\" valign=\"top\">Partenaires de soutien<\/td>\n<td align=\"left\">Gr\u00e2ce au soutien de ces partenaires, le World Robot Olympiad peut avoir lieu \u00e0 Winterthur.<br \/>Merci beaucoup !<a href=\"https:\/\/www.winbib.ch\"><img decoding=\"async\" class=\"aligncenter size-full wp-image-13282\" src=\"https:\/\/wro.swiss\/wp-content\/uploads\/2024\/04\/winbib_white-bg.png\" alt=\"Biblioth\u00e8ques de Winterthur\" width=\"134\" height=\"45\"><\/a>  <a href=\"https:\/\/www.zhaw.ch\/de\/engineering\"><img decoding=\"async\" class=\"aligncenter wp-image-3504 size-medium\" src=\"https:\/\/wro.swiss\/wp-content\/uploads\/2022\/04\/de-zhaw-cmyk-300x163.jpg\" alt=\"\u00c9cole d'ing\u00e9nierie ZHAW\" width=\"300\" height=\"163\" srcset=\"https:\/\/wro.swiss\/wp-content\/uploads\/2022\/04\/de-zhaw-cmyk-300x163.jpg 300w, https:\/\/wro.swiss\/wp-content\/uploads\/2022\/04\/de-zhaw-cmyk-600x326.jpg 600w, https:\/\/wro.swiss\/wp-content\/uploads\/2022\/04\/de-zhaw-cmyk-650x353.jpg 650w, https:\/\/wro.swiss\/wp-content\/uploads\/2022\/04\/de-zhaw-cmyk-768x417.jpg 768w, https:\/\/wro.swiss\/wp-content\/uploads\/2022\/04\/de-zhaw-cmyk-1024x556.jpg 1024w, https:\/\/wro.swiss\/wp-content\/uploads\/2022\/04\/de-zhaw-cmyk.jpg 1364w\" sizes=\"(max-width: 300px) 100vw, 300px\" \/><\/a><a href=\"https:\/\/www.msw.ch\"><img decoding=\"async\" class=\"aligncenter wp-image-13273 size-medium\" src=\"https:\/\/wro.swiss\/wp-content\/uploads\/2024\/04\/logo_Schriftzug_rechts_50-300x68.jpg\" alt=\"\u00c9cole de m\u00e9catronique de Winterthur\" width=\"300\" height=\"68\" srcset=\"https:\/\/wro.swiss\/wp-content\/uploads\/2024\/04\/logo_Schriftzug_rechts_50-200x45.jpg 200w, https:\/\/wro.swiss\/wp-content\/uploads\/2024\/04\/logo_Schriftzug_rechts_50-300x68.jpg 300w, https:\/\/wro.swiss\/wp-content\/uploads\/2024\/04\/logo_Schriftzug_rechts_50-400x90.jpg 400w, https:\/\/wro.swiss\/wp-content\/uploads\/2024\/04\/logo_Schriftzug_rechts_50.jpg 591w\" sizes=\"(max-width: 300px) 100vw, 300px\" \/><\/a><\/td>\n<\/tr>\n<\/tbody>\n<\/table>\n<\/div>\n<\/div><\/div><\/div><\/div>\n","protected":false},"excerpt":{"rendered":"","protected":false},"author":7,"featured_media":0,"parent":4129,"menu_order":0,"comment_status":"closed","ping_status":"closed","template":"100-width.php","meta":{"inline_featured_image":false,"footnotes":""},"wf_page_folders":[],"class_list":["post-18531","page","type-page","status-publish","hentry"],"_links":{"self":[{"href":"https:\/\/wro.swiss\/fr\/wp-json\/wp\/v2\/pages\/18531","targetHints":{"allow":["GET"]}}],"collection":[{"href":"https:\/\/wro.swiss\/fr\/wp-json\/wp\/v2\/pages"}],"about":[{"href":"https:\/\/wro.swiss\/fr\/wp-json\/wp\/v2\/types\/page"}],"author":[{"embeddable":true,"href":"https:\/\/wro.swiss\/fr\/wp-json\/wp\/v2\/users\/7"}],"replies":[{"embeddable":true,"href":"https:\/\/wro.swiss\/fr\/wp-json\/wp\/v2\/comments?post=18531"}],"version-history":[{"count":53,"href":"https:\/\/wro.swiss\/fr\/wp-json\/wp\/v2\/pages\/18531\/revisions"}],"predecessor-version":[{"id":24705,"href":"https:\/\/wro.swiss\/fr\/wp-json\/wp\/v2\/pages\/18531\/revisions\/24705"}],"up":[{"embeddable":true,"href":"https:\/\/wro.swiss\/fr\/wp-json\/wp\/v2\/pages\/4129"}],"wp:attachment":[{"href":"https:\/\/wro.swiss\/fr\/wp-json\/wp\/v2\/media?parent=18531"}],"wp:term":[{"taxonomy":"wf_page_folders","embeddable":true,"href":"https:\/\/wro.swiss\/fr\/wp-json\/wp\/v2\/wf_page_folders?post=18531"}],"curies":[{"name":"wp","href":"https:\/\/api.w.org\/{rel}","templated":true}]}}