{"id":18469,"date":"2024-04-27T11:48:21","date_gmt":"2024-04-27T09:48:21","guid":{"rendered":"https:\/\/wro.swiss\/?page_id=18469"},"modified":"2026-05-08T14:07:00","modified_gmt":"2026-05-08T12:07:00","slug":"concours-regional-brugg-windisch","status":"publish","type":"page","link":"https:\/\/wro.swiss\/fr\/dates\/concours-regional-brugg-windisch\/","title":{"rendered":"Concours r\u00e9gional Brugg-Windisch"},"content":{"rendered":"<div class=\"fusion-fullwidth fullwidth-box fusion-builder-row-1 fusion-flex-container has-pattern-background has-mask-background nonhundred-percent-fullwidth non-hundred-percent-height-scrolling\" style=\"--awb-border-radius-top-left:0px;--awb-border-radius-top-right:0px;--awb-border-radius-bottom-right:0px;--awb-border-radius-bottom-left:0px;--awb-flex-wrap:wrap;\" ><div class=\"fusion-builder-row fusion-row fusion-flex-align-items-flex-start fusion-flex-content-wrap\" style=\"max-width:1248px;margin-left: calc(-4% \/ 2 );margin-right: calc(-4% \/ 2 );\"><div class=\"fusion-layout-column fusion_builder_column fusion-builder-column-0 fusion_builder_column_1_1 1_1 fusion-flex-column\" style=\"--awb-bg-size:cover;--awb-width-large:100%;--awb-margin-top-large:0px;--awb-spacing-right-large:1.92%;--awb-margin-bottom-large:20px;--awb-spacing-left-large:1.92%;--awb-width-medium:100%;--awb-order-medium:0;--awb-spacing-right-medium:1.92%;--awb-spacing-left-medium:1.92%;--awb-width-small:100%;--awb-order-small:0;--awb-spacing-right-small:1.92%;--awb-spacing-left-small:1.92%;\"><div class=\"fusion-column-wrapper fusion-column-has-shadow fusion-flex-justify-content-flex-start fusion-content-layout-column\">\n<div class=\"table-2\">\n<table width=\"100%\">\n<tbody>\n<tr>\n<td align=\"left\" valign=\"top\">Cat\u00e9gories du concours<\/td>\n<td colspan=\"2\" align=\"left\"><span style=\"color: #ffcc00;\"><strong>RoboMission<\/strong> <\/span>et <strong><span style=\"color: #ff00ff;\">Starter<\/span><\/strong><\/td>\n<\/tr>\n<tr>\n<td align=\"left\" valign=\"top\">Organisateur<\/td>\n<td colspan=\"2\" align=\"left\"><a href=\"https:\/\/fhnw.ch\">Haute \u00e9cole sp\u00e9cialis\u00e9e du nord-ouest de la Suisse FHNW<\/a><\/td>\n<\/tr>\n<tr>\n<td align=\"left\" valign=\"top\">Date<\/td>\n<td colspan=\"2\" align=\"left\">9 mai 2026<\/td>\n<\/tr>\n<tr>\n<td align=\"left\" valign=\"top\">Lieu \/ Adresse<\/td>\n<td colspan=\"2\" align=\"left\">Haute \u00e9cole sp\u00e9cialis\u00e9e du Nord-Ouest de la Suisse FHNW Campus Brugg-Windisch Klosterzelgstrasse 2 B\u00e2timent 1 5210 Windisch<\/td>\n<\/tr>\n<tr>\n<td align=\"left\" valign=\"top\">Contact<\/td>\n<td align=\"left\"><strong>RoboMission :<\/strong> <a href=\"mailto:iwo.kuhn@fhnw.ch\">Iwo Kuhn<\/a><\/td>\n<td align=\"left\"><strong>D\u00e9marreur :<\/strong> <a href=\"mailto:miriam.hausherr@wro.swiss\">Vera Hausherr<\/a><\/td>\n<\/tr>\n<tr>\n<td align=\"left\" valign=\"top\">Programme<\/td>\n<td align=\"left\" valign=\"top\"><strong><span style=\"color: #ff9933;\">RoboMission<\/span>:<\/strong><\/p>\n<ul>\n<li>08:00 Arriv\u00e9e, installation des postes de travail<\/li>\n<li>08:30 Accueil, ouverture, d\u00e9but du concours<\/li>\n<li>11:00 1\u00e8re course de comp\u00e9tition<\/li>\n<li>11:30 D\u00e9jeuner<\/li>\n<li>13:50 2\u00e8me course de comp\u00e9tition<\/li>\n<li>15:10 3\u00e8me course de la comp\u00e9tition<\/li>\n<li>16:25 4\u00e8me course de la comp\u00e9tition<\/li>\n<li>17:15 Annonce du classement<\/li>\n<li>18:00 Fin de l&rsquo;\u00e9v\u00e9nement<\/li>\n<\/ul>\n<p><a href=\"https:\/\/wro.swiss\/wp-content\/uploads\/2026\/05\/Zeitplan-WRO-Brugg-Windisch-2026.pdf\">Horaire d\u00e9taill\u00e9 RoboMission<\/a> (sous r\u00e9serve de modifications !)<\/td>\n<td align=\"left\" valign=\"top\"><strong><span style=\"color: #8a00db;\">Starter<\/span>:<\/strong><\/p>\n<ul>\n<li>09:45 Arriv\u00e9e, installation des postes de travail<\/li>\n<li>10:15 Accueil, ouverture, d\u00e9but du concours<\/li>\n<li>11:20 1\u00e8re course de la comp\u00e9tition<\/li>\n<li>12:00 D\u00e9jeuner<\/li>\n<li>13:30 2\u00e8me course de comp\u00e9tition<\/li>\n<li>14:50 3\u00e8me manche de la comp\u00e9tition \/ ensuite rangement<\/li>\n<li>15:30 Visite commune de RoboMission<\/li>\n<li>16:15 Annonce du classement<\/li>\n<li>17:00 Fin de l&rsquo;\u00e9v\u00e9nement<\/li>\n<\/ul>\n<p><a href=\"https:\/\/wro.swiss\/wp-content\/uploads\/2026\/05\/Zeitplan-Brugg-Windisch-2026-Starter.pdf\">Horaire d\u00e9taill\u00e9 Starter<\/a> (sous r\u00e9serve de modifications)<\/td>\n<\/tr>\n<tr>\n<td align=\"left\" valign=\"top\">Avis aux visiteurs<\/td>\n<td colspan=\"2\" align=\"left\">Les \u00e9liminatoires r\u00e9gionales de la WRO \u00e0 la FHNW \u00e0 Brugg-Windisch auront lieu dans le cadre du <a href=\"https:\/\/www.fhnw.ch\/de\/technik-umwelt\/aktuelles\/veranstaltungen\/alle\/fhnw-robot-day-2026\" target=\"_blank\" rel=\"noopener\">FHNW Robot Day<\/a> 2026. Plonge dans le monde fascinant des robots &#8211; que tu sois d\u00e9j\u00e0 fan de technique ou simplement curieux de l&rsquo;avenir de l&rsquo;innovation. Des comp\u00e9titions de robotique passionnantes, des ateliers, des stations interactives \u00e0 tester ainsi que des visites guid\u00e9es exclusives dans les coulisses du campus de Brugg-Windisch t&rsquo;attendent au FHNW Robot Day. Tous les concours r\u00e9gionaux de la World Robot Olympiad sont ouverts au public. Nous nous r\u00e9jouissons de ta visite !    <\/td>\n<\/tr>\n<tr>\n<td align=\"left\" valign=\"top\">Acc\u00e8s<\/td>\n<td colspan=\"2\" align=\"left\"><strong>En transports publics :<\/strong> il faut moins de 5 minutes \u00e0 pied depuis la gare de Brugg AG. <img decoding=\"async\" src=\"https:\/\/wro.swiss\/wp-content\/uploads\/2024\/04\/Lageplan-FHNW-Gebaeude-4.png\" alt=\"Chemin \u00e0 pied de la gare de Brugg au b\u00e2timent 4 FHNW\"> <strong>En voiture :<\/strong> il y a suffisamment de places de parking et de parkings souterrains \u00e0 proximit\u00e9 de la gare et du campus FHNW. <a href=\"https:\/\/www.google.com\/maps\/dir\/47.422342,8.313441\/Hochschule+f%C3%BCr+Technik+FHNW,+Klosterzelgstrasse+2,+5210+Windisch\/@47.4648808,8.2111689,14z\/data=!4m10!4m9!1m1!4e1!1m5!1m1!1s0x47906ac629c5cac3:0x11e2f5b0e99b0cf2!2m2!1d8.2129745!2d47.4795844!3e3?entry=ttu\">Google Maps<\/a><\/td>\n<td align=\"left\"><\/td>\n<\/tr>\n<tr>\n<td align=\"left\" valign=\"top\">Informations de l&rsquo;organisateur :<\/td>\n<td colspan=\"2\" align=\"left\">La comp\u00e9tition r\u00e9gionale est organis\u00e9e et r\u00e9alis\u00e9e avec le soutien, entre autres, des apprentis de la FHNW. Nous sommes particuli\u00e8rement fiers que cette ann\u00e9e encore, les <a href=\"https:\/\/wro.swiss\/fr\/la-suisse-est-championne-du-monde\/\">champions du monde de robotique de l&rsquo;ann\u00e9e 2023<\/a> soient en lice et se disputent l&rsquo;entr\u00e9e en finale dans la cat\u00e9gorie Senior. <\/td>\n<\/tr>\n<tr>\n<td align=\"left\" valign=\"top\">Partenaires de soutien<\/td>\n<td colspan=\"2\" align=\"left\">Les \u00e9liminatoires r\u00e9gionales de Brugg-Windisch sont soutenues par la <a href=\"https:\/\/fhnw.ch\">FHNW<\/a> et l&rsquo;entreprise LAKE. Un grand merci !   <img decoding=\"async\" class=\"aligncenter size-full wp-image-3450\" src=\"https:\/\/wro.swiss\/wp-content\/uploads\/2022\/04\/Lake-Solution-Logo.png\" alt=\"\" width=\"247\" height=\"196\"> <img decoding=\"async\" class=\"aligncenter size-full wp-image-3449\" src=\"https:\/\/wro.swiss\/wp-content\/uploads\/2022\/04\/FHNW_Logo.jpg\" alt=\"\" width=\"389\" height=\"89\" srcset=\"https:\/\/wro.swiss\/wp-content\/uploads\/2022\/04\/FHNW_Logo-300x69.jpg 300w, https:\/\/wro.swiss\/wp-content\/uploads\/2022\/04\/FHNW_Logo.jpg 389w\" sizes=\"(max-width: 389px) 100vw, 389px\" \/><\/td>\n<\/tr>\n<\/tbody>\n<\/table>\n<\/div>\n<\/div><\/div><\/div><\/div>\n","protected":false},"excerpt":{"rendered":"","protected":false},"author":7,"featured_media":0,"parent":4129,"menu_order":0,"comment_status":"closed","ping_status":"closed","template":"100-width.php","meta":{"inline_featured_image":false,"footnotes":""},"wf_page_folders":[],"class_list":["post-18469","page","type-page","status-publish","hentry"],"_links":{"self":[{"href":"https:\/\/wro.swiss\/fr\/wp-json\/wp\/v2\/pages\/18469","targetHints":{"allow":["GET"]}}],"collection":[{"href":"https:\/\/wro.swiss\/fr\/wp-json\/wp\/v2\/pages"}],"about":[{"href":"https:\/\/wro.swiss\/fr\/wp-json\/wp\/v2\/types\/page"}],"author":[{"embeddable":true,"href":"https:\/\/wro.swiss\/fr\/wp-json\/wp\/v2\/users\/7"}],"replies":[{"embeddable":true,"href":"https:\/\/wro.swiss\/fr\/wp-json\/wp\/v2\/comments?post=18469"}],"version-history":[{"count":38,"href":"https:\/\/wro.swiss\/fr\/wp-json\/wp\/v2\/pages\/18469\/revisions"}],"predecessor-version":[{"id":26031,"href":"https:\/\/wro.swiss\/fr\/wp-json\/wp\/v2\/pages\/18469\/revisions\/26031"}],"up":[{"embeddable":true,"href":"https:\/\/wro.swiss\/fr\/wp-json\/wp\/v2\/pages\/4129"}],"wp:attachment":[{"href":"https:\/\/wro.swiss\/fr\/wp-json\/wp\/v2\/media?parent=18469"}],"wp:term":[{"taxonomy":"wf_page_folders","embeddable":true,"href":"https:\/\/wro.swiss\/fr\/wp-json\/wp\/v2\/wf_page_folders?post=18469"}],"curies":[{"name":"wp","href":"https:\/\/api.w.org\/{rel}","templated":true}]}}