{"id":18105,"date":"2025-03-30T21:09:21","date_gmt":"2025-03-30T19:09:21","guid":{"rendered":"https:\/\/wro.swiss\/wro-en-classe\/"},"modified":"2025-03-30T21:18:38","modified_gmt":"2025-03-30T19:18:38","slug":"wro-en-classe","status":"publish","type":"page","link":"https:\/\/wro.swiss\/fr\/wro-en-classe\/","title":{"rendered":"WRO en classe"},"content":{"rendered":"<p style=\"font-weight: 400;\"><strong>Int\u00e9grer la robotique de mani\u00e8re ludique dans l&rsquo;enseignement &#8211; avec WRO Suisse<\/strong><\/p>\n<p style=\"font-weight: 400;\">Tu souhaites enthousiasmer tes \u00e9l\u00e8ves pour la technologie ? La robotique offre une possibilit\u00e9 id\u00e9ale d&rsquo;initier les enfants et les jeunes au monde des MINT (math\u00e9matiques, informatique, sciences naturelles et technologie) de mani\u00e8re ludique.<\/p>\n<p style=\"font-weight: 400;\">Avec <strong>WRO Suisse<\/strong>, tu as un partenaire solide \u00e0 tes c\u00f4t\u00e9s pour int\u00e9grer la robotique dans tes cours de mani\u00e8re simple et motivante. Nous souhaitons offrir \u00e0 toi et \u00e0 tes \u00e9l\u00e8ves la possibilit\u00e9 de plonger dans le monde fascinant de la robotique, sans grand effort, mais avec beaucoup d&rsquo;enthousiasme et un apprentissage pratique.<\/p>\n<p style=\"font-weight: 400;\">Nos concepts d&rsquo;enseignement pr\u00eats \u00e0 l&#8217;emploi, nos kits de robotique peu co\u00fbteux et nos formations continues pratiques pour les enseignants font du d\u00e9marrage un jeu d&rsquo;enfant. Avec nos concours gratuits, nous donnons \u00e9galement \u00e0 tes \u00e9l\u00e8ves la possibilit\u00e9 de montrer leurs comp\u00e9tences en \u00e9quipe et de se mesurer aux autres.<\/p>\n<p style=\"font-weight: 400;\">Ensemble, nous parvenons \u00e0 faire des MINT une exp\u00e9rience et \u00e0 susciter l&rsquo;enthousiasme pour la technique et la programmation !<\/p>\n<p>&nbsp;<\/p>\n<p style=\"font-weight: 400;\"><strong>Nos offres en d\u00e9tail :<\/strong><\/p>\n<ol>\n<li style=\"font-weight: 400;\"><strong> Kits robotiques \u00e0 louer :<\/strong><\/li>\n<\/ol>\n<p style=\"font-weight: 400;\">Profite de notre vaste s\u00e9lection de kits robotiques de haute qualit\u00e9 \u00e0 des prix de location avantageux &#8211; id\u00e9al pour les projets scolaires, les semaines de projet ou la participation \u00e0 des concours de robotique.<\/p>\n<ul style=\"font-weight: 400;\">\n<li><strong>LEGO Spike Prime (60 ensembles) :<\/strong> Pour une programmation avanc\u00e9e et des constructions complexes.<\/li>\n<li><strong>LEGO Spike Essential (16 sets) :<\/strong> Parfait pour s&rsquo;initier \u00e0 la robotique avec des \u00e9l\u00e8ves plus jeunes.<\/li>\n<li><strong>LEGO WeDo (12 sets) :<\/strong> Des solutions robotiques simples pour les enfants de l&rsquo;\u00e9cole primaire.<\/li>\n<li><strong>LEGO EV3 Mindstorms (12 sets) :<\/strong> Pour les t\u00e2ches complexes et les programmations cr\u00e9atives.<\/li>\n<li><strong>Syst\u00e8mes Matrix Robotics (4 kits) :<\/strong> Des kits en m\u00e9tal pour des constructions robustes et sophistiqu\u00e9es.<\/li>\n<li><strong>Sets Fischertechnik (2 sets) :<\/strong> La m\u00e9canique et l&rsquo;\u00e9lectrotechnique rendues compr\u00e9hensibles.<\/li>\n<li><strong>En plus :<\/strong> terrains de jeu, kits de montage et divers accessoires pour les concours et les projets.<\/li>\n<\/ul>\n<ol start=\"2\">\n<li style=\"font-weight: 400;\"><strong> Des plans de cours pr\u00eats \u00e0 l&#8217;emploi :<\/strong><\/li>\n<\/ol>\n<p style=\"font-weight: 400;\">Notre mat\u00e9riel p\u00e9dagogique est con\u00e7u de mani\u00e8re \u00e0 ce que les enseignants aient un minimum de travail de pr\u00e9paration. Les le\u00e7ons pr\u00eates \u00e0 l&#8217;emploi proposent des instructions claires, des t\u00e2ches de programmation et des d\u00e9fis cr\u00e9atifs &#8211; id\u00e9al pour le quotidien scolaire, les semaines de projet ou les programmes de loisirs.<\/p>\n<p style=\"font-weight: 400;\">\u27a1\ufe0f <a href=\"https:\/\/wro.swiss\/fr\/informations\/dossiers-pedagogiques\/\"><strong>T\u00e9l\u00e9charger les plans de cours<\/strong><\/a><\/p>\n<p>&nbsp;<\/p>\n<ol start=\"3\">\n<li style=\"font-weight: 400;\"><strong> Formation continue pour les enseignants :<\/strong><\/li>\n<\/ol>\n<p style=\"font-weight: 400;\">Si tu as peu d&rsquo;exp\u00e9rience en robotique et en programmation et afin de te pr\u00e9parer au mieux \u00e0 l&rsquo;utilisation de la robotique en classe, nous proposons des cours sp\u00e9cifiques. Ces formations pratiques te fourniront les connaissances et les comp\u00e9tences n\u00e9cessaires pour int\u00e9grer avec succ\u00e8s la robotique dans ton enseignement.<\/p>\n<p style=\"font-weight: 400;\">Nous proposons \u00e9galement des webinaires gratuits au cours desquels nous pr\u00e9sentons bri\u00e8vement la WRO et les concours (dur\u00e9e 30 minutes).<\/p>\n<p style=\"font-weight: 400;\">\u27a1\ufe0f<a href=\"https:\/\/wro.swiss\/fr\/cours\/\"> <strong>Vers les cours pour enseignants<\/strong><\/a><\/p>\n<p style=\"font-weight: 400;\"><strong>Concours de robotique gratuit<\/strong><\/p>\n<p style=\"font-weight: 400;\">Motive tes \u00e9l\u00e8ves \u00e0 participer \u00e0 nos concours de robotique passionnants !<br \/>\nLa participation est gratuite et offre aux enfants et aux jeunes la possibilit\u00e9 d&rsquo;appliquer leurs connaissances de mani\u00e8re pratique et de se mesurer \u00e0 d&rsquo;autres \u00e9quipes.<\/p>\n<p style=\"font-weight: 400;\"><strong>Cat\u00e9gories de concours :<\/strong><\/p>\n<ul style=\"font-weight: 400;\">\n<li><strong>RoboMission :<\/strong><br \/>\nDans cette cat\u00e9gorie, les \u00e9quipes construisent et programment un robot autonome qui r\u00e9sout diff\u00e9rentes t\u00e2ches sur un terrain de jeu, comme par exemple transporter des objets ou les trier par couleur. Les t\u00e2ches changent chaque ann\u00e9e et le robot a deux minutes pour marquer le plus de points possible.<\/p>\n<ul>\n<li><em>Classes d&rsquo;\u00e2ge :<\/em>\n<ul>\n<li>Elementary8-12 ans<\/li>\n<li>Junior11-15 ans<\/li>\n<li>Senior14-19 ans<\/li>\n<\/ul>\n<\/li>\n<\/ul>\n<\/li>\n<li><strong>Future Innovators:<\/strong><br \/>\nLa cr\u00e9ativit\u00e9 et l&rsquo;innovation sont ici au premier plan. Les \u00e9quipes d\u00e9veloppent leur propre projet sur un th\u00e8me donn\u00e9, construisent un prototype et pr\u00e9sentent leur id\u00e9e \u00e0 un jury. Le choix du mat\u00e9riel est libre.<\/p>\n<ul>\n<li><em>Classes d&rsquo;\u00e2ge :<\/em>\n<ul>\n<li>Elementary8-12 ans<\/li>\n<li>Junior11-15 ans<\/li>\n<li>Senior14-19 ans<\/li>\n<\/ul>\n<\/li>\n<\/ul>\n<\/li>\n<li><strong>Future Engineers:<\/strong><br \/>\nPour les adolescents et jeunes adultes (14 \u00e0 22 ans) qui s&rsquo;int\u00e9ressent \u00e0 la technique avanc\u00e9e. La t\u00e2che consiste \u00e0 construire et \u00e0 programmer un v\u00e9hicule robot autonome qui effectue un parcours g\u00e9n\u00e9r\u00e9 de mani\u00e8re al\u00e9atoire.<\/p>\n<ul>\n<li style=\"list-style-type: none;\">\n<ul>\n<li><em>Tranche d&rsquo;\u00e2ge : <\/em>14-22 ans<\/li>\n<\/ul>\n<\/li>\n<\/ul>\n<\/li>\n<li><strong>WRO Starter:<\/strong><br \/>\nCette cat\u00e9gorie s&rsquo;adresse sp\u00e9cialement aux d\u00e9butants qui n&rsquo;ont pas ou peu d&rsquo;exp\u00e9rience en robotique. Les \u00e9quipes construisent et programment des robots simples qui r\u00e9solvent des t\u00e2ches de base. L&rsquo;accent est mis sur l&rsquo;initiation ludique et la promotion de la compr\u00e9hension technique.<\/p>\n<ul>\n<li style=\"list-style-type: none;\">\n<ul>\n<li>\u00c2ge : 8-10 ans<\/li>\n<\/ul>\n<\/li>\n<\/ul>\n<\/li>\n<\/ul>\n<p style=\"font-weight: 400;\">\u27a1\ufe0f <a href=\"https:\/\/wro.swiss\/fr\/informations\/la-wro-cest-quoi\/\"><strong>En savoir plus sur les concours<\/strong><\/a><\/p>\n<p>&nbsp;<\/p>\n<p style=\"font-weight: 400;\"><strong>Comment d\u00e9marrer<\/strong><\/p>\n<ol style=\"font-weight: 400;\">\n<li><strong>Commander du mat\u00e9riel :<\/strong><br \/>\nVisite notre site <a href=\"https:\/\/wro.swiss\/shop\"><strong>Boutique<\/strong><\/a> Choisis les kits de robotique qui conviennent \u00e0 ta classe.<\/li>\n<li><strong>T\u00e9l\u00e9charger gratuitement les le\u00e7ons :<\/strong><br \/>\nT\u00e9l\u00e9charge les fiches pr\u00eates \u00e0 l&#8217;emploi <a href=\"https:\/\/wro.swiss\/fr\/informations\/dossiers-pedagogiques\/\"><strong>Plans de cours<\/strong><\/a> T\u00e9l\u00e9charge et pr\u00e9pare tes cours.<\/li>\n<li><strong>Suivre une formation continue :<\/strong><br \/>\nSi tu ne te sens pas en s\u00e9curit\u00e9, nous t&rsquo;aidons : Inscris-toi \u00e0 nos cours. <a href=\"https:\/\/wro.swiss\/fr\/cours\/\"><strong>Cours pour enseignants<\/strong><\/a> Inscris-toi pour approfondir tes connaissances.<\/li>\n<li><strong>Participation au concours :<\/strong><br \/>\nEncourage tes \u00e9l\u00e8ves \u00e0 participer \u00e0 nos concours de robotique gratuits et \u00e0 mettre leurs connaissances en pratique de mani\u00e8re ludique.<\/li>\n<\/ol>\n<p style=\"font-weight: 400;\"><strong>Suscitons ensemble l&rsquo;enthousiasme pour la robotique !<\/strong><\/p>\n<p style=\"font-weight: 400;\">L&rsquo;avenir est plein de possibilit\u00e9s techniques &#8211; pr\u00e9pare tes \u00e9l\u00e8ves \u00e0 cela !<br \/>\nAvec nos offres de robotique, tu apportes un vent de fra\u00eecheur dans les cours tout en encourageant la cr\u00e9ativit\u00e9, les capacit\u00e9s de r\u00e9solution de probl\u00e8mes et le travail en \u00e9quipe.<\/p>\n<p style=\"font-weight: 400;\"><strong>Rejoins la WRO Suisse et encourageons ensemble la prochaine g\u00e9n\u00e9ration de passionn\u00e9s de technologie !<\/strong><br \/>\nNous sommes impatients de t&rsquo;accueillir, toi et tes \u00e9l\u00e8ves, dans nos concours !<\/p>\n<p>&nbsp;<\/p>\n<p style=\"font-weight: 400;\"><strong>Des questions ?<\/strong><\/p>\n<p style=\"font-weight: 400;\">Contacte-nous \u00e0 tout moment &#8211; nous serons heureux de t&rsquo;aider !<br \/>\nEnsemble, faisons de la robotique une exp\u00e9rience dans la vie quotidienne de l&rsquo;\u00e9cole !<\/p>\n<p style=\"font-weight: 400;\"><a href=\"mailto:info@wro.swiss\">info@wro.swiss<\/a><\/p>\n","protected":false},"excerpt":{"rendered":"<p>Int\u00e9grer la robotique de mani\u00e8re ludique dans l&rsquo;enseignement &#8211; avec  [&#8230;]<\/p>\n","protected":false},"author":10,"featured_media":0,"parent":0,"menu_order":0,"comment_status":"closed","ping_status":"closed","template":"100-width.php","meta":{"inline_featured_image":false,"footnotes":""},"wf_page_folders":[],"class_list":["post-18105","page","type-page","status-publish","hentry"],"_links":{"self":[{"href":"https:\/\/wro.swiss\/fr\/wp-json\/wp\/v2\/pages\/18105","targetHints":{"allow":["GET"]}}],"collection":[{"href":"https:\/\/wro.swiss\/fr\/wp-json\/wp\/v2\/pages"}],"about":[{"href":"https:\/\/wro.swiss\/fr\/wp-json\/wp\/v2\/types\/page"}],"author":[{"embeddable":true,"href":"https:\/\/wro.swiss\/fr\/wp-json\/wp\/v2\/users\/10"}],"replies":[{"embeddable":true,"href":"https:\/\/wro.swiss\/fr\/wp-json\/wp\/v2\/comments?post=18105"}],"version-history":[{"count":2,"href":"https:\/\/wro.swiss\/fr\/wp-json\/wp\/v2\/pages\/18105\/revisions"}],"predecessor-version":[{"id":18112,"href":"https:\/\/wro.swiss\/fr\/wp-json\/wp\/v2\/pages\/18105\/revisions\/18112"}],"wp:attachment":[{"href":"https:\/\/wro.swiss\/fr\/wp-json\/wp\/v2\/media?parent=18105"}],"wp:term":[{"taxonomy":"wf_page_folders","embeddable":true,"href":"https:\/\/wro.swiss\/fr\/wp-json\/wp\/v2\/wf_page_folders?post=18105"}],"curies":[{"name":"wp","href":"https:\/\/api.w.org\/{rel}","templated":true}]}}