{"id":15297,"date":"2020-12-30T16:35:04","date_gmt":"2020-12-30T15:35:04","guid":{"rendered":"https:\/\/wro.swiss\/informations\/saisons-precedentes\/archive-2020\/"},"modified":"2024-12-01T07:05:15","modified_gmt":"2024-12-01T06:05:15","slug":"archive-2020","status":"publish","type":"page","link":"https:\/\/wro.swiss\/fr\/informations\/saisons-precedentes\/archive-2020\/","title":{"rendered":"Archive 2020"},"content":{"rendered":"<p>Saute directement \u00e0 la page d&rsquo;accueil :<\/p><ul class=\"wp-block-list\"><li><a href=\"#ELEM\" data-type=\"internal\" data-id=\"#ELEM\">Elementary<\/a><\/li><li><a href=\"#JUN\" data-type=\"internal\" data-id=\"#JUN\">Junior  <\/a><\/li><li><a href=\"#SEN\" data-type=\"internal\" data-id=\"#SEN\">Senior<\/a><\/li><\/ul><p>La saison 2020 a \u00e9t\u00e9 une saison tr\u00e8s sp\u00e9ciale. En raison de la pand\u00e9mie de Corona, nous avons d\u00fb annuler nos concours de mai et juin. Quand les chiffres ont \u00e9t\u00e9 meilleurs, le comit\u00e9 d&rsquo;organisation a d\u00e9cid\u00e9 d&rsquo;organiser au moins des concours r\u00e9gionaux en novembre. Mais en octobre, les chiffres ont \u00e0 nouveau empir\u00e9 et nous avons d\u00fb faire un nouveau plan : Nous avons organis\u00e9 sans h\u00e9siter la WRO 2020 sous forme de concours en ligne. C&rsquo;\u00e9tait un tout nouveau d\u00e9fi pour les \u00e9quipes, les coachs et les b\u00e9n\u00e9voles, mais nous sommes s\u00fbrs que c&rsquo;\u00e9tait la meilleure solution possible pour les \u00e9quipes, compte tenu des circonstances.<\/p><div class=\"wp-block-media-text alignwide is-stacked-on-mobile\"><figure class=\"wp-block-media-text__media\"><img decoding=\"async\" width=\"600\" height=\"569\" src=\"https:\/\/wro.swiss\/wp-content\/uploads\/2020\/01\/logo.png\" alt=\"\" class=\"wp-image-1401 size-full\" srcset=\"https:\/\/wro.swiss\/wp-content\/uploads\/2020\/01\/logo-300x285.png 300w, https:\/\/wro.swiss\/wp-content\/uploads\/2020\/01\/logo.png 600w\" sizes=\"(max-width: 600px) 100vw, 600px\" \/><\/figure><div class=\"wp-block-media-text__content\"><p>Le th\u00e8me de la saison WRO 2020 est : <strong>CLIMATE SQUAD<\/strong>!<\/p>\n\n<p>En 2020, ton \u00e9quipe fera office de \u00ab\u00a0Climate Squad\u00a0\u00bb. Les \u00e9quipes de la Regular Category d\u00e9veloppent des robots qui nous permettent de nous adapter et de surmonter les effets de plus en plus fr\u00e9quents du changement climatique. Les \u00e9quipes de l&rsquo;Open Category d\u00e9velopperont des solutions robotiques pour aider \u00e0 relever les d\u00e9fis climatiques. Sois impatient de voir les \u00e9preuves finales en janvier. Les \u00e9preuves seront publi\u00e9es le <strong>15 janvier 2020 \u00e0 10h00<\/strong>.<\/p><\/div><\/div><h2 class=\"has-luminous-vivid-amber-color has-text-color wp-block-heading\" id=\"ELEM\">\u00c9l\u00e9mentaire 2020<\/h2><h2 class=\"wp-block-heading\">\u00ab\u00a0Temp\u00eate de vent\u00a0\u00bb<\/h2><p><strong>Introduction<\/strong><\/p><p>Un village a \u00e9t\u00e9 frapp\u00e9 par une violente temp\u00eate. L&rsquo;\u00e9lectricit\u00e9 est coup\u00e9e et la route principale est bloqu\u00e9e par un arbre tomb\u00e9. Des fournitures d&rsquo;aide sont n\u00e9cessaires dans certaines zones du village. On a besoin de ton aide !  <\/p><p><strong>Dans la cat\u00e9gorie d&rsquo;\u00e2ge Elementary, tu construiras un robot qui \u00e9limine les cons\u00e9quences d&rsquo;une forte temp\u00eate dans un village.<\/strong><\/p><p><strong>Aper\u00e7u du terrain de jeu :<\/strong><\/p><figure class=\"wp-block-image size-large\"><img decoding=\"async\" width=\"1024\" height=\"780\" src=\"https:\/\/wro.swiss\/wp-content\/uploads\/2022\/01\/2020elementary-1024x780.png\" alt=\"\" class=\"wp-image-2731\" srcset=\"https:\/\/wro.swiss\/wp-content\/uploads\/2022\/01\/2020elementary-300x229.png 300w, https:\/\/wro.swiss\/wp-content\/uploads\/2022\/01\/2020elementary-600x457.png 600w, https:\/\/wro.swiss\/wp-content\/uploads\/2022\/01\/2020elementary-650x495.png 650w, https:\/\/wro.swiss\/wp-content\/uploads\/2022\/01\/2020elementary-768x585.png 768w, https:\/\/wro.swiss\/wp-content\/uploads\/2022\/01\/2020elementary-1024x780.png 1024w, https:\/\/wro.swiss\/wp-content\/uploads\/2022\/01\/2020elementary.png 1335w\" sizes=\"(max-width: 1024px) 100vw, 1024px\" \/><\/figure><p><strong>Documents de t\u00e2ches<\/strong><\/p><ul class=\"wp-block-list\"><li><a aria-label=\"  (opens in a new tab)\" rel=\"noreferrer noopener\" href=\"https:\/\/wro.swiss\/wp-content\/uploads\/2020\/01\/WRO2020-RC-Regelwerk.pdf\" target=\"_blank\">R\u00e8gles<\/a><\/li><li><a aria-label=\"  (opens in a new tab)\" rel=\"noreferrer noopener\" href=\"https:\/\/wro.swiss\/wp-content\/uploads\/2020\/01\/WRO2020-RC-Elementary.pdf\" target=\"_blank\">D\u00e9finition des t\u00e2ches et construction du terrain<\/a><\/li><li><a aria-label=\"  (opens in a new tab)\" rel=\"noreferrer noopener\" href=\"https:\/\/wro.swiss\/wp-content\/uploads\/2020\/01\/WRO2020-RC-Elementary-Bewertungsbogen.pdf\" target=\"_blank\">Feuille d&rsquo;\u00e9valuation<\/a><\/li><\/ul><h2 class=\"has-luminous-vivid-amber-color has-text-color wp-block-heading\" id=\"JUN\">Junior 2020<\/h2><h2 class=\"wp-block-heading\">\u00ab\u00a0Temp\u00eate de neige\u00a0\u00bb<\/h2><p><strong>Introduction  <\/strong><br\/>Une temp\u00eate de neige a frapp\u00e9 une ville qui n&rsquo;avait jamais eu \u00e0 faire face \u00e0 des conditions m\u00e9t\u00e9orologiques hivernales. La population n&rsquo;est pas pr\u00e9par\u00e9e \u00e0 une telle situation. Des voitures se sont retrouv\u00e9es sur la route et le verglas rend les routes glissantes. La municipalit\u00e9 a appel\u00e9 ton \u00ab\u00a0Climate Squad\u00a0\u00bb \u00e0 l&rsquo;aide pour r\u00e9soudre les probl\u00e8mes et r\u00e9tablir des conditions normales.<\/p><p><br\/><strong>Dans la cat\u00e9gorie d&rsquo;\u00e2ge Junior, tu construiras un robot pour r\u00e9tablir les conditions normales dans la ville. Le robot doit pousser la neige, r\u00e9cup\u00e9rer les voitures en panne et r\u00e9pandre du sel sur la route. Fais attention \u00e0 ne pas endommager les arbres.<\/strong><\/p><p><strong>Aper\u00e7u du terrain<\/strong><\/p><figure class=\"wp-block-image size-large\"><img decoding=\"async\" width=\"1024\" height=\"780\" src=\"https:\/\/wro.swiss\/wp-content\/uploads\/2022\/01\/2020junior-1024x780.jpg\" alt=\"\" class=\"wp-image-2732\" srcset=\"https:\/\/wro.swiss\/wp-content\/uploads\/2022\/01\/2020junior-300x229.jpg 300w, https:\/\/wro.swiss\/wp-content\/uploads\/2022\/01\/2020junior-600x457.jpg 600w, https:\/\/wro.swiss\/wp-content\/uploads\/2022\/01\/2020junior-650x495.jpg 650w, https:\/\/wro.swiss\/wp-content\/uploads\/2022\/01\/2020junior-768x585.jpg 768w, https:\/\/wro.swiss\/wp-content\/uploads\/2022\/01\/2020junior-1024x780.jpg 1024w, https:\/\/wro.swiss\/wp-content\/uploads\/2022\/01\/2020junior.jpg 1335w\" sizes=\"(max-width: 1024px) 100vw, 1024px\" \/><\/figure><p><strong>Documents de t\u00e2ches<\/strong><\/p><ul class=\"wp-block-list\"><li><a rel=\"noreferrer noopener\" aria-label=\"  (opens in a new tab)\" href=\"https:\/\/wro.swiss\/wp-content\/uploads\/2020\/01\/WRO2020-RC-Regelwerk.pdf\" target=\"_blank\">R\u00e8gles<\/a><\/li><li><a rel=\"noreferrer noopener\" aria-label=\"  (opens in a new tab)\" href=\"https:\/\/wro.swiss\/wp-content\/uploads\/2020\/01\/WRO2020-RC-Junior.pdf\" target=\"_blank\">D\u00e9finition des t\u00e2ches et construction du terrain<\/a><\/li><li><a rel=\"noreferrer noopener\" aria-label=\"Bewertungsbogen (opens in a new tab)\" href=\"https:\/\/wro.swiss\/wp-content\/uploads\/2020\/01\/WRO2020-RC-Junior-Bewertungsbogen.pdf\" target=\"_blank\">Feuille d&rsquo;\u00e9valuation<\/a><\/li><li><a rel=\"noreferrer noopener\" href=\"https:\/\/wro.swiss\/wp-content\/uploads\/2020\/01\/WRO2020-RC-Senior-Schablone.pdf\" target=\"_blank\">Mod\u00e8le Gabarit<\/a><\/li><\/ul><h2 class=\"has-luminous-vivid-amber-color has-text-color wp-block-heading\" id=\"SEN\">Senior 2020<\/h2><h2 class=\"wp-block-heading\">\u00ab\u00a0L&rsquo;eau qui monte\u00a0\u00bb<\/h2><p><strong>Introduction  <\/strong><br\/>L&rsquo;\u00e9l\u00e9vation du niveau de la mer augmente la pression sur les digues qui prot\u00e8gent les zones r\u00e9sidentielles situ\u00e9es sous le niveau de la mer. Un syst\u00e8me d&rsquo;alarme vient de t&rsquo;informer que deux digues fuient et menacent de c\u00e9der. Ton robot sera parachut\u00e9 dans la zone concern\u00e9e pour r\u00e9soudre le probl\u00e8me.<br\/><\/p><p><strong>Dans la cat\u00e9gorie d&rsquo;\u00e2ge Senior, tu construiras un robot qui devra rep\u00e9rer les digues qui fuient et les colmater. En m\u00eame temps, les maisons doivent \u00eatre prot\u00e9g\u00e9es avec des sacs de sable et les habitants doivent \u00eatre inform\u00e9s de l&rsquo;\u00e9vacuation imminente.<\/strong><\/p><p><strong>Aper\u00e7u du terrain<\/strong><\/p><figure class=\"wp-block-image size-large\"><img decoding=\"async\" width=\"1024\" height=\"780\" src=\"https:\/\/wro.swiss\/wp-content\/uploads\/2022\/01\/2020senior-1024x780.png\" alt=\"\" class=\"wp-image-2733\" srcset=\"https:\/\/wro.swiss\/wp-content\/uploads\/2022\/01\/2020senior-300x229.png 300w, https:\/\/wro.swiss\/wp-content\/uploads\/2022\/01\/2020senior-600x457.png 600w, https:\/\/wro.swiss\/wp-content\/uploads\/2022\/01\/2020senior-650x495.png 650w, https:\/\/wro.swiss\/wp-content\/uploads\/2022\/01\/2020senior-768x585.png 768w, https:\/\/wro.swiss\/wp-content\/uploads\/2022\/01\/2020senior-1024x780.png 1024w, https:\/\/wro.swiss\/wp-content\/uploads\/2022\/01\/2020senior.png 1335w\" sizes=\"(max-width: 1024px) 100vw, 1024px\" \/><\/figure><p><strong>Documents de t\u00e2ches<\/strong><\/p><ul class=\"wp-block-list\"><li><a rel=\"noreferrer noopener\" aria-label=\"  (opens in a new tab)\" href=\"https:\/\/wro.swiss\/wp-content\/uploads\/2020\/01\/WRO2020-RC-Regelwerk.pdf\" target=\"_blank\">R\u00e8gles<\/a><\/li><li><a rel=\"noreferrer noopener\" aria-label=\"  (opens in a new tab)\" href=\"https:\/\/wro.swiss\/wp-content\/uploads\/2020\/01\/WRO2020-RC-Senior.pdf\" target=\"_blank\">D\u00e9finition des t\u00e2ches et construction du terrain<\/a><\/li><li><a rel=\"noreferrer noopener\" aria-label=\"  (opens in a new tab)\" href=\"https:\/\/wro.swiss\/wp-content\/uploads\/2020\/01\/WRO2020-RC-Senior-Schablone.pdf\" target=\"_blank\">Mod\u00e8le Gabarit<\/a><\/li><li><a rel=\"noreferrer noopener\" aria-label=\"  (opens in a new tab)\" href=\"https:\/\/wro.swiss\/wp-content\/uploads\/2020\/01\/WRO2020-RC-Senior-Bewertungsbogen.pdf\" target=\"_blank\">Feuille d&rsquo;\u00e9valuation<\/a><\/li><\/ul>","protected":false},"excerpt":{"rendered":"<p>Saute directement \u00e0 la page d&rsquo;accueil : Elementary Junior Senior  [&#8230;]<\/p>\n","protected":false},"author":7,"featured_media":0,"parent":4146,"menu_order":0,"comment_status":"closed","ping_status":"closed","template":"","meta":{"inline_featured_image":false,"footnotes":""},"wf_page_folders":[],"class_list":["post-15297","page","type-page","status-publish","hentry"],"_links":{"self":[{"href":"https:\/\/wro.swiss\/fr\/wp-json\/wp\/v2\/pages\/15297","targetHints":{"allow":["GET"]}}],"collection":[{"href":"https:\/\/wro.swiss\/fr\/wp-json\/wp\/v2\/pages"}],"about":[{"href":"https:\/\/wro.swiss\/fr\/wp-json\/wp\/v2\/types\/page"}],"author":[{"embeddable":true,"href":"https:\/\/wro.swiss\/fr\/wp-json\/wp\/v2\/users\/7"}],"replies":[{"embeddable":true,"href":"https:\/\/wro.swiss\/fr\/wp-json\/wp\/v2\/comments?post=15297"}],"version-history":[{"count":1,"href":"https:\/\/wro.swiss\/fr\/wp-json\/wp\/v2\/pages\/15297\/revisions"}],"predecessor-version":[{"id":15298,"href":"https:\/\/wro.swiss\/fr\/wp-json\/wp\/v2\/pages\/15297\/revisions\/15298"}],"up":[{"embeddable":true,"href":"https:\/\/wro.swiss\/fr\/wp-json\/wp\/v2\/pages\/4146"}],"wp:attachment":[{"href":"https:\/\/wro.swiss\/fr\/wp-json\/wp\/v2\/media?parent=15297"}],"wp:term":[{"taxonomy":"wf_page_folders","embeddable":true,"href":"https:\/\/wro.swiss\/fr\/wp-json\/wp\/v2\/wf_page_folders?post=15297"}],"curies":[{"name":"wp","href":"https:\/\/api.w.org\/{rel}","templated":true}]}}