{"id":15284,"date":"2020-05-14T19:51:20","date_gmt":"2020-05-14T17:51:20","guid":{"rendered":"https:\/\/wro.swiss\/concours-nationaux-prevus-en-novembre-2020\/"},"modified":"2024-12-01T07:05:08","modified_gmt":"2024-12-01T06:05:08","slug":"concours-nationaux-prevus-en-novembre-2020","status":"publish","type":"page","link":"https:\/\/wro.swiss\/fr\/concours-nationaux-prevus-en-novembre-2020\/","title":{"rendered":"Concours nationaux pr\u00e9vus en novembre 2020 !"},"content":{"rendered":"<p>Chers coachs, ch\u00e8res \u00e9quipes WRO<\/p><p>WRO Suisse est prudemment confiante en ce qui concerne la coronapand\u00e9mie et pr\u00e9voit d&rsquo;organiser des concours nationaux en novembre. Trois comp\u00e9titions sont en pr\u00e9paration pour les cat\u00e9gories d&rsquo;\u00e2ge Elementary et Junior, chacune avec sa propre c\u00e9r\u00e9monie de remise des prix, et une comp\u00e9tition pour les Seniors &#8211; la meilleure \u00e9quipe de chaque cat\u00e9gorie recevra alors le titre de \u00ab\u00a0champion suisse\u00a0\u00bb.<\/p><p>Nous prendrons la d\u00e9cision finale le 5 juin.<\/p><p>Si nous d\u00e9cidons de l&rsquo;organiser (et nous l&rsquo;esp\u00e9rons !), la nouvelle phase d&rsquo;inscription commencera le 6 juin. Tu peux te connecter avec tes identifiants existants et transf\u00e9rer les anciennes inscriptions \u00e0 une nouvelle date. Les frais d&rsquo;inscription de 100,&#8211; CHF par \u00e9quipe ne seront bien s\u00fbr pas pr\u00e9lev\u00e9s une seconde fois.<\/p><p>A partir du 18 juin, nous ouvrirons les inscriptions au public. Ensuite, de nouvelles \u00e9quipes pourront \u00e9galement occuper d&rsquo;\u00e9ventuelles places libres. La phase d&rsquo;inscription se termine le 29 juin.<\/p><p>Les \u00e9preuves restent inchang\u00e9es pour les comp\u00e9titions nationales.<\/p><p>Les <strong>dates et lieux<\/strong> pr\u00e9vus sont :<\/p><ul class=\"wp-block-list\"><li>Zurich : 7 novembre (\u00e9l\u00e9mentaire et junior)<\/li><li>Rotkreuz \/ Zoug : 14 novembre (\u00e9l\u00e9mentaire et junior)<\/li><li>Brugg \/ Windisch : 21 novembre (\u00e9l\u00e9mentaire et junior)<\/li><li>Burgdorf : 21 novembre (senior)<\/li><\/ul><p><strong>Des indices :<\/strong><br\/>Lors de la reprise de l&rsquo;entra\u00eenement, merci de tenir compte des conditions et des concepts de protection de ton \u00e9cole respective, du canton et de l&rsquo;OFSP<\/p><p>WRO Suisse se conformera \u00e9galement \u00e0 ces directives et obligations. Nous ne pouvons pas pr\u00e9voir \u00e0 quoi elles ressembleront en novembre et devons donc nous r\u00e9server une certaine flexibilit\u00e9 pour l&rsquo;organisation des comp\u00e9titions. Dans tous les cas, nous \u00e9laborerons un concept de protection en temps voulu, car la sant\u00e9 de tous les participants et des invit\u00e9s nous tient \u00e0 c\u0153ur.<\/p><p>Maintenant, nous vous souhaitons de rester en bonne sant\u00e9 et nous souhaitons \u00e0 vos \u00e9quipes beaucoup de plaisir et de succ\u00e8s avec leur robot et les \u00e9preuves WRO.<\/p><p>WRO Suisse<\/p>","protected":false},"excerpt":{"rendered":"<p>Chers coachs, ch\u00e8res \u00e9quipes WRO WRO Suisse est prudemment confiante  [&#8230;]<\/p>\n","protected":false},"author":7,"featured_media":0,"parent":0,"menu_order":0,"comment_status":"closed","ping_status":"closed","template":"","meta":{"inline_featured_image":false,"footnotes":""},"wf_page_folders":[],"class_list":["post-15284","page","type-page","status-publish","hentry"],"_links":{"self":[{"href":"https:\/\/wro.swiss\/fr\/wp-json\/wp\/v2\/pages\/15284","targetHints":{"allow":["GET"]}}],"collection":[{"href":"https:\/\/wro.swiss\/fr\/wp-json\/wp\/v2\/pages"}],"about":[{"href":"https:\/\/wro.swiss\/fr\/wp-json\/wp\/v2\/types\/page"}],"author":[{"embeddable":true,"href":"https:\/\/wro.swiss\/fr\/wp-json\/wp\/v2\/users\/7"}],"replies":[{"embeddable":true,"href":"https:\/\/wro.swiss\/fr\/wp-json\/wp\/v2\/comments?post=15284"}],"version-history":[{"count":1,"href":"https:\/\/wro.swiss\/fr\/wp-json\/wp\/v2\/pages\/15284\/revisions"}],"predecessor-version":[{"id":15285,"href":"https:\/\/wro.swiss\/fr\/wp-json\/wp\/v2\/pages\/15284\/revisions\/15285"}],"wp:attachment":[{"href":"https:\/\/wro.swiss\/fr\/wp-json\/wp\/v2\/media?parent=15284"}],"wp:term":[{"taxonomy":"wf_page_folders","embeddable":true,"href":"https:\/\/wro.swiss\/fr\/wp-json\/wp\/v2\/wf_page_folders?post=15284"}],"curies":[{"name":"wp","href":"https:\/\/api.w.org\/{rel}","templated":true}]}}