{"id":15263,"date":"2019-11-12T16:26:40","date_gmt":"2019-11-12T15:26:40","guid":{"rendered":"https:\/\/wro.swiss\/actualites\/presse-et-medias\/"},"modified":"2024-12-01T07:04:56","modified_gmt":"2024-12-01T06:04:56","slug":"presse-et-medias","status":"publish","type":"page","link":"https:\/\/wro.swiss\/fr\/actualites\/presse-et-medias\/","title":{"rendered":"Presse et m\u00e9dias"},"content":{"rendered":"<p>Sur cette page, tu trouveras divers articles de presse et des liens vers les m\u00e9dias sur World Robot Olympiad.<\/p><h2 class=\"wp-block-heading\">2020<\/h2><p><mark style=\"background-color:rgba(0, 0, 0, 0)\" class=\"has-inline-color has-vivid-red-color\"><a rel=\"noreferrer noopener\" href=\"https:\/\/blogs.juniper.net\/en-us\/engineering-simplicity\/and-the-winner-is\" target=\"_blank\">\u00ab\u00a0Et le gagnant est &#8230;\u00a0\u00bb Article de blog de Juniper Networks sur le prix Girls in STEM. <\/a> <\/mark><\/p><p><a rel=\"noreferrer noopener\" href=\"https:\/\/science.olympiad.ch\/de\/news\/news\/world-robot-olympiad-schweiz-gewinnt-girls-in-stem-award-von-juniper-networks\/\" target=\"_blank\">Communiqu\u00e9 de presse sur le prix Girls in STEM d\u00e9cern\u00e9 par nos partenaires aux Olympiades des sciences<\/a><\/p><p><a rel=\"noreferrer noopener\" href=\"https:\/\/wro-association.org\/news\/detail\/girls-in-stem-award-goes-to\" target=\"_blank\">Article de l&rsquo;association WRO<\/a> sur le prix Girls in STEM de Juniper Networks<\/p><p><a rel=\"noreferrer noopener\" href=\"https:\/\/wro-association.org\/news\/detail\/a-final-change-and-10-new-all-girls-teams\" target=\"_blank\">A final change and 10 all new girls teams (sur notre projet \u00ab\u00a0Plus de filles en robotique !\u00a0\u00bb, par l&rsquo;association internationale World Robot Olympiad )<\/a><\/p><h2 class=\"wp-block-heading\">2019<\/h2><div class=\"wp-block-file\"><a id=\"wp-block-file--media-8e44c1ec-638e-42c9-b9fc-ed621790afcd\" href=\"https:\/\/worldrobotolympiad.ch\/wp-content\/uploads\/2020\/06\/Medienmitteilung_-Final-World-Robot-Olympiad-2019.pdf\">Les enfants et les adolescents se pr\u00e9sentent \u00e0 la grande finale avec leurs robots (communiqu\u00e9 de presse officiel des Olympiades des sciences sur la finale mondiale)<\/a><a href=\"https:\/\/worldrobotolympiad.ch\/wp-content\/uploads\/2020\/06\/Medienmitteilung_-Final-World-Robot-Olympiad-2019.pdf\" class=\"fusion-button-default fusion-button-default-size wp-block-file__button\" download=\"\" aria-describedby=\"wp-block-file--media-8e44c1ec-638e-42c9-b9fc-ed621790afcd\">T\u00e9l\u00e9chargement<\/a><\/div><div class=\"wp-block-file\"><a id=\"wp-block-file--media-cb933bb5-bd2a-4d9a-bab6-0e00339d1a16\" href=\"https:\/\/worldrobotolympiad.ch\/wp-content\/uploads\/2020\/06\/Medienmitteilung-Robotik-Olympiade-2019_2.pdf\">De jeunes bricoleurs gagnent les Olympiades de la robotique (Communiqu\u00e9s de presse officiels des Olympiades des sciences sur la finale suisse 2019)<\/a><a href=\"https:\/\/worldrobotolympiad.ch\/wp-content\/uploads\/2020\/06\/Medienmitteilung-Robotik-Olympiade-2019_2.pdf\" class=\"fusion-button-default fusion-button-default-size wp-block-file__button\" download=\"\" aria-describedby=\"wp-block-file--media-cb933bb5-bd2a-4d9a-bab6-0e00339d1a16\">T\u00e9l\u00e9chargement<\/a><\/div><div class=\"wp-block-file\"><a id=\"wp-block-file--media-f860460d-aef7-4230-96a2-0016eebbea72\" href=\"https:\/\/worldrobotolympiad.ch\/wp-content\/uploads\/2020\/06\/WRO_annual_report_2019.pdf\">Rapport annuel 2019 de l&rsquo;association World Robot Olympiad <\/a><a href=\"https:\/\/worldrobotolympiad.ch\/wp-content\/uploads\/2020\/06\/WRO_annual_report_2019.pdf\" class=\"fusion-button-default fusion-button-default-size wp-block-file__button\" download=\"\" aria-describedby=\"wp-block-file--media-f860460d-aef7-4230-96a2-0016eebbea72\">T\u00e9l\u00e9chargement<\/a><\/div><h2 class=\"wp-block-heading\">2018<\/h2><div class=\"wp-block-file\"><a id=\"wp-block-file--media-d61fa07f-abae-42a4-bf91-bbe60ec900ac\" href=\"https:\/\/worldrobotolympiad.ch\/wp-content\/uploads\/2020\/06\/Mediendossier-Robotik_2018.pdf\">Dossier de presse 2018<\/a><a href=\"https:\/\/worldrobotolympiad.ch\/wp-content\/uploads\/2020\/06\/Mediendossier-Robotik_2018.pdf\" class=\"fusion-button-default fusion-button-default-size wp-block-file__button\" download=\"\" aria-describedby=\"wp-block-file--media-d61fa07f-abae-42a4-bf91-bbe60ec900ac\">T\u00e9l\u00e9chargement<\/a><\/div><h2 class=\"wp-block-heading\">2017<\/h2><div class=\"wp-block-file\"><a id=\"wp-block-file--media-e2b9b2c4-0d5e-40dd-872a-61dfe54a8b52\" href=\"https:\/\/worldrobotolympiad.ch\/wp-content\/uploads\/2020\/06\/Medienmitteilung-WRO-2017-Wettbewerbsbericht.pdf\">Succ\u00e8s pour la 5e WRO Suisse (Communiqu\u00e9 de presse officiel 12.06.17)<\/a><a href=\"https:\/\/worldrobotolympiad.ch\/wp-content\/uploads\/2020\/06\/Medienmitteilung-WRO-2017-Wettbewerbsbericht.pdf\" class=\"fusion-button-default fusion-button-default-size wp-block-file__button\" download=\"\" aria-describedby=\"wp-block-file--media-e2b9b2c4-0d5e-40dd-872a-61dfe54a8b52\">T\u00e9l\u00e9chargement<\/a><\/div><div class=\"wp-block-file\"><a id=\"wp-block-file--media-6207f130-3a87-4364-bd25-ac41dfb7b3c8\" href=\"https:\/\/worldrobotolympiad.ch\/wp-content\/uploads\/2020\/06\/Medienmitteilung_WRO-2017_Costa-Rica.pdf\">Les \u00e9l\u00e8ves suisses et leurs robots rivalisent sur la sc\u00e8ne internationale (Communiqu\u00e9 de presse officiel 14.11.17)<\/a><a href=\"https:\/\/worldrobotolympiad.ch\/wp-content\/uploads\/2020\/06\/Medienmitteilung_WRO-2017_Costa-Rica.pdf\" class=\"fusion-button-default fusion-button-default-size wp-block-file__button\" download=\"\" aria-describedby=\"wp-block-file--media-6207f130-3a87-4364-bd25-ac41dfb7b3c8\">T\u00e9l\u00e9chargement<\/a><\/div><div class=\"wp-block-file\"><a id=\"wp-block-file--media-9c6c5e65-f9f7-4399-af55-bb199f2bc2d4\" href=\"https:\/\/worldrobotolympiad.ch\/wp-content\/uploads\/2020\/06\/Artikel-Uwe-Funk_-Als-Schiri-an-der-WRO.pdf\">En tant qu&rsquo;arbitre \u00e0 la WRO (Uwe Funk, logiciel BSI, 11.06.17)<\/a><a href=\"https:\/\/worldrobotolympiad.ch\/wp-content\/uploads\/2020\/06\/Artikel-Uwe-Funk_-Als-Schiri-an-der-WRO.pdf\" class=\"fusion-button-default fusion-button-default-size wp-block-file__button\" download=\"\" aria-describedby=\"wp-block-file--media-9c6c5e65-f9f7-4399-af55-bb199f2bc2d4\">T\u00e9l\u00e9chargement<\/a><\/div><div class=\"wp-block-file\"><a id=\"wp-block-file--media-fbdd4d03-17ae-4f6b-9f19-1f44afdd7675\" href=\"https:\/\/worldrobotolympiad.ch\/wp-content\/uploads\/2020\/06\/2017-2018-WRO_Mediendossier.pdf\">Dossier de presse 2017 et 2018<\/a><a href=\"https:\/\/worldrobotolympiad.ch\/wp-content\/uploads\/2020\/06\/2017-2018-WRO_Mediendossier.pdf\" class=\"fusion-button-default fusion-button-default-size wp-block-file__button\" download=\"\" aria-describedby=\"wp-block-file--media-fbdd4d03-17ae-4f6b-9f19-1f44afdd7675\">T\u00e9l\u00e9chargement<\/a><\/div><h2 class=\"wp-block-heading\">2016<\/h2><div class=\"wp-block-file\"><a id=\"wp-block-file--media-e9f04e48-ac7a-40d7-bc43-4237a3f33f41\" href=\"https:\/\/worldrobotolympiad.ch\/wp-content\/uploads\/2020\/06\/Presseschau-2016.pdf\">Rap the scrap &#8211; 62 \u00e9quipes \u00e0 la World Robot Olympiad (Aarauer Nachrichten 09.06.16)<\/a><a href=\"https:\/\/worldrobotolympiad.ch\/wp-content\/uploads\/2020\/06\/Presseschau-2016.pdf\" class=\"fusion-button-default fusion-button-default-size wp-block-file__button\" download=\"\" aria-describedby=\"wp-block-file--media-e9f04e48-ac7a-40d7-bc43-4237a3f33f41\">T\u00e9l\u00e9chargement<\/a><\/div><div class=\"wp-block-file\"><a id=\"wp-block-file--media-e63769f4-19a3-4d71-8b0e-01d10ac0b401\" href=\"https:\/\/worldrobotolympiad.ch\/wp-content\/uploads\/2020\/06\/St.-Galler-Tagblatt-08.06.16.pdf\">Succ\u00e8s aux Olympiades de robotique (St. Galler Tagblatt 08.06.16)<\/a><a href=\"https:\/\/worldrobotolympiad.ch\/wp-content\/uploads\/2020\/06\/St.-Galler-Tagblatt-08.06.16.pdf\" class=\"fusion-button-default fusion-button-default-size wp-block-file__button\" download=\"\" aria-describedby=\"wp-block-file--media-e63769f4-19a3-4d71-8b0e-01d10ac0b401\">T\u00e9l\u00e9chargement<\/a><\/div><div class=\"wp-block-file\"><a id=\"wp-block-file--media-ae73cf59-23f6-4686-910a-539edc21c953\" href=\"https:\/\/worldrobotolympiad.ch\/wp-content\/uploads\/2020\/06\/Thurgauer-Zeitung-18.06.16.pdf\">Des robots aux Jeux olympiques (Thurgauer Zeitung 18.06.16)<\/a><a href=\"https:\/\/worldrobotolympiad.ch\/wp-content\/uploads\/2020\/06\/Thurgauer-Zeitung-18.06.16.pdf\" class=\"fusion-button-default fusion-button-default-size wp-block-file__button\" download=\"\" aria-describedby=\"wp-block-file--media-ae73cf59-23f6-4686-910a-539edc21c953\">T\u00e9l\u00e9chargement<\/a><\/div><div class=\"wp-block-file\"><a id=\"wp-block-file--media-22f74b7f-a094-4e8b-b14b-3e59e4fb3d68\" href=\"https:\/\/worldrobotolympiad.ch\/wp-content\/uploads\/2020\/06\/Zofinger-Tagblatt-08.06.16.pdf\">Les enfants bricolent des robots qui rendent le monde meilleur (Zofinger Tagblatt 08.06.16)<\/a><a href=\"https:\/\/worldrobotolympiad.ch\/wp-content\/uploads\/2020\/06\/Zofinger-Tagblatt-08.06.16.pdf\" class=\"fusion-button-default fusion-button-default-size wp-block-file__button\" download=\"\" aria-describedby=\"wp-block-file--media-22f74b7f-a094-4e8b-b14b-3e59e4fb3d68\">T\u00e9l\u00e9chargement<\/a><\/div><h2 class=\"wp-block-heading\">2015<\/h2><div class=\"wp-block-file\"><a id=\"wp-block-file--media-e1f296e6-6778-46af-9fcc-c435e36ca9cc\" href=\"https:\/\/wro.swiss\/wp-content\/uploads\/2020\/06\/Erfolgreiche-World-Robot-Olympiad-Schweiz-2015-in-Aarburg_-AZ.pdf\">Succ\u00e8s pour World Robot Olympiad Suisse 2015 \u00e0 Aarburg (Aargauer Zeitung)<\/a><a href=\"https:\/\/wro.swiss\/wp-content\/uploads\/2020\/06\/Erfolgreiche-World-Robot-Olympiad-Schweiz-2015-in-Aarburg_-AZ.pdf\" class=\"fusion-button-default fusion-button-default-size wp-block-file__button\" download=\"\" aria-describedby=\"wp-block-file--media-e1f296e6-6778-46af-9fcc-c435e36ca9cc\">T\u00e9l\u00e9chargement<\/a><\/div>","protected":false},"excerpt":{"rendered":"<p>Sur cette page, tu trouveras divers articles de presse et  [&#8230;]<\/p>\n","protected":false},"author":7,"featured_media":0,"parent":4438,"menu_order":5,"comment_status":"closed","ping_status":"closed","template":"","meta":{"inline_featured_image":false,"footnotes":""},"wf_page_folders":[],"class_list":["post-15263","page","type-page","status-publish","hentry"],"_links":{"self":[{"href":"https:\/\/wro.swiss\/fr\/wp-json\/wp\/v2\/pages\/15263","targetHints":{"allow":["GET"]}}],"collection":[{"href":"https:\/\/wro.swiss\/fr\/wp-json\/wp\/v2\/pages"}],"about":[{"href":"https:\/\/wro.swiss\/fr\/wp-json\/wp\/v2\/types\/page"}],"author":[{"embeddable":true,"href":"https:\/\/wro.swiss\/fr\/wp-json\/wp\/v2\/users\/7"}],"replies":[{"embeddable":true,"href":"https:\/\/wro.swiss\/fr\/wp-json\/wp\/v2\/comments?post=15263"}],"version-history":[{"count":1,"href":"https:\/\/wro.swiss\/fr\/wp-json\/wp\/v2\/pages\/15263\/revisions"}],"predecessor-version":[{"id":15264,"href":"https:\/\/wro.swiss\/fr\/wp-json\/wp\/v2\/pages\/15263\/revisions\/15264"}],"up":[{"embeddable":true,"href":"https:\/\/wro.swiss\/fr\/wp-json\/wp\/v2\/pages\/4438"}],"wp:attachment":[{"href":"https:\/\/wro.swiss\/fr\/wp-json\/wp\/v2\/media?parent=15263"}],"wp:term":[{"taxonomy":"wf_page_folders","embeddable":true,"href":"https:\/\/wro.swiss\/fr\/wp-json\/wp\/v2\/wf_page_folders?post=15263"}],"curies":[{"name":"wp","href":"https:\/\/api.w.org\/{rel}","templated":true}]}}