{"id":1522,"date":"2020-12-30T15:57:36","date_gmt":"2020-12-30T14:57:36","guid":{"rendered":"https:\/\/worldrobotolympiad.ch\/?page_id=1522"},"modified":"2024-12-01T07:05:08","modified_gmt":"2024-12-01T06:05:08","slug":"taches-2021","status":"publish","type":"page","link":"https:\/\/wro.swiss\/fr\/informations\/saisons-precedentes\/taches-2021\/","title":{"rendered":"Archive 2021"},"content":{"rendered":"<p>C&rsquo;est sous le slogan \u00ab\u00a0PowerBots &#8211; The Future of Energy\u00a0\u00bb que s&rsquo;est d\u00e9roul\u00e9e la comp\u00e9tition de la saison 2021.  <\/p><p>Saute directement aux t\u00e2ches :<\/p><ul class=\"wp-block-list\"><li><a href=\"https:\/\/wro.swiss\/it\/informazioni-generali\/competizioni-passate\/archivo-2022\/#RMElem\">RoboMission Elementary<\/a> <\/li><li><a href=\"https:\/\/wro.swiss\/it\/informazioni-generali\/competizioni-passate\/archivo-2022\/#RMJun\">RoboMission Junior<\/a> <\/li><li><a href=\"https:\/\/wro.swiss\/it\/informazioni-generali\/competizioni-passate\/archivo-2022\/#RMSen\">RoboMission Senior<\/a><\/li><\/ul><div class=\"wp-block-image\"><figure class=\"aligncenter size-large\"><img decoding=\"async\" width=\"571\" height=\"400\" src=\"https:\/\/wro.swiss\/wp-content\/uploads\/2020\/12\/logo_WRO_2021_PowerBots_400.png\" alt=\"\" class=\"wp-image-1767\" srcset=\"https:\/\/wro.swiss\/wp-content\/uploads\/2020\/12\/logo_WRO_2021_PowerBots_400-300x210.png 300w, https:\/\/wro.swiss\/wp-content\/uploads\/2020\/12\/logo_WRO_2021_PowerBots_400.png 571w\" sizes=\"(max-width: 571px) 100vw, 571px\" \/><\/figure><\/div><figure class=\"wp-block-embed is-type-video is-provider-youtube wp-block-embed-youtube wp-embed-aspect-16-9 wp-has-aspect-ratio\"><div class=\"wp-block-embed__wrapper\">\n<div class=\"video-shortcode\"><iframe title=\"WRO 2021 theme: PowerBots, The Future of Energy\" width=\"1200\" height=\"675\" src=\"https:\/\/www.youtube.com\/embed\/xB6Q_o2-jcE?feature=oembed\" frameborder=\"0\" allow=\"accelerometer; autoplay; clipboard-write; encrypted-media; gyroscope; picture-in-picture; web-share\" referrerpolicy=\"strict-origin-when-cross-origin\" allowfullscreen><\/iframe><\/div>\n<\/div><\/figure><h2 class=\"has-luminous-vivid-amber-color has-text-color wp-block-heading\" id=\"RMElem\">\u00c9l\u00e9mentaire 2021<\/h2><figure class=\"wp-block-image size-large\"><img decoding=\"async\" width=\"1024\" height=\"576\" src=\"https:\/\/wro.swiss\/wp-content\/uploads\/2021\/01\/elementary2021-1024x576.jpg\" alt=\"\" class=\"wp-image-2091\" srcset=\"https:\/\/wro.swiss\/wp-content\/uploads\/2021\/01\/elementary2021-300x169.jpg 300w, https:\/\/wro.swiss\/wp-content\/uploads\/2021\/01\/elementary2021-600x338.jpg 600w, https:\/\/wro.swiss\/wp-content\/uploads\/2021\/01\/elementary2021-650x366.jpg 650w, https:\/\/wro.swiss\/wp-content\/uploads\/2021\/01\/elementary2021-768x432.jpg 768w, https:\/\/wro.swiss\/wp-content\/uploads\/2021\/01\/elementary2021-1024x576.jpg 1024w, https:\/\/wro.swiss\/wp-content\/uploads\/2021\/01\/elementary2021.jpg 1280w\" sizes=\"(max-width: 1024px) 100vw, 1024px\" \/><\/figure><h3 class=\"wp-block-heading\">\u00ab\u00a0L&rsquo;\u00e9nergie \u00e0 la maison\u00a0\u00bb<\/h3><p><strong>Introduction<\/strong> <\/p><p>L&rsquo;utilisation responsable de nos ressources \u00e9nerg\u00e9tiques est tr\u00e8s importante pour notre avenir. C&rsquo;est important pour l&rsquo;ensemble de notre soci\u00e9t\u00e9, mais aussi pour nos propres maisons.  <\/p><p>Sur le terrain de jeu de la cat\u00e9gorie Elementary, le robot aide \u00e0 moderniser une maison. Le robot remplacera les vieilles ampoules par de nouvelles ampoules \u00e0 \u00e9conomie d&rsquo;\u00e9nergie. Le robot doit aussi installer des panneaux solaires sur le toit et installer des appareils intelligents pour la maison.  <\/p><p>Ce travail contribuera \u00e0 r\u00e9duire les besoins \u00e9nerg\u00e9tiques de la maison et \u00e0 utiliser au mieux les \u00e9nergies renouvelables.  <\/p><p><strong>Documents de t\u00e2ches<\/strong> <\/p><ul class=\"wp-block-list\"><li><a href=\"https:\/\/wro.swiss\/wp-content\/uploads\/2021\/01\/WRO-2021-Regular-Regelwerk-DE.pdf\" data-type=\"URL\" data-id=\"https:\/\/wro.swiss\/wp-content\/uploads\/2021\/01\/WRO-2021-Regular-Regelwerk-DE.pdf\">R\u00e8gles pour les \u00e9quipes de la cat\u00e9gorie Regular<\/a>  <\/li><li><a href=\"https:\/\/wro.swiss\/wp-content\/uploads\/2021\/01\/WRO-2021-Regular-Elementary-DE.pdf\" data-type=\"URL\" data-id=\"https:\/\/wro.swiss\/wp-content\/uploads\/2021\/01\/WRO-2021-Regular-Elementary-DE.pdf\">D\u00e9finition des t\u00e2ches et construction du terrain<\/a> <\/li><li><a href=\"https:\/\/wro.swiss\/wp-content\/uploads\/2021\/01\/WRO-2021-Regular-Elementary-Bewertungsbogen-DE.pdf\" data-type=\"URL\" data-id=\"https:\/\/wro.swiss\/wp-content\/uploads\/2021\/01\/WRO-2021-Regular-Elementary-Bewertungsbogen-DE.pdf\">Feuille d&rsquo;\u00e9valuation  <\/a> <\/li><\/ul><h2 class=\"has-luminous-vivid-amber-color has-text-color wp-block-heading\" id=\"RMJun\">Junior 2021<\/h2><figure class=\"wp-block-image size-large\"><img decoding=\"async\" width=\"1024\" height=\"576\" src=\"https:\/\/wro.swiss\/wp-content\/uploads\/2021\/01\/junior2021-1024x576.jpg\" alt=\"\" class=\"wp-image-2092\" srcset=\"https:\/\/wro.swiss\/wp-content\/uploads\/2021\/01\/junior2021-300x169.jpg 300w, https:\/\/wro.swiss\/wp-content\/uploads\/2021\/01\/junior2021-600x338.jpg 600w, https:\/\/wro.swiss\/wp-content\/uploads\/2021\/01\/junior2021-650x366.jpg 650w, https:\/\/wro.swiss\/wp-content\/uploads\/2021\/01\/junior2021-768x432.jpg 768w, https:\/\/wro.swiss\/wp-content\/uploads\/2021\/01\/junior2021-1024x576.jpg 1024w, https:\/\/wro.swiss\/wp-content\/uploads\/2021\/01\/junior2021.jpg 1280w\" sizes=\"(max-width: 1024px) 100vw, 1024px\" \/><\/figure><h2 class=\"wp-block-heading\"><strong>\u00ab\u00a0Park and Charge\u00a0\u00bb<\/strong><\/h2><p><strong>Introduction<\/strong> <\/p><p>Il y a de plus en plus de voitures \u00e9lectriques sur nos routes, et dans de nombreux endroits, une nouvelle infrastructure est construite pour pouvoir recharger ces voitures \u00e0 temps.  <\/p><p>Comme il faut actuellement plusieurs heures pour recharger une voiture \u00e9lectrique et que cela ne peut pas \u00eatre fait en quelques minutes \u00e0 la station-service, il faut trouver de nouveaux moyens.  <\/p><p>Une id\u00e9e est de recharger les voitures pendant qu&rsquo;elles sont gar\u00e9es sur un parking. Dans un parking intelligent du futur, un robot organise le stationnement des voitures et apporte une batterie aux v\u00e9hicules \u00e9lectriques ou hybrides pour les recharger.  <\/p><p>Laisse-toi inspirer par les batteries de recharge mobiles ou les robots de parking en regardant cette vid\u00e9o :  <\/p><figure class=\"wp-block-embed is-type-video is-provider-youtube wp-block-embed-youtube wp-embed-aspect-16-9 wp-has-aspect-ratio\"><div class=\"wp-block-embed__wrapper\">\n<div class=\"video-shortcode\"><iframe title=\"The Amazing Garage Where Robots Do the Parking | WIRED\" width=\"1200\" height=\"675\" src=\"https:\/\/www.youtube.com\/embed\/4TdzfsssYWw?feature=oembed\" frameborder=\"0\" allow=\"accelerometer; autoplay; clipboard-write; encrypted-media; gyroscope; picture-in-picture; web-share\" referrerpolicy=\"strict-origin-when-cross-origin\" allowfullscreen><\/iframe><\/div>\n<\/div><\/figure><p>C&rsquo;est la t\u00e2che du robot sur le terrain de jeu de la cat\u00e9gorie Junior : le robot doit prendre des v\u00e9hicules \u00e0 l&rsquo;entr\u00e9e du parking et les amener au bon emplacement en fonction du type de v\u00e9hicule. Ensuite, le robot doit distribuer des batteries pour charger les v\u00e9hicules hybrides et \u00e9lectriques.  <\/p><p><strong>Documents de t\u00e2ches<\/strong> <\/p><ul class=\"wp-block-list\"><li><a href=\"https:\/\/wro.swiss\/wp-content\/uploads\/2021\/01\/WRO-2021-Regular-Regelwerk-DE.pdf\" data-type=\"URL\" data-id=\"https:\/\/wro.swiss\/wp-content\/uploads\/2021\/01\/WRO-2021-Regular-Regelwerk-DE.pdf\">R\u00e8gles pour les \u00e9quipes de la cat\u00e9gorie Regular<\/a>  <\/li><li><a href=\"https:\/\/wro.swiss\/wp-content\/uploads\/2021\/01\/WRO-2021-Regular-Junior-DE.pdf\" data-type=\"URL\" data-id=\"https:\/\/wro.swiss\/wp-content\/uploads\/2021\/01\/WRO-2021-Regular-Junior-DE.pdf\">D\u00e9finition des t\u00e2ches et construction du terrain  <\/a><\/li><li><a href=\"https:\/\/wro.swiss\/wp-content\/uploads\/2021\/01\/WRO-2021-Regular-Junior-Bewertungsbogen-DE.pdf\" data-type=\"URL\" data-id=\"https:\/\/wro.swiss\/wp-content\/uploads\/2021\/01\/WRO-2021-Regular-Junior-Bewertungsbogen-DE.pdf\">Feuille d&rsquo;\u00e9valuation<\/a>  <\/li><\/ul><h2 class=\"has-luminous-vivid-amber-color has-text-color wp-block-heading\" id=\"RMSen\">Senior 2021<\/h2><figure class=\"wp-block-image size-large\"><img decoding=\"async\" width=\"1024\" height=\"576\" src=\"https:\/\/wro.swiss\/wp-content\/uploads\/2021\/01\/senior2021-1024x576.jpg\" alt=\"\" class=\"wp-image-2093\" srcset=\"https:\/\/wro.swiss\/wp-content\/uploads\/2021\/01\/senior2021-300x169.jpg 300w, https:\/\/wro.swiss\/wp-content\/uploads\/2021\/01\/senior2021-600x338.jpg 600w, https:\/\/wro.swiss\/wp-content\/uploads\/2021\/01\/senior2021-650x366.jpg 650w, https:\/\/wro.swiss\/wp-content\/uploads\/2021\/01\/senior2021-768x432.jpg 768w, https:\/\/wro.swiss\/wp-content\/uploads\/2021\/01\/senior2021-1024x576.jpg 1024w, https:\/\/wro.swiss\/wp-content\/uploads\/2021\/01\/senior2021.jpg 1280w\" sizes=\"(max-width: 1024px) 100vw, 1024px\" \/><\/figure><h2 class=\"wp-block-heading\"><strong>\u00ab\u00a0Mix de puissance\u00a0\u00bb<\/strong> <\/h2><p><strong>Introduction<\/strong> <\/p><p>Nous avons besoin de plus en plus d&rsquo;\u00e9nergie pour notre vie quotidienne dans le monde moderne, car de nombreux processus dans les foyers ou les usines sont \u00e9lectrifi\u00e9s et les nouvelles technologies, comme les v\u00e9hicules \u00e9lectriques, modifient les habitudes de consommation des gens.  <\/p><p>En m\u00eame temps, nous savons que nous ne pouvons pas survivre \u00e0 long terme avec des formes d&rsquo;\u00e9nergie conventionnelles comme le gaz ou le p\u00e9trole. C&rsquo;est pourquoi l&rsquo;utilisation de sources d&rsquo;\u00e9nergie renouvelables prend de plus en plus d&rsquo;importance. Cependant, les sources d&rsquo;\u00e9nergie renouvelables telles que l&rsquo;\u00e9nergie \u00e9olienne et solaire ne sont pas des sources d&rsquo;\u00e9nergie totalement constantes ; elles peuvent varier au cours de la journ\u00e9e en fonction des conditions m\u00e9t\u00e9orologiques. C&rsquo;est donc un d\u00e9fi de g\u00e9rer intelligemment le mix \u00e9nerg\u00e9tique dans un r\u00e9seau \u00e9nerg\u00e9tique.  <\/p><p>Sur le terrain de jeu de la cat\u00e9gorie Senior, la mission du robot est d&rsquo;alimenter les maisons en sources d&rsquo;\u00e9nergie renouvelables en fonction des besoins. Selon les conditions m\u00e9t\u00e9orologiques, l&rsquo;une des sources d&rsquo;\u00e9nergie est en surplus et peut \u00e9galement \u00eatre utilis\u00e9e pour alimenter les maisons. L&rsquo;\u00e9nergie qui n&rsquo;est pas actuellement n\u00e9cessaire pour l&rsquo;approvisionnement devrait \u00eatre stock\u00e9e dans une batterie.  <\/p><p><strong>Documents de t\u00e2ches<\/strong> <\/p><ul class=\"wp-block-list\"><li><a href=\"https:\/\/wro.swiss\/wp-content\/uploads\/2021\/01\/WRO-2021-Regular-Regelwerk-DE.pdf\" data-type=\"URL\" data-id=\"https:\/\/wro.swiss\/wp-content\/uploads\/2021\/01\/WRO-2021-Regular-Regelwerk-DE.pdf\">R\u00e8gles pour les \u00e9quipes de la cat\u00e9gorie Regular<\/a><\/li><li><a href=\"https:\/\/wro.swiss\/wp-content\/uploads\/2021\/01\/WRO-2021-Regular-Senior-DE.pdf\" data-type=\"URL\" data-id=\"https:\/\/wro.swiss\/wp-content\/uploads\/2021\/01\/WRO-2021-Regular-Senior-DE.pdf\">D\u00e9finition des t\u00e2ches et construction du terrain<\/a><\/li><li><a href=\"https:\/\/wro.swiss\/wp-content\/uploads\/2021\/05\/WRO-2021-Regular-01-Senior-Bewertungsbogen-DE.pdf\" data-type=\"URL\">Feuille d&rsquo;\u00e9valuation<\/a><\/li><\/ul><figure class=\"wp-block-embed is-type-video is-provider-youtube wp-block-embed-youtube wp-embed-aspect-16-9 wp-has-aspect-ratio\"><div class=\"wp-block-embed__wrapper\">\n<div class=\"video-shortcode\"><iframe title=\"WRO Senior 2021\" width=\"1200\" height=\"675\" src=\"https:\/\/www.youtube.com\/embed\/BizV6QvLHQQ?feature=oembed\" frameborder=\"0\" allow=\"accelerometer; autoplay; clipboard-write; encrypted-media; gyroscope; picture-in-picture; web-share\" referrerpolicy=\"strict-origin-when-cross-origin\" allowfullscreen><\/iframe><\/div>\n<\/div><\/figure><ul class=\"wp-block-list\"><li><a href=\"https:\/\/worldrobotolympiad.ch\/materialien\/\" target=\"_blank\" rel=\"noreferrer noopener\">Ici, tu acc\u00e8des \u00e0 la page de commande des terrains de jeu et des sets de mat\u00e9riel.<\/a> <\/li><li><a href=\"https:\/\/events.worldrobotolympiad.ch\/login\" target=\"_blank\" rel=\"noreferrer noopener\">Ici tu acc\u00e8des \u00e0 l&rsquo;outil d&rsquo;inscription (pour coach)<\/a> <\/li><li><a href=\"https:\/\/worldrobotolympiad.ch\/faqs\/\" target=\"_blank\" rel=\"noreferrer noopener\">Ici, tu acc\u00e8des \u00e0 la FAQ &#8211; Foire aux questions.<\/a> <\/li><\/ul><p><\/p><p><\/p>","protected":false},"excerpt":{"rendered":"<p>C&rsquo;est sous le slogan \u00ab\u00a0PowerBots &#8211; The Future of Energy\u00a0\u00bb  [&#8230;]<\/p>\n","protected":false},"author":7,"featured_media":5994,"parent":4146,"menu_order":0,"comment_status":"closed","ping_status":"closed","template":"","meta":{"inline_featured_image":false,"footnotes":""},"wf_page_folders":[],"class_list":["post-1522","page","type-page","status-publish","has-post-thumbnail","hentry"],"_links":{"self":[{"href":"https:\/\/wro.swiss\/fr\/wp-json\/wp\/v2\/pages\/1522","targetHints":{"allow":["GET"]}}],"collection":[{"href":"https:\/\/wro.swiss\/fr\/wp-json\/wp\/v2\/pages"}],"about":[{"href":"https:\/\/wro.swiss\/fr\/wp-json\/wp\/v2\/types\/page"}],"author":[{"embeddable":true,"href":"https:\/\/wro.swiss\/fr\/wp-json\/wp\/v2\/users\/7"}],"replies":[{"embeddable":true,"href":"https:\/\/wro.swiss\/fr\/wp-json\/wp\/v2\/comments?post=1522"}],"version-history":[{"count":8,"href":"https:\/\/wro.swiss\/fr\/wp-json\/wp\/v2\/pages\/1522\/revisions"}],"predecessor-version":[{"id":15292,"href":"https:\/\/wro.swiss\/fr\/wp-json\/wp\/v2\/pages\/1522\/revisions\/15292"}],"up":[{"embeddable":true,"href":"https:\/\/wro.swiss\/fr\/wp-json\/wp\/v2\/pages\/4146"}],"wp:featuredmedia":[{"embeddable":true,"href":"https:\/\/wro.swiss\/fr\/wp-json\/wp\/v2\/media\/5994"}],"wp:attachment":[{"href":"https:\/\/wro.swiss\/fr\/wp-json\/wp\/v2\/media?parent=1522"}],"wp:term":[{"taxonomy":"wf_page_folders","embeddable":true,"href":"https:\/\/wro.swiss\/fr\/wp-json\/wp\/v2\/wf_page_folders?post=1522"}],"curies":[{"name":"wp","href":"https:\/\/api.w.org\/{rel}","templated":true}]}}