{"id":15192,"date":"2019-11-06T13:21:41","date_gmt":"2019-11-06T12:21:41","guid":{"rendered":"https:\/\/wro.swiss\/informations\/saisons-precedentes\/archive-2019\/"},"modified":"2024-12-01T07:01:44","modified_gmt":"2024-12-01T06:01:44","slug":"archive-2019","status":"publish","type":"page","link":"https:\/\/wro.swiss\/fr\/informations\/saisons-precedentes\/archive-2019\/","title":{"rendered":"Archive 2019"},"content":{"rendered":"<p>Tu trouveras ici les \u00e9preuves de 2019.  <\/p><ul class=\"wp-block-list\"><li><a href=\"https:\/\/wro.swiss\/wp-content\/uploads\/2019\/01\/WRO2019-RC-Regelwerk.pdf\">R\u00e8gles<\/a> (pour toutes les cat\u00e9gories d&rsquo;\u00e2ge)<\/li><li>Saute directement aux t\u00e2ches<ul><li><a href=\"#elem\" data-type=\"internal\" data-id=\"#elem\">Elementary<\/a><\/li><li><a href=\"#jun\" data-type=\"internal\" data-id=\"#jun\">Junior<\/a><\/li><li><a href=\"#sen\" data-type=\"internal\" data-id=\"#sen\">Senior<\/a><\/li><\/ul><\/li><\/ul><div class=\"wp-block-image\"><figure class=\"aligncenter size-large is-resized\"><img decoding=\"async\" src=\"https:\/\/wro.swiss\/wp-content\/uploads\/2019\/11\/SmartCitiesLogo-1024x706.jpg\" alt=\"\" class=\"wp-image-1336\" width=\"256\" height=\"177\" srcset=\"https:\/\/wro.swiss\/wp-content\/uploads\/2019\/11\/SmartCitiesLogo-300x207.jpg 300w, https:\/\/wro.swiss\/wp-content\/uploads\/2019\/11\/SmartCitiesLogo-650x448.jpg 650w, https:\/\/wro.swiss\/wp-content\/uploads\/2019\/11\/SmartCitiesLogo-768x529.jpg 768w, https:\/\/wro.swiss\/wp-content\/uploads\/2019\/11\/SmartCitiesLogo-1024x706.jpg 1024w, https:\/\/wro.swiss\/wp-content\/uploads\/2019\/11\/SmartCitiesLogo.jpg 1200w\" sizes=\"(max-width: 256px) 100vw, 256px\" \/><figcaption>Lors du WRO 2019, il \u00e9tait question de la ville du futur&#8230;<\/figcaption><\/figure><\/div><h2 class=\"has-luminous-vivid-amber-color has-text-color wp-block-heading\" id=\"elem\">Elementary 2019 (8-12 ans)<\/h2><h3 class=\"wp-block-heading\">Introduction<\/h3><p>Le site\nLes transports connaissent une forte croissance et sont soumis \u00e0 des changements constants. Moderne\nLes possibilit\u00e9s de communication cr\u00e9ent chaque jour de nouvelles solutions qui\nAm\u00e9liorer les possibilit\u00e9s de transport. Dans le futur, le transport deviendra\nen grande partie automatis\u00e9.<\/p><p>Autopropuls\u00e9\nLes voitures font partie de cette automatisation. Un v\u00e9hicule autonome est en\nCapable de percevoir l&rsquo;environnement et de naviguer sans conducteur humain.\nGr\u00e2ce au contr\u00f4le automatique, le risque d&rsquo;accident devrait \u00eatre r\u00e9duit,\nles embouteillages sont \u00e9vit\u00e9s et moins de trajets et de places de parking sont n\u00e9cessaires<\/p><p>Le site\nLa Hongrie, pays h\u00f4te de la finale mondiale de la WRO 2019, est tr\u00e8s active depuis 2015 en mati\u00e8re de\nle d\u00e9veloppement de voitures \u00e0 conduite autonome. Dans un avenir proche, il y aura une\nUne piste d&rsquo;essai moderne a \u00e9t\u00e9 achev\u00e9e, permettant de tester les voitures autopilot\u00e9es en\ndes environnements routiers normaux. En Allemagne aussi, les premiers\nDes pistes d&rsquo;essai, notamment dans la r\u00e9gion de la Ruhr pr\u00e8s de D\u00fcsseldorf et \u00e0 Menden \/ Arnsberg dans le\nSauerland, en conversation.  <\/p><p><strong>Dans la cat\u00e9gorie d&rsquo;\u00e2ge Elementary, tu construis un robot qui transporte des personnes de mani\u00e8re autonome vers diff\u00e9rents endroits de la ville.<\/strong><\/p><ul class=\"wp-block-list\"><li><a href=\"https:\/\/wro.swiss\/wp-content\/uploads\/2019\/01\/WRO2019-RC-Elementary.pdf\" target=\"_blank\" rel=\"noreferrer noopener\">D\u00e9finition des t\u00e2ches et construction du terrain<\/a><\/li><li><a href=\"https:\/\/wro.swiss\/wp-content\/uploads\/2019\/01\/WRO2019-RC-Elementary-Bewertungsbogen.pdf\" target=\"_blank\" rel=\"noreferrer noopener\">Feuille d&rsquo;\u00e9valuation<\/a><\/li><\/ul><div class=\"wp-block-image\"><figure class=\"aligncenter\"><img decoding=\"async\" width=\"1024\" height=\"780\" src=\"https:\/\/wro.swiss\/wp-content\/uploads\/2019\/01\/elementary19-1024x780.jpg\" alt=\"\" class=\"wp-image-978\" srcset=\"https:\/\/wro.swiss\/wp-content\/uploads\/2019\/01\/elementary19-300x229.jpg 300w, https:\/\/wro.swiss\/wp-content\/uploads\/2019\/01\/elementary19-650x495.jpg 650w, https:\/\/wro.swiss\/wp-content\/uploads\/2019\/01\/elementary19-768x585.jpg 768w, https:\/\/wro.swiss\/wp-content\/uploads\/2019\/01\/elementary19-1024x780.jpg 1024w, https:\/\/wro.swiss\/wp-content\/uploads\/2019\/01\/elementary19.jpg 1335w\" sizes=\"(max-width: 1024px) 100vw, 1024px\" \/><\/figure><\/div><h2 class=\"has-luminous-vivid-amber-color has-text-color wp-block-heading\" id=\"jun\">Junior 2019 (13-15 ans)<\/h2><p>Ing\u00e9nieurs et\nLes d\u00e9veloppeurs travaillent depuis longtemps \u00e0 la cr\u00e9ation d&rsquo;un espace de vie sain,\nEn \u00e9mettant moins de gaz d&rsquo;\u00e9chappement dangereux et en r\u00e9duisant la consommation d&rsquo;\u00e9nergie.\nest r\u00e9duit. L&rsquo;objectif est de r\u00e9duire l&#8217;empreinte \u00e9cologique et de\nvivre en m\u00eame temps dans le confort et la s\u00e9curit\u00e9. Cela a conduit \u00e0 ce que\nContr\u00f4ler nos maisons, par exemple allumer le chauffage, de plus en plus loin\n\u00eatre automatis\u00e9.<\/p><p>Au cours d&rsquo;un long processus de d\u00e9veloppement, des solutions \u00ab\u00a0smart home\u00a0\u00bb ont vu le jour, capables de contr\u00f4ler et de g\u00e9rer diff\u00e9rents appareils dans nos maisons. Il existe d\u00e9j\u00e0 des syst\u00e8mes d&rsquo;\u00e9clairage intelligents qui allument et \u00e9teignent automatiquement la lumi\u00e8re en cas de besoin. A l&rsquo;avenir, nous aurons m\u00eame des robots autonomes pour nous aider dans les t\u00e2ches m\u00e9nag\u00e8res.  <\/p><p><strong>Dans la cat\u00e9gorie d&rsquo;\u00e2ge Junior, tu construiras un robot qui remplacera les vieilles lampes par des lampes intelligentes (smart). Les anciennes lampes doivent \u00eatre \u00e9limin\u00e9es correctement, tandis que les nouvelles doivent \u00eatre plac\u00e9es au bon endroit \u00e0 chaque fois. <\/strong><\/p><ul class=\"wp-block-list\"><li><a href=\"https:\/\/wro.swiss\/wp-content\/uploads\/2019\/01\/WRO2019-RC-Junior.pdf\" target=\"_blank\" rel=\"noreferrer noopener\">D\u00e9finition des t\u00e2ches et construction du terrain<\/a><\/li><li><a href=\"https:\/\/wro.swiss\/wp-content\/uploads\/2019\/01\/WRO2019-RC-Junior-Bewertungsbogen.pdf\" target=\"_blank\" rel=\"noreferrer noopener\">Feuille d&rsquo;\u00e9valuation<\/a><\/li><\/ul><figure class=\"wp-block-image\"><img decoding=\"async\" width=\"1024\" height=\"780\" src=\"https:\/\/wro.swiss\/wp-content\/uploads\/2019\/01\/junior19-1024x780.jpg\" alt=\"\" class=\"wp-image-982\" srcset=\"https:\/\/wro.swiss\/wp-content\/uploads\/2019\/01\/junior19-300x229.jpg 300w, https:\/\/wro.swiss\/wp-content\/uploads\/2019\/01\/junior19-650x495.jpg 650w, https:\/\/wro.swiss\/wp-content\/uploads\/2019\/01\/junior19-768x585.jpg 768w, https:\/\/wro.swiss\/wp-content\/uploads\/2019\/01\/junior19-1024x780.jpg 1024w, https:\/\/wro.swiss\/wp-content\/uploads\/2019\/01\/junior19.jpg 1335w\" sizes=\"(max-width: 1024px) 100vw, 1024px\" \/><\/figure><h2 class=\"has-luminous-vivid-amber-color has-text-color wp-block-heading\" id=\"sen\">Senior 2019 (16-18 ans)<\/h2><p>Les futurs r\u00e9seaux informatiques devront faire face \u00e0 de nouveaux d\u00e9fis, tels que les vid\u00e9oconf\u00e9rences holographiques, les voitures autonomes ou les robots interactifs. L&rsquo;objectif est d&rsquo;augmenter les d\u00e9bits de donn\u00e9es tout en d\u00e9veloppant des syst\u00e8mes qui r\u00e9pondent de mani\u00e8re flexible aux exigences des utilisateurs sans que ces derniers aient \u00e0 s&rsquo;en soucier. Les solutions mat\u00e9rielles et logicielles travaillent ensemble pour rendre possible le r\u00e9seau intelligent du futur.  <\/p><p>Construire de nouveaux r\u00e9seaux implique d&rsquo;adapter les technologies actuelles, de d\u00e9velopper de nouveaux appareils et d&rsquo;\u00e9tendre les m\u00e9thodes de transmission sans fil. Seul un r\u00e9seau rapide, stable et s\u00fbr peut constituer la base des villes intelligentes. Il est n\u00e9cessaire de d\u00e9velopper un syst\u00e8me qui ne n\u00e9cessite pas de connaissances informatiques de la part de l&rsquo;utilisateur. Ainsi, seuls les avantages et les am\u00e9liorations apport\u00e9s par l&rsquo;informatique sont visibles pour les utilisateurs. Le pays h\u00f4te de la finale mondiale WRO 2019, la Hongrie, est le centre de d\u00e9veloppement de la 5G, qui constitue la base des r\u00e9seaux intelligents. En Allemagne, l&rsquo;introduction de la 5G est actuellement en pr\u00e9paration avec la vente aux ench\u00e8res des fr\u00e9quences.     <\/p><p><strong>Dans la cat\u00e9gorie d&rsquo;\u00e2ge Senior, tu construiras un robot qui modernisera l&rsquo;infrastructure informatique d&rsquo;une ville en installant de nouveaux routeurs et en connectant des quartiers avec des c\u00e2bles en fibre optique.<\/strong><\/p><ul class=\"wp-block-list\"><li><a href=\"https:\/\/wro.swiss\/wp-content\/uploads\/2019\/01\/WRO2019-RC-Senior.pdf\" target=\"_blank\" rel=\"noreferrer noopener\">D\u00e9finition des t\u00e2ches et construction du terrain<\/a><\/li><li><a href=\"https:\/\/wro.swiss\/wp-content\/uploads\/2019\/01\/WRO2019-RC-Senior-Bewertungsbogen.pdf\" target=\"_blank\" rel=\"noreferrer noopener\">Feuille d&rsquo;\u00e9valuation<\/a><\/li><\/ul><figure class=\"wp-block-image\"><img decoding=\"async\" width=\"1024\" height=\"780\" src=\"https:\/\/wro.swiss\/wp-content\/uploads\/2019\/01\/senior19-1024x780.jpg\" alt=\"\" class=\"wp-image-985\" srcset=\"https:\/\/wro.swiss\/wp-content\/uploads\/2019\/01\/senior19-300x229.jpg 300w, https:\/\/wro.swiss\/wp-content\/uploads\/2019\/01\/senior19-650x495.jpg 650w, https:\/\/wro.swiss\/wp-content\/uploads\/2019\/01\/senior19-768x585.jpg 768w, https:\/\/wro.swiss\/wp-content\/uploads\/2019\/01\/senior19-1024x780.jpg 1024w, https:\/\/wro.swiss\/wp-content\/uploads\/2019\/01\/senior19.jpg 1335w\" sizes=\"(max-width: 1024px) 100vw, 1024px\" \/><\/figure>","protected":false},"excerpt":{"rendered":"<p>Tu trouveras ici les \u00e9preuves de 2019. R\u00e8gles (pour toutes  [&#8230;]<\/p>\n","protected":false},"author":7,"featured_media":0,"parent":4146,"menu_order":0,"comment_status":"closed","ping_status":"closed","template":"","meta":{"inline_featured_image":false,"footnotes":""},"wf_page_folders":[],"class_list":["post-15192","page","type-page","status-publish","hentry"],"_links":{"self":[{"href":"https:\/\/wro.swiss\/fr\/wp-json\/wp\/v2\/pages\/15192","targetHints":{"allow":["GET"]}}],"collection":[{"href":"https:\/\/wro.swiss\/fr\/wp-json\/wp\/v2\/pages"}],"about":[{"href":"https:\/\/wro.swiss\/fr\/wp-json\/wp\/v2\/types\/page"}],"author":[{"embeddable":true,"href":"https:\/\/wro.swiss\/fr\/wp-json\/wp\/v2\/users\/7"}],"replies":[{"embeddable":true,"href":"https:\/\/wro.swiss\/fr\/wp-json\/wp\/v2\/comments?post=15192"}],"version-history":[{"count":1,"href":"https:\/\/wro.swiss\/fr\/wp-json\/wp\/v2\/pages\/15192\/revisions"}],"predecessor-version":[{"id":15207,"href":"https:\/\/wro.swiss\/fr\/wp-json\/wp\/v2\/pages\/15192\/revisions\/15207"}],"up":[{"embeddable":true,"href":"https:\/\/wro.swiss\/fr\/wp-json\/wp\/v2\/pages\/4146"}],"wp:attachment":[{"href":"https:\/\/wro.swiss\/fr\/wp-json\/wp\/v2\/media?parent=15192"}],"wp:term":[{"taxonomy":"wf_page_folders","embeddable":true,"href":"https:\/\/wro.swiss\/fr\/wp-json\/wp\/v2\/wf_page_folders?post=15192"}],"curies":[{"name":"wp","href":"https:\/\/api.w.org\/{rel}","templated":true}]}}