{"id":15097,"date":"2024-02-25T18:16:21","date_gmt":"2024-02-25T17:16:21","guid":{"rendered":"https:\/\/wro.swiss\/informations\/categories-et-classes-d-age\/wro-starter\/"},"modified":"2026-03-17T10:39:59","modified_gmt":"2026-03-17T09:39:59","slug":"wro-starter","status":"publish","type":"page","link":"https:\/\/wro.swiss\/fr\/informations\/categories-et-classes-d-age\/wro-starter\/","title":{"rendered":"WRO Starter"},"content":{"rendered":"<p><div class=\"fusion-fullwidth fullwidth-box fusion-builder-row-1 fusion-flex-container has-pattern-background has-mask-background nonhundred-percent-fullwidth non-hundred-percent-height-scrolling\" style=\"--awb-border-radius-top-left:0px;--awb-border-radius-top-right:0px;--awb-border-radius-bottom-right:0px;--awb-border-radius-bottom-left:0px;--awb-flex-wrap:wrap;\" ><div class=\"fusion-builder-row fusion-row fusion-flex-align-items-flex-start fusion-flex-content-wrap\" style=\"max-width:1248px;margin-left: calc(-4% \/ 2 );margin-right: calc(-4% \/ 2 );\"><div class=\"fusion-layout-column fusion_builder_column fusion-builder-column-0 fusion_builder_column_1_1 1_1 fusion-flex-column\" style=\"--awb-bg-size:cover;--awb-width-large:100%;--awb-margin-top-large:0px;--awb-spacing-right-large:1.92%;--awb-margin-bottom-large:20px;--awb-spacing-left-large:1.92%;--awb-width-medium:100%;--awb-order-medium:0;--awb-spacing-right-medium:1.92%;--awb-spacing-left-medium:1.92%;--awb-width-small:100%;--awb-order-small:0;--awb-spacing-right-small:1.92%;--awb-spacing-left-small:1.92%;\"><div class=\"fusion-column-wrapper fusion-column-has-shadow fusion-flex-justify-content-flex-start fusion-content-layout-column\"><div class=\"fusion-title title fusion-title-1 fusion-sep-none fusion-title-text fusion-title-size-one\" style=\"--awb-margin-top-small:10px;--awb-margin-right-small:0px;--awb-margin-bottom-small:10px;--awb-margin-left-small:0px;\"><h1 class=\"fusion-title-heading title-heading-left\" style=\"margin:0;\">Initiation gratuite \u00e0 la robotique pour les plus jeunes<\/h1><\/div><div class=\"awb-gallery-wrapper awb-gallery-wrapper-1 button-span-no\" style=\"--more-btn-alignment:center;\"><div style=\"margin:-5px;--awb-aspect-ratio:2 \/ 1;--awb-bordersize:0px;--awb-columns-medium:100%;--awb-columns-small:100%;\" class=\"fusion-gallery fusion-gallery-container fusion-grid-3 fusion-columns-total-3 fusion-gallery-layout-grid fusion-gallery-1 has-aspect-ratio\"><div style=\"padding:5px;\" class=\"fusion-grid-column fusion-gallery-column fusion-gallery-column-3 hover-type-none\"><div class=\"fusion-gallery-image\"><a href=\"https:\/\/wro.swiss\/wp-content\/uploads\/2024\/02\/Starter-Roboter-Beispiel-1.png\" rel=\"noreferrer\" data-rel=\"iLightbox[gallery_image_1]\" class=\"fusion-lightbox\" target=\"_self\"><img decoding=\"async\" src=\"https:\/\/wro.swiss\/wp-content\/uploads\/2024\/02\/Starter-Roboter-Beispiel-1-460x295.png\" width=\"460\" height=\"295\" alt=\"Un robot Lego Spike Essential\" title=\"Starter-Roboter Beispiel\" aria-label=\"Starter-Roboter Beispiel\" class=\"img-responsive wp-image-12933 fusion-gallery-image-size-fixed\" style=\"object-position:51% 100%;\" \/><\/a><\/div><\/div><div style=\"padding:5px;\" class=\"fusion-grid-column fusion-gallery-column fusion-gallery-column-3 hover-type-none\"><div class=\"fusion-gallery-image\"><a href=\"https:\/\/wro.swiss\/wp-content\/uploads\/2026\/02\/WRO-2026-Starter-Gamefield-Switzerland-scaled.png\" rel=\"noreferrer\" data-rel=\"iLightbox[gallery_image_1]\" class=\"fusion-lightbox\" target=\"_self\"><img decoding=\"async\" src=\"https:\/\/wro.swiss\/wp-content\/uploads\/2026\/02\/WRO-2026-Starter-Gamefield-Switzerland-460x295.png\" width=\"460\" height=\"295\" alt=\"\" title=\"WRO-2026-Starter-Gamefield-Suisse\" aria-label=\"WRO-2026-Starter-Gamefield-Suisse\" class=\"img-responsive wp-image-23468 fusion-gallery-image-size-fixed\"  \/><\/a><\/div><\/div><div style=\"padding:5px;\" class=\"fusion-grid-column fusion-gallery-column fusion-gallery-column-3 hover-type-none\"><div class=\"fusion-gallery-image\"><a href=\"https:\/\/wro.swiss\/wp-content\/uploads\/2024\/02\/Spike-Essential-Code.png\" rel=\"noreferrer\" data-rel=\"iLightbox[gallery_image_1]\" class=\"fusion-lightbox\" target=\"_self\"><img decoding=\"async\" src=\"https:\/\/wro.swiss\/wp-content\/uploads\/2024\/02\/Spike-Essential-Code-460x295.png\" width=\"460\" height=\"295\" alt=\"Code essentiel SPIKE\" title=\"Programmation facile avec des blocs d&rsquo;ic\u00f4nes\" aria-label=\"Programmation facile avec des blocs d&rsquo;ic\u00f4nes\" class=\"img-responsive wp-image-12888 fusion-gallery-image-size-fixed\" srcset=\"https:\/\/wro.swiss\/wp-content\/uploads\/2024\/02\/Spike-Essential-Code-200x128.png 200w, https:\/\/wro.swiss\/wp-content\/uploads\/2024\/02\/Spike-Essential-Code-400x256.png 400w, https:\/\/wro.swiss\/wp-content\/uploads\/2024\/02\/Spike-Essential-Code-600x383.png 600w, https:\/\/wro.swiss\/wp-content\/uploads\/2024\/02\/Spike-Essential-Code.png 734w\" sizes=\"(min-width: 2200px) 100vw, (min-width: 784px) 397px, (min-width: 712px) 595px, (min-width: 640px) 712px, \" \/><\/a><\/div><\/div><div class=\"clearfix\"><\/div><\/div><\/div><\/div><\/div><div class=\"fusion-layout-column fusion_builder_column fusion-builder-column-1 fusion_builder_column_1_1 1_1 fusion-flex-column\" style=\"--awb-padding-top:20px;--awb-padding-right:20px;--awb-padding-bottom:20px;--awb-padding-left:20px;--awb-bg-color:var(--awb-custom_color_3);--awb-bg-color-hover:var(--awb-custom_color_3);--awb-bg-size:cover;--awb-width-large:100%;--awb-margin-top-large:0px;--awb-spacing-right-large:1.92%;--awb-margin-bottom-large:20px;--awb-spacing-left-large:1.92%;--awb-width-medium:100%;--awb-order-medium:0;--awb-spacing-right-medium:1.92%;--awb-spacing-left-medium:1.92%;--awb-width-small:100%;--awb-order-small:0;--awb-spacing-right-small:1.92%;--awb-spacing-left-small:1.92%;\"><div class=\"fusion-column-wrapper fusion-column-has-shadow fusion-flex-justify-content-flex-start fusion-content-layout-column\"><div class=\"fusion-text fusion-text-1\"><p><b>\u00ab WRO Starter \u00bb<\/b> est l&rsquo;offre robotique de WRO Suisse destin\u00e9e aux plus jeunes. Nous proposons un cours dans lequel les enfants de 6 \u00e0 10 ans peuvent faire leurs premi\u00e8res exp\u00e9riences avec un robot Lego. L&rsquo;objectif est que les enfants participent au concours dans la cat\u00e9gorie Starter.<\/p>\n<\/div><\/div><\/div><div class=\"fusion-layout-column fusion_builder_column fusion-builder-column-2 fusion_builder_column_1_1 1_1 fusion-flex-column\" style=\"--awb-bg-color:var(--awb-color1);--awb-bg-color-hover:var(--awb-color1);--awb-bg-size:cover;--awb-width-large:100%;--awb-margin-top-large:0px;--awb-spacing-right-large:1.92%;--awb-margin-bottom-large:20px;--awb-spacing-left-large:1.92%;--awb-width-medium:100%;--awb-order-medium:0;--awb-spacing-right-medium:1.92%;--awb-spacing-left-medium:1.92%;--awb-width-small:100%;--awb-order-small:0;--awb-spacing-right-small:1.92%;--awb-spacing-left-small:1.92%;\"><div class=\"fusion-column-wrapper fusion-column-has-shadow fusion-flex-justify-content-flex-start fusion-content-layout-column\"><div class=\"fusion-title title fusion-title-2 fusion-sep-none fusion-title-text fusion-title-size-two\" style=\"--awb-margin-top-small:10px;--awb-margin-right-small:0px;--awb-margin-bottom-small:10px;--awb-margin-left-small:0px;\"><h2 class=\"fusion-title-heading title-heading-left\" style=\"margin:0;\"><h2>Infos g\u00e9n\u00e9rales<\/h2><\/h2><\/div><div class=\"fusion-text fusion-text-2\"><ul>\n<li>Pour les filles et les gar\u00e7ons de 6 \u00e0 10 ans<\/li>\n<li>Aucune connaissance pr\u00e9alable requise<\/li>\n<li>Programmer avec des blocs d&rsquo;images<\/li>\n<li><span style=\"letter-spacing: 0.24px;\">La participation au cours et au concours est gratuite.<\/span><\/li>\n<li>Inscription au cours pour chaque enfant via le lien d&rsquo;inscription en bas de la page. Si ce n&rsquo;est pas d\u00e9j\u00e0 fait et qu&rsquo;il y a des places disponibles, l&rsquo;inscription au concours peut \u00eatre faite pendant le cours.<\/li>\n<\/ul>\n<\/div><div class=\"fusion-title title fusion-title-3 fusion-sep-none fusion-title-text fusion-title-size-two\" style=\"--awb-margin-top-small:10px;--awb-margin-right-small:0px;--awb-margin-bottom-small:10px;--awb-margin-left-small:0px;\"><h2 class=\"fusion-title-heading title-heading-left\" style=\"margin:0;\"><h2>L\u00e9e concours<\/h2><\/h2><\/div><div class=\"fusion-text fusion-text-3\"><ul>\n<li><a href=\"https:\/\/wro.swiss\/fr\/taches-wro-starter-2026\/\">Une mission passionnante (tu trouveras ici les missions pour 2026) :<\/a><\/li>\n<li>Pour les \u00e9quipes de 2 ou 3 enfants &#8211; Si tu as d\u00e9j\u00e0 un(e) partenaire, vous pouvez vous inscrire ensemble. Sinon, tu peux trouver un(e) partenaire lors des cours.<\/li>\n<li>Soutien d&rsquo;un coach (parents, enseignant, autre personne de plus de 18 ans)<\/li>\n<\/ul>\n<\/div><div class=\"fusion-title title fusion-title-4 fusion-sep-none fusion-title-text fusion-title-size-two\" style=\"--awb-margin-top-small:10px;--awb-margin-right-small:0px;--awb-margin-bottom-small:10px;--awb-margin-left-small:0px;\"><h2 class=\"fusion-title-heading title-heading-left\" style=\"margin:0;\"><h2 style=\"text-align: left;\">Les ateliers<\/h2><\/h2><\/div><div class=\"fusion-text fusion-text-4\"><p>Nous proposons des ateliers dans lesquels les enfants peuvent apprendre les bases de la robotique et se pr\u00e9parer aux t\u00e2ches du concours avec l&rsquo;aide d&rsquo;un sp\u00e9cialiste. Les ateliers sont r\u00e9partis sur quatre dates. Le principe est le suivant :  <\/p>\n<ul>\n<li>2x bases de la robotique<\/li>\n<li>2x pr\u00e9paration concr\u00e8te au concours<\/li>\n<\/ul>\n<p>Les enfants qui ont d\u00e9j\u00e0 des connaissances avec le robot Lego peuvent aussi venir uniquement aux deux ateliers li\u00e9s au concours. Nous te demandons d&rsquo;inscrire ton enfant \u00e0 l&rsquo;atelier et de prendre contact avec nous. <\/p>\n<\/div><\/div><\/div><div class=\"fusion-layout-column fusion_builder_column fusion-builder-column-3 fusion_builder_column_1_2 1_2 fusion-flex-column\" style=\"--awb-bg-color:var(--awb-custom_color_7);--awb-bg-color-hover:var(--awb-custom_color_7);--awb-bg-size:cover;--awb-width-large:50%;--awb-margin-top-large:0px;--awb-spacing-right-large:3.84%;--awb-margin-bottom-large:20px;--awb-spacing-left-large:3.84%;--awb-width-medium:50%;--awb-order-medium:0;--awb-spacing-right-medium:3.84%;--awb-spacing-left-medium:3.84%;--awb-width-small:100%;--awb-order-small:0;--awb-spacing-right-small:1.92%;--awb-spacing-left-small:1.92%;\"><div class=\"fusion-column-wrapper fusion-column-has-shadow fusion-flex-justify-content-flex-start fusion-content-layout-column\"><div class=\"fusion-title title fusion-title-5 fusion-sep-none fusion-title-text fusion-title-size-three\" style=\"--awb-margin-top-small:10px;--awb-margin-right-small:0px;--awb-margin-bottom-small:10px;--awb-margin-left-small:0px;\"><h3 class=\"fusion-title-heading title-heading-left\" style=\"margin:0;\">Ateliers \u00e0 Brugg-Windisch<\/h3><\/div><div class=\"fusion-text fusion-text-5\"><p>Haute \u00e9cole sp\u00e9cialis\u00e9e du nord-ouest de la Suisse FHNW<br \/>la salle exacte sera communiqu\u00e9e ult\u00e9rieurement<\/p>\n<p>Tous les samedis, de 14h00 \u00e0 16h30<\/p>\n<p><b>Partie 1 : Les bases de la robotique<\/b><\/p>\n<ul>\n<li>21 f\u00e9vrier<\/li>\n<li>7 mars<\/li>\n<\/ul>\n<p><b>Partie 2 : Se pr\u00e9parer pour le concours<\/b><\/p>\n<ul>\n<li>21 mars<\/li>\n<li>11 avril<\/li>\n<\/ul>\n<\/div><\/div><\/div><div class=\"fusion-layout-column fusion_builder_column fusion-builder-column-4 fusion_builder_column_1_2 1_2 fusion-flex-column\" style=\"--awb-bg-color:var(--awb-custom_color_5);--awb-bg-color-hover:var(--awb-custom_color_5);--awb-bg-size:cover;--awb-width-large:50%;--awb-margin-top-large:0px;--awb-spacing-right-large:3.84%;--awb-margin-bottom-large:20px;--awb-spacing-left-large:3.84%;--awb-width-medium:50%;--awb-order-medium:0;--awb-spacing-right-medium:3.84%;--awb-spacing-left-medium:3.84%;--awb-width-small:100%;--awb-order-small:0;--awb-spacing-right-small:1.92%;--awb-spacing-left-small:1.92%;\"><div class=\"fusion-column-wrapper fusion-column-has-shadow fusion-flex-justify-content-flex-start fusion-content-layout-column\"><div class=\"fusion-title title fusion-title-6 fusion-sep-none fusion-title-text fusion-title-size-three\" style=\"--awb-margin-top-small:10px;--awb-margin-right-small:0px;--awb-margin-bottom-small:10px;--awb-margin-left-small:0px;\"><h3 class=\"fusion-title-heading title-heading-left\" style=\"margin:0;\">Ateliers \u00e0 Rotkreuz<\/h3><\/div><div class=\"fusion-text fusion-text-6\"><p>Haute \u00e9cole de Lucerne \u00e0 Rotkreuz<br \/>l&rsquo;adresse exacte sera communiqu\u00e9e ult\u00e9rieurement<\/p>\n<p>Tous les samedis, de 13h00 \u00e0 15h30<\/p>\n<p><b>Partie 1 : Les bases de la robotique<\/b><\/p>\n<ul>\n<li>21 mars<\/li>\n<li>28 mars<\/li>\n<\/ul>\n<p><b>Partie 2 : Se pr\u00e9parer pour le concours<\/b><\/p>\n<ul>\n<li><span style=\"letter-spacing: 0.24px; background-color: rgba(0, 0, 0, 0);\">11 avril<\/span><\/li>\n<li><span style=\"letter-spacing: 0.24px; background-color: rgba(0, 0, 0, 0);\">18 avril<\/span><\/li>\n<\/ul>\n<\/div><\/div><\/div><div class=\"fusion-layout-column fusion_builder_column fusion-builder-column-5 fusion_builder_column_1_1 1_1 fusion-flex-column\" style=\"--awb-bg-size:cover;--awb-width-large:100%;--awb-margin-top-large:0px;--awb-spacing-right-large:1.92%;--awb-margin-bottom-large:20px;--awb-spacing-left-large:1.92%;--awb-width-medium:100%;--awb-order-medium:0;--awb-spacing-right-medium:1.92%;--awb-spacing-left-medium:1.92%;--awb-width-small:100%;--awb-order-small:0;--awb-spacing-right-small:1.92%;--awb-spacing-left-small:1.92%;\"><div class=\"fusion-column-wrapper fusion-column-has-shadow fusion-flex-justify-content-flex-start fusion-content-layout-column\"><div ><a class=\"fusion-button button-flat fusion-button-default-size button-default fusion-button-default button-1 fusion-button-default-span fusion-button-default-type\" target=\"_self\"><span class=\"fusion-button-text awb-button__text awb-button__text--default\">Inscription aux ateliers Starter<\/span><\/a><\/div><div class=\"fusion-text fusion-text-7\"><p><b>Les ateliers \u00e0 Brugg-Windisch et Rotkreuz sont complets ! Il n&rsquo;est PLUS possible de s&rsquo;inscrire. <\/b><\/p>\n<p>Les ateliers au Tessin sont propos\u00e9s par notre partenaire Robo-S\u00ec. Merci de t&rsquo;inscrire directement via leur <a href=\"https:\/\/robo-si.ch\" target=\"_blank\" rel=\"noopener noreferrer\">site web<\/a>. <\/p>\n<p>Cette ann\u00e9e, nous ne pouvons malheureusement pas proposer d&rsquo;ateliers en Suisse romande.  <\/p>\n<\/div><div ><a class=\"fusion-button button-flat fusion-button-default-size button-default fusion-button-default button-2 fusion-button-default-span fusion-button-default-type\" target=\"_self\" href=\"https:\/\/wro.swiss\/fr\/saison-2026\/inscription\/\"><span class=\"fusion-button-text awb-button__text awb-button__text--default\">Inscription aux concours<\/span><\/a><\/div><\/div><\/div><\/div><\/div><div class=\"fusion-fullwidth fullwidth-box fusion-builder-row-2 fusion-flex-container has-pattern-background has-mask-background nonhundred-percent-fullwidth non-hundred-percent-height-scrolling\" style=\"--awb-border-radius-top-left:0px;--awb-border-radius-top-right:0px;--awb-border-radius-bottom-right:0px;--awb-border-radius-bottom-left:0px;--awb-flex-wrap:wrap;\" ><div class=\"fusion-builder-row fusion-row fusion-flex-align-items-flex-start fusion-flex-content-wrap\" style=\"max-width:1248px;margin-left: calc(-4% \/ 2 );margin-right: calc(-4% \/ 2 );\"><div class=\"fusion-layout-column fusion_builder_column fusion-builder-column-6 fusion_builder_column_1_1 1_1 fusion-flex-column\" style=\"--awb-bg-color:var(--awb-custom_color_3);--awb-bg-color-hover:var(--awb-custom_color_3);--awb-bg-size:cover;--awb-width-large:100%;--awb-margin-top-large:0px;--awb-spacing-right-large:1.92%;--awb-margin-bottom-large:20px;--awb-spacing-left-large:1.92%;--awb-width-medium:100%;--awb-order-medium:0;--awb-spacing-right-medium:1.92%;--awb-spacing-left-medium:1.92%;--awb-width-small:100%;--awb-order-small:0;--awb-spacing-right-small:1.92%;--awb-spacing-left-small:1.92%;\"><div class=\"fusion-column-wrapper fusion-column-has-shadow fusion-flex-justify-content-flex-start fusion-content-layout-column\"><div class=\"fusion-text fusion-text-8\" style=\"--awb-margin-top:20px;--awb-margin-left:30px;\"><p>Contact : <a href=\"mailto:starter@wro.swiss\">starter@wro.swiss<\/a><\/p>\n<p>Remarque : le concours et les ateliers se d\u00e9roulent dans la langue de la r\u00e9gion linguistique concern\u00e9e.<\/p>\n<p><span style=\"color: var(--awb-text-color); font-family: var(--awb-text-font-family); font-size: var(--awb-font-size); font-style: var(--awb-text-font-style); font-weight: var(--awb-text-font-weight); letter-spacing: var(--awb-letter-spacing); text-align: var(--awb-content-alignment); text-transform: var(--awb-text-transform); background-color: var(--awb-bg-color-hover);\">Le nombre de places est limit\u00e9 !<\/span><\/p>\n<\/div><\/div><\/div><\/div><\/div><\/p>\n","protected":false},"excerpt":{"rendered":"","protected":false},"author":7,"featured_media":0,"parent":10127,"menu_order":0,"comment_status":"closed","ping_status":"closed","template":"100-width.php","meta":{"inline_featured_image":false,"footnotes":""},"wf_page_folders":[],"class_list":["post-15097","page","type-page","status-publish","hentry"],"_links":{"self":[{"href":"https:\/\/wro.swiss\/fr\/wp-json\/wp\/v2\/pages\/15097","targetHints":{"allow":["GET"]}}],"collection":[{"href":"https:\/\/wro.swiss\/fr\/wp-json\/wp\/v2\/pages"}],"about":[{"href":"https:\/\/wro.swiss\/fr\/wp-json\/wp\/v2\/types\/page"}],"author":[{"embeddable":true,"href":"https:\/\/wro.swiss\/fr\/wp-json\/wp\/v2\/users\/7"}],"replies":[{"embeddable":true,"href":"https:\/\/wro.swiss\/fr\/wp-json\/wp\/v2\/comments?post=15097"}],"version-history":[{"count":128,"href":"https:\/\/wro.swiss\/fr\/wp-json\/wp\/v2\/pages\/15097\/revisions"}],"predecessor-version":[{"id":24202,"href":"https:\/\/wro.swiss\/fr\/wp-json\/wp\/v2\/pages\/15097\/revisions\/24202"}],"up":[{"embeddable":true,"href":"https:\/\/wro.swiss\/fr\/wp-json\/wp\/v2\/pages\/10127"}],"wp:attachment":[{"href":"https:\/\/wro.swiss\/fr\/wp-json\/wp\/v2\/media?parent=15097"}],"wp:term":[{"taxonomy":"wf_page_folders","embeddable":true,"href":"https:\/\/wro.swiss\/fr\/wp-json\/wp\/v2\/wf_page_folders?post=15097"}],"curies":[{"name":"wp","href":"https:\/\/api.w.org\/{rel}","templated":true}]}}