{"id":14751,"date":"2024-11-22T19:32:43","date_gmt":"2024-11-22T18:32:43","guid":{"rendered":"https:\/\/wro.swiss\/saison-2025\/"},"modified":"2025-06-02T07:37:30","modified_gmt":"2025-06-02T05:37:30","slug":"saison-2025","status":"publish","type":"page","link":"https:\/\/wro.swiss\/fr\/saison-2025\/","title":{"rendered":"Saison 2025"},"content":{"rendered":"<p><div class=\"fusion-fullwidth fullwidth-box fusion-builder-row-1 fusion-flex-container has-pattern-background has-mask-background nonhundred-percent-fullwidth non-hundred-percent-height-scrolling\" style=\"--awb-border-radius-top-left:0px;--awb-border-radius-top-right:0px;--awb-border-radius-bottom-right:0px;--awb-border-radius-bottom-left:0px;--awb-flex-wrap:wrap;\" ><div class=\"fusion-builder-row fusion-row fusion-flex-align-items-flex-start fusion-flex-content-wrap\" style=\"max-width:1248px;margin-left: calc(-4% \/ 2 );margin-right: calc(-4% \/ 2 );\"><div class=\"fusion-layout-column fusion_builder_column fusion-builder-column-0 fusion_builder_column_1_2 1_2 fusion-flex-column\" style=\"--awb-bg-size:cover;--awb-width-large:50%;--awb-margin-top-large:0px;--awb-spacing-right-large:3.84%;--awb-margin-bottom-large:20px;--awb-spacing-left-large:3.84%;--awb-width-medium:50%;--awb-order-medium:0;--awb-spacing-right-medium:3.84%;--awb-spacing-left-medium:3.84%;--awb-width-small:100%;--awb-order-small:0;--awb-spacing-right-small:1.92%;--awb-spacing-left-small:1.92%;\"><div class=\"fusion-column-wrapper fusion-column-has-shadow fusion-flex-justify-content-flex-start fusion-content-layout-column\"><div class=\"fusion-image-element \" style=\"--awb-caption-title-font-family:var(--h2_typography-font-family);--awb-caption-title-font-weight:var(--h2_typography-font-weight);--awb-caption-title-font-style:var(--h2_typography-font-style);--awb-caption-title-size:var(--h2_typography-font-size);--awb-caption-title-transform:var(--h2_typography-text-transform);--awb-caption-title-line-height:var(--h2_typography-line-height);--awb-caption-title-letter-spacing:var(--h2_typography-letter-spacing);\"><span class=\" fusion-imageframe imageframe-none imageframe-1 hover-type-none\"><img decoding=\"async\" width=\"441\" height=\"126\" alt=\"WRO Switzerland\" title=\"WRO_Switzerland_Weiss F\u00dcR DUNKLEN HINTERGRUND\" src=\"https:\/\/wro.swiss\/wp-content\/uploads\/2023\/11\/WRO_Switzerland_Weiss-FUeR-DUNKLEN-HINTERGRUND.png\" class=\"img-responsive wp-image-9834\" srcset=\"https:\/\/wro.swiss\/wp-content\/uploads\/2023\/11\/WRO_Switzerland_Weiss-FUeR-DUNKLEN-HINTERGRUND-200x57.png 200w, https:\/\/wro.swiss\/wp-content\/uploads\/2023\/11\/WRO_Switzerland_Weiss-FUeR-DUNKLEN-HINTERGRUND-400x114.png 400w, https:\/\/wro.swiss\/wp-content\/uploads\/2023\/11\/WRO_Switzerland_Weiss-FUeR-DUNKLEN-HINTERGRUND.png 441w\" sizes=\"(max-width: 640px) 100vw, 441px\" \/><\/span><\/div><\/div><\/div><div class=\"fusion-layout-column fusion_builder_column fusion-builder-column-1 fusion_builder_column_1_2 1_2 fusion-flex-column\" style=\"--awb-bg-size:cover;--awb-width-large:50%;--awb-margin-top-large:0px;--awb-spacing-right-large:3.84%;--awb-margin-bottom-large:20px;--awb-spacing-left-large:3.84%;--awb-width-medium:50%;--awb-order-medium:0;--awb-spacing-right-medium:3.84%;--awb-spacing-left-medium:3.84%;--awb-width-small:100%;--awb-order-small:0;--awb-spacing-right-small:1.92%;--awb-spacing-left-small:1.92%;\"><div class=\"fusion-column-wrapper fusion-column-has-shadow fusion-flex-justify-content-flex-start fusion-content-layout-column\"><div class=\"fusion-title title fusion-title-1 fusion-sep-none fusion-title-text fusion-title-size-one\" style=\"--awb-margin-top-small:10px;--awb-margin-right-small:0px;--awb-margin-bottom-small:10px;--awb-margin-left-small:0px;\"><h1 class=\"fusion-title-heading title-heading-left\" style=\"margin:0;\">Devise de la saison<\/h1><\/div><div class=\"fusion-text fusion-text-1\"><p>The Future of Robots<\/p>\n<\/div><\/div><\/div><\/div><\/div><div class=\"fusion-fullwidth fullwidth-box fusion-builder-row-2 fusion-flex-container has-pattern-background has-mask-background nonhundred-percent-fullwidth non-hundred-percent-height-scrolling\" style=\"--awb-border-radius-top-left:0px;--awb-border-radius-top-right:0px;--awb-border-radius-bottom-right:0px;--awb-border-radius-bottom-left:0px;--awb-flex-wrap:wrap;\" ><div class=\"fusion-builder-row fusion-row fusion-flex-align-items-flex-start fusion-flex-content-wrap\" style=\"max-width:1248px;margin-left: calc(-4% \/ 2 );margin-right: calc(-4% \/ 2 );\"><div class=\"fusion-layout-column fusion_builder_column fusion-builder-column-2 fusion_builder_column_1_1 1_1 fusion-flex-column\" style=\"--awb-bg-size:cover;--awb-width-large:100%;--awb-margin-top-large:0px;--awb-spacing-right-large:1.92%;--awb-margin-bottom-large:20px;--awb-spacing-left-large:1.92%;--awb-width-medium:100%;--awb-order-medium:0;--awb-spacing-right-medium:1.92%;--awb-spacing-left-medium:1.92%;--awb-width-small:100%;--awb-order-small:0;--awb-spacing-right-small:1.92%;--awb-spacing-left-small:1.92%;\"><div class=\"fusion-column-wrapper fusion-column-has-shadow fusion-flex-justify-content-flex-start fusion-content-layout-column\"><div class=\"fusion-title title fusion-title-2 fusion-sep-none fusion-title-text fusion-title-size-one\" style=\"--awb-margin-top-small:10px;--awb-margin-right-small:0px;--awb-margin-bottom-small:10px;--awb-margin-left-small:0px;\"><h1 class=\"fusion-title-heading title-heading-left\" style=\"margin:0;\">Inscription<\/h1><\/div><div class=\"fusion-text fusion-text-2\"><p>L&rsquo;inscription est possible <a href=\"https:\/\/wro.swiss\/fr\/saison-2025\/inscription\/\">ici <\/a>. Nous demandons \u00e0 tous les coachs de lire attentivement les informations contenues dans cette page.<\/p>\n<\/div><div class=\"fusion-title title fusion-title-3 fusion-sep-none fusion-title-text fusion-title-size-one\" style=\"--awb-margin-top-small:10px;--awb-margin-right-small:0px;--awb-margin-bottom-small:10px;--awb-margin-left-small:0px;\"><h1 class=\"fusion-title-heading title-heading-left\" style=\"margin:0;\">T\u00e2ches<\/h1><\/div><div class=\"fusion-text fusion-text-3\"><p>Les \u00e9preuves de la nouvelle saison seront publi\u00e9es le 15 janvier \u00e0 10h00.<\/p>\n<\/div><div class=\"fusion-title title fusion-title-4 fusion-sep-none fusion-title-text fusion-title-size-one\" style=\"--awb-margin-top-small:10px;--awb-margin-right-small:0px;--awb-margin-bottom-small:10px;--awb-margin-left-small:0px;\"><h1 class=\"fusion-title-heading title-heading-left\" style=\"margin:0;\">Cat\u00e9gories du concours<\/h1><\/div><div class=\"fusion-text fusion-text-4\"><ul>\n<li><b style=\"color: var(--awb-color4);\">RoboMission<\/b> (8-19 ans) : <a href=\"https:\/\/wro.swiss\/fr\/informations\/categories-et-classes-d-age\/la-categorie-robomission\/\">En savoir plus<\/a><\/li>\n<li><b style=\"color: var(--awb-color5);\">Future Innovators<\/b> (8-19 ans) : <a href=\"https:\/\/wro.swiss\/fr\/informations\/categories-et-classes-d-age\/fi-fr\/\">En savoir plus<\/a><\/li>\n<li><span style=\"color: #00daf2;\"><b>Future Engineers<\/b><span style=\"color: var(--awb-color8);\"> (14-22 ans) : <a href=\"https:\/\/wro.swiss\/fr\/informations\/categories-et-classes-d-age\/a-partir-de-2025-future-engineers\/\">Plus d&rsquo;informations<\/a><\/span><\/span><\/li>\n<li><span style=\"color: var(--awb-custom_color_3);\"><b>WRO Starter<\/b><\/span> (6 \u00e0 10 ans) : <a href=\"https:\/\/wro.swiss\/fr\/informations\/categories-et-classes-d-age\/wro-starter\/\">En savoir plus<\/a><\/li>\n<\/ul>\n<p>Infos pr\u00e9cises sur les <a href=\"https:\/\/wro.swiss\/fr\/informations\/categories-et-classes-d-age\/classes-d-age\/\">cat\u00e9gories d&rsquo;\u00e2ge<\/a>. Attention !<\/p>\n<ol>\n<li>C&rsquo;est l&rsquo;ann\u00e9e de naissance qui est d\u00e9terminante et non l&rsquo;\u00e2ge le jour du concours.<\/li>\n<li>Il n&rsquo;y a pas d&rsquo;exclusion pour les personnes trop \u00e2g\u00e9es ou trop jeunes pour une cat\u00e9gorie d&rsquo;\u00e2ge !<br \/>\n(Voir <a style=\"font-family: var(--awb-text-font-family); font-size: var(--awb-font-size); font-style: var(--awb-text-font-style); font-weight: var(--awb-text-font-weight); letter-spacing: var(--awb-letter-spacing); text-align: var(--awb-content-alignment); text-transform: var(--awb-text-transform); background-color: var(--awb-bg-color-medium-hover);\" href=\"https:\/\/wro.swiss\/fr\/conditions-de-participation\/\">conditions de participation <\/a><span style=\"color: var(--awb-text-color); font-family: var(--awb-text-font-family); font-size: var(--awb-font-size); font-style: var(--awb-text-font-style); font-weight: var(--awb-text-font-weight); letter-spacing: var(--awb-letter-spacing); text-align: var(--awb-content-alignment); text-transform: var(--awb-text-transform); background-color: var(--awb-bg-color-medium-hover);\">point 4.3)<\/span><\/li>\n<\/ol>\n<\/div><div class=\"fusion-title title fusion-title-5 fusion-sep-none fusion-title-text fusion-title-size-one\" style=\"--awb-margin-top-small:10px;--awb-margin-right-small:0px;--awb-margin-bottom-small:10px;--awb-margin-left-small:0px;\"><h1 class=\"fusion-title-heading title-heading-left\" style=\"margin:0;\">Dates<\/h1><\/div><div class=\"fusion-text fusion-text-5\"><p>Les informations d\u00e9taill\u00e9es sur chaque concours seront mises en lien ici environ 2 semaines avant la date.<\/p>\n<\/div>\n<div class=\"table-2\">\n<table width=\"100%\">\n<thead>\n<tr>\n<th align=\"left\">Date<\/th>\n<th align=\"left\">\u00c9v\u00e9nement<\/th>\n<th align=\"left\">Lieu<\/th>\n<\/tr>\n<\/thead>\n<tbody>\n<tr>\n<td align=\"left\">1er d\u00e9cembre 2024 &#8211;<br \/>\n15 mars 2025<\/td>\n<td align=\"left\">Inscription au concours<\/td>\n<td align=\"left\">En ligne<\/td>\n<\/tr>\n<tr>\n<td align=\"left\">15 janvier 2025<\/td>\n<td align=\"left\">Publication des t\u00e2ches<\/td>\n<td align=\"left\">En ligne<\/td>\n<\/tr>\n<tr>\n<td align=\"left\">10 mai 2025<\/td>\n<td align=\"left\">Concours r\u00e9gionaux<\/td>\n<td align=\"left\"><a href=\"https:\/\/wro.swiss\/fr\/dates\/concours-regional-altstetten\/\">Altstetten,<\/a> <a href=\"https:\/\/wro.swiss\/fr\/dates\/concours-regional-brugg-windisch\/\">Brugg-Windisch<\/a>, <a href=\"https:\/\/wro.swiss\/fr\/dates\/concours-regional-winterthur-zhaw\/\">Winterthur<\/a> (uniquement Future Engineers)<\/td>\n<\/tr>\n<tr>\n<td align=\"left\">11 mai 2025<\/td>\n<td align=\"left\">Concours r\u00e9gional<\/td>\n<td align=\"left\"><a href=\"https:\/\/wro.swiss\/fr\/dates\/concours-regional-thun\/\">Thun<\/a><\/td>\n<\/tr>\n<tr>\n<td align=\"left\">17 mai 2025<\/td>\n<td align=\"left\">Concours r\u00e9gionaux<\/td>\n<td align=\"left\"><a href=\"https:\/\/wro.swiss\/fr\/dates\/concours-regional-aeugst-am-albis\/\">Aeugst am Albis<\/a>, <a href=\"https:\/\/wro.swiss\/fr\/dates\/concours-regional-allschwil\/\">Allschwil<\/a>, <a href=\"https:\/\/wro.swiss\/fr\/dates\/concours-regional-bellinzona\/\">Bellinzona<\/a>, <a href=\"https:\/\/wro.swiss\/fr\/dates\/concours-regional-degersheim\/\">Degersheim<\/a>, <a href=\"https:\/\/wro.swiss\/fr\/dates\/concours-regional-messen\/\">Messen<\/a>, <a href=\"https:\/\/wro.swiss\/fr\/dates\/concours-regional-yverdon-les-bains\/\">Yverdon<\/a><\/td>\n<\/tr>\n<tr>\n<td align=\"left\">24 mai 2025<\/td>\n<td align=\"left\">Concours r\u00e9gionaux<\/td>\n<td align=\"left\"><a href=\"https:\/\/wro.swiss\/fr\/dates\/concours-regional-altdorf\/\">Altdorf<\/a>, <a href=\"https:\/\/wro.swiss\/fr\/dates\/concours-regional-bienne\/\">Bienne<\/a>, <a href=\"https:\/\/wro.swiss\/fr\/dates\/concours-regional-ennetbuergen\/\">Ennetb\u00fcrgen<\/a>, <a href=\"https:\/\/wro.swiss\/fr\/dates\/concours-regional-rotkreuz\/\">Rotkreuz<\/a>, <a href=\"https:\/\/wro.swiss\/fr\/dates\/concours-regional-winterthur\/\">Winterthur<\/a> (RoboMission uniquement)<\/td>\n<\/tr>\n<tr>\n<td align=\"left\">21 juin 2025<\/td>\n<td align=\"left\"><a href=\"https:\/\/wro.swiss\/fr\/saison-2025\/finale-suisse-2024\/\">Finale Suisse<\/a><\/td>\n<td align=\"left\"><a href=\"https:\/\/wro.swiss\/fr\/saison-2025\/finale-suisse-2024\/\">Hausen AG<\/a><\/td>\n<\/tr>\n<tr>\n<td align=\"left\">Septembre 2025<\/td>\n<td align=\"left\">Open Championship Europe (tournoi amical)<\/td>\n<td align=\"left\">Slov\u00e9nie<\/td>\n<\/tr>\n<tr>\n<td align=\"left\">Novembre 2025<\/td>\n<td align=\"left\">Finale mondiale<\/td>\n<td align=\"left\">Singapour<\/td>\n<\/tr>\n<\/tbody>\n<\/table>\n<\/div>\n<\/div><\/div><\/div><\/div><\/p>\n","protected":false},"excerpt":{"rendered":"","protected":false},"author":7,"featured_media":0,"parent":0,"menu_order":0,"comment_status":"closed","ping_status":"closed","template":"100-width.php","meta":{"inline_featured_image":false,"footnotes":""},"wf_page_folders":[],"class_list":["post-14751","page","type-page","status-publish","hentry"],"_links":{"self":[{"href":"https:\/\/wro.swiss\/fr\/wp-json\/wp\/v2\/pages\/14751","targetHints":{"allow":["GET"]}}],"collection":[{"href":"https:\/\/wro.swiss\/fr\/wp-json\/wp\/v2\/pages"}],"about":[{"href":"https:\/\/wro.swiss\/fr\/wp-json\/wp\/v2\/types\/page"}],"author":[{"embeddable":true,"href":"https:\/\/wro.swiss\/fr\/wp-json\/wp\/v2\/users\/7"}],"replies":[{"embeddable":true,"href":"https:\/\/wro.swiss\/fr\/wp-json\/wp\/v2\/comments?post=14751"}],"version-history":[{"count":120,"href":"https:\/\/wro.swiss\/fr\/wp-json\/wp\/v2\/pages\/14751\/revisions"}],"predecessor-version":[{"id":22151,"href":"https:\/\/wro.swiss\/fr\/wp-json\/wp\/v2\/pages\/14751\/revisions\/22151"}],"wp:attachment":[{"href":"https:\/\/wro.swiss\/fr\/wp-json\/wp\/v2\/media?parent=14751"}],"wp:term":[{"taxonomy":"wf_page_folders","embeddable":true,"href":"https:\/\/wro.swiss\/fr\/wp-json\/wp\/v2\/wf_page_folders?post=14751"}],"curies":[{"name":"wp","href":"https:\/\/api.w.org\/{rel}","templated":true}]}}