{"id":14729,"date":"2024-11-23T12:39:19","date_gmt":"2024-11-23T11:39:19","guid":{"rendered":"https:\/\/wro.swiss\/taches-2025\/"},"modified":"2025-04-18T20:47:39","modified_gmt":"2025-04-18T18:47:39","slug":"taches2025","status":"publish","type":"page","link":"https:\/\/wro.swiss\/fr\/saison-2025\/taches2025\/","title":{"rendered":"T\u00e2ches 2025"},"content":{"rendered":"<div class=\"fusion-fullwidth fullwidth-box fusion-builder-row-1 fusion-flex-container has-pattern-background has-mask-background nonhundred-percent-fullwidth non-hundred-percent-height-scrolling\" style=\"--awb-border-radius-top-left:0px;--awb-border-radius-top-right:0px;--awb-border-radius-bottom-right:0px;--awb-border-radius-bottom-left:0px;--awb-flex-wrap:wrap;\" ><div class=\"fusion-builder-row fusion-row fusion-flex-align-items-flex-start fusion-flex-content-wrap\" style=\"max-width:1248px;margin-left: calc(-4% \/ 2 );margin-right: calc(-4% \/ 2 );\"><div class=\"fusion-layout-column fusion_builder_column fusion-builder-column-0 fusion_builder_column_1_1 1_1 fusion-flex-column\" style=\"--awb-bg-color:var(--awb-custom_color_7);--awb-bg-color-hover:var(--awb-custom_color_7);--awb-bg-size:cover;--awb-width-large:100%;--awb-margin-top-large:0px;--awb-spacing-right-large:1.92%;--awb-margin-bottom-large:20px;--awb-spacing-left-large:1.92%;--awb-width-medium:100%;--awb-order-medium:0;--awb-spacing-right-medium:1.92%;--awb-spacing-left-medium:1.92%;--awb-width-small:100%;--awb-order-small:0;--awb-spacing-right-small:1.92%;--awb-spacing-left-small:1.92%;\"><div class=\"fusion-column-wrapper fusion-column-has-shadow fusion-flex-justify-content-flex-start fusion-content-layout-column\"><div class=\"fusion-text fusion-text-1\" style=\"--awb-margin-top:20px;--awb-margin-left:20px;\"><p><span style=\"color: var(--awb-text-color); font-family: var(--awb-text-font-family); font-size: var(--awb-font-size); font-style: var(--awb-text-font-style); letter-spacing: var(--awb-letter-spacing); text-align: var(--awb-content-alignment); text-transform: var(--awb-text-transform); background-color: var(--awb-bg-color-hover);\"><b>Remarque<\/b><\/span><span style=\"color: var(--awb-text-color); font-family: var(--awb-text-font-family); font-size: var(--awb-font-size); font-style: var(--awb-text-font-style); font-weight: var(--awb-text-font-weight); letter-spacing: var(--awb-letter-spacing); text-align: var(--awb-content-alignment); text-transform: var(--awb-text-transform); background-color: var(--awb-bg-color-hover);\">: Nous ne publierons les devoirs que dans les trois langues nationales (allemand, fran\u00e7ais et italien), pas en anglais.<\/span><\/p>\n<\/div><\/div><\/div><div class=\"fusion-layout-column fusion_builder_column fusion-builder-column-1 fusion_builder_column_1_2 1_2 fusion-flex-column\" style=\"--awb-bg-size:cover;--awb-width-large:50%;--awb-margin-top-large:0px;--awb-spacing-right-large:3.84%;--awb-margin-bottom-large:20px;--awb-spacing-left-large:3.84%;--awb-width-medium:50%;--awb-order-medium:0;--awb-spacing-right-medium:3.84%;--awb-spacing-left-medium:3.84%;--awb-width-small:100%;--awb-order-small:0;--awb-spacing-right-small:1.92%;--awb-spacing-left-small:1.92%;\"><div class=\"fusion-column-wrapper fusion-column-has-shadow fusion-flex-justify-content-flex-start fusion-content-layout-column\"><div class=\"fusion-image-element \" style=\"--awb-caption-title-font-family:var(--h2_typography-font-family);--awb-caption-title-font-weight:var(--h2_typography-font-weight);--awb-caption-title-font-style:var(--h2_typography-font-style);--awb-caption-title-size:var(--h2_typography-font-size);--awb-caption-title-transform:var(--h2_typography-text-transform);--awb-caption-title-line-height:var(--h2_typography-line-height);--awb-caption-title-letter-spacing:var(--h2_typography-letter-spacing);\"><span class=\" fusion-imageframe imageframe-none imageframe-1 hover-type-none\"><img decoding=\"async\" width=\"910\" height=\"722\" alt=\"&quot;Logo de The Future of Robots\" title=\"L&rsquo;avenir de Logos\" src=\"https:\/\/wro.swiss\/wp-content\/uploads\/2024\/12\/TheFutureOfRobots_Logo_lores.jpg\" class=\"img-responsive wp-image-15132\" srcset=\"https:\/\/wro.swiss\/wp-content\/uploads\/2024\/12\/TheFutureOfRobots_Logo_lores-200x159.jpg 200w, https:\/\/wro.swiss\/wp-content\/uploads\/2024\/12\/TheFutureOfRobots_Logo_lores-400x317.jpg 400w, https:\/\/wro.swiss\/wp-content\/uploads\/2024\/12\/TheFutureOfRobots_Logo_lores-600x476.jpg 600w, https:\/\/wro.swiss\/wp-content\/uploads\/2024\/12\/TheFutureOfRobots_Logo_lores-800x635.jpg 800w, https:\/\/wro.swiss\/wp-content\/uploads\/2024\/12\/TheFutureOfRobots_Logo_lores.jpg 910w\" sizes=\"(max-width: 640px) 100vw, 600px\" \/><\/span><\/div><\/div><\/div><div class=\"fusion-layout-column fusion_builder_column fusion-builder-column-2 fusion_builder_column_1_2 1_2 fusion-flex-column\" style=\"--awb-bg-size:cover;--awb-width-large:50%;--awb-margin-top-large:0px;--awb-spacing-right-large:3.84%;--awb-margin-bottom-large:20px;--awb-spacing-left-large:3.84%;--awb-width-medium:50%;--awb-order-medium:0;--awb-spacing-right-medium:3.84%;--awb-spacing-left-medium:3.84%;--awb-width-small:100%;--awb-order-small:0;--awb-spacing-right-small:1.92%;--awb-spacing-left-small:1.92%;\"><div class=\"fusion-column-wrapper fusion-column-has-shadow fusion-flex-justify-content-flex-start fusion-content-layout-column\"><div class=\"fusion-title title fusion-title-1 fusion-sep-none fusion-title-text fusion-title-size-one\" style=\"--awb-margin-top-small:10px;--awb-margin-right-small:0px;--awb-margin-bottom-small:10px;--awb-margin-left-small:0px;\"><h1 class=\"fusion-title-heading title-heading-left\" style=\"margin:0;\">The Future of Robots &#8211; L&rsquo;avenir des robots<\/h1><\/div><div class=\"fusion-text fusion-text-2\"><p>C&rsquo;est sous ce slogan que se pr\u00e9sentent les t\u00e2ches de la saison 2025.<\/p>\n<p>L&rsquo;avenir des villes &#8211; vivant et plein d&rsquo;innovation<br \/><span style=\"color: var(--awb-text-color); font-family: var(--awb-text-font-family); font-size: var(--awb-font-size); font-style: var(--awb-text-font-style); font-weight: var(--awb-text-font-weight); letter-spacing: var(--awb-letter-spacing); text-align: var(--awb-content-alignment); text-transform: var(--awb-text-transform); background-color: var(--awb-bg-color-hover);\">L&rsquo;avenir de l&rsquo;IA &#8211; la vie plus d\u00e9velopp\u00e9e et am\u00e9lior\u00e9e<br \/><\/span><span style=\"color: var(--awb-text-color); font-family: var(--awb-text-font-family); font-size: var(--awb-font-size); font-style: var(--awb-text-font-style); font-weight: var(--awb-text-font-weight); letter-spacing: var(--awb-letter-spacing); text-align: var(--awb-content-alignment); text-transform: var(--awb-text-transform); background-color: var(--awb-bg-color-hover);\">L&rsquo;avenir de la recherche &#8211; partir vers l&rsquo;infini<br \/><\/span><span style=\"color: var(--awb-text-color); font-family: var(--awb-text-font-family); font-size: var(--awb-font-size); font-style: var(--awb-text-font-style); font-weight: var(--awb-text-font-weight); letter-spacing: var(--awb-letter-spacing); text-align: var(--awb-content-alignment); text-transform: var(--awb-text-transform); background-color: var(--awb-bg-color-hover);\">Comment les robots fa\u00e7onnent l&rsquo;avenir<\/span><\/p>\n<ul>\n<li><span style=\"color: var(--awb-text-color); font-family: var(--awb-text-font-family); font-size: var(--awb-font-size); font-style: var(--awb-text-font-style); font-weight: var(--awb-text-font-weight); letter-spacing: var(--awb-letter-spacing); text-align: var(--awb-content-alignment); text-transform: var(--awb-text-transform); background-color: var(--awb-bg-color-hover);\">du trafic des grandes villes<\/span><\/li>\n<li>de la gestion des ressources<\/li>\n<li>de la production<\/li>\n<li>de l&rsquo;habitat<\/li>\n<li>du design<\/li>\n<li>de l&rsquo;innovation<\/li>\n<li>du progr\u00e8s ?<\/li>\n<\/ul>\n<p>Et comment vas-tu concevoir<\/p>\n<p style=\"text-align: center;\"><b>l&rsquo;avenir des robots<\/b><\/p>\n<p>?<\/p>\n<\/div><\/div><\/div><div class=\"fusion-layout-column fusion_builder_column fusion-builder-column-3 fusion_builder_column_1_1 1_1 fusion-flex-column\" style=\"--awb-bg-size:cover;--awb-width-large:100%;--awb-margin-top-large:0px;--awb-spacing-right-large:1.92%;--awb-margin-bottom-large:20px;--awb-spacing-left-large:1.92%;--awb-width-medium:100%;--awb-order-medium:0;--awb-spacing-right-medium:1.92%;--awb-spacing-left-medium:1.92%;--awb-width-small:100%;--awb-order-small:0;--awb-spacing-right-small:1.92%;--awb-spacing-left-small:1.92%;\"><div class=\"fusion-column-wrapper fusion-column-has-shadow fusion-flex-justify-content-flex-start fusion-content-layout-column\"><div class=\"fusion-title title fusion-title-2 fusion-sep-none fusion-title-text fusion-title-size-one\" style=\"--awb-margin-top-small:10px;--awb-margin-right-small:0px;--awb-margin-bottom-small:10px;--awb-margin-left-small:0px;\"><h1 class=\"fusion-title-heading title-heading-left\" style=\"margin:0;\">Pour toutes les cat\u00e9gories<\/h1><\/div><div class=\"fusion-text fusion-text-3\"><p><b style=\"color: var(--awb-color4);\">Les conditions de participation et la politique de confidentialit\u00e9 ont chang\u00e9 depuis la saison derni\u00e8re. Nous demandons donc \u00e0 toutes les \u00e9quipes de lire attentivement ces informations avant de s&rsquo;inscrire, m\u00eame si elles ont d\u00e9j\u00e0 particip\u00e9 les saisons pr\u00e9c\u00e9dentes ! <\/b><\/p>\n<ul>\n<li><a href=\"https:\/\/wro.swiss\/fr\/conditions-de-participation\/\">Conditions de participation<\/a><\/li>\n<li><a href=\"https:\/\/wro.swiss\/fr\/politique-de-confidentialite\/\">Politique de confidentialit\u00e9<\/a><\/li>\n<li><a href=\"https:\/\/wro.swiss\/fr\/principes-directeurs\/\">Principes directeurs<\/a><\/li>\n<li><a href=\"https:\/\/wro.swiss\/wp-content\/uploads\/2025\/01\/WRO-2025_Einverstaendniserklaerung_FR.pdf\" target=\"_blank\" rel=\"noopener noreferrer\">D\u00e9claration de consentement<\/a><\/li>\n<\/ul>\n<\/div><div class=\"fusion-title title fusion-title-3 fusion-sep-none fusion-title-text fusion-title-size-one\" style=\"--awb-margin-top-small:10px;--awb-margin-right-small:0px;--awb-margin-bottom-small:10px;--awb-margin-left-small:0px;\"><h1 class=\"fusion-title-heading title-heading-left\" style=\"margin:0;\">RoboMission<\/h1><\/div><div class=\"fusion-text fusion-text-4\"><ul>\n<li><a style=\"font-family: var(--awb-text-font-family); font-size: var(--awb-font-size); font-style: var(--awb-text-font-style); font-weight: var(--awb-text-font-weight); letter-spacing: var(--awb-letter-spacing); text-align: var(--awb-content-alignment); text-transform: var(--awb-text-transform); background-color: var(--awb-bg-color-medium);\" href=\"https:\/\/wro.swiss\/fr\/taches-robomission-elementary-2025\/\">T\u00e2ches Elementary<\/a><\/li>\n<li><a href=\"https:\/\/wro.swiss\/fr\/taches-robomission-junior-2025\/\">T\u00e2ches Junior<\/a><\/li>\n<li><a href=\"https:\/\/wro.swiss\/fr\/taches-robomission-senior-2025\/\">T\u00e2ches Senior<\/a><\/li>\n<li><a href=\"https:\/\/wro.swiss\/wp-content\/uploads\/2025\/03\/WRO-2025-RoboMission-Roboter-Steckbrief-FR.docx\" target=\"_blank\" rel=\"noopener noreferrer\">Mod\u00e8le de fiche descriptive du robot<\/a> (\u00e0 t\u00e9l\u00e9charger sous forme de document Word et \u00e0 remplir)<\/li>\n<\/ul>\n<\/div><div class=\"fusion-title title fusion-title-4 fusion-sep-none fusion-title-text fusion-title-size-one\" style=\"--awb-margin-top-small:10px;--awb-margin-right-small:0px;--awb-margin-bottom-small:10px;--awb-margin-left-small:0px;\"><h1 class=\"fusion-title-heading title-heading-left\" style=\"margin:0;\">Future Innovators<\/h1><\/div><div class=\"fusion-text fusion-text-5\"><ul>\n<li><a href=\"https:\/\/wro.swiss\/fr\/taches-future-innovators-2025\/\">Des documents pour tous les \u00e2ges<\/a><\/li>\n<\/ul>\n<\/div><div class=\"fusion-title title fusion-title-5 fusion-sep-none fusion-title-text fusion-title-size-one\" style=\"--awb-margin-top-small:10px;--awb-margin-right-small:0px;--awb-margin-bottom-small:10px;--awb-margin-left-small:0px;\"><h1 class=\"fusion-title-heading title-heading-left\" style=\"margin:0;\">Future Engineers<\/h1><\/div><div class=\"fusion-text fusion-text-6\"><ul>\n<li><a href=\"https:\/\/wro.swiss\/fr\/taches-future-engineers-2025\/\" target=\"_blank\" rel=\"noopener noreferrer\">T\u00e2ches et r\u00e8gles<\/a><\/li>\n<\/ul>\n<\/div><div class=\"fusion-title title fusion-title-6 fusion-sep-none fusion-title-text fusion-title-size-one\" style=\"--awb-margin-top-small:10px;--awb-margin-right-small:0px;--awb-margin-bottom-small:10px;--awb-margin-left-small:0px;\"><h1 class=\"fusion-title-heading title-heading-left\" style=\"margin:0;\">WRO Starter<\/h1><\/div><div class=\"fusion-text fusion-text-7\"><ul>\n<li><a href=\"https:\/\/wro.swiss\/fr\/saison-2025\/taches2025\/taches-wro-starter-2025\/\" target=\"_blank\" rel=\"noopener noreferrer\">T\u00e2ches et r\u00e8gles<\/a><\/li>\n<\/ul>\n<\/div><\/div><\/div><\/div><\/div>\n","protected":false},"excerpt":{"rendered":"","protected":false},"author":7,"featured_media":0,"parent":14751,"menu_order":0,"comment_status":"closed","ping_status":"closed","template":"100-width.php","meta":{"inline_featured_image":false,"footnotes":""},"wf_page_folders":[],"class_list":["post-14729","page","type-page","status-publish","hentry"],"_links":{"self":[{"href":"https:\/\/wro.swiss\/fr\/wp-json\/wp\/v2\/pages\/14729","targetHints":{"allow":["GET"]}}],"collection":[{"href":"https:\/\/wro.swiss\/fr\/wp-json\/wp\/v2\/pages"}],"about":[{"href":"https:\/\/wro.swiss\/fr\/wp-json\/wp\/v2\/types\/page"}],"author":[{"embeddable":true,"href":"https:\/\/wro.swiss\/fr\/wp-json\/wp\/v2\/users\/7"}],"replies":[{"embeddable":true,"href":"https:\/\/wro.swiss\/fr\/wp-json\/wp\/v2\/comments?post=14729"}],"version-history":[{"count":103,"href":"https:\/\/wro.swiss\/fr\/wp-json\/wp\/v2\/pages\/14729\/revisions"}],"predecessor-version":[{"id":18331,"href":"https:\/\/wro.swiss\/fr\/wp-json\/wp\/v2\/pages\/14729\/revisions\/18331"}],"up":[{"embeddable":true,"href":"https:\/\/wro.swiss\/fr\/wp-json\/wp\/v2\/pages\/14751"}],"wp:attachment":[{"href":"https:\/\/wro.swiss\/fr\/wp-json\/wp\/v2\/media?parent=14729"}],"wp:term":[{"taxonomy":"wf_page_folders","embeddable":true,"href":"https:\/\/wro.swiss\/fr\/wp-json\/wp\/v2\/wf_page_folders?post=14729"}],"curies":[{"name":"wp","href":"https:\/\/api.w.org\/{rel}","templated":true}]}}