{"id":14623,"date":"2025-01-30T11:00:43","date_gmt":"2025-01-30T10:00:43","guid":{"rendered":"https:\/\/wro.swiss\/?page_id=14623"},"modified":"2025-02-11T06:59:53","modified_gmt":"2025-02-11T05:59:53","slug":"taches-wro-starter-2025","status":"publish","type":"page","link":"https:\/\/wro.swiss\/fr\/saison-2025\/taches2025\/taches-wro-starter-2025\/","title":{"rendered":"T\u00e2ches WRO Starter 2025"},"content":{"rendered":"<div class=\"fusion-fullwidth fullwidth-box fusion-builder-row-1 fusion-flex-container has-pattern-background has-mask-background nonhundred-percent-fullwidth non-hundred-percent-height-scrolling\" style=\"--awb-border-radius-top-left:0px;--awb-border-radius-top-right:0px;--awb-border-radius-bottom-right:0px;--awb-border-radius-bottom-left:0px;--awb-flex-wrap:wrap;\" ><div class=\"fusion-builder-row fusion-row fusion-flex-align-items-flex-start fusion-flex-content-wrap\" style=\"max-width:1248px;margin-left: calc(-4% \/ 2 );margin-right: calc(-4% \/ 2 );\"><div class=\"fusion-layout-column fusion_builder_column fusion-builder-column-0 fusion_builder_column_1_1 1_1 fusion-flex-column\" style=\"--awb-bg-size:cover;--awb-width-large:100%;--awb-margin-top-large:0px;--awb-spacing-right-large:1.92%;--awb-margin-bottom-large:20px;--awb-spacing-left-large:1.92%;--awb-width-medium:100%;--awb-order-medium:0;--awb-spacing-right-medium:1.92%;--awb-spacing-left-medium:1.92%;--awb-width-small:100%;--awb-order-small:0;--awb-spacing-right-small:1.92%;--awb-spacing-left-small:1.92%;\"><div class=\"fusion-column-wrapper fusion-column-has-shadow fusion-flex-justify-content-flex-start fusion-content-layout-column\"><div class=\"fusion-text fusion-text-1\"><p>La cat\u00e9gorie Starter est la cat\u00e9gorie id\u00e9ale pour commencer la robotique pour les enfants de 6 \u00e0 10 ans. Les t\u00e2ches sont similaires \u00e0 celles de la cat\u00e9gorie RoboMission, mais avec un ensemble de r\u00e8gles adapt\u00e9. Pour faciliter l&rsquo;entr\u00e9e dans la robotique, il y a aussi des ateliers qui s&rsquo;occupent d&rsquo;abord de l&rsquo;entr\u00e9e dans la robotique, puis on travaille ensemble sur la t\u00e2che du concours. Tu trouveras plus d&rsquo;informations sur les ateliers <a href=\"https:\/\/wro.swiss\/fr\/informations\/categories-et-classes-d-age\/wro-starter\/\">ici<\/a>.<\/p>\n<p><span style=\"color: var(--awb-text-color); font-family: var(--awb-text-font-family); font-size: var(--awb-font-size); font-style: var(--awb-text-font-style); font-weight: var(--awb-text-font-weight); letter-spacing: var(--awb-letter-spacing); text-align: var(--awb-content-alignment); text-transform: var(--awb-text-transform); background-color: var(--awb-bg-color-hover);\">Avec le th\u00e8me de cette ann\u00e9e, \u00ab\u00a0l&rsquo;avenir des robots\u00a0\u00bb, la t\u00e2che de d\u00e9part de la saison actuelle se concentre sur l&rsquo;avenir dans l&rsquo;espace.<br \/><\/span><span style=\"background-color: var(--awb-bg-color); color: var(--awb-text-color); font-family: var(--awb-text-font-family); font-size: var(--awb-font-size); font-style: var(--awb-text-font-style); font-weight: var(--awb-text-font-weight); letter-spacing: var(--awb-letter-spacing); text-align: var(--awb-content-alignment); text-transform: var(--awb-text-transform);\">Depuis des d\u00e9cennies, les hommes envoient des satellites dans l&rsquo;espace. Ces missions nous permettent d&rsquo;en apprendre plus sur le soleil, la Terre et les autres plan\u00e8tes, ainsi que de regarder plus loin dans l&rsquo;espace &#8211; vers les trous noirs, les \u00e9toiles lointaines et les galaxies. Mais travailler dans l&rsquo;espace est un d\u00e9fi, dangereux et tr\u00e8s co\u00fbteux. Ton robot peut-il t&rsquo;aider ?<\/span><\/p>\n<p><span style=\"background-color: var(--awb-bg-color); color: var(--awb-text-color); font-family: var(--awb-text-font-family); font-size: var(--awb-font-size); font-style: var(--awb-text-font-style); letter-spacing: var(--awb-letter-spacing); text-align: var(--awb-content-alignment); text-transform: var(--awb-text-transform);\"><b>Remarque<\/b><\/span><span style=\"background-color: var(--awb-bg-color); color: var(--awb-text-color); font-family: var(--awb-text-font-family); font-size: var(--awb-font-size); font-style: var(--awb-text-font-style); font-weight: var(--awb-text-font-weight); letter-spacing: var(--awb-letter-spacing); text-align: var(--awb-content-alignment); text-transform: var(--awb-text-transform);\">: le concours et les ateliers se d\u00e9roulent en allemand.<\/span><\/p>\n<ul>\n<li><a href=\"https:\/\/wro.swiss\/wp-content\/uploads\/2025\/02\/Starter-Aufgabenstellung-2025.pdf\">D\u00e9marreur T\u00e2che 2025<\/a><\/li>\n<li><a href=\"https:\/\/wro.swiss\/wp-content\/uploads\/2025\/01\/WRO-2025-RoboMission-Allgemeines-Regelwerk-FR.pdf\">R\u00e9glementation g\u00e9n\u00e9rale 2025<\/a><\/li>\n<li><a href=\"https:\/\/wro.swiss\/wp-content\/uploads\/2025\/02\/Starter-Bauanleitung-2025.pdf\">Guide de d\u00e9marrage 2025<\/a><\/li>\n<\/ul>\n<\/div><\/div><\/div><\/div><\/div>\n","protected":false},"excerpt":{"rendered":"","protected":false},"author":7,"featured_media":0,"parent":14729,"menu_order":0,"comment_status":"closed","ping_status":"closed","template":"100-width.php","meta":{"inline_featured_image":false,"footnotes":""},"wf_page_folders":[],"class_list":["post-14623","page","type-page","status-publish","hentry"],"_links":{"self":[{"href":"https:\/\/wro.swiss\/fr\/wp-json\/wp\/v2\/pages\/14623","targetHints":{"allow":["GET"]}}],"collection":[{"href":"https:\/\/wro.swiss\/fr\/wp-json\/wp\/v2\/pages"}],"about":[{"href":"https:\/\/wro.swiss\/fr\/wp-json\/wp\/v2\/types\/page"}],"author":[{"embeddable":true,"href":"https:\/\/wro.swiss\/fr\/wp-json\/wp\/v2\/users\/7"}],"replies":[{"embeddable":true,"href":"https:\/\/wro.swiss\/fr\/wp-json\/wp\/v2\/comments?post=14623"}],"version-history":[{"count":19,"href":"https:\/\/wro.swiss\/fr\/wp-json\/wp\/v2\/pages\/14623\/revisions"}],"predecessor-version":[{"id":17220,"href":"https:\/\/wro.swiss\/fr\/wp-json\/wp\/v2\/pages\/14623\/revisions\/17220"}],"up":[{"embeddable":true,"href":"https:\/\/wro.swiss\/fr\/wp-json\/wp\/v2\/pages\/14729"}],"wp:attachment":[{"href":"https:\/\/wro.swiss\/fr\/wp-json\/wp\/v2\/media?parent=14623"}],"wp:term":[{"taxonomy":"wf_page_folders","embeddable":true,"href":"https:\/\/wro.swiss\/fr\/wp-json\/wp\/v2\/wf_page_folders?post=14623"}],"curies":[{"name":"wp","href":"https:\/\/api.w.org\/{rel}","templated":true}]}}