{"id":14595,"date":"2025-01-15T11:00:38","date_gmt":"2025-01-15T10:00:38","guid":{"rendered":"https:\/\/wro.swiss\/?page_id=14595"},"modified":"2025-01-19T14:58:43","modified_gmt":"2025-01-19T13:58:43","slug":"taches-future-innovators-2025","status":"publish","type":"page","link":"https:\/\/wro.swiss\/fr\/taches-future-innovators-2025\/","title":{"rendered":"T\u00e2ches Future Innovators 2025"},"content":{"rendered":"<div class=\"fusion-fullwidth fullwidth-box fusion-builder-row-1 fusion-flex-container has-pattern-background has-mask-background nonhundred-percent-fullwidth non-hundred-percent-height-scrolling\" style=\"--awb-border-radius-top-left:0px;--awb-border-radius-top-right:0px;--awb-border-radius-bottom-right:0px;--awb-border-radius-bottom-left:0px;--awb-flex-wrap:wrap;\" ><div class=\"fusion-builder-row fusion-row fusion-flex-align-items-flex-start fusion-flex-content-wrap\" style=\"max-width:1248px;margin-left: calc(-4% \/ 2 );margin-right: calc(-4% \/ 2 );\"><div class=\"fusion-layout-column fusion_builder_column fusion-builder-column-0 fusion_builder_column_1_1 1_1 fusion-flex-column\" style=\"--awb-bg-size:cover;--awb-width-large:100%;--awb-margin-top-large:0px;--awb-spacing-right-large:1.92%;--awb-margin-bottom-large:20px;--awb-spacing-left-large:1.92%;--awb-width-medium:100%;--awb-order-medium:0;--awb-spacing-right-medium:1.92%;--awb-spacing-left-medium:1.92%;--awb-width-small:100%;--awb-order-small:0;--awb-spacing-right-small:1.92%;--awb-spacing-left-small:1.92%;\"><div class=\"fusion-column-wrapper fusion-column-has-shadow fusion-flex-justify-content-flex-start fusion-content-layout-column\"><div class=\"fusion-image-element \" style=\"text-align:center;--awb-caption-title-font-family:var(--h2_typography-font-family);--awb-caption-title-font-weight:var(--h2_typography-font-weight);--awb-caption-title-font-style:var(--h2_typography-font-style);--awb-caption-title-size:var(--h2_typography-font-size);--awb-caption-title-transform:var(--h2_typography-text-transform);--awb-caption-title-line-height:var(--h2_typography-line-height);--awb-caption-title-letter-spacing:var(--h2_typography-letter-spacing);\"><span class=\" fusion-imageframe imageframe-none imageframe-1 hover-type-none\"><img decoding=\"async\" width=\"910\" height=\"722\" alt=\"&quot;Logo de The Future of Robots\" title=\"L&rsquo;avenir de Logos\" src=\"https:\/\/wro.swiss\/wp-content\/uploads\/2024\/12\/TheFutureOfRobots_Logo_lores.jpg\" class=\"img-responsive wp-image-15132\" srcset=\"https:\/\/wro.swiss\/wp-content\/uploads\/2024\/12\/TheFutureOfRobots_Logo_lores-200x159.jpg 200w, https:\/\/wro.swiss\/wp-content\/uploads\/2024\/12\/TheFutureOfRobots_Logo_lores-400x317.jpg 400w, https:\/\/wro.swiss\/wp-content\/uploads\/2024\/12\/TheFutureOfRobots_Logo_lores-600x476.jpg 600w, https:\/\/wro.swiss\/wp-content\/uploads\/2024\/12\/TheFutureOfRobots_Logo_lores-800x635.jpg 800w, https:\/\/wro.swiss\/wp-content\/uploads\/2024\/12\/TheFutureOfRobots_Logo_lores.jpg 910w\" sizes=\"(max-width: 640px) 100vw, 910px\" \/><\/span><\/div><div class=\"fusion-text fusion-text-1\"><p> <span style=\"color: var(--awb-text-color); font-family: var(--awb-text-font-family); font-size: var(--awb-font-size); font-style: var(--awb-text-font-style); font-weight: var(--awb-text-font-weight); letter-spacing: var(--awb-letter-spacing); text-align: var(--awb-content-alignment); text-transform: var(--awb-text-transform); background-color: var(--awb-bg-color-hover);\">En 2025, ton \u00e9quipe Future Innovators aura pour mission de d\u00e9velopper une solution robotique qui aidera \u00e0 concevoir les villes du futur ou \u00e0 vivre dans l&rsquo;espace, ou qui combinera l&rsquo;IA avec la robotique pour am\u00e9liorer nos vies. Une fois que tu as trouv\u00e9 un probl\u00e8me que tu veux r\u00e9soudre, tu dois concevoir un robot qui pourra t&rsquo;aider \u00e0 le r\u00e9soudre. Cela signifie que tu dois r\u00e9fl\u00e9chir \u00e0 quoi ta solution robotique doit ressembler, ce qu&rsquo;elle doit faire et comment elle doit fonctionner.<\/span><\/p>\n<p>Ton \u00e9quipe doit pr\u00e9senter sa solution robotique innovante de mani\u00e8re convaincante. Tu dois d\u00e9montrer les capacit\u00e9s de ton robot et expliquer ses effets potentiels. Dans ce document, tu trouveras une description de chaque sous-th\u00e8me et quelques id\u00e9es. Pour stimuler ta cr\u00e9ativit\u00e9, nous donnons quelques exemples pour chaque sous-th\u00e8me. Mais tu peux aussi avoir une autre id\u00e9e de solution robotique pour l&rsquo;avenir ou m\u00eame combiner des sous-th\u00e8mes.<\/p>\n<p>Bon courage pour ton projet !<\/p>\n<ul>\n<li><a href=\"https:\/\/wro.swiss\/wp-content\/uploads\/2025\/01\/WRO-2025-Future-Innovators-Allgemeines-Regelwerk-FR.pdf\" target=\"_blank\" rel=\"noopener noreferrer\">R\u00e8gles g\u00e9n\u00e9rales<\/a><\/li>\n<li><a href=\"https:\/\/wro.swiss\/wp-content\/uploads\/2025\/01\/WRO-2025-Future-Innovators-Aufgabenstellung-FR.pdf\" target=\"_blank\" rel=\"noopener noreferrer\">T\u00e2che<\/a><\/li>\n<li><a href=\"https:\/\/wro.swiss\/wp-content\/uploads\/2025\/01\/WRO-2025-Future-Innovators-Informationen-Teams-und-Coaches-FR.pdf\" target=\"_blank\" rel=\"noopener noreferrer\">Informations pour les \u00e9quipes et les coachs<\/a><\/li>\n<\/ul>\n<\/div><\/div><\/div><\/div><\/div>\n","protected":false},"excerpt":{"rendered":"","protected":false},"author":7,"featured_media":0,"parent":0,"menu_order":0,"comment_status":"closed","ping_status":"closed","template":"100-width.php","meta":{"inline_featured_image":false,"footnotes":""},"wf_page_folders":[],"class_list":["post-14595","page","type-page","status-publish","hentry"],"_links":{"self":[{"href":"https:\/\/wro.swiss\/fr\/wp-json\/wp\/v2\/pages\/14595","targetHints":{"allow":["GET"]}}],"collection":[{"href":"https:\/\/wro.swiss\/fr\/wp-json\/wp\/v2\/pages"}],"about":[{"href":"https:\/\/wro.swiss\/fr\/wp-json\/wp\/v2\/types\/page"}],"author":[{"embeddable":true,"href":"https:\/\/wro.swiss\/fr\/wp-json\/wp\/v2\/users\/7"}],"replies":[{"embeddable":true,"href":"https:\/\/wro.swiss\/fr\/wp-json\/wp\/v2\/comments?post=14595"}],"version-history":[{"count":24,"href":"https:\/\/wro.swiss\/fr\/wp-json\/wp\/v2\/pages\/14595\/revisions"}],"predecessor-version":[{"id":16763,"href":"https:\/\/wro.swiss\/fr\/wp-json\/wp\/v2\/pages\/14595\/revisions\/16763"}],"wp:attachment":[{"href":"https:\/\/wro.swiss\/fr\/wp-json\/wp\/v2\/media?parent=14595"}],"wp:term":[{"taxonomy":"wf_page_folders","embeddable":true,"href":"https:\/\/wro.swiss\/fr\/wp-json\/wp\/v2\/wf_page_folders?post=14595"}],"curies":[{"name":"wp","href":"https:\/\/api.w.org\/{rel}","templated":true}]}}