{"id":14585,"date":"2025-01-15T11:00:25","date_gmt":"2025-01-15T10:00:25","guid":{"rendered":"https:\/\/wro.swiss\/?page_id=14585"},"modified":"2025-01-11T12:10:46","modified_gmt":"2025-01-11T11:10:46","slug":"taches-future-engineers-2025","status":"publish","type":"page","link":"https:\/\/wro.swiss\/fr\/taches-future-engineers-2025\/","title":{"rendered":"T\u00e2ches Future Engineers 2025"},"content":{"rendered":"<div class=\"fusion-fullwidth fullwidth-box fusion-builder-row-1 fusion-flex-container has-pattern-background has-mask-background nonhundred-percent-fullwidth non-hundred-percent-height-scrolling\" style=\"--awb-border-radius-top-left:0px;--awb-border-radius-top-right:0px;--awb-border-radius-bottom-right:0px;--awb-border-radius-bottom-left:0px;--awb-flex-wrap:wrap;\" ><div class=\"fusion-builder-row fusion-row fusion-flex-align-items-flex-start fusion-flex-content-wrap\" style=\"max-width:1248px;margin-left: calc(-4% \/ 2 );margin-right: calc(-4% \/ 2 );\"><div class=\"fusion-layout-column fusion_builder_column fusion-builder-column-0 fusion_builder_column_1_1 1_1 fusion-flex-column\" style=\"--awb-bg-size:cover;--awb-width-large:100%;--awb-margin-top-large:0px;--awb-spacing-right-large:1.92%;--awb-margin-bottom-large:20px;--awb-spacing-left-large:1.92%;--awb-width-medium:100%;--awb-order-medium:0;--awb-spacing-right-medium:1.92%;--awb-spacing-left-medium:1.92%;--awb-width-small:100%;--awb-order-small:0;--awb-spacing-right-small:1.92%;--awb-spacing-left-small:1.92%;\"><div class=\"fusion-column-wrapper fusion-column-has-shadow fusion-flex-justify-content-flex-start fusion-content-layout-column\"><div class=\"fusion-text fusion-text-1\" style=\"--awb-margin-top:20px;\"><p>Dans la cat\u00e9gorie Future Engineers, un v\u00e9hicule autopilot\u00e9 \u00e9volue sur un parcours. C&rsquo;est une question de vitesse et de pr\u00e9cision, car le v\u00e9hicule ne sait pas \u00e0 l&rsquo;avance o\u00f9 se trouvent quels panneaux de signalisation et de quel c\u00f4t\u00e9 ils doivent \u00eatre pass\u00e9s. Une ing\u00e9nierie habile, de bons capteurs et cam\u00e9ras et le d\u00e9veloppement du programme de conduite se rejoignent dans cette t\u00e2che pour les adolescents et jeunes adultes de 14 \u00e0 22 ans.<\/p>\n<ul>\n<li><span style=\"color: var(--awb-text-color); font-family: var(--awb-text-font-family); font-size: var(--awb-font-size); font-style: var(--awb-text-font-style); font-weight: var(--awb-text-font-weight); letter-spacing: var(--awb-letter-spacing); text-align: var(--awb-content-alignment); text-transform: var(--awb-text-transform); background-color: var(--awb-bg-color-hover);\">T\u00e2che et r\u00e8gles<\/span><\/li>\n<\/ul>\n<\/div><\/div><\/div><\/div><\/div>\n","protected":false},"excerpt":{"rendered":"","protected":false},"author":7,"featured_media":0,"parent":0,"menu_order":0,"comment_status":"closed","ping_status":"closed","template":"100-width.php","meta":{"inline_featured_image":false,"footnotes":""},"wf_page_folders":[],"class_list":["post-14585","page","type-page","status-publish","hentry"],"_links":{"self":[{"href":"https:\/\/wro.swiss\/fr\/wp-json\/wp\/v2\/pages\/14585","targetHints":{"allow":["GET"]}}],"collection":[{"href":"https:\/\/wro.swiss\/fr\/wp-json\/wp\/v2\/pages"}],"about":[{"href":"https:\/\/wro.swiss\/fr\/wp-json\/wp\/v2\/types\/page"}],"author":[{"embeddable":true,"href":"https:\/\/wro.swiss\/fr\/wp-json\/wp\/v2\/users\/7"}],"replies":[{"embeddable":true,"href":"https:\/\/wro.swiss\/fr\/wp-json\/wp\/v2\/comments?post=14585"}],"version-history":[{"count":11,"href":"https:\/\/wro.swiss\/fr\/wp-json\/wp\/v2\/pages\/14585\/revisions"}],"predecessor-version":[{"id":16021,"href":"https:\/\/wro.swiss\/fr\/wp-json\/wp\/v2\/pages\/14585\/revisions\/16021"}],"wp:attachment":[{"href":"https:\/\/wro.swiss\/fr\/wp-json\/wp\/v2\/media?parent=14585"}],"wp:term":[{"taxonomy":"wf_page_folders","embeddable":true,"href":"https:\/\/wro.swiss\/fr\/wp-json\/wp\/v2\/wf_page_folders?post=14585"}],"curies":[{"name":"wp","href":"https:\/\/api.w.org\/{rel}","templated":true}]}}