{"id":14559,"date":"2025-01-15T11:00:35","date_gmt":"2025-01-15T10:00:35","guid":{"rendered":"https:\/\/wro.swiss\/?page_id=14559"},"modified":"2025-05-28T14:01:31","modified_gmt":"2025-05-28T12:01:31","slug":"taches-robomission-junior-2025","status":"publish","type":"page","link":"https:\/\/wro.swiss\/fr\/taches-robomission-junior-2025\/","title":{"rendered":"T\u00e2ches RoboMission Junior 2025"},"content":{"rendered":"<div class=\"fusion-fullwidth fullwidth-box fusion-builder-row-1 fusion-flex-container has-pattern-background has-mask-background nonhundred-percent-fullwidth non-hundred-percent-height-scrolling\" style=\"--awb-border-radius-top-left:0px;--awb-border-radius-top-right:0px;--awb-border-radius-bottom-right:0px;--awb-border-radius-bottom-left:0px;--awb-flex-wrap:wrap;\" ><div class=\"fusion-builder-row fusion-row fusion-flex-align-items-flex-start fusion-flex-content-wrap\" style=\"max-width:1248px;margin-left: calc(-4% \/ 2 );margin-right: calc(-4% \/ 2 );\"><div class=\"fusion-layout-column fusion_builder_column fusion-builder-column-0 fusion_builder_column_1_1 1_1 fusion-flex-column\" style=\"--awb-bg-size:cover;--awb-width-large:100%;--awb-margin-top-large:0px;--awb-spacing-right-large:1.92%;--awb-margin-bottom-large:20px;--awb-spacing-left-large:1.92%;--awb-width-medium:100%;--awb-order-medium:0;--awb-spacing-right-medium:1.92%;--awb-spacing-left-medium:1.92%;--awb-width-small:100%;--awb-order-small:0;--awb-spacing-right-small:1.92%;--awb-spacing-left-small:1.92%;\"><div class=\"fusion-column-wrapper fusion-column-has-shadow fusion-flex-justify-content-flex-start fusion-content-layout-column\"><div class=\"fusion-title title fusion-title-1 fusion-sep-none fusion-title-text fusion-title-size-one\" style=\"--awb-margin-top-small:10px;--awb-margin-right-small:0px;--awb-margin-bottom-small:10px;--awb-margin-left-small:0px;\"><h1 class=\"fusion-title-heading title-heading-left\" style=\"margin:0;\">L&rsquo;avenir des robots &#8211; \u00ab\u00a0Exploration de Mars<\/h1><\/div><\/div><\/div><div class=\"fusion-layout-column fusion_builder_column fusion-builder-column-1 fusion_builder_column_2_3 2_3 fusion-flex-column\" style=\"--awb-bg-size:cover;--awb-width-large:66.666666666667%;--awb-margin-top-large:0px;--awb-spacing-right-large:2.88%;--awb-margin-bottom-large:20px;--awb-spacing-left-large:2.88%;--awb-width-medium:66.666666666667%;--awb-order-medium:0;--awb-spacing-right-medium:2.88%;--awb-spacing-left-medium:2.88%;--awb-width-small:100%;--awb-order-small:0;--awb-spacing-right-small:1.92%;--awb-spacing-left-small:1.92%;\"><div class=\"fusion-column-wrapper fusion-column-has-shadow fusion-flex-justify-content-flex-start fusion-content-layout-column\"><div class=\"fusion-image-element \" style=\"--awb-caption-title-font-family:var(--h2_typography-font-family);--awb-caption-title-font-weight:var(--h2_typography-font-weight);--awb-caption-title-font-style:var(--h2_typography-font-style);--awb-caption-title-size:var(--h2_typography-font-size);--awb-caption-title-transform:var(--h2_typography-text-transform);--awb-caption-title-line-height:var(--h2_typography-line-height);--awb-caption-title-letter-spacing:var(--h2_typography-letter-spacing);\"><span class=\" fusion-imageframe imageframe-none imageframe-1 hover-type-none\"><img decoding=\"async\" width=\"1335\" height=\"1017\" alt=\"Spielfeld Junior 2025\" title=\"Junior-3D\" src=\"https:\/\/wro.swiss\/wp-content\/uploads\/2025\/01\/Junior-3D.png\" class=\"img-responsive wp-image-16062\" srcset=\"https:\/\/wro.swiss\/wp-content\/uploads\/2025\/01\/Junior-3D-200x152.png 200w, https:\/\/wro.swiss\/wp-content\/uploads\/2025\/01\/Junior-3D-400x305.png 400w, https:\/\/wro.swiss\/wp-content\/uploads\/2025\/01\/Junior-3D-600x457.png 600w, https:\/\/wro.swiss\/wp-content\/uploads\/2025\/01\/Junior-3D-800x609.png 800w, https:\/\/wro.swiss\/wp-content\/uploads\/2025\/01\/Junior-3D-1200x914.png 1200w, https:\/\/wro.swiss\/wp-content\/uploads\/2025\/01\/Junior-3D.png 1335w\" sizes=\"(max-width: 640px) 100vw, 800px\" \/><\/span><\/div><div class=\"fusion-text fusion-text-1\"><p><a href=\"https:\/\/wro.swiss\/fr\/?page_id=21917\">&gt;&gt;  T\u00e2che suppl\u00e9mentaire pour la finale suisse<\/a><\/p>\n<ul>\n<li><a href=\"https:\/\/wro.swiss\/wp-content\/uploads\/2025\/01\/WRO-2025-RoboMission-Allgemeines-Regelwerk-FR.pdf\" target=\"_blank\" rel=\"noopener noreferrer\">R\u00e8gles g\u00e9n\u00e9rales<\/a> &#8211; \u00e0 lire attentivement, il y a beaucoup de changements depuis la saison derni\u00e8re !<\/li>\n<li><a href=\"https:\/\/wro.swiss\/wp-content\/uploads\/2025\/01\/WRO-2025-RoboMission-Junior-FR.pdf\" target=\"_blank\" rel=\"noopener noreferrer\">T\u00e2che<\/a><\/li>\n<li><a href=\"https:\/\/wro.swiss\/wp-content\/uploads\/2025\/01\/WRO-2025-RoboMission-Junior-Bauanleitung-dfi.pdf\" target=\"_blank\" rel=\"noopener noreferrer\">Guide de construction<\/a><\/li>\n<\/ul>\n<\/div><\/div><\/div><div class=\"fusion-layout-column fusion_builder_column fusion-builder-column-2 fusion_builder_column_1_3 1_3 fusion-flex-column\" style=\"--awb-bg-size:cover;--awb-width-large:33.333333333333%;--awb-margin-top-large:0px;--awb-spacing-right-large:5.76%;--awb-margin-bottom-large:20px;--awb-spacing-left-large:5.76%;--awb-width-medium:33.333333333333%;--awb-order-medium:0;--awb-spacing-right-medium:5.76%;--awb-spacing-left-medium:5.76%;--awb-width-small:100%;--awb-order-small:0;--awb-spacing-right-small:1.92%;--awb-spacing-left-small:1.92%;\"><div class=\"fusion-column-wrapper fusion-column-has-shadow fusion-flex-justify-content-flex-start fusion-content-layout-column\"><div class=\"fusion-text fusion-text-2\"><p>L&rsquo;exploration et la colonisation de Mars sont un bon exemple de la fa\u00e7on dont les robots peuvent nous aider \u00e0 l&rsquo;avenir. Les robots joueront un r\u00f4le cl\u00e9 pour rendre les missions sur Mars plus s\u00fbres, plus rapides et plus efficaces. Une fois arriv\u00e9s sur Mars, les robots peuvent aider \u00e0 construire des abris, \u00e0 explorer des zones dangereuses, \u00e0 collecter des \u00e9chantillons de recherche pr\u00e9cieux comme des \u00e9chantillons de sol et de roche, et \u00e0 comprendre l&rsquo;histoire de la plan\u00e8te et son potentiel pour la vie. En accomplissant ces t\u00e2ches exigeantes, les robots permettent aux humains de se concentrer sur l&rsquo;exploration et la d\u00e9couverte. Cela montre \u00e0 quel point ils seront importants pour la construction d&rsquo;un avenir sur Mars &#8211; et au-del\u00e0.<\/p>\n<p><b>Ton robot peut-il aider \u00e0 explorer et \u00e0 coloniser Mars ?<\/b><\/p>\n<\/div><\/div><\/div><\/div><\/div>\n","protected":false},"excerpt":{"rendered":"","protected":false},"author":7,"featured_media":0,"parent":0,"menu_order":0,"comment_status":"closed","ping_status":"closed","template":"100-width.php","meta":{"inline_featured_image":false,"footnotes":""},"wf_page_folders":[],"class_list":["post-14559","page","type-page","status-publish","hentry"],"_links":{"self":[{"href":"https:\/\/wro.swiss\/fr\/wp-json\/wp\/v2\/pages\/14559","targetHints":{"allow":["GET"]}}],"collection":[{"href":"https:\/\/wro.swiss\/fr\/wp-json\/wp\/v2\/pages"}],"about":[{"href":"https:\/\/wro.swiss\/fr\/wp-json\/wp\/v2\/types\/page"}],"author":[{"embeddable":true,"href":"https:\/\/wro.swiss\/fr\/wp-json\/wp\/v2\/users\/7"}],"replies":[{"embeddable":true,"href":"https:\/\/wro.swiss\/fr\/wp-json\/wp\/v2\/comments?post=14559"}],"version-history":[{"count":15,"href":"https:\/\/wro.swiss\/fr\/wp-json\/wp\/v2\/pages\/14559\/revisions"}],"predecessor-version":[{"id":22075,"href":"https:\/\/wro.swiss\/fr\/wp-json\/wp\/v2\/pages\/14559\/revisions\/22075"}],"wp:attachment":[{"href":"https:\/\/wro.swiss\/fr\/wp-json\/wp\/v2\/media?parent=14559"}],"wp:term":[{"taxonomy":"wf_page_folders","embeddable":true,"href":"https:\/\/wro.swiss\/fr\/wp-json\/wp\/v2\/wf_page_folders?post=14559"}],"curies":[{"name":"wp","href":"https:\/\/api.w.org\/{rel}","templated":true}]}}