{"id":14551,"date":"2025-01-15T11:00:07","date_gmt":"2025-01-15T10:00:07","guid":{"rendered":"https:\/\/wro.swiss\/?page_id=14551"},"modified":"2025-05-28T14:01:30","modified_gmt":"2025-05-28T12:01:30","slug":"taches-robomission-elementary-2025","status":"publish","type":"page","link":"https:\/\/wro.swiss\/fr\/taches-robomission-elementary-2025\/","title":{"rendered":"T\u00e2ches RoboMission Elementary 2025"},"content":{"rendered":"<div class=\"fusion-fullwidth fullwidth-box fusion-builder-row-1 fusion-flex-container has-pattern-background has-mask-background nonhundred-percent-fullwidth non-hundred-percent-height-scrolling\" style=\"--awb-border-radius-top-left:0px;--awb-border-radius-top-right:0px;--awb-border-radius-bottom-right:0px;--awb-border-radius-bottom-left:0px;--awb-flex-wrap:wrap;\" ><div class=\"fusion-builder-row fusion-row fusion-flex-align-items-flex-start fusion-flex-content-wrap\" style=\"max-width:1248px;margin-left: calc(-4% \/ 2 );margin-right: calc(-4% \/ 2 );\"><div class=\"fusion-layout-column fusion_builder_column fusion-builder-column-0 fusion_builder_column_1_1 1_1 fusion-flex-column\" style=\"--awb-bg-size:cover;--awb-width-large:100%;--awb-margin-top-large:0px;--awb-spacing-right-large:1.92%;--awb-margin-bottom-large:20px;--awb-spacing-left-large:1.92%;--awb-width-medium:100%;--awb-order-medium:0;--awb-spacing-right-medium:1.92%;--awb-spacing-left-medium:1.92%;--awb-width-small:100%;--awb-order-small:0;--awb-spacing-right-small:1.92%;--awb-spacing-left-small:1.92%;\"><div class=\"fusion-column-wrapper fusion-column-has-shadow fusion-flex-justify-content-flex-start fusion-content-layout-column\"><div class=\"fusion-title title fusion-title-1 fusion-sep-none fusion-title-text fusion-title-size-one\" style=\"--awb-margin-top-small:10px;--awb-margin-right-small:0px;--awb-margin-bottom-small:10px;--awb-margin-left-small:0px;\"><h1 class=\"fusion-title-heading title-heading-left\" style=\"margin:0;\">L&rsquo;avenir des robots &#8211; \u00ab\u00a0les satellites au travail\u00a0\u00bb.<\/h1><\/div><\/div><\/div><div class=\"fusion-layout-column fusion_builder_column fusion-builder-column-1 fusion_builder_column_2_3 2_3 fusion-flex-column\" style=\"--awb-bg-size:cover;--awb-width-large:66.666666666667%;--awb-margin-top-large:0px;--awb-spacing-right-large:2.88%;--awb-margin-bottom-large:20px;--awb-spacing-left-large:2.88%;--awb-width-medium:66.666666666667%;--awb-order-medium:0;--awb-spacing-right-medium:2.88%;--awb-spacing-left-medium:2.88%;--awb-width-small:100%;--awb-order-small:0;--awb-spacing-right-small:1.92%;--awb-spacing-left-small:1.92%;\"><div class=\"fusion-column-wrapper fusion-column-has-shadow fusion-flex-justify-content-flex-start fusion-content-layout-column\"><div class=\"fusion-image-element \" style=\"--awb-caption-title-font-family:var(--h2_typography-font-family);--awb-caption-title-font-weight:var(--h2_typography-font-weight);--awb-caption-title-font-style:var(--h2_typography-font-style);--awb-caption-title-size:var(--h2_typography-font-size);--awb-caption-title-transform:var(--h2_typography-text-transform);--awb-caption-title-line-height:var(--h2_typography-line-height);--awb-caption-title-letter-spacing:var(--h2_typography-letter-spacing);\"><span class=\" fusion-imageframe imageframe-none imageframe-1 hover-type-none\"><img decoding=\"async\" width=\"1335\" height=\"1017\" alt=\"Spielfeld Elementary 2025\" title=\"Elementary-3D\" src=\"https:\/\/wro.swiss\/wp-content\/uploads\/2025\/01\/Elementary-3D.png\" class=\"img-responsive wp-image-16039\" srcset=\"https:\/\/wro.swiss\/wp-content\/uploads\/2025\/01\/Elementary-3D-200x152.png 200w, https:\/\/wro.swiss\/wp-content\/uploads\/2025\/01\/Elementary-3D-400x305.png 400w, https:\/\/wro.swiss\/wp-content\/uploads\/2025\/01\/Elementary-3D-600x457.png 600w, https:\/\/wro.swiss\/wp-content\/uploads\/2025\/01\/Elementary-3D-800x609.png 800w, https:\/\/wro.swiss\/wp-content\/uploads\/2025\/01\/Elementary-3D-1200x914.png 1200w, https:\/\/wro.swiss\/wp-content\/uploads\/2025\/01\/Elementary-3D.png 1335w\" sizes=\"(max-width: 640px) 100vw, 800px\" \/><\/span><\/div><div class=\"fusion-text fusion-text-1\"><p><a href=\"https:\/\/wro.swiss\/fr\/?page_id=21917\">&gt;&gt;  T\u00e2che suppl\u00e9mentaire pour la finale suisse<\/a><\/p>\n<ul>\n<li><a href=\"https:\/\/wro.swiss\/wp-content\/uploads\/2025\/01\/WRO-2025-RoboMission-Allgemeines-Regelwerk-FR.pdf\" target=\"_blank\" rel=\"noopener noreferrer\">R\u00e8gles g\u00e9n\u00e9rales<\/a><\/li>\n<li><a href=\"https:\/\/wro.swiss\/wp-content\/uploads\/2025\/01\/WRO-2025-RoboMission-Elementary-FR.pdf\" target=\"_blank\" rel=\"noopener noreferrer\">T\u00e2che<\/a><\/li>\n<li><a href=\"https:\/\/wro.swiss\/wp-content\/uploads\/2025\/01\/WRO-2025-RoboMission-Elementary-Bauanleitung-dfi.pdf\" target=\"_blank\" rel=\"noopener noreferrer\">Guide de construction<\/a><\/li>\n<\/ul>\n<\/div><\/div><\/div><div class=\"fusion-layout-column fusion_builder_column fusion-builder-column-2 fusion_builder_column_1_3 1_3 fusion-flex-column\" style=\"--awb-bg-size:cover;--awb-width-large:33.333333333333%;--awb-margin-top-large:0px;--awb-spacing-right-large:5.76%;--awb-margin-bottom-large:20px;--awb-spacing-left-large:5.76%;--awb-width-medium:33.333333333333%;--awb-order-medium:0;--awb-spacing-right-medium:5.76%;--awb-spacing-left-medium:5.76%;--awb-width-small:100%;--awb-order-small:0;--awb-spacing-right-small:1.92%;--awb-spacing-left-small:1.92%;\"><div class=\"fusion-column-wrapper fusion-column-has-shadow fusion-flex-justify-content-flex-start fusion-content-layout-column\"><div class=\"fusion-text fusion-text-2\"><p><span style=\"color: var(--awb-text-color);font-family: var(--awb-text-font-family);font-size: var(--awb-font-size);font-style: var(--awb-text-font-style);font-weight: var(--awb-text-font-weight);letter-spacing: var(--awb-letter-spacing);text-align: var(--awb-content-alignment);text-transform: var(--awb-text-transform);background-color: var(--awb-bg-color)\">Les satellites sont tr\u00e8s importants pour les choses que nous utilisons tous les jours, par exemple les conversations avec des personnes \u00e9loign\u00e9es, les pr\u00e9visions m\u00e9t\u00e9orologiques et le GPS. L&rsquo;intelligence artificielle (IA) aide les satellites \u00e0 mieux fonctionner en analysant rapidement de nombreuses donn\u00e9es et en faisant des pr\u00e9dictions pr\u00e9cises. Mais il y a un gros probl\u00e8me : les d\u00e9bris spatiaux. Il s&rsquo;agit de vieilles pi\u00e8ces cass\u00e9es de satellites et de fus\u00e9es qui peuvent entrer en collision avec des satellites en fonctionnement et causer des dommages. Pour r\u00e9soudre ce probl\u00e8me, les scientifiques utilisent des robots dot\u00e9s d&rsquo;une intelligence artificielle pour trouver et \u00e9liminer les d\u00e9bris spatiaux. L&rsquo;IA aide aussi \u00e0 planifier des trajectoires s\u00fbres pour les nouveaux satellites afin d&rsquo;\u00e9viter les collisions. Ainsi, l&rsquo;espace reste s\u00fbr et nos satellites peuvent continuer \u00e0 remplir leurs fonctions essentielles.<\/span><\/p>\n<p><span style=\"color: var(--awb-text-color);font-family: var(--awb-text-font-family);font-size: var(--awb-font-size);font-style: var(--awb-text-font-style);font-weight: var(--awb-text-font-weight);letter-spacing: var(--awb-letter-spacing);text-align: var(--awb-content-alignment);text-transform: var(--awb-text-transform);background-color: var(--awb-bg-color)\">Ton robot peut-il t&rsquo;aider ?<\/span><\/p>\n<\/div><\/div><\/div><\/div><\/div>\n","protected":false},"excerpt":{"rendered":"","protected":false},"author":7,"featured_media":0,"parent":0,"menu_order":0,"comment_status":"closed","ping_status":"closed","template":"100-width.php","meta":{"inline_featured_image":false,"footnotes":""},"wf_page_folders":[],"class_list":["post-14551","page","type-page","status-publish","hentry"],"_links":{"self":[{"href":"https:\/\/wro.swiss\/fr\/wp-json\/wp\/v2\/pages\/14551","targetHints":{"allow":["GET"]}}],"collection":[{"href":"https:\/\/wro.swiss\/fr\/wp-json\/wp\/v2\/pages"}],"about":[{"href":"https:\/\/wro.swiss\/fr\/wp-json\/wp\/v2\/types\/page"}],"author":[{"embeddable":true,"href":"https:\/\/wro.swiss\/fr\/wp-json\/wp\/v2\/users\/7"}],"replies":[{"embeddable":true,"href":"https:\/\/wro.swiss\/fr\/wp-json\/wp\/v2\/comments?post=14551"}],"version-history":[{"count":26,"href":"https:\/\/wro.swiss\/fr\/wp-json\/wp\/v2\/pages\/14551\/revisions"}],"predecessor-version":[{"id":22072,"href":"https:\/\/wro.swiss\/fr\/wp-json\/wp\/v2\/pages\/14551\/revisions\/22072"}],"wp:attachment":[{"href":"https:\/\/wro.swiss\/fr\/wp-json\/wp\/v2\/media?parent=14551"}],"wp:term":[{"taxonomy":"wf_page_folders","embeddable":true,"href":"https:\/\/wro.swiss\/fr\/wp-json\/wp\/v2\/wf_page_folders?post=14551"}],"curies":[{"name":"wp","href":"https:\/\/api.w.org\/{rel}","templated":true}]}}