{"id":14521,"date":"2024-11-28T13:39:48","date_gmt":"2024-11-28T12:39:48","guid":{"rendered":"https:\/\/wro.swiss\/?page_id=14521"},"modified":"2025-11-30T19:36:30","modified_gmt":"2025-11-30T18:36:30","slug":"politique-de-confidentialite","status":"publish","type":"page","link":"https:\/\/wro.swiss\/fr\/politique-de-confidentialite\/","title":{"rendered":"Politique de confidentialit\u00e9"},"content":{"rendered":"<div class=\"fusion-fullwidth fullwidth-box fusion-builder-row-1 fusion-flex-container has-pattern-background has-mask-background nonhundred-percent-fullwidth non-hundred-percent-height-scrolling\" style=\"--awb-border-radius-top-left:0px;--awb-border-radius-top-right:0px;--awb-border-radius-bottom-right:0px;--awb-border-radius-bottom-left:0px;--awb-flex-wrap:wrap;\" ><div class=\"fusion-builder-row fusion-row fusion-flex-align-items-flex-start fusion-flex-content-wrap\" style=\"max-width:1248px;margin-left: calc(-4% \/ 2 );margin-right: calc(-4% \/ 2 );\"><div class=\"fusion-layout-column fusion_builder_column fusion-builder-column-0 fusion_builder_column_1_1 1_1 fusion-flex-column\" style=\"--awb-padding-top:20px;--awb-padding-right:20px;--awb-padding-bottom:0px;--awb-padding-left:20px;--awb-bg-color:var(--awb-custom_color_2);--awb-bg-color-hover:var(--awb-custom_color_2);--awb-bg-size:cover;--awb-width-large:100%;--awb-margin-top-large:0px;--awb-spacing-right-large:1.92%;--awb-margin-bottom-large:20px;--awb-spacing-left-large:1.92%;--awb-width-medium:100%;--awb-order-medium:0;--awb-spacing-right-medium:1.92%;--awb-spacing-left-medium:1.92%;--awb-width-small:100%;--awb-order-small:0;--awb-spacing-right-small:1.92%;--awb-spacing-left-small:1.92%;\"><div class=\"fusion-column-wrapper fusion-column-has-shadow fusion-flex-justify-content-flex-start fusion-content-layout-column\"><div class=\"fusion-text fusion-text-1\"><p><b>Remarque :<\/b> la politique de confidentialit\u00e9 a \u00e9t\u00e9 r\u00e9dig\u00e9e en allemand et traduite m\u00e9caniquement dans les autres langues (fran\u00e7ais, italien et anglais). En cas de divergences entre les diff\u00e9rentes versions, seule la version allemande fait foi. <\/p>\n<\/div><\/div><\/div><div class=\"fusion-layout-column fusion_builder_column fusion-builder-column-1 fusion_builder_column_1_1 1_1 fusion-flex-column\" style=\"--awb-bg-size:cover;--awb-width-large:100%;--awb-margin-top-large:0px;--awb-spacing-right-large:1.92%;--awb-margin-bottom-large:20px;--awb-spacing-left-large:1.92%;--awb-width-medium:100%;--awb-order-medium:0;--awb-spacing-right-medium:1.92%;--awb-spacing-left-medium:1.92%;--awb-width-small:100%;--awb-order-small:0;--awb-spacing-right-small:1.92%;--awb-spacing-left-small:1.92%;\"><div class=\"fusion-column-wrapper fusion-column-has-shadow fusion-flex-justify-content-flex-start fusion-content-layout-column\"><div class=\"fusion-text fusion-text-2\"><p>Ces directives r\u00e9gissent ce que nous &#8211; World Robot Olympiad Suisse (WRO Suisse) et notre organisation fa\u00eeti\u00e8re, les Olympiades des Sciences (WO) &#8211; faisons de tes envois et de tes coordonn\u00e9es et quelles donn\u00e9es nous pouvons publier et transmettre \u00e0 des tiers. Si tu as des questions ou des doutes \u00e0 ce sujet, n&rsquo;h\u00e9site pas \u00e0 nous contacter \u00e0 l&rsquo;adresse <a href=\"mailto:info@wro.swiss\">info@wro.swiss.<\/a> <\/p>\n<\/div><div class=\"fusion-title title fusion-title-1 fusion-sep-none fusion-title-text fusion-title-size-two\" style=\"--awb-margin-top-small:10px;--awb-margin-right-small:0px;--awb-margin-bottom-small:10px;--awb-margin-left-small:0px;\"><h2 class=\"fusion-title-heading title-heading-left\" style=\"margin:0;\">Fondamental<\/h2><\/div><div class=\"fusion-text fusion-text-3\"><p>En tant que WRO Suisse, nous prenons la protection des donn\u00e9es personnelles au s\u00e9rieux. Nous traitons les donn\u00e9es personnelles de mani\u00e8re confidentielle. Nous nous effor\u00e7ons, en collaboration avec nos fournisseurs, de prot\u00e9ger autant que possible nos sites Web et nos bases de donn\u00e9es contre les acc\u00e8s de tiers et les abus.  <\/p>\n<p>Les donn\u00e9es personnelles ne sont utilis\u00e9es qu&rsquo;en relation avec les concours WRO et les activit\u00e9s des Olympiades des Sciences. Les droits d&rsquo;acc\u00e8s, de rectification, de suppression, de limitation et d&rsquo;opposition sont garantis. <\/p>\n<p>Les abonn\u00e9(e)s aux newsletters et autres moyens de communication peuvent \u00e0 tout moment demander \u00e0 \u00eatre retir\u00e9s de la liste de distribution.<\/p>\n<\/div><div class=\"fusion-title title fusion-title-2 fusion-sep-none fusion-title-text fusion-title-size-two\" style=\"--awb-margin-top-small:10px;--awb-margin-right-small:0px;--awb-margin-bottom-small:10px;--awb-margin-left-small:0px;\"><h2 class=\"fusion-title-heading title-heading-left\" style=\"margin:0;\">Donn\u00e9es de connexion<\/h2><\/div><div class=\"fusion-text fusion-text-4\"><p>Le\/la coach* inscrit toute l&rsquo;\u00e9quipe \u00e0 la comp\u00e9tition. Il\/elle saisit le nom de l&rsquo;\u00e9quipe, le pr\u00e9nom et le nom de famille, la date de naissance, le sexe, le lieu et le canton de r\u00e9sidence, l&rsquo;\u00e9cole, le num\u00e9ro de t\u00e9l\u00e9phone et l&rsquo;adresse e-mail et les besoins en nourriture des membres de l&rsquo;\u00e9quipe et de lui-m\u00eame. Nous utilisons ces informations dans les buts suivants :  <\/p>\n<ul>\n<li><b>Organisation et \u00e9valuations internes : <\/b>La plupart des donn\u00e9es mentionn\u00e9es ci-dessus sont utilis\u00e9es par notre \u00e9quipe d&rsquo;organisation pour pr\u00e9parer les comp\u00e9titions WRO, les organiser correctement et les \u00e9valuer (par exemple, v\u00e9rification des groupes d&rsquo;\u00e2ge, commande de nourriture ou statistiques pour nos partenaires de soutien).<\/li>\n<li><b>Contact : <\/b>Le contact avant et pendant le concours se fait principalement par le\/la coach responsable. Ton coach* et toi recevez des informations sur nos \u00e9v\u00e9nements et sur d&rsquo;autres concours scientifiques par e-mail ou par courrier, de notre part ou de la WO, avant, pendant et apr\u00e8s nos concours. Les membres de l&rsquo;\u00e9quipe re\u00e7oivent les informations qui les concernent pour les concours par l&rsquo;interm\u00e9diaire du coach.  <\/li>\n<li><b>Newsletter :<\/b> nous envoyons une newsletter par e-mail \u00e0 intervalles irr\u00e9guliers. Si tu ne souhaites plus recevoir d&rsquo;e-mails de notre part, il te suffit de nous le faire savoir. <\/li>\n<li><b>Les \u00e9coles : <\/b>Nous te demandons ton \u00e9cole afin de leur \u00e9crire les ann\u00e9es suivantes avec notre mat\u00e9riel d&rsquo;information. Ce n&rsquo;est qu&rsquo;en cas d&rsquo;excellente performance de ta part (qualification pour la finale, victoire, etc.) que nous les informerons de ta participation. <\/li>\n<li><b>M\u00e9dias : <\/b>nous ne transmettons tes coordonn\u00e9es (num\u00e9ro de t\u00e9l\u00e9phone et e-mail) aux m\u00e9dias qu&rsquo;avec ta permission explicite. En r\u00e8gle g\u00e9n\u00e9rale, le contact se fait par l&rsquo;interm\u00e9diaire du coach*. <\/li>\n<li><b>Tiers : <\/b>les donn\u00e9es personnelles ne sont transmises qu&rsquo;\u00e0 des tiers de confiance qui nous aident \u00e0 accomplir directement nos t\u00e2ches (par exemple notre partenaire de newsletter, l&rsquo;imprimerie pour les dipl\u00f4mes ou les organisateurs des Concours r\u00e9gionaux). Sinon, nous ne transmettons pas les coordonn\u00e9es \u00e0 d&rsquo;autres tiers, comme nos partenaires de soutien, sans leur accord. <\/li>\n<\/ul>\n<\/div><div class=\"fusion-title title fusion-title-3 fusion-sep-none fusion-title-text fusion-title-size-two\" style=\"--awb-margin-top-small:10px;--awb-margin-right-small:0px;--awb-margin-bottom-small:10px;--awb-margin-left-small:0px;\"><h2 class=\"fusion-title-heading title-heading-left\" style=\"margin:0;\">Donn\u00e9es personnelles particuli\u00e8rement sensibles<\/h2><\/div><div class=\"fusion-text fusion-text-5\"><p>Pour les voyages aux comp\u00e9titions internationales, nous avons souvent besoin d&rsquo;informations suppl\u00e9mentaires et nous demandons au coach* et aux membres de l&rsquo;\u00e9quipe des informations sur leur sant\u00e9, leur num\u00e9ro de carte d&rsquo;identit\u00e9, des copies de leur passeport et des informations sur leur visa, ainsi que leurs coordonn\u00e9es en cas d&rsquo;urgence. Nous traitons ces informations de mani\u00e8re strictement confidentielle et nous ne les transmettons \u00e0 des tiers que lorsque cela est absolument n\u00e9cessaire, par exemple aux compagnies a\u00e9riennes ou aux h\u00f4tels, aux ambassades pour les demandes de visa ou aux organisateurs locaux. <\/p>\n<\/div><div class=\"fusion-title title fusion-title-4 fusion-sep-none fusion-title-text fusion-title-size-two\" style=\"--awb-margin-top-small:10px;--awb-margin-right-small:0px;--awb-margin-bottom-small:10px;--awb-margin-left-small:0px;\"><h2 class=\"fusion-title-heading title-heading-left\" style=\"margin:0;\">Photos et vid\u00e9os<\/h2><\/div><div class=\"fusion-text fusion-text-6\"><p>Lors de nos ateliers et de nos concours, ainsi que lors de nos voyages, nous prenons des photos et des films pour immortaliser les impressions des Olympiades. Nous les mettons en ligne dans des galeries et sous forme de vid\u00e9os et les \u00e9tiquetons parfois avec le nom des participants au concours. Nous les utilisons pour nos imprim\u00e9s et nos canaux de m\u00e9dias sociaux et les montrons lors de nos \u00e9v\u00e9nements. Nous nous r\u00e9servons le droit d&rsquo;autoriser des tiers (comme les m\u00e9dias et les partenaires de soutien) \u00e0 prendre des photos et\/ou \u00e0 utiliser nos photos et vid\u00e9os.   <\/p>\n<\/div><div class=\"fusion-title title fusion-title-5 fusion-sep-none fusion-title-text fusion-title-size-two\" style=\"--awb-margin-top-small:10px;--awb-margin-right-small:0px;--awb-margin-bottom-small:10px;--awb-margin-left-small:0px;\"><h2 class=\"fusion-title-heading title-heading-left\" style=\"margin:0;\">Classement<\/h2><\/div><div class=\"fusion-text fusion-text-7\"><p>Pour chacune de nos comp\u00e9titions, nous \u00e9tablissons un classement avec les noms des \u00e9quipes, les noms des membres de l&rsquo;\u00e9quipe et le lieu annonc\u00e9 de l&rsquo;\u00e9quipe, ainsi que le nombre de points, la r\u00e9compense et le classement. Nous rendons ces classements accessibles au public sur notre site web, sans limite de temps. Nous pensons que m\u00eame une place dans les derniers rangs lors de la WRO est une excellente performance, dans l&rsquo;esprit de l&rsquo;id\u00e9e olympique \u00ab\u00a0participer, c&rsquo;est tout\u00a0\u00bb.  <\/p>\n<\/div><div class=\"fusion-title title fusion-title-6 fusion-sep-none fusion-title-text fusion-title-size-two\" style=\"--awb-margin-top-small:10px;--awb-margin-right-small:0px;--awb-margin-bottom-small:10px;--awb-margin-left-small:0px;\"><h2 class=\"fusion-title-heading title-heading-left\" style=\"margin:0;\">Communiqu\u00e9s de presse et rapports<\/h2><\/div><div class=\"fusion-text fusion-text-8\"><p>Pendant et apr\u00e8s les concours et les voyages, nous r\u00e9digeons des communiqu\u00e9s de presse et des rapports compos\u00e9s de r\u00e9sultats, de photos et de citations des participants. Nous les publions en ligne et les envoyons \u00e9galement aux m\u00e9dias, aux \u00e9coles ainsi qu&rsquo;\u00e0 nos partenaires de soutien. <\/p>\n<\/div><div class=\"fusion-title title fusion-title-7 fusion-sep-none fusion-title-text fusion-title-size-two\" style=\"--awb-margin-top-small:10px;--awb-margin-right-small:0px;--awb-margin-bottom-small:10px;--awb-margin-left-small:0px;\"><h2 class=\"fusion-title-heading title-heading-left\" style=\"margin:0;\">Utilisation du site web<\/h2><\/div><div class=\"fusion-text fusion-text-9\"><p>Sur le site Web des World Robot Olympiad, nous utilisons des cookies pour analyser le comportement des visiteurs. Ceux-ci sont ind\u00e9pendants de ton profil d&rsquo;utilisateur et nous ne les mettons pas en relation. Tu trouveras la politique de confidentialit\u00e9 du site web de notre organisation fa\u00eeti\u00e8re WO en cliquant sur le lien suivant : <a href=\"https:\/\/science.olympiad.ch\/footernavigation\/disclaimer\/\">https:\/\/science.olympiad.ch\/footernavigation\/disclaimer\/<\/a>  <\/p>\n<p>Nous nous r\u00e9servons le droit de r\u00e9viser ces directives une fois par an. Cependant, nous n&rsquo;\u00e9tendrons jamais l&rsquo;utilisation des donn\u00e9es d\u00e9j\u00e0 collect\u00e9es apr\u00e8s coup. <\/p>\n<\/div><\/div><\/div><\/div><\/div>\n","protected":false},"excerpt":{"rendered":"","protected":false},"author":7,"featured_media":0,"parent":0,"menu_order":0,"comment_status":"closed","ping_status":"closed","template":"100-width.php","meta":{"inline_featured_image":false,"footnotes":""},"wf_page_folders":[],"class_list":["post-14521","page","type-page","status-publish","hentry"],"_links":{"self":[{"href":"https:\/\/wro.swiss\/fr\/wp-json\/wp\/v2\/pages\/14521","targetHints":{"allow":["GET"]}}],"collection":[{"href":"https:\/\/wro.swiss\/fr\/wp-json\/wp\/v2\/pages"}],"about":[{"href":"https:\/\/wro.swiss\/fr\/wp-json\/wp\/v2\/types\/page"}],"author":[{"embeddable":true,"href":"https:\/\/wro.swiss\/fr\/wp-json\/wp\/v2\/users\/7"}],"replies":[{"embeddable":true,"href":"https:\/\/wro.swiss\/fr\/wp-json\/wp\/v2\/comments?post=14521"}],"version-history":[{"count":16,"href":"https:\/\/wro.swiss\/fr\/wp-json\/wp\/v2\/pages\/14521\/revisions"}],"predecessor-version":[{"id":22870,"href":"https:\/\/wro.swiss\/fr\/wp-json\/wp\/v2\/pages\/14521\/revisions\/22870"}],"wp:attachment":[{"href":"https:\/\/wro.swiss\/fr\/wp-json\/wp\/v2\/media?parent=14521"}],"wp:term":[{"taxonomy":"wf_page_folders","embeddable":true,"href":"https:\/\/wro.swiss\/fr\/wp-json\/wp\/v2\/wf_page_folders?post=14521"}],"curies":[{"name":"wp","href":"https:\/\/api.w.org\/{rel}","templated":true}]}}