{"id":14100,"date":"2024-06-23T12:28:27","date_gmt":"2024-06-23T10:28:27","guid":{"rendered":"https:\/\/wro.swiss\/saison-2024\/finale-suisse-2024\/finale-suisse-2024-resultats\/"},"modified":"2024-06-23T19:10:58","modified_gmt":"2024-06-23T17:10:58","slug":"finale-suisse-2024-resultats","status":"publish","type":"page","link":"https:\/\/wro.swiss\/fr\/saison-2025\/finale-suisse-2024\/finale-suisse-2024-resultats\/","title":{"rendered":"Finale suisse 2024 &#8211; R\u00e9sultats"},"content":{"rendered":"<div class=\"fusion-fullwidth fullwidth-box fusion-builder-row-1 fusion-flex-container has-pattern-background has-mask-background nonhundred-percent-fullwidth non-hundred-percent-height-scrolling\" style=\"--awb-border-radius-top-left:0px;--awb-border-radius-top-right:0px;--awb-border-radius-bottom-right:0px;--awb-border-radius-bottom-left:0px;--awb-flex-wrap:wrap;\" ><div class=\"fusion-builder-row fusion-row fusion-flex-align-items-flex-start fusion-flex-content-wrap\" style=\"max-width:1248px;margin-left: calc(-4% \/ 2 );margin-right: calc(-4% \/ 2 );\"><div class=\"fusion-layout-column fusion_builder_column fusion-builder-column-0 fusion_builder_column_1_1 1_1 fusion-flex-column\" style=\"--awb-bg-size:cover;--awb-width-large:100%;--awb-margin-top-large:0px;--awb-spacing-right-large:1.92%;--awb-margin-bottom-large:20px;--awb-spacing-left-large:1.92%;--awb-width-medium:100%;--awb-order-medium:0;--awb-spacing-right-medium:1.92%;--awb-spacing-left-medium:1.92%;--awb-width-small:100%;--awb-order-small:0;--awb-spacing-right-small:1.92%;--awb-spacing-left-small:1.92%;\"><div class=\"fusion-column-wrapper fusion-column-has-shadow fusion-flex-justify-content-flex-start fusion-content-layout-column\"><div class=\"fusion-text fusion-text-1\"><p>Lors de la finale suisse 2024 \u00e0 Hausen AG, 68 \u00e9quipes \u00e9taient au d\u00e9part :<\/p>\n<ul>\n<li>56 \u00e9quipes dans la cat\u00e9gorie <strong><span style=\"color: var(--awb-color4);\">RoboMission<\/span><\/strong>, dont :\n<ul>\n<li>20 \u00e9quipes de la classe d&rsquo;\u00e2ge Elementary (8 \u00e0 12 ans)<\/li>\n<li>20 \u00e9quipes de la classe d&rsquo;\u00e2ge Junior (11 \u00e0 15 ans)<\/li>\n<li>16 \u00e9quipes de la classe d&rsquo;\u00e2ge Senior (14 \u00e0 19 ans)<\/li>\n<\/ul>\n<\/li>\n<li>6 \u00e9quipes de la cat\u00e9gorie <strong><span style=\"color: #ff0000;\">Future Innovators<\/span><\/strong> (8 \u00e0 19 ans)<\/li>\n<li>4 \u00e9quipes de la cat\u00e9gorie <span style=\"color: #cc99ff;\"><strong>Starter<\/strong><\/span> (6 \u00e0 10 ans)<\/li>\n<li>2 \u00e9quipes de la cat\u00e9gorie <strong><span style=\"color: #00ccff;\">Future Engineers<\/span><\/strong>, qui ont pr\u00e9sent\u00e9 leur savoir-faire hors concours \u00e0 un public int\u00e9ress\u00e9.<\/li>\n<\/ul>\n<p>Et voici les \u00e9quipes gagnantes :<\/p>\n<h2 class=\"fusion-responsive-typography-calculated\" style=\"color: var(--awb-color4); --fontsize: 28; line-height: 1.2;\" data-fontsize=\"28\" data-lineheight=\"33.6px\">RoboMission Elementary<\/h2>\n<p>1\u00e8re place : RoboBoys (201 points, 224 secondes) *<br \/><span style=\"color: var(--awb-text-color); font-family: var(--awb-text-font-family); font-size: var(--awb-font-size); font-style: var(--awb-text-font-style); font-weight: var(--awb-text-font-weight); letter-spacing: var(--awb-letter-spacing); text-align: var(--awb-content-alignment); text-transform: var(--awb-text-transform); background-color: var(--awb-bg-color-medium-hover);\">2\u00e8me place : Robolix Aeugst (<\/span><span style=\"color: var(--awb-text-color); font-family: var(--awb-text-font-family); font-size: var(--awb-font-size); font-style: var(--awb-text-font-style); font-weight: var(--awb-text-font-weight); letter-spacing: var(--awb-letter-spacing); text-align: var(--awb-content-alignment); text-transform: var(--awb-text-transform); background-color: var(--awb-bg-color-medium-hover);\">185 points, <\/span><span style=\"color: var(--awb-text-color); font-family: var(--awb-text-font-family); font-size: var(--awb-font-size); font-style: var(--awb-text-font-style); font-weight: var(--awb-text-font-weight); letter-spacing: var(--awb-letter-spacing); text-align: var(--awb-content-alignment); text-transform: var(--awb-text-transform); background-color: var(--awb-bg-color-medium-hover);\">207 secondes) *<br \/><\/span><span style=\"background-color: var(--awb-bg-color-medium-hover); color: var(--awb-text-color); font-family: var(--awb-text-font-family); font-size: var(--awb-font-size); font-style: var(--awb-text-font-style); font-weight: var(--awb-text-font-weight); letter-spacing: var(--awb-letter-spacing); text-align: var(--awb-content-alignment); text-transform: var(--awb-text-transform);\">3\u00e8me place : SvenDavid (170 points, 176 secondes) **<br \/><\/span><span style=\"color: var(--awb-text-color); font-family: var(--awb-text-font-family); font-size: var(--awb-font-size); font-style: var(--awb-text-font-style); font-weight: var(--awb-text-font-weight); letter-spacing: var(--awb-letter-spacing); text-align: var(--awb-content-alignment); text-transform: var(--awb-text-transform); background-color: var(--awb-bg-color-medium-hover);\">4\u00e8me place : <\/span><span style=\"color: var(--awb-text-color); font-family: var(--awb-text-font-family); font-size: var(--awb-font-size); font-style: var(--awb-text-font-style); font-weight: var(--awb-text-font-weight); letter-spacing: var(--awb-letter-spacing); text-align: var(--awb-content-alignment); text-transform: var(--awb-text-transform); background-color: var(--awb-bg-color-medium);\">Team Starlight (<\/span><span style=\"color: var(--awb-text-color); font-family: var(--awb-text-font-family); font-size: var(--awb-font-size); font-style: var(--awb-text-font-style); font-weight: var(--awb-text-font-weight); letter-spacing: var(--awb-letter-spacing); text-align: var(--awb-content-alignment); text-transform: var(--awb-text-transform); background-color: var(--awb-bg-color-medium-hover);\">162 points, <\/span><span style=\"color: var(--awb-text-color); font-family: var(--awb-text-font-family); font-size: var(--awb-font-size); font-style: var(--awb-text-font-style); font-weight: var(--awb-text-font-weight); letter-spacing: var(--awb-letter-spacing); text-align: var(--awb-content-alignment); text-transform: var(--awb-text-transform); background-color: var(--awb-bg-color-medium-hover);\">198 secondes) **<\/span><\/p>\n<p>* qualifi\u00e9 pour la finale mondiale \u00e0 Izmir, T\u00fcrkiye<br \/>** qualifi\u00e9 pour le tournoi amical de Brescia, Italie<\/p>\n<p><b>Prix<\/b> <b>RobotDesign<\/b> : Robolix Aeugst<\/p>\n<h2 class=\"fusion-responsive-typography-calculated\" style=\"color: var(--awb-color4); --fontsize: 28; line-height: 1.2;\" data-fontsize=\"28\" data-lineheight=\"33.6px\">RoboMission Junior<\/h2>\n<p>1\u00e8re place : Robo Sapiens (248 points, 239 secondes) *<br \/><span style=\"color: var(--awb-text-color); font-family: var(--awb-text-font-family); font-size: var(--awb-font-size); font-style: var(--awb-text-font-style); font-weight: var(--awb-text-font-weight); letter-spacing: var(--awb-letter-spacing); text-align: var(--awb-content-alignment); text-transform: var(--awb-text-transform); background-color: var(--awb-bg-color-medium-hover);\">2\u00e8me place : Robomatik New Generation (214 points, 314 secondes) *.<br \/><\/span><span style=\"color: var(--awb-text-color); font-family: var(--awb-text-font-family); font-size: var(--awb-font-size); font-style: var(--awb-text-font-style); font-weight: var(--awb-text-font-weight); letter-spacing: var(--awb-letter-spacing); text-align: var(--awb-content-alignment); text-transform: var(--awb-text-transform); background-color: var(--awb-bg-color-medium-hover);\">3\u00e8me place : Das SoZo Duo (200 points, 216 secondes) **<br \/><\/span><span style=\"color: var(--awb-text-color); font-family: var(--awb-text-font-family); font-size: var(--awb-font-size); font-style: var(--awb-text-font-style); font-weight: var(--awb-text-font-weight); letter-spacing: var(--awb-letter-spacing); text-align: var(--awb-content-alignment); text-transform: var(--awb-text-transform); background-color: var(--awb-bg-color-medium-hover);\">4\u00e8me place : Highlanders two (185 points, 184 secondes) **<\/span><\/p>\n<p>* qualifi\u00e9 pour la finale mondiale \u00e0 Izmir, T\u00fcrkiye<br \/><span style=\"color: var(--awb-text-color); font-family: var(--awb-text-font-family); font-size: var(--awb-font-size); font-style: var(--awb-text-font-style); font-weight: var(--awb-text-font-weight); letter-spacing: var(--awb-letter-spacing); text-align: var(--awb-content-alignment); text-transform: var(--awb-text-transform); background-color: var(--awb-bg-color-medium-hover);\">** qualifi\u00e9 pour le tournoi amical de Brescia, Italie<\/span><\/p>\n<p><b>Prix RobotDesign<\/b> : Robomatik Arachna<\/p>\n<h2 class=\"fusion-responsive-typography-calculated\" style=\"color: var(--awb-color4); --fontsize: 28; line-height: 1.2;\" data-fontsize=\"28\" data-lineheight=\"33.6px\">RoboMission Senior<\/h2>\n<p>1\u00e8re place : Robolution (218 points, 302 secondes) *<br \/><span style=\"background-color: var(--awb-bg-color-medium-hover); color: var(--awb-text-color); font-family: var(--awb-text-font-family); font-size: var(--awb-font-size); font-style: var(--awb-text-font-style); font-weight: var(--awb-text-font-weight); letter-spacing: var(--awb-letter-spacing); text-align: var(--awb-content-alignment); text-transform: var(--awb-text-transform);\">2\u00e8me place : Mindst\u00fcrmer (163 points, 208 secondes) *<br \/><\/span><span style=\"background-color: var(--awb-bg-color-medium-hover); color: var(--awb-text-color); font-family: var(--awb-text-font-family); font-size: var(--awb-font-size); font-style: var(--awb-text-font-style); font-weight: var(--awb-text-font-weight); letter-spacing: var(--awb-letter-spacing); text-align: var(--awb-content-alignment); text-transform: var(--awb-text-transform);\">3\u00e8me place :<\/span> robotiikkainsin\u00f6\u00f6ri<span style=\"background-color: var(--awb-bg-color-medium-hover); color: var(--awb-text-color); font-family: var(--awb-text-font-family); font-size: var(--awb-font-size); font-style: var(--awb-text-font-style); font-weight: var(--awb-text-font-weight); letter-spacing: var(--awb-letter-spacing); text-align: var(--awb-content-alignment); text-transform: var(--awb-text-transform);\">(153 points, 164 secondes) **<br \/><\/span><span style=\"background-color: var(--awb-bg-color-medium-hover); color: var(--awb-text-color); font-family: var(--awb-text-font-family); font-size: var(--awb-font-size); font-style: var(--awb-text-font-style); font-weight: var(--awb-text-font-weight); letter-spacing: var(--awb-letter-spacing); text-align: var(--awb-content-alignment); text-transform: var(--awb-text-transform);\">4\u00e8me place : <\/span>balda7strich3 <span style=\"background-color: var(--awb-bg-color-medium-hover); color: var(--awb-text-color); font-family: var(--awb-text-font-family); font-size: var(--awb-font-size); font-style: var(--awb-text-font-style); font-weight: var(--awb-text-font-weight); letter-spacing: var(--awb-letter-spacing); text-align: var(--awb-content-alignment); text-transform: var(--awb-text-transform);\">(153 points, 274 secondes) ** <\/span><\/p>\n<p>* qualifi\u00e9 pour la finale mondiale \u00e0 Izmir, T\u00fcrkiye<br \/><span style=\"background-color: var(--awb-bg-color-medium-hover); color: var(--awb-text-color); font-family: var(--awb-text-font-family); font-size: var(--awb-font-size); font-style: var(--awb-text-font-style); font-weight: var(--awb-text-font-weight); letter-spacing: var(--awb-letter-spacing); text-align: var(--awb-content-alignment); text-transform: var(--awb-text-transform);\">** qualifi\u00e9 pour le tournoi amical de Brescia, Italie<\/span><\/p>\n<p><b>Prix RobotDesign <\/b>: Phoenix<\/p>\n<h2 class=\"fusion-responsive-typography-calculated\" style=\"color: var(--awb-color5); --fontsize: 28; line-height: 1.2;\" data-fontsize=\"28\" data-lineheight=\"33.6px\">Future Innovators<\/h2>\n<p>1\u00e8re place : overclocked *<br \/>2\u00e8me place : Salut Robot! **<br \/>3\u00e8me place : Les Robbis<\/p>\n<p>* qualifi\u00e9 pour la finale mondiale \u00e0 Izmir, T\u00fcrkiye<br \/><span style=\"background-color: var(--awb-bg-color-medium-hover); color: var(--awb-text-color); font-family: var(--awb-text-font-family); font-size: var(--awb-font-size); font-style: var(--awb-text-font-style); font-weight: var(--awb-text-font-weight); letter-spacing: var(--awb-letter-spacing); text-align: var(--awb-content-alignment); text-transform: var(--awb-text-transform);\">** qualifi\u00e9 pour le tournoi amical de Brescia, Italie<\/span><\/p>\n<h2 class=\"fusion-responsive-typography-calculated\" style=\"--fontsize: 28; line-height: 1.2;\" data-fontsize=\"28\" data-lineheight=\"33.6px\"><span style=\"color: #cc99ff; font-family: var(--awb-text-font-family); font-size: var(--awb-font-size); font-style: var(--awb-text-font-style); font-weight: var(--awb-text-font-weight); letter-spacing: var(--awb-letter-spacing); text-align: var(--awb-content-alignment); text-transform: var(--awb-text-transform); background-color: var(--awb-bg-color-medium-hover);\">Cat\u00e9gorie Starter<\/span><\/h2>\n<p>1\u00e8re place : Robomatik Masters **<br \/>2\u00e8me place : Robomasters<br \/>3\u00e8me place : RoboCraft<\/p>\n<p>** qualifi\u00e9 pour le tournoi amical de Brescia, Italie<\/p>\n<p><b>&gt;&gt; <a href=\"https:\/\/wro.swiss\/wp-content\/uploads\/2024\/06\/Rangliste-CH-WRO-FINAL-22.06.2024.pdf\">Classement g\u00e9n\u00e9ral pour toutes les cat\u00e9gories et classes d&rsquo;\u00e2ge<\/a><\/b><\/p>\n<p style=\"color: var(--awb-color5);\"><b>WRO Suisse f\u00e9licite chaleureusement toutes les \u00e9quipes qui ont particip\u00e9 \u00e0 la finale suisse. Vous avez tous fait de belles performances ! Nous sommes heureux de voyager avec certains d&rsquo;entre vous lors des comp\u00e9titions internationales et nous esp\u00e9rons revoir toutes les \u00e9quipes l&rsquo;ann\u00e9e prochaine lors de l&rsquo;une de nos comp\u00e9titions.<\/b><\/p>\n<\/div><\/div><\/div><\/div><\/div>\n","protected":false},"excerpt":{"rendered":"","protected":false},"author":7,"featured_media":0,"parent":13140,"menu_order":0,"comment_status":"closed","ping_status":"closed","template":"100-width.php","meta":{"inline_featured_image":false,"footnotes":""},"wf_page_folders":[],"class_list":["post-14100","page","type-page","status-publish","hentry"],"_links":{"self":[{"href":"https:\/\/wro.swiss\/fr\/wp-json\/wp\/v2\/pages\/14100","targetHints":{"allow":["GET"]}}],"collection":[{"href":"https:\/\/wro.swiss\/fr\/wp-json\/wp\/v2\/pages"}],"about":[{"href":"https:\/\/wro.swiss\/fr\/wp-json\/wp\/v2\/types\/page"}],"author":[{"embeddable":true,"href":"https:\/\/wro.swiss\/fr\/wp-json\/wp\/v2\/users\/7"}],"replies":[{"embeddable":true,"href":"https:\/\/wro.swiss\/fr\/wp-json\/wp\/v2\/comments?post=14100"}],"version-history":[{"count":15,"href":"https:\/\/wro.swiss\/fr\/wp-json\/wp\/v2\/pages\/14100\/revisions"}],"predecessor-version":[{"id":14130,"href":"https:\/\/wro.swiss\/fr\/wp-json\/wp\/v2\/pages\/14100\/revisions\/14130"}],"up":[{"embeddable":true,"href":"https:\/\/wro.swiss\/fr\/wp-json\/wp\/v2\/pages\/13140"}],"wp:attachment":[{"href":"https:\/\/wro.swiss\/fr\/wp-json\/wp\/v2\/media?parent=14100"}],"wp:term":[{"taxonomy":"wf_page_folders","embeddable":true,"href":"https:\/\/wro.swiss\/fr\/wp-json\/wp\/v2\/wf_page_folders?post=14100"}],"curies":[{"name":"wp","href":"https:\/\/api.w.org\/{rel}","templated":true}]}}