{"id":13915,"date":"2024-06-16T14:54:11","date_gmt":"2024-06-16T12:54:11","guid":{"rendered":"https:\/\/wro.swiss\/a-partir-de-2025-future-engineers\/"},"modified":"2024-11-23T17:42:47","modified_gmt":"2024-11-23T16:42:47","slug":"a-partir-de-2025-future-engineers","status":"publish","type":"page","link":"https:\/\/wro.swiss\/fr\/informations\/categories-et-classes-d-age\/a-partir-de-2025-future-engineers\/","title":{"rendered":"Future Engineers"},"content":{"rendered":"<div class=\"fusion-fullwidth fullwidth-box fusion-builder-row-1 fusion-flex-container has-pattern-background has-mask-background nonhundred-percent-fullwidth non-hundred-percent-height-scrolling\" style=\"--awb-border-radius-top-left:0px;--awb-border-radius-top-right:0px;--awb-border-radius-bottom-right:0px;--awb-border-radius-bottom-left:0px;--awb-flex-wrap:wrap;\" ><div class=\"fusion-builder-row fusion-row fusion-flex-align-items-flex-start fusion-flex-content-wrap\" style=\"max-width:1248px;margin-left: calc(-4% \/ 2 );margin-right: calc(-4% \/ 2 );\"><div class=\"fusion-layout-column fusion_builder_column fusion-builder-column-0 fusion_builder_column_1_1 1_1 fusion-flex-column\" style=\"--awb-bg-color:var(--awb-custom_color_7);--awb-bg-color-hover:var(--awb-custom_color_7);--awb-bg-size:cover;--awb-width-large:100%;--awb-margin-top-large:0px;--awb-spacing-right-large:1.92%;--awb-margin-bottom-large:20px;--awb-spacing-left-large:1.92%;--awb-width-medium:100%;--awb-order-medium:0;--awb-spacing-right-medium:1.92%;--awb-spacing-left-medium:1.92%;--awb-width-small:100%;--awb-order-small:0;--awb-spacing-right-small:1.92%;--awb-spacing-left-small:1.92%;\"><div class=\"fusion-column-wrapper fusion-column-has-shadow fusion-flex-justify-content-flex-start fusion-content-layout-column\"><div class=\"fusion-title title fusion-title-1 fusion-sep-none fusion-title-text fusion-title-size-one\" style=\"--awb-margin-top:15px;--awb-margin-left:20px;--awb-margin-top-small:10px;--awb-margin-right-small:0px;--awb-margin-bottom-small:10px;--awb-margin-left-small:0px;\"><h1 class=\"fusion-title-heading title-heading-left\" style=\"margin:0;\">Une nouvelle cat\u00e9gorie en Suisse \u00e0 partir de 2025 !<\/h1><\/div><\/div><\/div><div class=\"fusion-layout-column fusion_builder_column fusion-builder-column-1 fusion_builder_column_1_1 1_1 fusion-flex-column\" style=\"--awb-bg-size:cover;--awb-width-large:100%;--awb-margin-top-large:0px;--awb-spacing-right-large:1.92%;--awb-margin-bottom-large:20px;--awb-spacing-left-large:1.92%;--awb-width-medium:100%;--awb-order-medium:0;--awb-spacing-right-medium:1.92%;--awb-spacing-left-medium:1.92%;--awb-width-small:100%;--awb-order-small:0;--awb-spacing-right-small:1.92%;--awb-spacing-left-small:1.92%;\"><div class=\"fusion-column-wrapper fusion-column-has-shadow fusion-flex-justify-content-flex-start fusion-content-layout-column\"><div class=\"fusion-image-element \" style=\"text-align:center;--awb-caption-title-font-family:var(--h2_typography-font-family);--awb-caption-title-font-weight:var(--h2_typography-font-weight);--awb-caption-title-font-style:var(--h2_typography-font-style);--awb-caption-title-size:var(--h2_typography-font-size);--awb-caption-title-transform:var(--h2_typography-text-transform);--awb-caption-title-line-height:var(--h2_typography-line-height);--awb-caption-title-letter-spacing:var(--h2_typography-letter-spacing);\"><span class=\" fusion-imageframe imageframe-none imageframe-1 hover-type-none\"><img decoding=\"async\" width=\"600\" height=\"398\" alt=\"Future Engineers\" title=\"Future Engineers\" src=\"https:\/\/wro.swiss\/wp-content\/uploads\/2024\/06\/WRO_Icons_4-600x398.png\" class=\"img-responsive wp-image-13902\" srcset=\"https:\/\/wro.swiss\/wp-content\/uploads\/2024\/06\/WRO_Icons_4-200x133.png 200w, https:\/\/wro.swiss\/wp-content\/uploads\/2024\/06\/WRO_Icons_4-400x265.png 400w, https:\/\/wro.swiss\/wp-content\/uploads\/2024\/06\/WRO_Icons_4-600x398.png 600w, https:\/\/wro.swiss\/wp-content\/uploads\/2024\/06\/WRO_Icons_4-800x530.png 800w, https:\/\/wro.swiss\/wp-content\/uploads\/2024\/06\/WRO_Icons_4-1200x796.png 1200w\" sizes=\"(max-width: 640px) 100vw, 1200px\" \/><\/span><\/div><div class=\"fusion-text fusion-text-1\"><p>Dans la cat\u00e9gorie de comp\u00e9tition Future Engineers, les \u00e9quipes d\u00e9veloppent une voiture robotis\u00e9e autonome qui parcourt un parcours al\u00e9atoire de 9 m\u00e8tres carr\u00e9s. Cette cat\u00e9gorie pr\u00e9sente un d\u00e9fi particulier, car le parcours est recompos\u00e9 le jour de la comp\u00e9tition avant chacune des quatre manches de la course.<\/p>\n<\/div><div class=\"fusion-title title fusion-title-2 fusion-sep-none fusion-title-text fusion-title-size-one\" style=\"--awb-margin-top-small:10px;--awb-margin-right-small:0px;--awb-margin-bottom-small:10px;--awb-margin-left-small:0px;\"><h1 class=\"fusion-title-heading title-heading-left\" style=\"margin:0;\">T\u00e2ches<\/h1><\/div><div class=\"fusion-text fusion-text-2\"><p>Il s&rsquo;agit de construire et de programmer une voiture robot autonome capable d&rsquo;effectuer le parcours de mani\u00e8re autonome. Le robot doit alors se d\u00e9placer sur quatre roues et deux axes et utiliser une cam\u00e9ra pour naviguer sur le parcours. L&rsquo;objectif est que le robot effectue trois tours sans erreur.<\/p>\n<\/div><div class=\"fusion-title title fusion-title-3 fusion-sep-none fusion-title-text fusion-title-size-one\" style=\"--awb-margin-top-small:10px;--awb-margin-right-small:0px;--awb-margin-bottom-small:10px;--awb-margin-left-small:0px;\"><h1 class=\"fusion-title-heading title-heading-left\" style=\"margin:0;\">Exigences et restrictions<\/h1><\/div><div class=\"fusion-text fusion-text-3\"><ul>\n<li><b>Langage de programmation et mat\u00e9riel<\/b>: libre choix.<\/li>\n<li><b>Ch\u00e2ssis et composants<\/b>: Les \u00e9quipes peuvent utiliser des kits de ch\u00e2ssis et des ensembles de robots pr\u00eats \u00e0 l&#8217;emploi ou utiliser des composants personnalis\u00e9s tels que des contr\u00f4leurs, des capteurs, des mat\u00e9riaux de construction et des \u00e9l\u00e9ments imprim\u00e9s en 3D.<\/li>\n<li><b>Moteurs<\/b>: le nombre de moteurs est limit\u00e9 \u00e0 un moteur pour la propulsion et \u00e0 un moteur (ou deux moteurs coupl\u00e9s m\u00e9caniquement) pour la direction.<\/li>\n<li><b>Communication<\/b>: les connexions filaires sont obligatoires ; les connexions radio ne sont pas autoris\u00e9es.<\/li>\n<\/ul>\n<\/div><div class=\"fusion-title title fusion-title-4 fusion-sep-none fusion-title-text fusion-title-size-one\" style=\"--awb-margin-top-small:10px;--awb-margin-right-small:0px;--awb-margin-bottom-small:10px;--awb-margin-left-small:0px;\"><h1 class=\"fusion-title-heading title-heading-left\" style=\"margin:0;\">Processus de d\u00e9veloppement<\/h1><\/div><div class=\"fusion-text fusion-text-4\"><p>Le processus de d\u00e9veloppement comprend la s\u00e9lection et l&rsquo;int\u00e9gration des composants \u00e9lectriques, la conception du ch\u00e2ssis, la programmation des algorithmes de commande ainsi que des tests et des optimisations approfondis. Ce processus est document\u00e9 en d\u00e9tail par les \u00e9quipes.<\/p>\n<\/div><div class=\"fusion-title title fusion-title-5 fusion-sep-none fusion-title-text fusion-title-size-one\" style=\"--awb-margin-top-small:10px;--awb-margin-right-small:0px;--awb-margin-bottom-small:10px;--awb-margin-left-small:0px;\"><h1 class=\"fusion-title-heading title-heading-left\" style=\"margin:0;\">Documentation et pr\u00e9sentation<\/h1><\/div><div class=\"fusion-text fusion-text-5\"><p>Le jour du concours, les \u00e9quipes apportent une documentation imprim\u00e9e d\u00e9crivant toutes les informations techniques et le processus de d\u00e9veloppement. Ce documentaire est compl\u00e9t\u00e9 par deux courtes vid\u00e9os montrant le robot en action. Cette documentation sera \u00e9valu\u00e9e par le jury.<\/p>\n<\/div><div class=\"fusion-title title fusion-title-6 fusion-sep-none fusion-title-text fusion-title-size-one\" style=\"--awb-margin-top-small:10px;--awb-margin-right-small:0px;--awb-margin-bottom-small:10px;--awb-margin-left-small:0px;\"><h1 class=\"fusion-title-heading title-heading-left\" style=\"margin:0;\">Crit\u00e8res d&rsquo;\u00e9valuation<\/h1><\/div><div class=\"fusion-text fusion-text-6\"><p>L&rsquo;\u00e9valuation par le jury est bas\u00e9e sur les crit\u00e8res suivants :<\/p>\n<ul>\n<li><b>Innovation technique et cr\u00e9ativit\u00e9<\/b>: quel est le degr\u00e9 d&rsquo;innovation et de cr\u00e9ativit\u00e9 des solutions techniques ?<\/li>\n<li><b>Qualit\u00e9 et \u00e9tendue de la documentation<\/b>: le processus de d\u00e9veloppement est-il bien document\u00e9 et de mani\u00e8re exhaustive ?<\/li>\n<li><b>Performance du robot sur le parcours<\/b>: dans quelle mesure le robot r\u00e9ussit-il \u00e0 accomplir les t\u00e2ches impos\u00e9es ?<\/li>\n<li><b>Travail d&rsquo;\u00e9quipe et capacit\u00e9s de r\u00e9solution de probl\u00e8mes<\/b>: Dans quelle mesure l&rsquo;\u00e9quipe travaille-t-elle bien ensemble et r\u00e9sout-elle efficacement les probl\u00e8mes ?<\/li>\n<\/ul>\n<p>Cette cat\u00e9gorie encourage non seulement les comp\u00e9tences techniques et la r\u00e9solution de probl\u00e8mes, mais aussi la cr\u00e9ativit\u00e9 et le travail d&rsquo;\u00e9quipe. Les r\u00e8gles et consignes de la comp\u00e9tition se trouvent dans le <a href=\"https:\/\/wro.swiss\/wp-content\/uploads\/2024\/06\/WRO2024-FE-Regelwerk.pdf\">r\u00e8glement de la saison 2024<\/a>, qui nous a \u00e9t\u00e9 fourni par les partenaires en Allemagne (actuellement seulement disponible en allemand). Les r\u00e8gles pour 2025 seront disponibles <a href=\"https:\/\/wro.swiss\/saison-2025\/aufgaben2025\/\">ici <\/a>\u00e0 partir du 15 janvier. <\/p>\n<\/div><div class=\"fusion-title title fusion-title-7 fusion-sep-none fusion-title-text fusion-title-size-one\" style=\"--awb-margin-top-small:10px;--awb-margin-right-small:0px;--awb-margin-bottom-small:10px;--awb-margin-left-small:0px;\"><h1 class=\"fusion-title-heading title-heading-left\" style=\"margin:0;\">Limites d&rsquo;\u00e2ge<\/h1><\/div><div class=\"fusion-text fusion-text-7\"><p>La cat\u00e9gorie Future Engineers est ouverte aux adolescents et jeunes adultes de 14 \u00e0 22 ans, ce qui correspond, pour la saison 2025, aux ann\u00e9es de naissance 2003 \u00e0 2011. Il n&rsquo;y a qu&rsquo;une seule cat\u00e9gorie d&rsquo;\u00e2ge ; tous les participants effectuent les m\u00eames t\u00e2ches.  <\/p>\n<\/div><\/div><\/div><\/div><\/div>\n","protected":false},"excerpt":{"rendered":"","protected":false},"author":7,"featured_media":0,"parent":10127,"menu_order":0,"comment_status":"closed","ping_status":"closed","template":"100-width.php","meta":{"inline_featured_image":false,"footnotes":""},"wf_page_folders":[],"class_list":["post-13915","page","type-page","status-publish","hentry"],"_links":{"self":[{"href":"https:\/\/wro.swiss\/fr\/wp-json\/wp\/v2\/pages\/13915","targetHints":{"allow":["GET"]}}],"collection":[{"href":"https:\/\/wro.swiss\/fr\/wp-json\/wp\/v2\/pages"}],"about":[{"href":"https:\/\/wro.swiss\/fr\/wp-json\/wp\/v2\/types\/page"}],"author":[{"embeddable":true,"href":"https:\/\/wro.swiss\/fr\/wp-json\/wp\/v2\/users\/7"}],"replies":[{"embeddable":true,"href":"https:\/\/wro.swiss\/fr\/wp-json\/wp\/v2\/comments?post=13915"}],"version-history":[{"count":11,"href":"https:\/\/wro.swiss\/fr\/wp-json\/wp\/v2\/pages\/13915\/revisions"}],"predecessor-version":[{"id":14427,"href":"https:\/\/wro.swiss\/fr\/wp-json\/wp\/v2\/pages\/13915\/revisions\/14427"}],"up":[{"embeddable":true,"href":"https:\/\/wro.swiss\/fr\/wp-json\/wp\/v2\/pages\/10127"}],"wp:attachment":[{"href":"https:\/\/wro.swiss\/fr\/wp-json\/wp\/v2\/media?parent=13915"}],"wp:term":[{"taxonomy":"wf_page_folders","embeddable":true,"href":"https:\/\/wro.swiss\/fr\/wp-json\/wp\/v2\/wf_page_folders?post=13915"}],"curies":[{"name":"wp","href":"https:\/\/api.w.org\/{rel}","templated":true}]}}