{"id":13244,"date":"2024-04-14T17:46:57","date_gmt":"2024-04-14T15:46:57","guid":{"rendered":"https:\/\/wro.swiss\/saison-2024\/dates\/concours-regional-a-bienne\/"},"modified":"2026-04-23T08:10:28","modified_gmt":"2026-04-23T06:10:28","slug":"concours-regional-bienne","status":"publish","type":"page","link":"https:\/\/wro.swiss\/fr\/dates\/concours-regional-bienne\/","title":{"rendered":"Concours r\u00e9gional Bienne"},"content":{"rendered":"<div class=\"fusion-fullwidth fullwidth-box fusion-builder-row-1 fusion-flex-container has-pattern-background has-mask-background nonhundred-percent-fullwidth non-hundred-percent-height-scrolling\" style=\"--awb-border-radius-top-left:0px;--awb-border-radius-top-right:0px;--awb-border-radius-bottom-right:0px;--awb-border-radius-bottom-left:0px;--awb-flex-wrap:wrap;\" ><div class=\"fusion-builder-row fusion-row fusion-flex-align-items-flex-start fusion-flex-content-wrap\" style=\"max-width:1248px;margin-left: calc(-4% \/ 2 );margin-right: calc(-4% \/ 2 );\"><div class=\"fusion-layout-column fusion_builder_column fusion-builder-column-0 fusion_builder_column_1_1 1_1 fusion-flex-column\" style=\"--awb-bg-size:cover;--awb-width-large:100%;--awb-margin-top-large:0px;--awb-spacing-right-large:1.92%;--awb-margin-bottom-large:20px;--awb-spacing-left-large:1.92%;--awb-width-medium:100%;--awb-order-medium:0;--awb-spacing-right-medium:1.92%;--awb-spacing-left-medium:1.92%;--awb-width-small:100%;--awb-order-small:0;--awb-spacing-right-small:1.92%;--awb-spacing-left-small:1.92%;\"><div class=\"fusion-column-wrapper fusion-column-has-shadow fusion-flex-justify-content-flex-start fusion-content-layout-column\">\n<div class=\"table-2\">\n<table width=\"100%\">\n<tbody>\n<tr>\n<td align=\"left\" valign=\"top\">Organisateur<\/td>\n<td align=\"left\"><a href=\"https:\/\/bfh.ch\/de\">Haute \u00e9cole sp\u00e9cialis\u00e9e bernoise HESB<\/a><\/td>\n<\/tr>\n<tr>\n<td align=\"left\" valign=\"top\">Date<\/td>\n<td align=\"left\">2 mai 2026<\/td>\n<\/tr>\n<tr>\n<td align=\"left\" valign=\"top\">Lieu<\/td>\n<td align=\"left\">Switzerland Innovation Park Biel\/Bienne AG (SIPBB)<br \/>\nRue d&rsquo;Aarberg 46<br \/>\n2503 Bienne<\/td>\n<\/tr>\n<tr>\n<td align=\"left\" valign=\"top\">Contact<\/td>\n<td align=\"left\">Sarah Althaus<br \/>\n032 344 03 15<\/td>\n<\/tr>\n<tr>\n<td align=\"left\" valign=\"top\">Programme<\/td>\n<td align=\"left\">08:00 Arriv\u00e9e, installation des postes de travail<br \/>\n08:30 Ouverture, pr\u00e9sentation de la t\u00e2che surprise<br \/>\n10:45 1\u00e8re manche du concours<br \/>\n12:30 D\u00e9jeuner<br \/>\n13:45 2\u00e8me manche du concours<br \/>\n15:00 3\u00e8me manche du concours<br \/>\n16:15 4\u00e8me manche du concours<br \/>\n17:15 Annonce du classement<br \/>\n17:45 Fin de la manifestation<\/p>\n<p>&nbsp;<\/p>\n<p><a href=\"https:\/\/wro.swiss\/wp-content\/uploads\/2026\/04\/WRO2026_Biel_Zeitplan_FR.pdf\" target=\"_blank\" rel=\"noopener\"><strong>Horaire d\u00e9taill\u00e9<\/strong><\/a><br \/>\n(sous r\u00e9serve de modifications)<\/td>\n<\/tr>\n<tr>\n<td align=\"left\" valign=\"top\">Avis aux visiteurs<\/td>\n<td align=\"left\">Toutes les comp\u00e9titions r\u00e9gionales des World Robot Olympiad sont en principe ouvertes au public.<br \/>\nNous nous r\u00e9jouissons de ta visite.<\/td>\n<\/tr>\n<tr>\n<td align=\"left\" valign=\"top\">Arriv\u00e9e<\/td>\n<td align=\"left\"><iframe style=\"border: 0;\" src=\"https:\/\/www.google.com\/maps\/embed?pb=!1m18!1m12!1m3!1d2714.394067966488!2d7.2404629000000025!3d47.1305452!2m3!1f0!2f0!3f0!3m2!1i1024!2i768!4f13.1!3m3!1m2!1s0x478e195b3d41409f%3A0x73fab9f9324a9616!2sSwitzerland%20Innovation%20Park%20Biel%20%2F%20Bienne%20AG!5e0!3m2!1sde!2sch!4v1713109049091!5m2!1sde!2sch\" width=\"600\" height=\"450\" allowfullscreen=\"allowfullscreen\"><\/iframe><\/p>\n<p>&nbsp;<\/p>\n<p>Le Concours r\u00e9gional WRO de Bienne se d\u00e9roule au 2e \u00e9tage du SIPBB. Tu peux y acc\u00e9der en suivant les indications \u00e0 l&rsquo;entr\u00e9e principale du SIPBB. Les \u00e9quipes qui viennent en voiture se garent de pr\u00e9f\u00e9rence au <a href=\"https:\/\/www.google.com\/maps\/place\/ParkplatzUferweg\/@47.1292849,7.2353805,17z\/data=!3m1!4b1!4m6!3m5!1s0x478e199a858baf0f:0x73f318e806354a69!8m2!3d47.1292824!4d7.2371494!16s%2Fg%2F11mvtrvdcs?entry=ttu\">parking Uferweg<\/a>.  <\/p>\n<p><strong>Arriv\u00e9e par les transports en commun<\/strong><br \/>\n<a href=\"https:\/\/www.sbb.ch\/de?nach=Biel\/Bienne\" target=\"_blank\" rel=\"noopener\">Horaire CFF<\/a><\/td>\n<\/tr>\n<tr>\n<td align=\"left\" valign=\"top\">Infos du partenaire WRO<\/td>\n<td align=\"left\">En savoir plus sur les \u00e9tudes de bachelor en g\u00e9nie \u00e9lectrique et technologie de l&rsquo;information :<\/p>\n<p>&nbsp;<\/p>\n<ul>\n<li>Site web <a href=\"https:\/\/bfh.ch\/elektro\">: https:\/\/bfh.ch\/elektro<\/a><\/li>\n<li><a href=\"https:\/\/www.bfh.ch\/dam\/jcr:e804121c-3c08-4290-b4f9-73c20d71a427\/studienfuehrer-bsc-elektrotechnik-und-informationstechnologie.pdf.pdf\">Guide des \u00e9tudes<\/a><\/li>\n<li>Inscription \u00e0 une r\u00e9union d&rsquo;information <a href=\"https:\/\/bfh.ch\/elektro-info\">: https:\/\/bfh.ch\/elektro-info<\/a><\/li>\n<\/ul>\n<\/td>\n<\/tr>\n<tr>\n<td align=\"left\" valign=\"top\">Partenaire de soutien<\/td>\n<td align=\"left\"><a href=\"https:\/\/www.bfh.ch\/de\/\">Haute \u00e9cole sp\u00e9cialis\u00e9e bernoise<\/a><br \/>\n<img decoding=\"async\" class=\"size-full wp-image-13166 alignleft\" src=\"https:\/\/wro.swiss\/wp-content\/uploads\/2024\/04\/Logo_BFH.png\" alt=\"Haute \u00e9cole sp\u00e9cialis\u00e9e bernoise\" width=\"665\" height=\"227\" srcset=\"https:\/\/wro.swiss\/wp-content\/uploads\/2024\/04\/Logo_BFH-200x68.png 200w, https:\/\/wro.swiss\/wp-content\/uploads\/2024\/04\/Logo_BFH-300x102.png 300w, https:\/\/wro.swiss\/wp-content\/uploads\/2024\/04\/Logo_BFH-400x137.png 400w, https:\/\/wro.swiss\/wp-content\/uploads\/2024\/04\/Logo_BFH-600x205.png 600w, https:\/\/wro.swiss\/wp-content\/uploads\/2024\/04\/Logo_BFH-650x222.png 650w, https:\/\/wro.swiss\/wp-content\/uploads\/2024\/04\/Logo_BFH.png 665w\" sizes=\"(max-width: 665px) 100vw, 665px\" \/><\/td>\n<\/tr>\n<\/tbody>\n<\/table>\n<\/div>\n<\/div><\/div><\/div><\/div>\n","protected":false},"excerpt":{"rendered":"","protected":false},"author":7,"featured_media":0,"parent":4129,"menu_order":0,"comment_status":"closed","ping_status":"closed","template":"100-width.php","meta":{"inline_featured_image":false,"footnotes":""},"wf_page_folders":[],"class_list":["post-13244","page","type-page","status-publish","hentry"],"_links":{"self":[{"href":"https:\/\/wro.swiss\/fr\/wp-json\/wp\/v2\/pages\/13244","targetHints":{"allow":["GET"]}}],"collection":[{"href":"https:\/\/wro.swiss\/fr\/wp-json\/wp\/v2\/pages"}],"about":[{"href":"https:\/\/wro.swiss\/fr\/wp-json\/wp\/v2\/types\/page"}],"author":[{"embeddable":true,"href":"https:\/\/wro.swiss\/fr\/wp-json\/wp\/v2\/users\/7"}],"replies":[{"embeddable":true,"href":"https:\/\/wro.swiss\/fr\/wp-json\/wp\/v2\/comments?post=13244"}],"version-history":[{"count":50,"href":"https:\/\/wro.swiss\/fr\/wp-json\/wp\/v2\/pages\/13244\/revisions"}],"predecessor-version":[{"id":25291,"href":"https:\/\/wro.swiss\/fr\/wp-json\/wp\/v2\/pages\/13244\/revisions\/25291"}],"up":[{"embeddable":true,"href":"https:\/\/wro.swiss\/fr\/wp-json\/wp\/v2\/pages\/4129"}],"wp:attachment":[{"href":"https:\/\/wro.swiss\/fr\/wp-json\/wp\/v2\/media?parent=13244"}],"wp:term":[{"taxonomy":"wf_page_folders","embeddable":true,"href":"https:\/\/wro.swiss\/fr\/wp-json\/wp\/v2\/wf_page_folders?post=13244"}],"curies":[{"name":"wp","href":"https:\/\/api.w.org\/{rel}","templated":true}]}}