{"id":13140,"date":"2024-04-09T21:03:03","date_gmt":"2024-04-09T19:03:03","guid":{"rendered":"https:\/\/wro.swiss\/saison-2024\/finale-suisse-2024\/"},"modified":"2025-06-06T10:07:27","modified_gmt":"2025-06-06T08:07:27","slug":"finale-suisse-2024","status":"publish","type":"page","link":"https:\/\/wro.swiss\/fr\/saison-2025\/finale-suisse-2024\/","title":{"rendered":"Finale Suisse"},"content":{"rendered":"<div class=\"fusion-fullwidth fullwidth-box fusion-builder-row-1 fusion-flex-container has-pattern-background has-mask-background nonhundred-percent-fullwidth non-hundred-percent-height-scrolling\" style=\"--awb-border-radius-top-left:0px;--awb-border-radius-top-right:0px;--awb-border-radius-bottom-right:0px;--awb-border-radius-bottom-left:0px;--awb-flex-wrap:wrap;\" ><div class=\"fusion-builder-row fusion-row fusion-flex-align-items-flex-start fusion-flex-content-wrap\" style=\"max-width:1248px;margin-left: calc(-4% \/ 2 );margin-right: calc(-4% \/ 2 );\"><div class=\"fusion-layout-column fusion_builder_column fusion-builder-column-0 fusion_builder_column_1_1 1_1 fusion-flex-column\" style=\"--awb-bg-size:cover;--awb-width-large:100%;--awb-margin-top-large:0px;--awb-spacing-right-large:1.92%;--awb-margin-bottom-large:20px;--awb-spacing-left-large:1.92%;--awb-width-medium:100%;--awb-order-medium:0;--awb-spacing-right-medium:1.92%;--awb-spacing-left-medium:1.92%;--awb-width-small:100%;--awb-order-small:0;--awb-spacing-right-small:1.92%;--awb-spacing-left-small:1.92%;\"><div class=\"fusion-column-wrapper fusion-column-has-shadow fusion-flex-justify-content-flex-start fusion-content-layout-column\">\n<div class=\"table-2\">\n<table width=\"100%\">\n<tbody>\n<tr>\n<td align=\"left\" valign=\"top\">Organisateur<\/td>\n<td align=\"left\">WRO Suisse<\/td>\n<\/tr>\n<tr>\n<td align=\"left\" valign=\"top\">Date<\/td>\n<td align=\"left\">21 juin 2025<\/td>\n<\/tr>\n<tr>\n<td align=\"left\" valign=\"top\">Lieu<\/td>\n<td align=\"left\">Nouvelle salle polyvalente (neue Mehrzweckhalle)<br \/>\nHauptstrasse 28<br \/>\n5212 Hausen<\/td>\n<\/tr>\n<tr>\n<td align=\"left\" valign=\"top\">Programme<\/td>\n<td align=\"left\">\n<ul>\n<li><a href=\"https:\/\/wro.swiss\/wp-content\/uploads\/2025\/06\/WRO-Gesamt-CH-Final-2025-Zeitplan.pdf\">Horaire global pour toutes les cat\u00e9gories<\/a><\/li>\n<li><a href=\"https:\/\/wro.swiss\/wp-content\/uploads\/2025\/06\/WRO-RM-CH-Final-2025-Zeitplan.pdf\">Horaire RoboMission<\/a><\/li>\n<li><a href=\"https:\/\/wro.swiss\/wp-content\/uploads\/2025\/06\/WRO-FI-CH-Final-2025-Zeitplan-aktualisiert.pdf\">Horaire Future Innovators<\/a><\/li>\n<li><a href=\"https:\/\/wro.swiss\/wp-content\/uploads\/2025\/06\/WRO-Starter-CH-Final-2025-Zeitplan.pdf\">Horaire cat\u00e9gorie Starter<\/a><\/li>\n<\/ul>\n<p>Sous r\u00e9serve de modifications !<\/td>\n<\/tr>\n<tr>\n<td align=\"left\" valign=\"top\">Note pour les visiteurs<\/td>\n<td align=\"left\">Toutes les comp\u00e9titions de World Robot Olympiad sont ouvertes au public.<br \/>\nNous nous r\u00e9jouissons de ta visite !&gt;&gt;&gt;  Cette ann\u00e9e, avec un grand quiz pour les spectateurs et un super prix !<\/p>\n<p><a href=\"https:\/\/wro.swiss\/wp-content\/uploads\/2025\/06\/2025-Plan-Hausen-V2.pdf\">Plan de la salle Finale suisse<\/a><\/td>\n<\/tr>\n<tr>\n<td align=\"left\" valign=\"top\">Acc\u00e8s<\/td>\n<td align=\"left\"><iframe style=\"border: 0;\" src=\"https:\/\/www.google.com\/maps\/embed?pb=!1m18!1m12!1m3!1d2697.3174635844293!2d8.209062385020117!3d47.46424273571245!2m3!1f0!2f0!3f0!3m2!1i1024!2i768!4f13.1!3m3!1m2!1s0x47901504a59b0429%3A0x70544086cb6569d2!2sMehrzweckhalle!5e0!3m2!1sde!2sch!4v1712689214450!5m2!1sde!2sch\" width=\"600\" height=\"450\" allowfullscreen=\"allowfullscreen\"><\/iframe><\/p>\n<p><strong>Arriv\u00e9e par les transports en commun<\/strong><br \/>\nPrendre le train jusqu&rsquo;\u00e0 Brugg AG, d&rsquo;o\u00f9 le car postal 364 part du c\u00f4t\u00e9 \u00a0\u00bb Bahnhof\/Campus \u00a0\u00bb en direction de Birr. Arr\u00eat \u00ab Hausen, Turnhalle \u00bb.<\/p>\n<p><strong>Arriv\u00e9e en voiture<\/strong><\/p>\n<ul>\n<li><strong>Depuis l&rsquo;A1<\/strong>: prendre la sortie 52 M\u00e4genwil et suivre les panneaux en direction de Brugg. Apr\u00e8s environ 3,5 km, il y a un carrefour avec des feux de signalisation, o\u00f9 se trouvent \u00e0 gauche une grande Coop et un Burger King. L\u00e0, tourner \u00e0 gauche en direction de Hausen. Suivre la route, la Neue Mehrzweckhalle se trouve \u00e0 environ 1,5 km sur la gauche.<\/li>\n<li><strong>Depuis l&rsquo;A3<\/strong>: prendre la sortie 19 Brugg. Au feu, aller tout droite en direction de Hausen. Suivre la route, la Neue Mehrzweckhalle se trouve \u00e0 environ 1,3 km sur la gauche.<\/li>\n<li><a href=\"https:\/\/wro.swiss\/wp-content\/uploads\/2025\/06\/Parkierungskonzept-WRO-Schweizer-Final-21.06.2025.pdf\">Concept de stationnement<\/a><\/li>\n<\/ul>\n<\/td>\n<\/tr>\n<\/tbody>\n<\/table>\n<\/div>\n<\/div><\/div><\/div><\/div>\n","protected":false},"excerpt":{"rendered":"","protected":false},"author":7,"featured_media":0,"parent":14751,"menu_order":0,"comment_status":"closed","ping_status":"closed","template":"100-width.php","meta":{"inline_featured_image":false,"footnotes":""},"wf_page_folders":[],"class_list":["post-13140","page","type-page","status-publish","hentry"],"_links":{"self":[{"href":"https:\/\/wro.swiss\/fr\/wp-json\/wp\/v2\/pages\/13140","targetHints":{"allow":["GET"]}}],"collection":[{"href":"https:\/\/wro.swiss\/fr\/wp-json\/wp\/v2\/pages"}],"about":[{"href":"https:\/\/wro.swiss\/fr\/wp-json\/wp\/v2\/types\/page"}],"author":[{"embeddable":true,"href":"https:\/\/wro.swiss\/fr\/wp-json\/wp\/v2\/users\/7"}],"replies":[{"embeddable":true,"href":"https:\/\/wro.swiss\/fr\/wp-json\/wp\/v2\/comments?post=13140"}],"version-history":[{"count":16,"href":"https:\/\/wro.swiss\/fr\/wp-json\/wp\/v2\/pages\/13140\/revisions"}],"predecessor-version":[{"id":22237,"href":"https:\/\/wro.swiss\/fr\/wp-json\/wp\/v2\/pages\/13140\/revisions\/22237"}],"up":[{"embeddable":true,"href":"https:\/\/wro.swiss\/fr\/wp-json\/wp\/v2\/pages\/14751"}],"wp:attachment":[{"href":"https:\/\/wro.swiss\/fr\/wp-json\/wp\/v2\/media?parent=13140"}],"wp:term":[{"taxonomy":"wf_page_folders","embeddable":true,"href":"https:\/\/wro.swiss\/fr\/wp-json\/wp\/v2\/wf_page_folders?post=13140"}],"curies":[{"name":"wp","href":"https:\/\/api.w.org\/{rel}","templated":true}]}}